{"id":19330,"date":"2021-07-06T21:21:43","date_gmt":"2021-07-06T21:21:43","guid":{"rendered":"https:\/\/h2otek.com\/tienda\/producto\/boiler-de-paso-electrico-3-5-kw-120v-0-5-gpm-para-1-lavamanos-mod-spex3512\/"},"modified":"2022-08-25T21:56:47","modified_gmt":"2022-08-25T21:56:47","slug":"boiler-de-paso-electrico-3-5-kw-120v-0-5-gpm-para-1-lavamanos-mod-spex3512","status":"publish","type":"product","link":"https:\/\/h2otek.com\/tienda\/producto\/boiler-de-paso-electrico-3-5-kw-120v-0-5-gpm-para-1-lavamanos-mod-spex3512\/","title":{"rendered":"BOILER DE PASO ELECTRICO 3.5 KW 120V. 0.5 GPM PARA 1 LAVAMANOS MOD. SPEX3512"},"content":{"rendered":"<p style=\"text-align: center;\" align=\"center\"><img fetchpriority=\"high\" decoding=\"async\" src=\"https:\/\/h2otek.com\/tienda\/img\/cms\/aguacaliente\/eemax\/paso-electricos\/header-boiler-electrico-eemax-SPEX3512.jpg\" alt=\"\" width=\"650\" height=\"250\" \/><\/p>\n<p>\u00a0<strong>CARACTERISTICAS:<\/strong><\/p>\n<ul>\n<li><strong>Agua caliente en forma inmediata<\/strong>, SIN TIEMPOS DE ESPERA<\/li>\n<li>Ahorrador de agua: como se puede instalar en el ba\u00f1o, no necesita tiempo de espera para <strong>que salga agua<\/strong> caliente por la regadera, es de inmediato<\/li>\n<li><strong>Ahorro de energ\u00eda<\/strong>: el interruptor de flujo activa al calentador solamente cuando se requiera agua caliente<\/li>\n<li><strong>99% DE EFICIENCIA<\/strong><\/li>\n<li><strong>Puede instalarse en cualquier lado<\/strong> (interiores o exteriores)<\/li>\n<li><strong>Agua caliente en forma ilimitada<\/strong>: por su concepto de calentador de paso (instant\u00e1neo), puede calentar el agua en forma continua, sin cortes y sin limite<\/li>\n<li>Reduce costos de instalaci\u00f3n: no requiere de instalar tuber\u00eda para agua distante del ba\u00f1o ya que el calentador puede instalarse ah\u00ed mismo sin ning\u00fan problema<br \/>\no riesgo (puede instalarse en el ba\u00f1o mas NO en la regadera), no requiere de v\u00e1lvula de alivio<\/li>\n<li><strong>F\u00e1cil instalaci\u00f3n<\/strong>: solo una l\u00ednea de agua fr\u00eda se necesita para el lavabo, anillos de compresi\u00f3n integrales de 3\/8&#8243; en la parte superior. Se instala en la pared en<br \/>\nel punto de uso<\/li>\n<li><strong>Restrictor de flujo integral<\/strong>: construido para asegurar un incremento de temperatura apropiado. Cumple con las regulaciones federales de USA.<\/li>\n<li>Manos libres: se enciende y apaga autom\u00e1ticamente<\/li>\n<li><strong>Previene el crecimiento de la bacteria legionaria<\/strong><\/li>\n<li><strong>Reduce calcio, sarro y sedimentaci\u00f3n<\/strong><\/li>\n<li><strong>Cumple con los requerimientos para discapacitados<\/strong><\/li>\n<li><strong>Elemento calefactor<\/strong>: construido con alambre cromo\/niquel de alta graduaci\u00f3n, por su innovador sistema (patentado) de flujo de paso directo, asegura la<br \/>\noptima trasferencia de calor y alarga la vida del elemento<\/li>\n<li><strong>F\u00e1cil mantenimiento<\/strong>: el calefactor esta construido para requerir el m\u00ednimo mantenimiento y muy sencillo de ejecutarlo, solo se requiere desmontar el elemento<br \/>\ncalefactor y dar una limpieza al alambre, posteriormente volverlo a montar y conectar.<\/li>\n<li><strong>Elemento calefactor reemplazable<\/strong><\/li>\n<li><strong>Dise\u00f1o elegante y compacto<\/strong>: calentador f\u00edsicamente el mas compacto del mercado (ver dibujo de dimensiones), solo pesa 3 libras (1.3 Kgs.), Color blanco<\/li>\n<li><strong>Construidos para una extensa vida \u00fatil y amplia seguridad<\/strong>: construidos con ingenier\u00eda &#8220;pl\u00e1stica&#8221; de linea reforzada probados hasta 750 PSI de presi\u00f3n<\/li>\n<li><strong>En armonia con el medio ambiente<\/strong>: no contamina el ambiente ya que no produce gases de combusti\u00f3n por que trabaja con energ\u00eda el\u00e9ctrica<\/li>\n<li><strong>Cuenta con foco piloto indicador ON OFF<\/strong> (encendido o apagado el elemento)<\/li>\n<li><strong>Certificaci\u00f3n UL<\/strong> E86887<\/li>\n<li>Certificaci\u00f3n ANSI Z358.1<\/li>\n<li><strong>Patentado<\/strong> en USA # 4,762,980 y 4,960,976<\/li>\n<li><span style=\"color: #000000;\"><strong>GARANTIA 12 MESES CONTRA CUALQUIER DEFECTO DE FABRICACION\u00a0<\/strong><\/span><\/li>\n<\/ul>\n<p>&nbsp;<\/p>\n<p><strong>DIMENSIONES\/ESPECIFICACIONES:<\/strong><\/p>\n<ul>\n<li>Dimensiones: 10.75&#8243; x 5.25&#8243; x 2.125&#8243;<\/li>\n<li>Peso: 3 libras\/1.3 Kgs.<\/li>\n<li>Materiales: ABS UL ref. 94 Vo. (Plastico)<\/li>\n<li>Elemento calefactor reemplazable<\/li>\n<li>Conexiones:<br \/>\n1\/2&#8243;entrada de agua<br \/>\n1\/2&#8243; salida de agua<\/li>\n<li>Presi\u00f3n de agua para operaci\u00f3n: 25 PSI m\u00ednimo &#8211; 150 PSI m\u00e1ximo<\/li>\n<li>PSI= Libras por pulgada cuadrada<\/li>\n<li>La unidad deber\u00e1 tener un filtro reemplazable en la conexi\u00f3n de entrada<br \/>\nya incluido y una v\u00e1lvula de globo para regular el flujo de salida y controlar<br \/>\nla temperatura en la conexi\u00f3n de salida (no incluida).<\/li>\n<li>El reemplazo del elemento calefactor nunca deber\u00e1 ser fierro, sino de<br \/>\ncromo\/niquel para evitar nunca da\u00f1ar la unidad y nulificar la garant\u00eda.<\/li>\n<li>El calentador debe de conectarse con el anillo de compresi\u00f3n y la tuerca<br \/>\nde rosca de \u00bd&#8221; (incluidos) para evitar la soldadura<\/li>\n<li>La unidad debe ser instalada en posici\u00f3n VERTICAL y con las tomas<br \/>\nde entrada y salida de agua por el lado inferior solamente (seg\u00fan imagen)<\/li>\n<\/ul>\n<p>&nbsp;<\/p>\n<p style=\"text-align: center;\"><img decoding=\"async\" src=\"https:\/\/www.h2otek.com\/tienda\/Images\/boilers\/eemax-sp3512-especificaciones.gif\" alt=\"\" border=\"0\" \/><\/p>\n<p style=\"text-align: center;\"><img decoding=\"async\" src=\"https:\/\/h2otek.com\/tienda\/img\/cms\/aguacaliente\/eemax\/paso-electricos\/especificaciones-boiler-electrico-eemax-SPEX3512.gif\" alt=\"\" width=\"422\" height=\"337\" \/><\/p>\n<p style=\"text-align: center;\"><strong>DIMENSIONES: 10.75&#8243; x 5.25&#8243; x 2.875&#8243;<\/strong><\/p>\n<p><strong>APLICACIONES:<\/strong><\/p>\n<ul>\n<li>Centros Comerciales<\/li>\n<li>Oficina y Espacios Inquilino<\/li>\n<li>Edificios comerciales (restaurantes, etc)<\/li>\n<li>Edificios Modulares \/ Oficinas Modulares<\/li>\n<li>Lavado de Manos P\u00fablica<\/li>\n<li>Estaciones de Servicio<\/li>\n<li>Escuelas<\/li>\n<li>Concesiones de Stands<\/li>\n<li>Estadios<\/li>\n<\/ul>\n<p style=\"text-align: center;\"><img decoding=\"async\" src=\"https:\/\/www.h2otek.com\/tienda\/Images\/boilers\/eemax-sp3512-aplicaciones.jpg\" alt=\"\" border=\"0\" \/><\/p>\n<p style=\"text-align: center;\">Dise\u00f1ado para cumplir con 0.5 GPM en\u00a0lavabo,<br \/>\nobjetivo c\u00f3digo de temperatura de 105\u00ba a 110\u00ba<\/p>\n<p style=\"text-align: center;\"><strong><span style=\"color: #0099cc;\">AVANZADA TECNOLOG\u00cdA\u00a0&#8211; ALTA EFICIENCIA &#8211; DISE\u00d1ADO PARA\u00a0DURABILIDAD<\/span><\/strong><\/p>\n<p style=\"text-align: center;\"><img decoding=\"async\" src=\"https:\/\/www.h2otek.com\/tienda\/Images\/norma-ul.gif\" alt=\"\" border=\"0\" \/>\u00a0\u00a0\u00a0\u00a0\u00a0\u00a0 <img decoding=\"async\" src=\"https:\/\/www.h2otek.com\/tienda\/Images\/madeinusa.gif\" alt=\"\" border=\"0\" \/><\/p>\n<p>&nbsp;<\/p>\n<p><strong>DESCARGAR MANUALES<\/strong><\/p>\n<ul>\n<li><a href=\"https:\/\/h2otek.com\/tienda\/pdf\/aguacaliente\/ESPECIFICACIONES%20BOILER%20DE%20PASO%20ELECTRICO%203.5%20KW%20120V.%20PARA%201%20LAVAVO%20MOD.%20SP-3512.pdf\" target=\"_blank\" rel=\"noopener\">ESPECIFICACIONES<\/a><\/li>\n<li><a href=\"https:\/\/h2otek.com\/tienda\/pdf\/aguacaliente\/MANUAL%20DEL%20USUARIO%20BOILER%20DE%20PASO%20EEMAX%20ELECTRICO%203.5%20KW%20120V.%20PARA%201%20LAVAVO%20MOD.%20SP-3512.pdf\" target=\"_blank\" rel=\"noopener\">MANUAL DEL USUARIO<\/a><\/li>\n<li><a href=\"https:\/\/h2otek.com\/tienda\/pdf\/aguacaliente\/INSTRUCCIONES%20PARA%20SOLUCION%20DE%20PROBLEMAS%20EEMAX%20(INGLES).pdf\" target=\"_blank\" rel=\"noopener\">INSTRUCCIONES PARA SOLUCION DE PROBLEMAS (INGLES)<\/a><\/li>\n<\/ul>\n<p>&nbsp;<\/p>\n<p>&nbsp;<\/p>\n<p><strong><span style=\"color: #000000;\"><strong><strong><strong>PRECIO INCLUYE GASTOS DE ENVIO (GRATIS) E IMPUESTO\u00a0<\/strong>16 % DE IVA<\/strong><\/strong><\/span><\/strong><\/p>\n","protected":false},"excerpt":{"rendered":"<p><strong><span style=\"color: #ff0000;\">PARA PRECIO DE ESTE PRODUCTO FAVOR DE COMUNICARSE EN ATENCION A CLIENTES: <a href=\"mailto:info@h2otek.com\">info@h2otek.com<\/a> O AL TEL: 01 800 94 26 835<\/span><em><br \/>\n<\/em><\/strong><\/p>\n<p>CALENTADOR EL\u00c9CTRICO INSTANT\u00c1NEO 3.5 KW 120V. 0.5 GPM<\/p>\n<p style=\"text-align: left;\"><span style=\"font-size: small; color: #000000;\"><strong>RECOMENDADO PARA 1 LAVAMANOS O LAVABO<\/strong><\/span><\/p>\n<p><em><span style=\"font-size: small; color: #000000;\"><strong>IDEALES EN:<\/strong><\/span><\/em><\/p>\n<ul style=\"text-align: left;\">\n<li><em><span style=\"font-size: small; color: #000000;\"><strong>CASAS<\/strong><\/span><\/em><\/li>\n<li><strong><em><span style=\"font-size: small; color: #000000;\">CASAS MOVILES<\/span><\/em><\/strong><\/li>\n<li><em><span style=\"font-size: small; color: #000000;\"><strong>DEPARTAMENTOS<\/strong><\/span><\/em><\/li>\n<li><em><span style=\"font-size: small; color: #000000;\"><strong>CONDOMINIOS<\/strong><\/span><\/em><\/li>\n<li><em><span style=\"font-size: small; color: #000000;\"><strong>CASA DE CAMPO<\/strong><\/span><\/em><\/li>\n<li><strong><em><span style=\"font-size: small; color: #000000;\">BA\u00d1OS PUBLICOS<\/span><\/em><\/strong><\/li>\n<li><strong><em><span style=\"font-size: small; color: #000000;\">LABORATORIOS<\/span><\/em><\/strong><\/li>\n<li><strong><em><span style=\"font-size: small; color: #000000;\">PROCESOS INDUSTRIALES<\/span><\/em><\/strong><\/li>\n<li><em><span style=\"font-size: small; color: #000000;\"><strong>OFICINAS<\/strong><\/span><\/em><\/li>\n<li><strong><em><span style=\"font-size: small; color: #000000;\">HOTELES <\/span><\/em><\/strong><\/li>\n<li><em><span style=\"font-size: small; color: #000000;\"><strong>ETC.<\/strong><\/span><\/em><\/li>\n<\/ul>\n","protected":false},"featured_media":192,"comment_status":"closed","ping_status":"closed","template":"","meta":[],"pwb-brand":[],"product_brand":[],"product_cat":[550,382,1113],"product_tag":[],"class_list":{"0":"post-19330","1":"product","2":"type-product","3":"status-publish","4":"has-post-thumbnail","6":"product_cat-120-volts-de-paso-boilers-calentadores-de-agua","7":"product_cat-agua-caliente-boilers-calentadores-de-agua","8":"product_cat-eemax-boilers-de-paso-electricos-calentadores-de-agua-linea-estandar-120v","10":"first","11":"instock","12":"product-type-simple"},"brands":[],"_links":{"self":[{"href":"https:\/\/h2otek.com\/tienda\/wp-json\/wp\/v2\/product\/19330","targetHints":{"allow":["GET"]}}],"collection":[{"href":"https:\/\/h2otek.com\/tienda\/wp-json\/wp\/v2\/product"}],"about":[{"href":"https:\/\/h2otek.com\/tienda\/wp-json\/wp\/v2\/types\/product"}],"replies":[{"embeddable":true,"href":"https:\/\/h2otek.com\/tienda\/wp-json\/wp\/v2\/comments?post=19330"}],"wp:featuredmedia":[{"embeddable":true,"href":"https:\/\/h2otek.com\/tienda\/wp-json\/wp\/v2\/media\/192"}],"wp:attachment":[{"href":"https:\/\/h2otek.com\/tienda\/wp-json\/wp\/v2\/media?parent=19330"}],"wp:term":[{"taxonomy":"pwb-brand","embeddable":true,"href":"https:\/\/h2otek.com\/tienda\/wp-json\/wp\/v2\/pwb-brand?post=19330"},{"taxonomy":"product_brand","embeddable":true,"href":"https:\/\/h2otek.com\/tienda\/wp-json\/wp\/v2\/product_brand?post=19330"},{"taxonomy":"product_cat","embeddable":true,"href":"https:\/\/h2otek.com\/tienda\/wp-json\/wp\/v2\/product_cat?post=19330"},{"taxonomy":"product_tag","embeddable":true,"href":"https:\/\/h2otek.com\/tienda\/wp-json\/wp\/v2\/product_tag?post=19330"}],"curies":[{"name":"wp","href":"https:\/\/api.w.org\/{rel}","templated":true}]}}