{"id":19311,"date":"2021-07-06T21:21:43","date_gmt":"2021-07-06T21:21:43","guid":{"rendered":"https:\/\/h2otek.com\/tienda\/producto\/caldera-calentador-de-agua-a-gas-cap-1500000-btu-condensacion-acero-inoxidable-rfcomercial-raypak-xvers-mod-h7-1506\/"},"modified":"2022-10-14T17:19:19","modified_gmt":"2022-10-14T17:19:19","slug":"caldera-calentador-de-agua-a-gas-cap-1500000-btu-condensacion-acero-inoxidable-rfcomercial-raypak-xvers-mod-h7-1506","status":"publish","type":"product","link":"https:\/\/h2otek.com\/tienda\/producto\/caldera-calentador-de-agua-a-gas-cap-1500000-btu-condensacion-acero-inoxidable-rfcomercial-raypak-xvers-mod-h7-1506\/","title":{"rendered":"CALDERA-CALENTADOR DE AGUA A GAS CAP. 1,500,000 BTU CONDENSACI\u00d3N ACERO INOXIDABLE RFCOMERCIAL RAYPAK XVERS\u00ae MOD. H7-1506"},"content":{"rendered":"<p style=\"text-align: center;\"><img fetchpriority=\"high\" decoding=\"async\" src=\"https:\/\/h2otek.com\/tienda\/img\/cms\/aguacaliente\/raypak\/xvers\/header-calderas-condensacion-xvers-H7-1506.jpg\" alt=\"header-hidronico-condensacion-xvers\" width=\"650\" height=\"300\" \/><\/p>\n<p style=\"text-align: left;\"><span style=\"text-decoration: underline;\"><strong><br \/>\nCALDERAS DE CONDENSACI\u00d3N A GAS XVERS<br \/>\n<\/strong><\/span><\/p>\n<div style=\"text-align: justify;\"><span lang=\"es\" xml:lang=\"es\"><br \/>\n<\/span>La nueva <strong>caldera de condensaci\u00f3n de acero inoxidable de condensaci\u00f3n del tubo de fuego vertical XVers<\/strong>, en tama\u00f1os de 855 a 3000 MBTU. XVers proporciona eXtreme VERSatility (Versatilidad Extrema) para aplicaciones de calderas, con tecnolog\u00eda de control de vanguardia. El instalador y el propietario del edificio disfrutan de una amplia flexibilidad de instalaci\u00f3n, una f\u00e1cil puesta en servicio, una eficiencia estacional \u00f3ptima y una fiabilidad a largo plazo.<\/div>\n<p>&nbsp;<\/p>\n<div id=\"tab-description\" class=\"panel wc-tab entry-content active\">\n<p style=\"text-align: justify;\"><strong>CARACTER\u00cdSTICAS:<br \/>\n<\/strong><\/p>\n<ul>\n<li>Construcci\u00f3n de tubo de fuego vertical de acero inoxidable<\/li>\n<li>Hasta 96.2% de eficiencia t\u00e9rmica a plena velocidad; Hasta el 99% en carga parcial.<\/li>\n<li>100% a prueba de fuego de f\u00e1brica<\/li>\n<li>Controlador modulador VERSA IC\u00ae<\/li>\n<li>Modulaci\u00f3n electr\u00f3nica completa<\/li>\n<li>Pantalla t\u00e1ctil en color capacitiva HD de 7 pulgadas<\/li>\n<li>Diagn\u00f3stico completo de seguridad con historial.<\/li>\n<li>Luces de visualizaci\u00f3n de estado<\/li>\n<li>Conecte en cascada hasta 4 calentadores, no se requiere secuenciador externo<\/li>\n<li>Sensor de flujo<\/li>\n<li>Interruptor de flujo<\/li>\n<li>Corte de agua baja<\/li>\n<li>Puerto Modbus RTU BMS<\/li>\n<li>Temperatura m\u00e1xima del agua de salida: 200\u00b0 F<\/li>\n<li>Temperatura m\u00ednima del agua de entrada: 40\u00b0 F<\/li>\n<li>Los modelos 856-2006 cumplen con la regla 1146.2 de SCAQMD<\/li>\n<li>Garant\u00eda limitada de choque t\u00e9rmico de veinticinco a\u00f1os.<\/li>\n<li>Garant\u00eda limitada de diez a\u00f1os para el intercambiador de calor.<\/li>\n<li>Sensor de aire exterior B-32<\/li>\n<\/ul>\n<p><span lang=\"es\" xml:lang=\"es\"><span title=\"All models indoor\/outdoor certified. \u00a0\u00a0\u00a0\u00a0\"><span lang=\"es\" xml:lang=\"es\"><span title=\"Proudly Assembled in the USA.\"><br \/>\n<\/span><\/span><\/span><\/span><span lang=\"es\" xml:lang=\"es\"><span title=\"All models indoor\/outdoor certified. \u00a0\u00a0\u00a0\u00a0\"><span lang=\"es\" xml:lang=\"es\"><span title=\"Options: \u00a0\u00a0\u00a0\u00a0\"><strong>Opciones:<\/strong><br \/>\n<\/span><\/span><\/span><\/span><\/p>\n<ul>\n<li>S-1 Interruptor de baja presi\u00f3n de gas, reinicio manual<\/li>\n<li>S-2 Interruptor de alta presi\u00f3n de gas, reinicio manual<\/li>\n<li>C-6 encendido de un solo intento<\/li>\n<li>D-11 Centrotherm kit de ventilaci\u00f3n de polipropileno para exteriores<\/li>\n<li>D-15 Terminaci\u00f3n de ventilaci\u00f3n, horizontal<\/li>\n<li>Kit de adaptador de ventilaci\u00f3n de PVC D-32<\/li>\n<li>Adaptador de ventilaci\u00f3n D-33 Centrotherm<\/li>\n<li>Kit de tratamiento de condensado Z-12<\/li>\n<\/ul>\n<\/div>\n<p>&nbsp;<\/p>\n<p style=\"text-align: center;\"><img decoding=\"async\" src=\"https:\/\/h2otek.com\/tienda\/img\/cms\/aguacaliente\/raypak\/xvers\/mover-calderas-condensacion-xvers.jpg\" alt=\"mover-calderas-condensacion-xvers.jpg\" width=\"700\" height=\"346\" \/><\/p>\n<p>&nbsp;<\/p>\n<p>&nbsp;<\/p>\n<div id=\"tab-description\" class=\"panel wc-tab entry-content active\">\n<p><strong>VERSATILIDAD DE INSTALACI\u00d3N<\/strong><br \/>\n<strong>Nadie m\u00e1s quita la preocupaci\u00f3n del proyecto.<\/strong><\/p>\n<p><strong>F\u00e1cil de mover<\/strong><br \/>\nNo hay necesidad de demoras prolongadas, equipo pesado o costos adicionales de aparejo. XVers tiene soportes para pal\u00e9s incorporados, de modo que puede configurarlo con un gato o carretilla elevadora cuando lo necesite.<\/p>\n<p><strong>F\u00e1cil de ajustar<\/strong><br \/>\nActualice con facilidad los sistemas existentes o disfrute de la peque\u00f1a huella en nuevas construcciones. Obtenga los ahorros en costos y el rendimiento que espera de Raypalk con los ajustes adecuados para hacerlo m\u00e1s f\u00e1cil.<\/p>\n<p><strong>F\u00e1cil de hacerlo bien<\/strong><br \/>\nControles adaptables que admiten m\u00faltiples configuraciones de tuber\u00edas, ventilaci\u00f3n y operaciones para facilitar la instalaci\u00f3n, la integraci\u00f3n y la longevidad.<\/p>\n<p>&nbsp;<\/p>\n<p><span lang=\"es\" xml:lang=\"es\"><span title=\"Vent versatility is further enhanced by the self-tuning combustion system which compensates for unusual chimney and vent configurations.\">\u00a0<\/span><\/span><\/p>\n<\/div>\n<p style=\"text-align: center;\"><strong>FINALMENTE SE OBTIENEN LAS CARACTER\u00cdSTICAS QUE USTED QUIERE<\/strong><br \/>\n<strong>XVERS es la caldera de tubo de fuego de condensaci\u00f3n m\u00e1s vers\u00e1til disponible<\/strong><\/p>\n<p style=\"text-align: center;\"><img decoding=\"async\" src=\"https:\/\/h2otek.com\/tienda\/img\/cms\/aguacaliente\/raypak\/xvers\/caracteristicas-calderas-condensacion-xvers.jpg\" alt=\"\" width=\"650\" height=\"526\" \/><\/p>\n<ul>\n<li>Al aire libre clasificado superior estable de la chaqueta de EPS<\/li>\n<li>Bloqueo de las manijas del gabinete (cerradura con llave opcional)<\/li>\n<li>Pantalla t\u00e1ctil a color HD de 7 pulgadas con cubierta exterior<\/li>\n<li>Gabinete recubierto en polvo resistente a los rayos UV, estable a la salmuera<\/li>\n<li>Base de acero de ingenier\u00eda: transpaleta \/ carretilla elevadora accesible<\/li>\n<li>Pierna de goteo de gas<\/li>\n<li>Interruptor de flujo<\/li>\n<li>Conexiones de agua de brida ANSI de acero inoxidable.<\/li>\n<li>Puerto de prueba de an\u00e1lisis de gases de combusti\u00f3n.<\/li>\n<li>Sensor de flujo de fluido electromagn\u00e9tico &#8211; est\u00e1ndar<\/li>\n<\/ul>\n<p>&nbsp;<\/p>\n<p style=\"text-align: center;\"><strong>TABLA DE ESPECIFICACIONES Y DIMENSIONES:<\/strong><\/p>\n<p style=\"text-align: center;\"><img loading=\"lazy\" decoding=\"async\" src=\"https:\/\/h2otek.com\/tienda\/img\/cms\/aguacaliente\/raypak\/xvers\/especificaciones-calderas-condensacion-xvers-H7-1506.gif\" alt=\"especificaciones-calderas-condensacion-x\" width=\"700\" height=\"482\" \/><\/p>\n<p>&nbsp;<\/p>\n<p style=\"text-align: center;\"><img loading=\"lazy\" decoding=\"async\" src=\"https:\/\/h2otek.com\/tienda\/img\/cms\/aguacaliente\/raypak\/xvers\/dimensiones-calderas-condensacion-xvers.gif\" alt=\"dimensiones-calderas-condensacion-xvers.\" width=\"650\" height=\"428\" \/><\/p>\n<p>&nbsp;<\/p>\n<p>&nbsp;<\/p>\n<p><strong>DESCARGAR MANUALES<\/strong><\/p>\n<ul>\n<li><strong><a href=\"http:\/\/www.h2otek.com\/tienda\/pdf\/aguacaliente\/FOLLETO%20CALDERAS%20DE%20CONDENSACION%20RAYPAK%20LINEA%20XVERS.pdf\" target=\"_blank\" rel=\"noopener\">FOLLETO<\/a><\/strong><\/li>\n<li><strong><a href=\"http:\/\/www.h2otek.com\/tienda\/pdf\/aguacaliente\/ESPECIFICACIONES%20CALDERAS%20DE%20CONDENSACION%20RAYPAK%20LINEA%20XVERS.pdf\" target=\"_blank\" rel=\"noopener\">ESPECIFICACIONES<\/a><\/strong><\/li>\n<li><strong><a href=\"http:\/\/www.h2otek.com\/tienda\/pdf\/aguacaliente\/MANUAL%20DEL%20USUARIO%20CALDERAS%20DE%20CONDENSACION%20RAYPAK%20LINEA%20XVERS.pdf\" target=\"_blank\" rel=\"noopener\">MANUAL DEL USUARIO<\/a><\/strong><\/li>\n<li><strong><a href=\"http:\/\/www.h2otek.com\/tienda\/pdf\/aguacaliente\/MANUAL%20INSTALACION%20CALDERAS%20DE%20CONDENSACION%20RAYPAK%20LINEA%20XVERS.pdf\" target=\"_blank\" rel=\"noopener\">MANUAL DE INSTALACI\u00d3N Y OPERACI\u00d3N<\/a><\/strong><\/li>\n<li><strong><a href=\"http:\/\/www.h2otek.com\/tienda\/pdf\/aguacaliente\/LISTA%20DE%20PARTES%20CALDERAS%20DE%20CONDENSACION%20RAYPAK%20LINEA%20XVERS.pdf\" target=\"_blank\" rel=\"noopener\">LISTA DE PARTES<\/a><\/strong><\/li>\n<\/ul>\n<p>&nbsp;<\/p>\n<div>\n<p style=\"text-align: left;\"><strong>PRECIO INCLUYE GASTOS DE ENVIO (GRATIS) E IMPUESTO 16% DE IVA.<\/strong><\/p>\n<\/div>\n","protected":false},"excerpt":{"rendered":"<p><span style=\"color: #ff0000;\"><strong>PARA PRECIO DE ESTE PRODUCTO FAVOR DE COMUNICARSE EN ATENCION A CLIENTES: info@h2otek.com O AL TEL: 01 800 94 26 835<\/strong><\/span><\/p>\n<p><span style=\"color: #ff0000;\"><strong>CALENTADOR DE AGUA A GAS 1,500,000 BTU CONDENSACI\u00d3N L\u00cdNEA COMERCIAL XVERS MARCA RAYPAK<\/strong><\/span><\/p>\n<p><strong>CALEFACCI\u00d3N EN PISCINAS POR DEMANDA O RECIRCULACION DE AGUA CALIENTE. OPERACI\u00d3N SILENCIOSA.<em><br \/>\n<\/em><\/strong><\/p>\n<p><em><strong>IDEALES EN:<\/strong><\/em><\/p>\n<ul>\n<li><em><strong>ALBERCA \u00d3 PISCINA<br \/>\n<\/strong><\/em><\/li>\n<li><em><strong>SPA<\/strong><\/em><\/li>\n<li><em><strong>JACUZZI<\/strong><\/em><\/li>\n<li><em><strong>HIDROMASAJE, ETC.<\/strong><\/em><\/li>\n<\/ul>\n","protected":false},"featured_media":5598,"comment_status":"closed","ping_status":"closed","template":"","meta":[],"pwb-brand":[],"product_brand":[],"product_cat":[388],"product_tag":[],"class_list":{"0":"post-19311","1":"product","2":"type-product","3":"status-publish","4":"has-post-thumbnail","6":"product_cat-calderas-de-condensacion-xvers-856-3006","8":"first","9":"outofstock","10":"purchasable","11":"product-type-simple"},"brands":[],"_links":{"self":[{"href":"https:\/\/h2otek.com\/tienda\/wp-json\/wp\/v2\/product\/19311","targetHints":{"allow":["GET"]}}],"collection":[{"href":"https:\/\/h2otek.com\/tienda\/wp-json\/wp\/v2\/product"}],"about":[{"href":"https:\/\/h2otek.com\/tienda\/wp-json\/wp\/v2\/types\/product"}],"replies":[{"embeddable":true,"href":"https:\/\/h2otek.com\/tienda\/wp-json\/wp\/v2\/comments?post=19311"}],"wp:featuredmedia":[{"embeddable":true,"href":"https:\/\/h2otek.com\/tienda\/wp-json\/wp\/v2\/media\/5598"}],"wp:attachment":[{"href":"https:\/\/h2otek.com\/tienda\/wp-json\/wp\/v2\/media?parent=19311"}],"wp:term":[{"taxonomy":"pwb-brand","embeddable":true,"href":"https:\/\/h2otek.com\/tienda\/wp-json\/wp\/v2\/pwb-brand?post=19311"},{"taxonomy":"product_brand","embeddable":true,"href":"https:\/\/h2otek.com\/tienda\/wp-json\/wp\/v2\/product_brand?post=19311"},{"taxonomy":"product_cat","embeddable":true,"href":"https:\/\/h2otek.com\/tienda\/wp-json\/wp\/v2\/product_cat?post=19311"},{"taxonomy":"product_tag","embeddable":true,"href":"https:\/\/h2otek.com\/tienda\/wp-json\/wp\/v2\/product_tag?post=19311"}],"curies":[{"name":"wp","href":"https:\/\/api.w.org\/{rel}","templated":true}]}}