{"id":19285,"date":"2021-07-06T21:21:32","date_gmt":"2021-07-06T21:21:32","guid":{"rendered":"https:\/\/h2otek.com\/tienda\/producto\/humidificador-nebulizador-tipo-colgante-12-gal-hr-45-l-220v-1-fase-3500-cfm-marca-h2otek-mod-hcentri22-12g\/"},"modified":"2024-10-19T00:38:29","modified_gmt":"2024-10-19T00:38:29","slug":"humidificador-nebulizador-tipo-colgante-12-gal-hr-45-l-220v-1-fase-3500-cfm-marca-h2otek-mod-hcentri22-12g","status":"publish","type":"product","link":"https:\/\/h2otek.com\/tienda\/producto\/humidificador-nebulizador-tipo-colgante-12-gal-hr-45-l-220v-1-fase-3500-cfm-marca-h2otek-mod-hcentri22-12g\/","title":{"rendered":"HUMIDIFICADOR-NEBULIZADOR TIPO COLGANTE 12 GAL\/HR (45 L) 220V. 1 FASE 3500 CFM MARCA H2OTEK MOD. HCENTRI22-12G"},"content":{"rendered":"<p style=\"text-align: center;\" align=\"center\"><img decoding=\"async\" src=\"https:\/\/www.h2otek.com\/tienda\/Images\/h2otek\/humidificadores\/header-humidificador-hcentri-12gal-220v.jpg\" alt=\"\" border=\"0\" \/><\/p>\n<p><strong>CARACTER\u00cdSTICAS:<\/strong><\/p>\n<ul>\n<li>HUMIDIFICADORES, NEBULIZADORES O PULVERIZADORES TIPO CENTR\u00cdFUGO CON PLATO AL CENTRO<\/li>\n<li>IDEALES PARA EL AUMENTO DE HUMEDAD EN ESPACIOS, APLICACI\u00d3N DE QUIMICOS, REFRESCAR EL AMBIENTE, RIEGO, TODO PARA MEDIANOS O GRANDES ESPACIOS<\/li>\n<li>PARA COLOCACI\u00d3N TIPO COLGANTE O SUSPENDIDOS<\/li>\n<li>PUEDE TRABAJAR EN INTERIORES O EXTERIORES<\/li>\n<li>CAPACIDAD EN GALONES POR HORA REGULABLE DE 0 A 12 GALONES POR HORA<\/li>\n<li>EQUIPO CON OPCI\u00d3N OSCILATORIA 120 GRADOS DE ROTACI\u00d3N<\/li>\n<li>EQUIPADO CON TABLERO DE CONTROL EN EL EQUIPO Y CONTROL REMOTO INAL\u00c1MBRICO (PARA CUANDO EL EQUIPO NO ESTE A LA ALTURA DEL PERSONAL)<\/li>\n<li>OPCIONES EN CONTROL INAL\u00c1MBRICO: ENCENDIDO \u2013 APAGADO \/ ENCENDIDO DE OSCILACI\u00d3N<\/li>\n<li>EQUIPADO CON BOMBA RECIRCULADORA DE AGUA Y CUBETA PL\u00c1STICA<\/li>\n<li>PLATO CENTRIFUGADOR FABRICADO EN ACERO IN\u00d3XIDABLE, RESTO DE CENTRIFUGADORA EN RESISTENTE PL\u00c1STICO &#8211; DOBLE MOTOR PARA CENTRIFUGADORA Y PARA ABANICO<\/li>\n<li>ABANICOS DE ALTA EFICIENCIA CON ASPA PL\u00c1STICA<\/li>\n<li>INTERRUPTORES DE ENCENDIDO CON FOCO PILOTO<\/li>\n<li>PRESENTACI\u00d3N EN PINTURA ELECTROST\u00c1TICA COLOR ARENA<\/li>\n<li>UNIDADES TOTALMENTE DESARMABLES<\/li>\n<li>F\u00c1CIL INSTALACI\u00d3N Y MANTENIMEINTO<\/li>\n<li>GARANT\u00cdA DE 1 A\u00d1O SOBRE CUALQUIER DEFECTO DE FABRICACI\u00d3N<\/li>\n<\/ul>\n<p><strong>IDEALES PARA:<\/strong><\/p>\n<ul>\n<li>INVERNADEROS<\/li>\n<li>PROCESOS INDUSTRIALES<\/li>\n<li>ALMACENES<\/li>\n<li>T\u00daNELES T\u00c9RMICOS<\/li>\n<li>LABORATORIOS<\/li>\n<li>CUARTOS DE PRUEBA<\/li>\n<li>PROCESOS ESPECIALES<\/li>\n<li>CUARTOS FR\u00cdOS<\/li>\n<li>CUARTOS DE MADURACI\u00d3N<\/li>\n<li>TALLERES &#8211; COMERCIOS<\/li>\n<li>CANCHAS DE ENTRENAMIENTO<\/li>\n<li>INDUSTRIA EN GENERAL PARA NECESIDADES EN: &#8211; AUMENTO DE HUMEDAD EN ESPACIOS DETERMINADOS, APLICACI\u00d3N DE QU\u00cdMICOS (DESINFECCI\u00d3N, OLORES, PESTICIDAS, ETC.), PARA BAJAR LA TEMPERATURA EN ESPACIOS CERRADOS O ABIERTOS CON INYECCI\u00d3N DIRECTA, RIEGO EN GENERAL, ETC.<\/li>\n<\/ul>\n<div style=\"text-align: center;\">\n<p style=\"text-align: center;\"><strong>TABLA DE ESPECIFICACIONES:<\/strong><\/p>\n<p style=\"text-align: center;\"><img decoding=\"async\" src=\"https:\/\/www.h2otek.com\/tienda\/Images\/h2otek\/humidificadores\/especificaciones-hcentri-12gal-220v.gif\" alt=\"\" border=\"0\" \/><\/p>\n<p style=\"text-align: center;\"><span style=\"font-weight: bold;\">DIMENSIONES:<\/span><\/p>\n<p style=\"text-align: center;\"><img decoding=\"async\" src=\"https:\/\/www.h2otek.com\/tienda\/Images\/h2otek\/humidificadores\/dimensiones-humidificador-colgante-hcentri.jpg\" alt=\"\" border=\"0\" \/><\/p>\n<p style=\"text-align: center;\">\n<p style=\"text-align: center;\"><strong>HUMIDIFICADOR CON TINA INSTALADA:<\/strong><\/p>\n<\/div>\n<p style=\"text-align: center;\"><img fetchpriority=\"high\" decoding=\"async\" src=\"https:\/\/www.h2otek.com\/tienda2015\/img\/cms\/fotos-humidificador-colgante-con-tina.jpg\" alt=\"\" width=\"550\" height=\"666\" \/><\/p>\n<p style=\"text-align: center;\"><strong>\u00a0VIDEOS<\/strong><\/p>\n<p style=\"text-align: center;\"><strong><iframe src=\"https:\/\/www.youtube.com\/embed\/7-Df-brgP48\" width=\"425\" height=\"350\" frameborder=\"0\"><\/iframe><\/strong><\/p>\n<p>&nbsp;<\/p>\n<p style=\"text-align: center;\"><iframe src=\"https:\/\/www.youtube.com\/embed\/f8WQhyuB4Lc\" width=\"425\" height=\"350\" frameborder=\"0\"><\/iframe><\/p>\n<p>&nbsp;<\/p>\n<p><strong><strong><span style=\"color: #0000ff;\">DESCARGAR MANUALES<\/span><\/strong><\/strong><\/p>\n<ul>\n<li><strong><span style=\"color: #0000ff;\"><em>Pr\u00f3ximamente<\/em><\/span><\/strong><\/li>\n<\/ul>\n<p style=\"text-align: center;\">\n<p style=\"text-align: center;\">\n<p style=\"text-align: center;\">\n<p><strong><span style=\"color: #000000;\"><strong><strong><strong><strong>PRECIO INCLUYE GASTOS DE ENVIO (GRATIS) E IMPUESTO\u00a0<\/strong>16 % DE IVA<\/strong><\/strong><\/strong><\/span><\/strong><\/p>\n","protected":false},"excerpt":{"rendered":"<p><span style=\"color: #ff0000;\"><strong>PRECIO EN D\u00d3LARES US.<\/strong><\/span><br \/>\n<span style=\"color: #ff0000;\"><strong>PRECIO INCLUYE 16 % DE I.V.A.<\/strong><\/span><br \/>\n<span style=\"color: #ff0000;\"><strong>PRECIO INCLUYE ENVIO (ZONA CENTRO).<\/strong><\/span><\/p>\n<p><span style=\"color: #ff0000;\"><strong>PUEDE GENERAR NEBULIZACION PARA DESINFECCION, SANITIZACION O CUALQUIER NECESIDAD DE INYECCION DE HUMEDAD, EN AREAS ESPECIFICAS, CON QUIMICOS Y\/O AGUA POTABLE<\/strong><\/span><\/p>\n<p><em><strong>APLICACIONES M\u00c1S COMUNES:<\/strong><\/em><\/p>\n<ul>\n<li><em><strong>INVERNADEROS<\/strong><\/em><\/li>\n<li><em><strong>PROCESOS INDUSTRIALES<\/strong><\/em><\/li>\n<li><em><strong>ALMACENES<\/strong><\/em><\/li>\n<li><em><strong>CAPTACION DE POLVO<\/strong><\/em><\/li>\n<li><em><strong>LABORATORIOS<\/strong><\/em><\/li>\n<li><em><strong>CUARTOS DE PRUEBA<\/strong><\/em><\/li>\n<li><em><strong>CUARTOS DE MADURACION<\/strong><\/em><\/li>\n<li><em><strong>CAMARAS<\/strong><\/em><\/li>\n<li><em><strong>CAMARAS FRIGORIFICAS<\/strong><\/em><\/li>\n<li><em><strong>EXTERIORES,\u00a0ETC.<\/strong><\/em><\/li>\n<\/ul>\n","protected":false},"featured_media":1426,"comment_status":"closed","ping_status":"closed","template":"","meta":[],"pwb-brand":[],"product_brand":[],"product_cat":[583,886,889],"product_tag":[],"class_list":{"0":"post-19285","1":"product","2":"type-product","3":"status-publish","4":"has-post-thumbnail","6":"product_cat-centrifugos","7":"product_cat-estacionarios-por-aplicacion","8":"product_cat-nebulizacion-quimicos-sanitizacion-desinfeccion-fumigacion","10":"first","11":"onbackorder","12":"purchasable","13":"product-type-simple"},"brands":[],"_links":{"self":[{"href":"https:\/\/h2otek.com\/tienda\/wp-json\/wp\/v2\/product\/19285","targetHints":{"allow":["GET"]}}],"collection":[{"href":"https:\/\/h2otek.com\/tienda\/wp-json\/wp\/v2\/product"}],"about":[{"href":"https:\/\/h2otek.com\/tienda\/wp-json\/wp\/v2\/types\/product"}],"replies":[{"embeddable":true,"href":"https:\/\/h2otek.com\/tienda\/wp-json\/wp\/v2\/comments?post=19285"}],"wp:featuredmedia":[{"embeddable":true,"href":"https:\/\/h2otek.com\/tienda\/wp-json\/wp\/v2\/media\/1426"}],"wp:attachment":[{"href":"https:\/\/h2otek.com\/tienda\/wp-json\/wp\/v2\/media?parent=19285"}],"wp:term":[{"taxonomy":"pwb-brand","embeddable":true,"href":"https:\/\/h2otek.com\/tienda\/wp-json\/wp\/v2\/pwb-brand?post=19285"},{"taxonomy":"product_brand","embeddable":true,"href":"https:\/\/h2otek.com\/tienda\/wp-json\/wp\/v2\/product_brand?post=19285"},{"taxonomy":"product_cat","embeddable":true,"href":"https:\/\/h2otek.com\/tienda\/wp-json\/wp\/v2\/product_cat?post=19285"},{"taxonomy":"product_tag","embeddable":true,"href":"https:\/\/h2otek.com\/tienda\/wp-json\/wp\/v2\/product_tag?post=19285"}],"curies":[{"name":"wp","href":"https:\/\/api.w.org\/{rel}","templated":true}]}}