{"id":19268,"date":"2021-07-06T21:21:27","date_gmt":"2021-07-06T21:21:27","guid":{"rendered":"https:\/\/h2otek.com\/tienda\/producto\/unidad-para-control-de-humedad-y-temperatura-1267-pintas-720-l-d-220v-60hz-3-fases-4700-cfm-h2otek-mod-d720h8-156c18h-22-3\/"},"modified":"2024-07-30T23:25:20","modified_gmt":"2024-07-30T23:25:20","slug":"unidad-para-control-de-humedad-y-temperatura-1267-pintas-720-l-d-220v-60hz-3-fases-4700-cfm-h2otek-mod-d720h8-156c18h-22-3","status":"publish","type":"product","link":"https:\/\/h2otek.com\/tienda\/producto\/unidad-para-control-de-humedad-y-temperatura-1267-pintas-720-l-d-220v-60hz-3-fases-4700-cfm-h2otek-mod-d720h8-156c18h-22-3\/","title":{"rendered":"UNIDAD PARA CONTROL DE HUMEDAD Y TEMPERATURA 1267 PINTAS (720 L\/D) 220V 60HZ 3 FASES 4700 CFM H2OTEK MOD. D720H8-156C18H-22-3"},"content":{"rendered":"<p align=\"center\"><img fetchpriority=\"high\" decoding=\"async\" src=\"https:\/\/h2otek.com\/tienda\/img\/cms\/controlhumedad\/h2otek\/deshumidificadores\/2017\/header-unidad-control-humedad-temperatura-720L-220V.jpg\" alt=\"header-unidad-control-humedad-temperatur\" width=\"650\" height=\"300\" \/><\/p>\n<p>Unidad dual de humedad y temperatura, es un dispositivo que puede controlar la humedad y la temperatura del ambiente, y puede cumplir la temperatura interior con un margen de error de \u00b1 1\u00b0C y la humedad en \u00b1 2%.<\/p>\n<p>Este dispositivo con tecnolog\u00eda avanzada y dise\u00f1ado con el concepto &#8220;trabajo continuo, conservaci\u00f3n de energ\u00eda, protecci\u00f3n del medio ambiente, saludable&#8221; para hacer productos de alto rendimiento para los usuarios,\u00a0 dise\u00f1o razonable con estructura compacta, apariencia elegante, menor ruido, operaci\u00f3n segura y humedad.<\/p>\n<p><strong>\u00c1REA DE APLICACI\u00d3N:<\/strong><br \/>\nEquipo de aire acondicionado ideal para diferentes ambientes como tecnolog\u00eda de defensa en \u00e1rea farmac\u00e9utica, electr\u00f3nica, Hospitales, banca, impresi\u00f3n, sala de inform\u00e1tica, suministro y estaciones de distribuci\u00f3n, centros comerciales, hoteles, laboratorios y almacenes entre otros.<\/p>\n<p><strong>PRINCIPIO DE TRABAJO:<\/strong><\/p>\n<ul>\n<li>Unidad de temperatura y humedad constante con refrigeraci\u00f3n, calefacci\u00f3n, deshumidificaci\u00f3n, humidificaci\u00f3n y ventilaci\u00f3n.<\/li>\n<li>Funci\u00f3n de ajuste completo de temperatura y humedad, que puede ajustar la temperatura interior y la humedad seg\u00fan el valor establecido, es un equipo con alta capacidad de precisi\u00f3n de control y funciones de control.<\/li>\n<\/ul>\n<p><strong>COMPONENTES DE TRABAJO:<\/strong><\/p>\n<p>El equipo est\u00e1 constituido por un sistema de refrigeracion por compresi\u00f3n, cuenta con evaporador y condensador, emplea como refrigerante el R410a.<\/p>\n<p>El deshumidificador es tambi\u00e9n por medio de refrigeracion, la humedad se remueve en el evaporador el cual alcanza el punto de roci\u00f3 del aire y condensa el agua, posteriormente pasa por el condensador donde se calienta el aire e inyecta el aire seco.<\/p>\n<p>La humidificaci\u00f3n se produce por medio de resistencias el\u00e9ctricas, las cuales generan vapor de agua que se disipa en el aire aumentando su humedad relativa, es un proceso que se considera isot\u00e9rmico ya que no hay cambio de temperatura.<\/p>\n<p>La calefaccion es producida por resistencias el\u00e9ctricas.<\/p>\n<p><strong>CARACTER\u00cdSTICAS DEL DISPOSITIVO:<\/strong><br \/>\nLa unidad utiliza principalmente los componentes importados de la marca de f\u00e1brica, as\u00ed que la unidad est\u00e1 funcionando con alta eficacia con una larga vida de uso.<br \/>\nEl dispositivo utiliza copeland flexible compresor scroll, V\u00e1lvula de expansi\u00f3n Danfoss, Filtros de alta presi\u00f3n, V\u00e1lvula solenoide Italia Ka Tusi, funci\u00f3n de protecci\u00f3n japon\u00e9s de alto y bajo roc\u00edo.<br \/>\nLa unidad utiliza un controlador PLC, con protecci\u00f3n de alta y baja presi\u00f3n, protecci\u00f3n contra sobrecarga, fase, protecci\u00f3n de iones, protecci\u00f3n de secuencia de fase, y tiene una pantalla de fallo en funcionamiento y la funci\u00f3n de alarma, m\u00e1s seguro y fiable para la operaci\u00f3n de la unidad.<\/p>\n<p align=\"center\"><strong>TABLA DE ESPECIFICACIONES<\/strong><\/p>\n<p align=\"center\"><img decoding=\"async\" src=\"https:\/\/h2otek.com\/tienda\/img\/cms\/controlhumedad\/h2otek\/deshumidificadores\/2017\/especificaciones-unidad-control-humedad-temperatura-720L-220V.gif\" alt=\"especificaciones-unidad-control-humedad-\" width=\"488\" height=\"870\" \/><\/p>\n<p align=\"center\"><strong><em>GARANT\u00cdA: 12 MESES DE GARANT\u00cdA SOBRE CUALQUIER DEFECTO DE FABRICACI\u00d3N<\/em><\/strong><\/p>\n<p><strong>DIMENSIONES<\/strong><\/p>\n<p><img decoding=\"async\" src=\"https:\/\/h2otek.com\/tienda\/img\/cms\/controlhumedad\/h2otek\/deshumidificadores\/2017\/dimensiones-unidad-control-humedad-temperatura-720L.jpg\" alt=\"dimensiones-unidad-control-humedad-tempe\" width=\"358\" height=\"498\" \/><\/p>\n<p align=\"center\">\n<p>&nbsp;<\/p>\n<p align=\"center\"><strong>FOTOS<\/strong><\/p>\n<p align=\"center\">(Pr\u00f3ximamente)<\/p>\n<p align=\"center\"><span style=\"font-weight: bold;\">VIDEOS:<\/span><\/p>\n<p align=\"center\">(Pr\u00f3ximamente)<\/p>\n<p><strong>DESCARGAR MANUALES:<\/strong><\/p>\n<ul>\n<li><strong><a href=\"https:\/\/h2otek.com\/tienda\/img\/cms\/controlhumedad\/h2otek\/controltemp\/Manual%20Unidad%20de%20Control%20de%20Temperatura%20y%20Humedad.pdf\" target=\"_blank\" rel=\"noopener\">MANUAL DE USUARIO<\/a><\/strong><\/li>\n<\/ul>\n<p align=\"center\"><span style=\"font-weight: bold;\">\u00a0<\/span><\/p>\n","protected":false},"excerpt":{"rendered":"<p><span style=\"color: #ff0000; font-size: 12pt;\"><strong>PRECIO EN D\u00d3LARES US.<br \/>\n<\/strong><strong>PRECIO INCLUYE 16 % DE I.V.A.<br \/>\n<\/strong><strong>PRECIO INCLUYE ENVIO (ZONA CENTRO).<\/strong><\/span><\/p>\n<p><strong><em>APLICACIONES COMUNES PARA:<\/em><\/strong><\/p>\n<ul>\n<li><strong><em>LABORATORIOS<\/em><\/strong><\/li>\n<li><strong><em>CUARTOS DE PRUEBA<\/em><\/strong><\/li>\n<li><strong><em>ALMACENES<\/em><\/strong><\/li>\n<li><strong><em>PROCESOS INDUSTRIALES<\/em><\/strong><\/li>\n<li><strong><em>AULAS DE INFORM\u00c1TICA<\/em><\/strong><\/li>\n<li><strong><em>\u00c1REAS DE ENTRETENIMIENTO<\/em><\/strong><\/li>\n<li><strong><em>APLICACIONES ESPECIFICAS<\/em><\/strong><\/li>\n<\/ul>\n","protected":false},"featured_media":1390,"comment_status":"closed","ping_status":"closed","template":"","meta":[],"pwb-brand":[],"product_brand":[],"product_cat":[714,378,720],"product_tag":[],"class_list":{"0":"post-19268","1":"product","2":"type-product","3":"status-publish","4":"has-post-thumbnail","6":"product_cat-aire-acondicionado-unidades-para-control-de-temperatura-y-humedad","7":"product_cat-deshumidificadores-condensacion-desecantes","8":"product_cat-control-temperatura-y-humedad-unidades-equipos-todo-en-uno","10":"first","11":"onbackorder","12":"purchasable","13":"product-type-simple"},"brands":[],"_links":{"self":[{"href":"https:\/\/h2otek.com\/tienda\/wp-json\/wp\/v2\/product\/19268","targetHints":{"allow":["GET"]}}],"collection":[{"href":"https:\/\/h2otek.com\/tienda\/wp-json\/wp\/v2\/product"}],"about":[{"href":"https:\/\/h2otek.com\/tienda\/wp-json\/wp\/v2\/types\/product"}],"replies":[{"embeddable":true,"href":"https:\/\/h2otek.com\/tienda\/wp-json\/wp\/v2\/comments?post=19268"}],"wp:featuredmedia":[{"embeddable":true,"href":"https:\/\/h2otek.com\/tienda\/wp-json\/wp\/v2\/media\/1390"}],"wp:attachment":[{"href":"https:\/\/h2otek.com\/tienda\/wp-json\/wp\/v2\/media?parent=19268"}],"wp:term":[{"taxonomy":"pwb-brand","embeddable":true,"href":"https:\/\/h2otek.com\/tienda\/wp-json\/wp\/v2\/pwb-brand?post=19268"},{"taxonomy":"product_brand","embeddable":true,"href":"https:\/\/h2otek.com\/tienda\/wp-json\/wp\/v2\/product_brand?post=19268"},{"taxonomy":"product_cat","embeddable":true,"href":"https:\/\/h2otek.com\/tienda\/wp-json\/wp\/v2\/product_cat?post=19268"},{"taxonomy":"product_tag","embeddable":true,"href":"https:\/\/h2otek.com\/tienda\/wp-json\/wp\/v2\/product_tag?post=19268"}],"curies":[{"name":"wp","href":"https:\/\/api.w.org\/{rel}","templated":true}]}}