{"id":19214,"date":"2021-07-06T21:21:16","date_gmt":"2021-07-06T21:21:16","guid":{"rendered":"https:\/\/h2otek.com\/tienda\/producto\/tapa-de-extremo-de-laton-de-3-8-marca-aeromist-modelo-52621\/"},"modified":"2024-03-25T19:13:15","modified_gmt":"2024-03-25T19:13:15","slug":"tapa-de-extremo-de-laton-de-3-8-marca-aeromist-modelo-52621","status":"publish","type":"product","link":"https:\/\/h2otek.com\/tienda\/producto\/tapa-de-extremo-de-laton-de-3-8-marca-aeromist-modelo-52621\/","title":{"rendered":"TAPA DE EXTREMO DE LAT\u00d3N DE 3\/8&#8243; MARCA AEROMIST\u00ae MODELO 52621"},"content":{"rendered":"<p style=\"text-align: center;\"><img fetchpriority=\"high\" decoding=\"async\" class=\"aligncenter size-full wp-image-22984\" src=\"https:\/\/h2otek.com\/tienda\/wp-content\/uploads\/2021\/07\/header-aeromist_tapa_extre_laton_3_8.jpg\" alt=\"\" width=\"550\" height=\"250\" srcset=\"https:\/\/h2otek.com\/tienda\/wp-content\/uploads\/2021\/07\/header-aeromist_tapa_extre_laton_3_8.jpg 550w, https:\/\/h2otek.com\/tienda\/wp-content\/uploads\/2021\/07\/header-aeromist_tapa_extre_laton_3_8-300x136.jpg 300w\" sizes=\"(max-width: 550px) 100vw, 550px\" \/><\/p>\n<p>&nbsp;<\/p>\n<p><strong>DESCRIPCI\u00d3N GENERAL DEL PRODUCTO:<\/strong><\/p>\n<p>Se utiliza para tapar el extremo de la tuber\u00eda de rociado y detener el flujo de agua. Esta tapa se atornilla de cualquier montaje de tuber\u00eda de compresi\u00f3n de lat\u00f3n normal para tapar el extremo de la tuber\u00eda de rociado.<\/p>\n<p>&nbsp;<\/p>\n<p>&nbsp;<\/p>\n<p><strong>DESCARGAR MANUALES:<\/strong><\/p>\n<ul>\n<li><strong><a href=\"https:\/\/h2otek.com\/tienda\/pdf\/controlhumedad\/CATALOGO%20PRODUCTOS%20AEROMIST.pdf\" target=\"_blank\" rel=\"noopener\">CAT\u00c1LOGO PRODUCTOS AEROMIST\u00ae<br \/>\n<\/a><\/strong><\/li>\n<li><strong><a href=\"https:\/\/h2otek.com\/tienda\/pdf\/controlhumedad\/MANUAL%20DEL%20USUARIO%20PRODUCTOS%20AEROMIST.pdf\" target=\"_blank\" rel=\"noopener\">MANUAL DEL USUARIO PRODUCTOS AEROMIST\u00ae<\/a><\/strong><\/li>\n<\/ul>\n","protected":false},"excerpt":{"rendered":"<p><strong><span style=\"color: #ff0000;\">PRECIO\u00a0EN\u00a0D\u00d3LARES US.<\/span><br \/>\n<span style=\"color: #ff0000;\">PRECIO INCLUYE 16 % DE I.V.A.<\/span><br \/>\n<\/strong><\/p>\n<p><strong><em>HUMIDIFICADORES IDEALES PARA:<\/em><\/strong><\/p>\n<ul>\n<li>PATIOS<\/li>\n<li>JARDINES<\/li>\n<li>ESPACIOS SOCIALES<\/li>\n<li>ALMACENES<\/li>\n<li>PROCESOS<\/li>\n<li>LABORATORIOS<\/li>\n<li>CUARTOS DE PRUEBA<\/li>\n<li>COMERCIOS<\/li>\n<li>RESTAURANTES<\/li>\n<li>TERRAZAS<\/li>\n<li>INDUSTRIA EN GENERAL<em><strong>,\u00a0<\/strong><\/em>ETC.<\/li>\n<\/ul>\n","protected":false},"featured_media":2922,"comment_status":"closed","ping_status":"closed","template":"","meta":[],"pwb-brand":[],"product_brand":[],"product_cat":[362,1003],"product_tag":[],"class_list":{"0":"post-19214","1":"product","2":"type-product","3":"status-publish","4":"has-post-thumbnail","6":"product_cat-control-de-humedad-humidificadores-deshumidificadores","7":"product_cat-kits-bomba-y-boquillas-domestico-industrial","9":"first","10":"onbackorder","11":"purchasable","12":"product-type-simple"},"brands":[],"_links":{"self":[{"href":"https:\/\/h2otek.com\/tienda\/wp-json\/wp\/v2\/product\/19214","targetHints":{"allow":["GET"]}}],"collection":[{"href":"https:\/\/h2otek.com\/tienda\/wp-json\/wp\/v2\/product"}],"about":[{"href":"https:\/\/h2otek.com\/tienda\/wp-json\/wp\/v2\/types\/product"}],"replies":[{"embeddable":true,"href":"https:\/\/h2otek.com\/tienda\/wp-json\/wp\/v2\/comments?post=19214"}],"wp:featuredmedia":[{"embeddable":true,"href":"https:\/\/h2otek.com\/tienda\/wp-json\/wp\/v2\/media\/2922"}],"wp:attachment":[{"href":"https:\/\/h2otek.com\/tienda\/wp-json\/wp\/v2\/media?parent=19214"}],"wp:term":[{"taxonomy":"pwb-brand","embeddable":true,"href":"https:\/\/h2otek.com\/tienda\/wp-json\/wp\/v2\/pwb-brand?post=19214"},{"taxonomy":"product_brand","embeddable":true,"href":"https:\/\/h2otek.com\/tienda\/wp-json\/wp\/v2\/product_brand?post=19214"},{"taxonomy":"product_cat","embeddable":true,"href":"https:\/\/h2otek.com\/tienda\/wp-json\/wp\/v2\/product_cat?post=19214"},{"taxonomy":"product_tag","embeddable":true,"href":"https:\/\/h2otek.com\/tienda\/wp-json\/wp\/v2\/product_tag?post=19214"}],"curies":[{"name":"wp","href":"https:\/\/api.w.org\/{rel}","templated":true}]}}