{"id":19201,"date":"2021-07-06T21:21:11","date_gmt":"2021-07-06T21:21:11","guid":{"rendered":"https:\/\/h2otek.com\/tienda\/producto\/deshumidificador-cap-12000-btu-hr-115v-marca-ebac-mod-wm-150\/"},"modified":"2023-07-28T01:33:28","modified_gmt":"2023-07-28T01:33:28","slug":"deshumidificador-cap-12000-btu-hr-115v-marca-ebac-mod-wm-150","status":"publish","type":"product","link":"https:\/\/h2otek.com\/tienda\/producto\/deshumidificador-cap-12000-btu-hr-115v-marca-ebac-mod-wm-150\/","title":{"rendered":"DESHUMIDIFICADOR CAP. 12,000 BTU\/HR 115V. MARCA EBAC MOD. WM150"},"content":{"rendered":"<p style=\"text-align: center;\"><img decoding=\"async\" src=\"https:\/\/www.h2otek.com\/tienda\/Images\/deshumidificadores\/deshumidificador-ebac-wm150.jpg\" alt=\"\" border=\"0\" \/><\/p>\n<p style=\"text-align: justify;\">El deshumidificador <strong>Ebac WM150<\/strong> es la unidad ideal para el trabajo comercial y residencial. Su tama\u00f1o compacto permite la operaci\u00f3n de un solo hombre, sin embargo, tiene la capacidad de manejar varias \u00e1reas de tama\u00f1o de la habitaci\u00f3n a la vez. Lo mejor de todo es que tiene un precio accesible dentro del presupuesto de la mayor\u00eda de los especialistas en restauraci\u00f3n.<\/p>\n<p style=\"text-align: justify;\"><strong>APLICACI\u00d3N<\/strong><\/p>\n<p style=\"text-align: justify;\">El deshumidificador comercial\/industrial EIPL CD85 ha sido dise\u00f1ado para proporcionar un control de humedad eficiente de la energ\u00eda en una amplia gama de aplicaciones, incluyendo oficinas, laboratorios, departamentos, almacenes, restaurantes, bares, museos, vestuarios, salas de inform\u00e1tica, telecomunicaciones, s\u00f3tanos y espacios angostos . Se trata de una eficienciente unidad, tranquila, de alta capacidad, dise\u00f1ada para adaptarse a sus necesidades de climatizaci\u00f3n. Posici\u00f3n de entrada y salida configurable y asegura flexibilidad para todas las aplicaciones.<\/p>\n<p style=\"text-align: justify;\"><strong>CARACTER\u00cdSTICAS PRINCIPALES DE DISE\u00d1O<\/strong><\/p>\n<p style=\"text-align: justify;\">Higrostato de control ajustable para mantener el nivel de sequedad, un punto de drenaje conveniente para recogida de condensados \u200b\u200bcon manguera de accesorio, de entrada configurable y posiciones Outlet, filtro de entrada, \u00fanica funci\u00f3n de descongelaci\u00f3n del EIP &#8220;Hot Gas&#8221;, que autom\u00e1ticamente elimina la acumulaci\u00f3n de escarcha proporciona un funcionamiento eficaz a bajas temperaturas, chasis de acero con recubrimiento de polvo epoxi resistente, simplicidad de instalaci\u00f3n y operaci\u00f3n de un enchufe est\u00e1ndar de 115V, cable de corriente extra largo, de alta capacidad, bomba de condensado totalmente autom\u00e1tico.<\/p>\n<p style=\"text-align: justify;\"><strong>RENDIMIENTO COMPROBADO <\/strong><\/p>\n<p style=\"text-align: justify;\">Sean cuales sean sus requerimientos de secado. Deshumidificadores EIPL tienen la Anwer, todas las unidades funcionan con eficacia en una amplia gama de temperaturas y puede proporcionar un bajo nivel de humedad relativa cuando sea necesario.<\/p>\n<p style=\"text-align: justify;\"><strong>EL PROBLEMA<\/strong><\/p>\n<p style=\"text-align: justify;\">El exceso de humedad en el almac\u00e9n, oficina, f\u00e1brica o taller de los resultados de la corrosi\u00f3n, el moho y la podredumbre. Costo enormus se incurre en todos los a\u00f1os a trav\u00e9s del da\u00f1o a trav\u00e9s de inventarios y costos inflados de mantenimiento del edificio como consecuencia de la humedad. Aunque su casa se parece seco durante el d\u00eda, de noche, cuando la temperatura cae por la humedad se eleva y comienza el proceso de condensaci\u00f3n.<\/p>\n<p style=\"text-align: left;\"><strong>APLICACIONES:<\/strong><\/p>\n<ul style=\"text-align: left;\">\n<li>Restaurantes<\/li>\n<li>S\u00f3tanos<\/li>\n<li>F\u00e1bricas<\/li>\n<li>Piscinas<\/li>\n<li>Salas de deportes<\/li>\n<li>Plataformas petroliferas<\/li>\n<li>Agricultura<\/li>\n<li>Cocinas<\/li>\n<li>Hospitales<\/li>\n<li>Hotel\/Motel<\/li>\n<li>Barcos\/barcazas<\/li>\n<\/ul>\n<p style=\"text-align: left;\"><strong>CARACTER\u00cdSTICAS:<\/strong><\/p>\n<ul>\n<li>Alta eficiencia<\/li>\n<li>Bajo amperaje<\/li>\n<li>Entrada de aire del filtro<\/li>\n<li>Ventilador de flujo cruzado de alto rendimiento<\/li>\n<li>Opci\u00f3n de montaje en pared<\/li>\n<li>Gas caliente<\/li>\n<li>Patas de goma para aplicaciones independientes<\/li>\n<li>Encendido\/Apagado<\/li>\n<li>L\u00e1mpara indicadora de congelado y descongelado<\/li>\n<li>Bomba opcional de condensaci\u00f3n interna<\/li>\n<li>Cable de alimentaci\u00f3n extra-largo<\/li>\n<li>Capa en acabado arenilla para protecci\u00f3n a largo plazo<\/li>\n<li>1 a\u00f1o gratis sobre cualquier defecto de fabricaci\u00f3n<\/li>\n<\/ul>\n<p style=\"text-align: left;\"><strong>ESPECIFICACIONES:<\/strong><\/p>\n<ul style=\"text-align: left;\">\n<li>Encendido\/Apagado<\/li>\n<li>Control de descongelamiento<\/li>\n<li>Tipo de compresor rotativo<\/li>\n<li>Enchufe instalado<\/li>\n<li>Montaje en pared<\/li>\n<li>Pies de goma<\/li>\n<li>Polvo epoxy<\/li>\n<\/ul>\n<p style=\"text-align: center;\"><strong><span style=\"color: #000000;\">TABLA DE ESPECIFICACIONES:<\/span><\/strong><\/p>\n<div class=\"WordSection1\" style=\"text-align: left;\">\n<table class=\"MsoTableLightShadingAccent1\" style=\"margin-left: 42.55pt; border-collapse: collapse; height: 397px;\" border=\"1\" cellspacing=\"0\" cellpadding=\"0\">\n<tbody>\n<tr style=\"height: 16.65pt;\">\n<td style=\"width: 50.6pt; padding: 0cm 5.4pt; height: 16.65pt;\" valign=\"top\" width=\"67\">\n<p class=\"MsoNormal\" style=\"margin-bottom: .0001pt; text-align: center; line-height: normal;\" align=\"center\"><strong><span style=\"font-size: 10pt; color: #000000;\">DESHUMIDIFICADOR \u00a0<\/span><\/strong><\/p>\n<\/td>\n<td style=\"width: 93.15pt; padding: 0cm 5.4pt; height: 16.65pt;\" valign=\"top\" width=\"124\">\n<p class=\"MsoNormal\" style=\"margin-bottom: .0001pt; line-height: normal; text-align: center;\"><strong><span style=\"color: #000000;\">\u00a0 <\/span><\/strong><strong><span style=\"font-size: 10pt; color: #000000;\">MODELO WM-150<br \/>\n<\/span><\/strong><\/p>\n<\/td>\n<\/tr>\n<tr style=\"height: 16.65pt;\">\n<td style=\"width: 50.6pt; background: #d3dfee none repeat scroll 0% 0%; padding: 0cm 5.4pt; height: 16.65pt;\" valign=\"top\" width=\"67\">\n<p class=\"MsoNormal\" style=\"margin-bottom: .0001pt; line-height: normal;\"><strong><span style=\"font-size: 8pt;\">Altura<\/span><\/strong><\/p>\n<\/td>\n<td style=\"width: 93.15pt; background: #d3dfee none repeat scroll 0% 0%; padding: 0cm 5.4pt; height: 16.65pt;\" valign=\"top\" width=\"124\">\n<p class=\"MsoNormal\" style=\"margin-bottom: .0001pt; line-height: normal;\"><span style=\"color: #000000;\">26.7 pulgadas<br \/>\n<\/span><\/p>\n<\/td>\n<\/tr>\n<tr style=\"height: 16.65pt;\">\n<td style=\"width: 50.6pt; padding: 0cm 5.4pt; height: 16.65pt;\" valign=\"top\" width=\"67\">\n<p class=\"MsoNormal\" style=\"margin-bottom: .0001pt; line-height: normal;\"><strong><span style=\"font-size: 8pt;\">Ancho<\/span><\/strong><\/p>\n<\/td>\n<td style=\"width: 93.15pt; padding: 0cm 5.4pt; height: 16.65pt;\" valign=\"top\" width=\"124\">\n<p class=\"MsoNormal\" style=\"margin-bottom: .0001pt; line-height: normal;\"><span style=\"color: #000000;\">31.8 pulgadas<br \/>\n<\/span><\/p>\n<\/td>\n<\/tr>\n<tr style=\"height: 16.65pt;\">\n<td style=\"width: 50.6pt; background: #d3dfee none repeat scroll 0% 0%; padding: 0cm 5.4pt; height: 16.65pt;\" valign=\"top\" width=\"67\">\n<p class=\"MsoNormal\" style=\"margin-bottom: .0001pt; line-height: normal;\"><strong><span style=\"font-size: 8pt;\">Profundidad<\/span><\/strong><\/p>\n<\/td>\n<td style=\"width: 93.15pt; background: #d3dfee none repeat scroll 0% 0%; padding: 0cm 5.4pt; height: 16.65pt;\" valign=\"top\" width=\"124\">\n<p class=\"MsoNormal\" style=\"margin-bottom: .0001pt; line-height: normal;\"><span style=\"color: #000000;\">12 pulgadas<br \/>\n<\/span><\/p>\n<\/td>\n<\/tr>\n<tr style=\"height: 16.65pt;\">\n<td style=\"width: 50.6pt; padding: 0cm 5.4pt; height: 16.65pt;\" valign=\"top\" width=\"67\">\n<p class=\"MsoNormal\" style=\"margin-bottom: .0001pt; line-height: normal;\"><strong><span style=\"font-size: 8pt;\">Peso<\/span><\/strong><\/p>\n<\/td>\n<td style=\"width: 93.15pt; padding: 0cm 5.4pt; height: 16.65pt;\" valign=\"top\" width=\"124\">\n<p class=\"MsoNormal\" style=\"margin-bottom: .0001pt; line-height: normal;\"><span style=\"color: #000000;\">75 kg<\/span><\/p>\n<\/td>\n<\/tr>\n<tr style=\"height: 15.95pt;\">\n<td style=\"width: 50.6pt; background: #d3dfee none repeat scroll 0% 0%; padding: 0cm 5.4pt; height: 15.95pt;\" valign=\"top\" width=\"67\">\n<p class=\"MsoNormal\" style=\"margin-bottom: .0001pt; line-height: normal;\"><strong><span style=\"font-size: 8pt;\">Voltaje<\/span><\/strong><\/p>\n<\/td>\n<td style=\"width: 93.15pt; background: #d3dfee none repeat scroll 0% 0%; padding: 0cm 5.4pt; height: 15.95pt;\" valign=\"top\" width=\"124\">\n<p class=\"MsoNormal\" style=\"margin-bottom: .0001pt; line-height: normal;\"><span style=\"color: #000000;\">110 V<\/span><\/p>\n<\/td>\n<\/tr>\n<tr style=\"height: 16.65pt;\">\n<td style=\"width: 50.6pt; padding: 0cm 5.4pt; height: 16.65pt;\" valign=\"top\" width=\"67\">\n<p class=\"MsoNormal\" style=\"margin-bottom: .0001pt; line-height: normal;\"><strong><span style=\"font-size: 8pt;\">Fase<\/span><\/strong><\/p>\n<\/td>\n<td style=\"width: 93.15pt; padding: 0cm 5.4pt; height: 16.65pt;\" valign=\"top\" width=\"124\">\n<p class=\"MsoNormal\" style=\"margin-bottom: .0001pt; line-height: normal;\"><span style=\"color: #000000;\">1<\/span><\/p>\n<\/td>\n<\/tr>\n<tr style=\"height: 16.65pt;\">\n<td style=\"width: 50.6pt; background: #d3dfee none repeat scroll 0% 0%; padding: 0cm 5.4pt; height: 16.65pt;\" valign=\"top\" width=\"67\">\n<p class=\"MsoNormal\" style=\"margin-bottom: .0001pt; line-height: normal;\"><strong><span style=\"font-size: 8pt;\">Frecuencia<\/span><\/strong><\/p>\n<\/td>\n<td style=\"width: 93.15pt; background: #d3dfee none repeat scroll 0% 0%; padding: 0cm 5.4pt; height: 16.65pt;\" valign=\"top\" width=\"124\">\n<p class=\"MsoNormal\" style=\"margin-bottom: .0001pt; line-height: normal;\"><span style=\"color: #000000;\">60 Hz<\/span><\/p>\n<\/td>\n<\/tr>\n<tr style=\"height: 16.65pt;\">\n<td style=\"width: 50.6pt; padding: 0cm 5.4pt; height: 16.65pt;\" valign=\"top\" width=\"67\">\n<p class=\"MsoNormal\" style=\"margin-bottom: .0001pt; line-height: normal;\"><strong><span style=\"font-size: 8pt;\">Corriente<\/span><\/strong><\/p>\n<\/td>\n<td style=\"width: 93.15pt; padding: 0cm 5.4pt; height: 16.65pt;\" valign=\"top\" width=\"124\">\n<p class=\"MsoNormal\" style=\"margin-bottom: .0001pt; line-height: normal;\"><span style=\"color: #000000;\">13 A<\/span><\/p>\n<\/td>\n<\/tr>\n<tr style=\"height: 16.65pt;\">\n<td style=\"width: 50.6pt; background: #d3dfee none repeat scroll 0% 0%; padding: 0cm 5.4pt; height: 16.65pt;\" valign=\"top\" width=\"67\">\n<p class=\"MsoNormal\" style=\"margin-bottom: .0001pt; line-height: normal;\"><strong><span style=\"font-size: 8pt;\">Potencia<\/span><\/strong><\/p>\n<\/td>\n<td style=\"width: 93.15pt; background: #d3dfee none repeat scroll 0% 0%; padding: 0cm 5.4pt; height: 16.65pt;\" valign=\"top\" width=\"124\">\n<p class=\"MsoNormal\" style=\"margin-bottom: .0001pt; line-height: normal;\"><span style=\"color: #000000;\">1.5 W<\/span><\/p>\n<\/td>\n<\/tr>\n<tr style=\"height: 16.65pt;\">\n<td style=\"width: 50.6pt; padding: 0cm 5.4pt; height: 16.65pt;\" valign=\"top\" width=\"67\">\n<p class=\"MsoNormal\" style=\"margin-bottom: .0001pt; line-height: normal;\"><strong><span style=\"font-size: 8pt;\">Flujo de aire<\/span><\/strong><\/p>\n<\/td>\n<td style=\"width: 93.15pt; padding: 0cm 5.4pt; height: 16.65pt;\" valign=\"top\" width=\"124\">\n<p class=\"MsoNormal\" style=\"margin-bottom: .0001pt; line-height: normal;\"><span style=\"color: #000000;\">650 cfm (1040m3\/hr)<\/span><\/p>\n<\/td>\n<\/tr>\n<tr style=\"height: 16.65pt;\">\n<td style=\"width: 50.6pt; background: #d3dfee none repeat scroll 0% 0%; padding: 0cm 5.4pt; height: 16.65pt;\" valign=\"top\" width=\"67\">\n<p class=\"MsoNormal\" style=\"margin-bottom: .0001pt; line-height: normal;\"><strong><span style=\"font-size: 8pt;\">Nivel de ruido<\/span><\/strong><\/p>\n<\/td>\n<td style=\"width: 93.15pt; background: #d3dfee none repeat scroll 0% 0%; padding: 0cm 5.4pt; height: 16.65pt;\" valign=\"top\" width=\"124\">\n<p class=\"MsoNormal\" style=\"margin-bottom: .0001pt; line-height: normal;\"><span style=\"color: #000000;\">58 <span class=\"SpellE\">dba<\/span><\/span><\/p>\n<\/td>\n<\/tr>\n<tr style=\"height: 16.65pt;\">\n<td style=\"width: 50.6pt; padding: 0cm 5.4pt; height: 16.65pt;\" valign=\"top\" width=\"67\">\n<p class=\"MsoNormal\" style=\"margin-bottom: .0001pt; line-height: normal;\"><strong><span style=\"font-size: 8pt;\">Refrigerante<\/span><\/strong><\/p>\n<\/td>\n<td style=\"width: 93.15pt; padding: 0cm 5.4pt; height: 16.65pt;\" valign=\"top\" width=\"124\">\n<p class=\"MsoNormal\" style=\"margin-bottom: .0001pt; line-height: normal;\"><span style=\"color: #000000;\">R407c<\/span><\/p>\n<\/td>\n<\/tr>\n<tr style=\"height: 16.65pt;\">\n<td style=\"width: 50.6pt; background: #d3dfee none repeat scroll 0% 0%; padding: 0cm 5.4pt; height: 16.65pt;\" valign=\"top\" width=\"67\">\n<p class=\"MsoNormal\" style=\"margin-bottom: .0001pt; line-height: normal;\"><span class=\"SpellE\"><strong><span style=\"font-size: 8pt;\">Vol\u00famen efectivo<\/span><\/strong><\/span><strong><span style=\"font-size: 8pt; color: #000000;\"><br \/>\n<\/span><\/strong><\/p>\n<\/td>\n<td style=\"width: 93.15pt; background: #d3dfee none repeat scroll 0% 0%; padding: 0cm 5.4pt; height: 16.65pt;\" valign=\"top\" width=\"124\">\n<p class=\"MsoNormal\" style=\"margin-bottom: .0001pt; line-height: normal;\"><span style=\"color: #000000;\">300 cu.ft<br \/>\n<\/span><\/p>\n<\/td>\n<\/tr>\n<tr style=\"height: 16.65pt;\">\n<td style=\"width: 50.6pt; padding: 0cm 5.4pt; height: 16.65pt;\" valign=\"top\" width=\"67\">\n<p class=\"MsoNormal\" style=\"margin-bottom: .0001pt; line-height: normal;\"><strong><span style=\"font-size: 8pt;\">T\u00edpico de extracci\u00f3n<\/span><\/strong><\/p>\n<\/td>\n<td style=\"width: 93.15pt; padding: 0cm 5.4pt; height: 16.65pt;\" valign=\"top\" width=\"124\">\n<p class=\"MsoNormal\" style=\"margin-bottom: .0001pt; line-height: normal;\"><span style=\"color: #000000;\">71\u00a0<span class=\"SpellE\">ppd<\/span><\/span><\/p>\n<\/td>\n<\/tr>\n<tr style=\"height: 16.65pt;\">\n<td style=\"width: 50.6pt; background: #d3dfee none repeat scroll 0% 0%; padding: 0cm 5.4pt; height: 16.65pt;\" valign=\"top\" width=\"67\">\n<p class=\"MsoNormal\" style=\"margin-bottom: .0001pt; line-height: normal;\"><strong><span style=\"font-size: 8pt;\">Temperatura m\u00ednima de <span class=\"SpellE\">funcionamento<\/span><\/span><\/strong><\/p>\n<\/td>\n<td style=\"width: 93.15pt; background: #d3dfee none repeat scroll 0% 0%; padding: 0cm 5.4pt; height: 16.65pt;\" valign=\"top\" width=\"124\">\n<p class=\"MsoNormal\" style=\"margin-bottom: .0001pt; line-height: normal;\"><span style=\"color: #000000;\">1\u00ba C<\/span><\/p>\n<\/td>\n<\/tr>\n<tr style=\"height: 16.65pt;\">\n<td style=\"width: 50.6pt; padding: 0cm 5.4pt; height: 16.65pt;\" valign=\"top\" width=\"67\">\n<p class=\"MsoNormal\" style=\"margin-bottom: .0001pt; line-height: normal;\"><strong><span style=\"font-size: 8pt;\">Temperatura m\u00e1xima de funcionamiento<\/span><\/strong><\/p>\n<\/td>\n<td style=\"width: 93.15pt; padding: 0cm 5.4pt; height: 16.65pt;\" valign=\"top\" width=\"124\">\n<p class=\"MsoNormal\" style=\"margin-bottom: .0001pt; line-height: normal;\"><span style=\"color: #000000;\">40\u00ba C<\/span><\/p>\n<\/td>\n<\/tr>\n<\/tbody>\n<\/table>\n<p class=\"MsoNormal\" style=\"text-align: center;\">\n<\/div>\n<p>&nbsp;<\/p>\n<p style=\"text-align: center;\"><strong>FUNCIONAMIENTO:<\/strong><\/p>\n<p style=\"text-align: center;\"><img fetchpriority=\"high\" decoding=\"async\" src=\"https:\/\/www.h2otek.com\/tienda\/Images\/deshumidificadores\/funcionamientodc30.jpg\" alt=\"\" width=\"312\" height=\"287\" border=\"0\" \/><\/p>\n<ol>\n<li>El aire es extra\u00eddo en la unidad por un ventilador<\/li>\n<li>El aire pasa sobre una superficie fr\u00eda<\/li>\n<li>A medida que el aire se enfr\u00eda, se condensa la humedad<\/li>\n<li>El agua cae en el recipiente<\/li>\n<li>El aire es de nuevo calentado por\u00a0 la recuperaci\u00f3n del sistema<\/li>\n<li>El aire pasa a la habitaci\u00f3n de 2\u00b0 C mucho m\u00e1s c\u00e1lido y seco<\/li>\n<li>Descongelamiento: el sistema autom\u00e1ticamente descongela la unidad si es necesario<\/li>\n<li>Unidad: se apaga autom\u00e1ticamente cuando el contenedor est\u00e1 lleno<\/li>\n<li>Cuando la unidad alcanza determinado nivel de sequedad se apaga autom\u00e1ticamente<\/li>\n<\/ol>\n<p>&nbsp;<\/p>\n<p>&nbsp;<\/p>\n<p><strong>DESCARGAR MANUALES:<\/strong><\/p>\n<ul>\n<li><strong><a href=\"http:\/\/www.h2otek.com\/tienda\/pdf\/controlhumedad\/FOLLETO_DESHUMIDIFICADOR_MARCA_EBAC_MOD_WM150.pdf\" target=\"_blank\" rel=\"noopener\">FOLLETO<\/a><\/strong><\/li>\n<li><strong><a href=\"http:\/\/www.h2otek.com\/tienda\/pdf\/controlhumedad\/MANUAL_DEL_USUARIO_DESHUMIDIFICADOR_MARCA_EBAC_MOD_WM150.pdf\" target=\"_blank\" rel=\"noopener\">MANUAL DEL USUARIO<\/a><\/strong><\/li>\n<li><strong><a href=\"http:\/\/www.h2otek.com\/tienda\/pdf\/controlhumedad\/ESQUEMA_DE_CABLEADO_DESHUMIDIFICADOR_MARCA_EBAC_MOD_WM150.pdf\" target=\"_blank\" rel=\"noopener\">ESQUEMA DE CABLEADO<\/a><\/strong><\/li>\n<li><strong><a href=\"http:\/\/www.h2otek.com\/tienda\/pdf\/controlhumedad\/DIAGRAMA_DE_CABLEADO_DESHUMIDIFICADOR_MARCA_EBAC_MOD_WM150.pdf\" target=\"_blank\" rel=\"noopener\">DIAGRAMA DE CABLEADO<\/a><\/strong><\/li>\n<li><strong><a href=\"http:\/\/www.h2otek.com\/tienda\/pdf\/controlhumedad\/LISTA_DE_PARTES_DESHUMIDIFICADOR_MARCA_EBAC_MOD_WM150.pdf\" target=\"_blank\" rel=\"noopener\">LISTA DE PARTES<\/a><\/strong><\/li>\n<\/ul>\n<p>&nbsp;<\/p>\n<p>&nbsp;<\/p>\n<p><span style=\"color: #000000;\"><strong>PRECIOS INCLUYE GASTOS DE ENVIO (GRATIS) E IMPUESTO 16% DE IVA<\/strong><\/span><\/p>\n","protected":false},"excerpt":{"rendered":"<p><span style=\"color: #ff0000;\"><strong>PRECIO EN D\u00d3LARES US.<\/strong><\/span><\/p>\n<p><strong>IDEALES PARA LOS ESPACIOS DE:<\/strong><\/p>\n<ul>\n<li><span style=\"color: #000000;\"><em><span style=\"font-size: small;\"><strong> ALMACEN<\/strong><\/span><\/em><\/span><\/li>\n<li><span style=\"color: #000000;\"><em><span style=\"font-size: small;\"><strong>S\u00d3TANOS<\/strong><\/span><\/em><\/span><\/li>\n<li><span style=\"color: #000000;\"><em><span style=\"font-size: small;\"><strong>F\u00c1BRICAS<\/strong><\/span><\/em><\/span><\/li>\n<li><span style=\"color: #000000;\"><em><span style=\"font-size: small;\"><strong>RESTAURACI\u00d3N DE DA\u00d1OS<\/strong><\/span><\/em><\/span><\/li>\n<li><span style=\"color: #000000;\"><em><span style=\"font-size: small;\"><strong>PABELLONES DEPORTIV<\/strong><\/span><span style=\"font-size: small;\"><strong>OS<\/strong><\/span><\/em><\/span><\/li>\n<li><span style=\"color: #000000;\"><em><span style=\"font-size: small;\"><strong>\u00c1REAS DE ALMACENAMIENTO<\/strong><\/span><\/em><\/span><\/li>\n<li><span style=\"color: #000000;\"><em><span style=\"font-size: small;\"><strong>LABORATORIOS<\/strong><\/span><\/em><\/span><\/li>\n<li><span style=\"color: #000000;\"><em><span style=\"font-size: small;\"><strong>ETC.<\/strong><\/span><\/em><\/span><\/li>\n<\/ul>\n<p style=\"text-align: left;\">\n","protected":false},"featured_media":28037,"comment_status":"closed","ping_status":"closed","template":"","meta":[],"pwb-brand":[],"product_brand":[],"product_cat":[447,471],"product_tag":[],"class_list":{"0":"post-19201","1":"product","2":"type-product","3":"status-publish","4":"has-post-thumbnail","6":"product_cat-estacionarios","7":"product_cat-para-albercas-techadas-hidromasajes","9":"first","10":"onbackorder","11":"purchasable","12":"product-type-simple"},"brands":[],"_links":{"self":[{"href":"https:\/\/h2otek.com\/tienda\/wp-json\/wp\/v2\/product\/19201","targetHints":{"allow":["GET"]}}],"collection":[{"href":"https:\/\/h2otek.com\/tienda\/wp-json\/wp\/v2\/product"}],"about":[{"href":"https:\/\/h2otek.com\/tienda\/wp-json\/wp\/v2\/types\/product"}],"replies":[{"embeddable":true,"href":"https:\/\/h2otek.com\/tienda\/wp-json\/wp\/v2\/comments?post=19201"}],"wp:featuredmedia":[{"embeddable":true,"href":"https:\/\/h2otek.com\/tienda\/wp-json\/wp\/v2\/media\/28037"}],"wp:attachment":[{"href":"https:\/\/h2otek.com\/tienda\/wp-json\/wp\/v2\/media?parent=19201"}],"wp:term":[{"taxonomy":"pwb-brand","embeddable":true,"href":"https:\/\/h2otek.com\/tienda\/wp-json\/wp\/v2\/pwb-brand?post=19201"},{"taxonomy":"product_brand","embeddable":true,"href":"https:\/\/h2otek.com\/tienda\/wp-json\/wp\/v2\/product_brand?post=19201"},{"taxonomy":"product_cat","embeddable":true,"href":"https:\/\/h2otek.com\/tienda\/wp-json\/wp\/v2\/product_cat?post=19201"},{"taxonomy":"product_tag","embeddable":true,"href":"https:\/\/h2otek.com\/tienda\/wp-json\/wp\/v2\/product_tag?post=19201"}],"curies":[{"name":"wp","href":"https:\/\/api.w.org\/{rel}","templated":true}]}}