{"id":19164,"date":"2021-07-06T21:21:01","date_gmt":"2021-07-06T21:21:01","guid":{"rendered":"https:\/\/h2otek.com\/tienda\/producto\/humidificador-sistema-dt-series-cap-10-6-hr-240va-ultrasonico-para-montaje-en-ducto-mod-dt-10\/"},"modified":"2024-09-03T21:24:00","modified_gmt":"2024-09-03T21:24:00","slug":"humidificador-sistema-dt-series-cap-10-6-hr-240va-ultrasonico-para-montaje-en-ducto-mod-dt-10","status":"publish","type":"product","link":"https:\/\/h2otek.com\/tienda\/producto\/humidificador-sistema-dt-series-cap-10-6-hr-240va-ultrasonico-para-montaje-en-ducto-mod-dt-10\/","title":{"rendered":"HUMIDIFICADOR SISTEMA DT-SERIES CAP. 10.6\/HR 240VA. ULTRASONICO PARA MONTAJE EN DUCTO MOD. DT-10"},"content":{"rendered":"<p style=\"text-align: center;\"><img decoding=\"async\" src=\"https:\/\/www.h2otek.com\/tienda\/Images\/humidificadores\/header-humidificadorultrasonico-seriesdt10.jpg\" alt=\"\" border=\"0\" \/><\/p>\n<p style=\"text-align: justify;\">Los humidificadores ultras\u00f3nicos de la serie DT Humidifirst est\u00e1n dise\u00f1ados para su uso con unidades de aire acondicionado y los conductos de ventilaci\u00f3n. Sus boquillas de descarga \u00fanica son reversibles, lo que permite el acceso unilateral izquierda o la derecha a trav\u00e9s de los conductos existentes.<\/p>\n<p style=\"text-align: justify;\"><strong>CADA SISITEMA INCLUYE UN HUMIDIFICADOR ULTRAS\u00d3NICO DT, UN ESTANTE DE ACERO INOXIDABLE DE MONTAJE, UN PANEL DE CONTROL MAESTRO CON HC301 MICROPROCESADOR Y EL CONDUCTO O UN SOPORTE DE PARED TRANSMISOR HR, 4-20MA.<\/strong><\/p>\n<p><strong>Porque es importante el tama\u00f1o de las gotas de vapor?<\/strong><\/p>\n<p style=\"text-align: justify;\">Los humidificadores ultras\u00f3nicos crean peque\u00f1as gotas de agua de vapor de tama\u00f1o &#8211; alrededor de 1 micr\u00f3n de di\u00e1metro &#8211; que permiten una r\u00e1pida evaporaci\u00f3n. Pero a diferencia de la tecnolog\u00eda de vapor. Otras tecnolog\u00edas, como sistemas de boquilla, producen grandes gotas de agua que hacen que sea dif\u00edcil conseguir una evaporaci\u00f3n r\u00e1pida y completa.<\/p>\n<p><strong>Porque es econ\u00f3mico el humidificador?<\/strong><\/p>\n<p style=\"text-align: justify;\">El costo inicial de un humidificador ultras\u00f3nico puede ser superior a los sistemas de vapor, pero el costo de operaci\u00f3n de ultrasonidos es 1\/13th de los sistemas de vapor. Este uso m\u00ednimo de electricidad de ultrasonidos permite reembolsos t\u00edpico del precio de compra dentro de los 2-3 a\u00f1os. Un sistema econ\u00f3mico de operaci\u00f3n, junto con el control de la humedad m\u00e1s ajustado posible en el mercado. Humidificadores ultras\u00f3nicos son la elecci\u00f3n correcta.<\/p>\n<p style=\"text-align: left;\"><span style=\"color: #000000;\"><strong>CARACTERISTICAS:<\/strong><\/span><\/p>\n<ul>\n<li>Estante de montaje en acero inoxidable<\/li>\n<li>Para uso con unidades de aire acondicionado<\/li>\n<li>Descarga \u00fanica reversible<\/li>\n<li>Sistema de boquilla<\/li>\n<li>F\u00e1cil mantenimiento<\/li>\n<\/ul>\n<p style=\"text-align: center;\"><strong>&#8220;DT-SERIE&#8221; CARACTERISTICAS \/ BENEFICIOS <\/strong><\/p>\n<p>El dise\u00f1o de descarga patentado permite una mayor velocidad del aire en los conductos (300 &#8211; 2.000 pies por minuto) y el control avanzado del microprocesador. Humidifirst reduce el riesgo de mojar los conductos. Cuando est\u00e1 bien conectado con el econo-ciclo AHU, la capacidad total del sistema a menudo se puede reducir a la mitad, lo que permite, por ejemplo, un 200 #\/hr sistema de ultrasonidos para sustituir a un 400 #\/hr sistema de vapor. La instalaci\u00f3n en el campo se simplifica, suministra 10&#8242; arn\u00e9s de cables para el humidificador y comprueba las v\u00e1lvulas de conexi\u00f3n r\u00e1pida del agua. Humidifirst puede incluso ofrecer un montaje de humidificadores en el interior de una f\u00e1brica construida secci\u00f3n del conducto. La serie DT est\u00e1 hecha de alta calidad en acero inoxidable. Todos los humidificadores Humidifirst son 100% americanos, asegurando que estos humidificadores est\u00e1n dise\u00f1ados para las necesidades de los clientes estadounidenses.<\/p>\n<p>&nbsp;<\/p>\n<p style=\"text-align: center;\"><strong>VENTAJAS DE LOS DESHUMIDIFICADORES ULTRASONICOS: <\/strong><\/p>\n<p><strong>Tama\u00f1o de la Gota:<\/strong>el tama\u00f1o de una gota en micras permitie la evaporaci\u00f3n inmediata como el vapor. Los sistemas de boquilla crean hasta 20 gotas de micras, con riesgo de humedad en el equipo y en los conductos.<\/p>\n<p><strong>Salud:<\/strong> Todos los l\u00edquidos disueltos se eliminan de la alimentaci\u00f3n de agua en los ultrasonidos. Los sistemas de vapor emiten suciedad del agua hacia la corriente de aire, seg\u00fan lo confirmado por la literatura de los fabricantes de vapor.<\/p>\n<p><strong>Costo de la Energ\u00eda:<\/strong> el ultrasonico genera unas gotas de tama\u00f1o microm\u00e9trico para tan s\u00f3lo como 1\/13 del precio del vapor. Esto puede ahorrar miles de d\u00f3lares en costos de operaci\u00f3n anuales. Adem\u00e1s, el ultrasonico encienden y se apagan al instante, mientras que las unidades de vapor de precalentamiento, usan m\u00e1s electricidad.<\/p>\n<p><strong>Mantenimiento:<\/strong> Como el agua es purificada antes de entrar en el humidificador ultras\u00f3nico, hay mucho menos mantenimiento, requiere de un sistema de ultrasonicos en lugar de vapor.<\/p>\n<p><strong>Precisi\u00f3n RH:<\/strong> Los ultrasonicos proporcionan al instante un encendido\/apagado. Tan pronto como el aire se desv\u00eda desde el punto de humedad relativa conjunto, un humidificador ultras\u00f3nico de inmediato se enciende. Los recipientes de vapor tienen un ciclo de descarga de agua que puede apagar el humidificador para un m\u00e1ximo de 15 minutos o m\u00e1s. Los elementos de calefacci\u00f3n dentro de los sistemas de tiempo, vuelven a hervir el agua para crear humedad.<\/p>\n<p>&nbsp;<\/p>\n<p>&nbsp;<\/p>\n<p style=\"text-align: center;\"><span style=\"color: #000000;\"><strong>TABLA DE ESPECIFICACIONES:<\/strong><\/span><\/p>\n<p style=\"text-align: center;\"><img decoding=\"async\" src=\"https:\/\/www.h2otek.com\/tienda\/Images\/humidificadores\/tabla-especificacionesdt-10.gif\" alt=\"\" border=\"0\" \/><\/p>\n<p style=\"text-align: center;\"><strong>DIMENSIONES:<\/strong><\/p>\n<p style=\"text-align: center;\"><img decoding=\"async\" src=\"https:\/\/www.h2otek.com\/tienda\/Images\/humidificadores\/dimensiones.dt60.gif\" alt=\"\" border=\"0\" \/><\/p>\n<p>&nbsp;<\/p>\n<p style=\"text-align: center;\"><strong><img decoding=\"async\" src=\"https:\/\/www.h2otek.com\/tienda\/Images\/humidificadores\/dimensiones-dt60.gif\" alt=\"\" border=\"0\" \/><\/strong><\/p>\n<p>&nbsp;<\/p>\n<p style=\"text-align: center;\"><strong>VIDEOS:<\/strong><\/p>\n<p><iframe title=\"Humidifirst DT Series Ultra-Sonic Humidifier Introduction\" width=\"500\" height=\"281\" src=\"https:\/\/www.youtube.com\/embed\/fVpm45INnkQ?feature=oembed\" frameborder=\"0\" allow=\"accelerometer; autoplay; clipboard-write; encrypted-media; gyroscope; picture-in-picture; web-share\" referrerpolicy=\"strict-origin-when-cross-origin\" allowfullscreen><\/iframe><\/p>\n<p><iframe title=\"DT-40 Demo Room\" width=\"500\" height=\"375\" src=\"https:\/\/www.youtube.com\/embed\/f-TkFRXuPBQ?feature=oembed\" frameborder=\"0\" allow=\"accelerometer; autoplay; clipboard-write; encrypted-media; gyroscope; picture-in-picture; web-share\" referrerpolicy=\"strict-origin-when-cross-origin\" allowfullscreen><\/iframe><\/p>\n<p><iframe title=\"CTM Humidifirst DT80 Return Air Room Mounted\" width=\"500\" height=\"375\" src=\"https:\/\/www.youtube.com\/embed\/nDyZdAw-u9w?feature=oembed\" frameborder=\"0\" allow=\"accelerometer; autoplay; clipboard-write; encrypted-media; gyroscope; picture-in-picture; web-share\" referrerpolicy=\"strict-origin-when-cross-origin\" allowfullscreen><\/iframe><\/p>\n<p style=\"text-align: center;\"><strong>Microprocesador<\/strong><\/p>\n<p><iframe title=\"Humidifirst HC-301 Control Panel Guide\" width=\"500\" height=\"281\" src=\"https:\/\/www.youtube.com\/embed\/UDK90zk3R2E?feature=oembed\" frameborder=\"0\" allow=\"accelerometer; autoplay; clipboard-write; encrypted-media; gyroscope; picture-in-picture; web-share\" referrerpolicy=\"strict-origin-when-cross-origin\" allowfullscreen><\/iframe><\/p>\n<p>&nbsp;<\/p>\n<p>&nbsp;<\/p>\n<p><strong>DESCARGAR MANUALES:<\/strong><\/p>\n<ul>\n<li><strong><a href=\"http:\/\/www.h2otek.com\/tienda\/pdf\/controlhumedad\/HUMIDIFICADOR_SISTEMA_DT_SERIES_CAP_60_HRS_1440V_ULTRASONICO_PARA_MONTAJE_EN_DUCTO_MOD_DT_60.PDF\" target=\"_blank\" rel=\"noopener\">FOLLETO<\/a><\/strong><\/li>\n<li><strong><a href=\"http:\/\/www.h2otek.com\/tienda\/\/pdf\/controlhumedad\/MANUAL_DE_INSTALACION_Y_OPERACION_HUMIDIFICADORES_FAMILIA_DT.pdf\" target=\"_blank\" rel=\"noopener\">MANUAL DE INSTALACI\u00d3N<\/a><\/strong><\/li>\n<\/ul>\n<p>&nbsp;<\/p>\n<p><span style=\"color: #000000;\"><strong><br \/>\nPRECIO INCLUYE GASTOS DE ENVIO (GRATIS) E IMPUESTO 16% DE IVA<\/strong><\/span><\/p>\n","protected":false},"excerpt":{"rendered":"<p><span style=\"color: #ff0000;\"><strong>PRECIO EN D\u00d3LARES US.<\/strong><\/span><\/p>\n<p style=\"text-align: left;\"><em><strong><span style=\"font-size: small;\">HUMIDIFICADORES IDEALES PARA:<\/span><\/strong><\/em><\/p>\n<ul>\n<li><em><strong><span style=\"font-size: small;\">SISTEMAS HVAC (DUCTOS)<\/span><\/strong><\/em><\/li>\n<li><em><strong><span style=\"font-size: small;\">LABORATORIOS<\/span><\/strong><\/em><\/li>\n<li><em><strong><span style=\"font-size: small;\">PROCESOS INDUSTRIALES<\/span><\/strong><\/em><\/li>\n<li><em><strong><span style=\"font-size: small;\">CABINAS<\/span><\/strong><\/em><\/li>\n<li><em><strong><span style=\"font-size: small;\">CUARTOS DE PRUEBAS<\/span><\/strong><\/em><\/li>\n<li><em><strong><span style=\"font-size: small;\">ALMACENES<\/span><\/strong><\/em><\/li>\n<li><em><strong><span style=\"font-size: small;\">ETC.<\/span><\/strong><\/em><\/li>\n<\/ul>\n","protected":false},"featured_media":1116,"comment_status":"closed","ping_status":"closed","template":"","meta":[],"pwb-brand":[],"product_brand":[],"product_cat":[524,971],"product_tag":[],"class_list":{"0":"post-19164","1":"product","2":"type-product","3":"status-publish","4":"has-post-thumbnail","6":"product_cat-ultrasonicos","7":"product_cat-ultrasonicos-para-ducto","9":"first","10":"onbackorder","11":"purchasable","12":"product-type-simple"},"brands":[],"_links":{"self":[{"href":"https:\/\/h2otek.com\/tienda\/wp-json\/wp\/v2\/product\/19164","targetHints":{"allow":["GET"]}}],"collection":[{"href":"https:\/\/h2otek.com\/tienda\/wp-json\/wp\/v2\/product"}],"about":[{"href":"https:\/\/h2otek.com\/tienda\/wp-json\/wp\/v2\/types\/product"}],"replies":[{"embeddable":true,"href":"https:\/\/h2otek.com\/tienda\/wp-json\/wp\/v2\/comments?post=19164"}],"wp:featuredmedia":[{"embeddable":true,"href":"https:\/\/h2otek.com\/tienda\/wp-json\/wp\/v2\/media\/1116"}],"wp:attachment":[{"href":"https:\/\/h2otek.com\/tienda\/wp-json\/wp\/v2\/media?parent=19164"}],"wp:term":[{"taxonomy":"pwb-brand","embeddable":true,"href":"https:\/\/h2otek.com\/tienda\/wp-json\/wp\/v2\/pwb-brand?post=19164"},{"taxonomy":"product_brand","embeddable":true,"href":"https:\/\/h2otek.com\/tienda\/wp-json\/wp\/v2\/product_brand?post=19164"},{"taxonomy":"product_cat","embeddable":true,"href":"https:\/\/h2otek.com\/tienda\/wp-json\/wp\/v2\/product_cat?post=19164"},{"taxonomy":"product_tag","embeddable":true,"href":"https:\/\/h2otek.com\/tienda\/wp-json\/wp\/v2\/product_tag?post=19164"}],"curies":[{"name":"wp","href":"https:\/\/api.w.org\/{rel}","templated":true}]}}