{"id":19138,"date":"2021-07-06T21:20:56","date_gmt":"2021-07-06T21:20:56","guid":{"rendered":"https:\/\/h2otek.com\/tienda\/producto\/deshumidificador-desecante-cap-1641-pintas-15c-60-220-volts-3-fases-marca-ebac-mod-dd6000\/"},"modified":"2022-11-04T20:10:56","modified_gmt":"2022-11-04T20:10:56","slug":"deshumidificador-desecante-cap-1641-pintas-15c-60-220-volts-3-fases-marca-ebac-mod-dd6000","status":"publish","type":"product","link":"https:\/\/h2otek.com\/tienda\/producto\/deshumidificador-desecante-cap-1641-pintas-15c-60-220-volts-3-fases-marca-ebac-mod-dd6000\/","title":{"rendered":"DESHUMIDIFICADOR DESECANTE INDUSTRIAL CAP. 1,641 PINTAS (15\u00b0C\/60%) 220 VOLTS 3 FASES MARCA EBAC MOD. DD6000"},"content":{"rendered":"<p style=\"text-align: center;\"><img fetchpriority=\"high\" decoding=\"async\" src=\"https:\/\/h2otek.com\/tienda\/img\/cms\/controlhumedad\/deshumidificadores\/ebac\/header-deshumidificador-desecante-ebac-DD6000.jpg\" alt=\"header-deshumidificador-desecante-ebac-D\" width=\"650\" height=\"300\" \/><\/p>\n<p style=\"text-align: justify;\"><strong><br \/>\nAPLICACI\u00d3N:<\/strong><\/p>\n<p>Se requieren deshumidificadores siempre que sea necesario reducir el nivel de humedad para evitar la corrosi\u00f3n, el crecimiento de moho y la condensaci\u00f3n o mantener una baja humedad durante la fabricaci\u00f3n, el envasado o el almacenamiento de productos higrosc\u00f3picos.<\/p>\n<p><strong><br \/>\nM\u00c9TODOS DE DESHUMIDIFICACI\u00d3N<\/strong><\/p>\n<p>La deshumidificaci\u00f3n es posible utilizando dos principios posibles, condensaci\u00f3n con deshumidificadores de estilo de refrigeraci\u00f3n y adsorci\u00f3n con deshumidificadores desecantes. Los deshumidificadores desecantes funcionan excepcionalmente bien cuando se usan en climas m\u00e1s fr\u00edos o cuando se requiere un punto de roc\u00edo bajo, un secado profundo o niveles bajos de humedad. Dado que los deshumidificadores desecantes no producen agua, funcionar\u00e1n eficazmente hasta temperaturas bajo cero. Su funcionamiento es simplista pero extremadamente efectivo y confiable. El aire (aire de proceso) se introduce en el deshumidificador, donde pasa sobre una rueda impregnada con gel de s\u00edlice. A medida que el aire pasa sobre esta rueda, cualquier humedad presente en el aire se absorbe en la rueda de gel de s\u00edlice antes de dejar el deshumidificador como aire seco y c\u00e1lido. La rueda de gel de s\u00edlice gira continuamente, lentamente, generalmente a tres revoluciones por hora. A medida que la rueda gira, una peque\u00f1a porci\u00f3n pasa a trav\u00e9s del segmento de regeneraci\u00f3n. Durante esta fase, una segunda corriente de aire (aire de regeneraci\u00f3n) se calienta a una temperatura alta antes de pasar sobre la rueda. Cualquier humedad presente en la rueda se libera en esta corriente de aire; este aire caliente y h\u00famedo se expulsa luego fuera del \u00e1rea que se est\u00e1 secando.<\/p>\n<p><strong><br \/>\nDD6000<\/strong><\/p>\n<p>Todos los deshumidificadores desecantes EIPL incorporan las bien probadas ruedas desecantes Proflute\/Munters, lo que garantiza que sus productos, como m\u00ednimo, tengan el mismo rendimiento que los productos de la competencia principal. Esta gama de deshumidificadores desecantes grandes ha sido dise\u00f1ada para adaptarse a una amplia gama de fuentes de calor de regeneraci\u00f3n, es decir, el\u00e9ctrica, de vapor y de gas, lo que garantiza que se adapte a una amplia variedad de instalaciones. El controlador electr\u00f3nico programable y el ventilador de proceso EC de alta capacidad permiten una f\u00e1cil instalaci\u00f3n y tambi\u00e9n la flexibilidad para que el usuario final ajuste con precisi\u00f3n las capacidades de secado para alta extracci\u00f3n, alta eficiencia o secado profundo, seg\u00fan la aplicaci\u00f3n final. La instalaci\u00f3n para un humidistato externo permite el control remoto del ciclo de secado Todos los modelos incorporan un Rotor PPS patentado de alta eficiencia. Este dise\u00f1o incorpora un 82% de gel de s\u00edlice activo para garantizar un rendimiento \u00f3ptimo en la amplia gama operativa de entornos del equipo. Todos los rotores desecantes suministrados por EIPL son lavables y est\u00e1n dise\u00f1ados para un alto rendimiento\/larga vida. El dise\u00f1o del chasis incorpora puntos de acceso para carretillas elevadoras y transpaletas, lo que permite maniobrar f\u00e1cilmente en lugares inc\u00f3modos. Todos los paneles laterales son extra\u00edbles, lo que permite un f\u00e1cil servicio y mantenimiento. En caso de que surja una falla, varias luces indicadoras de falla permiten un diagn\u00f3stico f\u00e1cil y, por lo tanto, un tiempo de inactividad m\u00ednimo.<\/p>\n<p style=\"text-align: center;\"><strong>FUNCIONAMIENTO:<\/strong><\/p>\n<ul>\n<li>El aire del proceso se introduce en el deshumidificador.<\/li>\n<li>El aire del proceso pasa sobre una rueda impregnada con gel de s\u00edlice.<\/li>\n<li>El gel de s\u00edlice absorbe la humedad del aire.<\/li>\n<li>El aire del proceso deja el deshumidificador de aire caliente y seco.<\/li>\n<li>La rueda de gel de s\u00edlice rota continuamente.<\/li>\n<li>La regeneraci\u00f3n de aire se calienta a una temperatura elevada y se pasa sobre un segmento de la rueda.<\/li>\n<li>El gel de s\u00edlice libera la humedad de la rueda en el aire de regeneraci\u00f3n.<\/li>\n<li>La regeneraci\u00f3n de aire sale del deshumidificador de aire c\u00e1lido y h\u00famedo y fuera agotado.<\/li>\n<\/ul>\n<p style=\"text-align: center;\"><strong><img decoding=\"async\" src=\"https:\/\/www.h2otek.com\/tienda\/Images\/deshumidificadores\/dd900-comofunciona.jpg\" alt=\"\" border=\"0\" \/><\/strong><\/p>\n<p>&nbsp;<\/p>\n<div style=\"text-align: justify;\">\n<p><strong>\u00bfPOR QU\u00c9 ELEGIR EIPL?<\/strong><\/p>\n<p>EIPL es el principal fabricante europeo de deshumidificadores y es un nombre en el que puede confiar. No importa cu\u00e1n extremas sean las condiciones, la eficiencia de EIPL se adapta c\u00f3modamente incluso a las temperaturas m\u00e1s fr\u00edas.<br \/>\nConstrucci\u00f3n robusta y a\u00f1os de servicio<\/p>\n<p>M\u00e1s de cuarenta a\u00f1os de experiencia en desarrollo significa que puede confiar en el historial probado de la gama de deshumidificadores EIP. Cada deshumidificador est\u00e1 dise\u00f1ado para brindar eficiencia y robustez, y est\u00e1 construido para durar. La popularidad de los deshumidificadores de EIP Ltd en el sector del alquiler de plantas habla de su fiabilidad, portabilidad y durabilidad excepcional.<\/p>\n<\/div>\n<div style=\"text-align: justify;\"><\/div>\n<p style=\"text-align: justify;\"><strong>CONSTRUCCI\u00d3N RESISTENTE Y A\u00d1OS DE SERVICIO<\/strong><\/p>\n<p style=\"text-align: justify;\">M\u00e1s de cuarenta a\u00f1os de experiencia en desarrollo significan que puede confiar en el historial comprobado de la gama de deshumidificadores EIP. Cada deshumidificador est\u00e1 dise\u00f1ado para brindar eficiencia y robustez, y se construye en \u00faltimo lugar. La popularidad de los deshumidificadores de EIP Ltd en el sector de las plantas habla de su fiabilidad, portabilidad y durabilidad excepcional.<\/p>\n<p style=\"text-align: center;\"><strong>TABLA\u00a0DE ESPECIFICACIONES<\/strong><\/p>\n<p style=\"text-align: center;\"><img decoding=\"async\" src=\"https:\/\/h2otek.com\/tienda\/img\/cms\/controlhumedad\/deshumidificadores\/ebac\/especificacioines-deshumidificador-desecante-ebac-DD6000.gif\" alt=\"especificacioines-deshumidificador-desec\" width=\"600\" height=\"548\" \/><\/p>\n<p>&nbsp;<\/p>\n<p style=\"text-align: center;\"><strong>** INSTALACIONES T\u00cdPICAS **<\/strong><\/p>\n<p><img decoding=\"async\" style=\"margin-left: auto; margin-right: auto;\" src=\"https:\/\/h2otek.com\/tienda\/img\/cms\/controlhumedad\/deshumidificadores\/ebac\/instalacion1-deshumidificador-desecante-ebac.gif\" alt=\"\" width=\"700\" height=\"430\" \/><\/p>\n<p><img loading=\"lazy\" decoding=\"async\" style=\"margin-left: auto; margin-right: auto;\" src=\"https:\/\/h2otek.com\/tienda\/img\/cms\/controlhumedad\/deshumidificadores\/ebac\/instalacion2-deshumidificador-desecante-ebac.gif\" alt=\"\" width=\"700\" height=\"400\" \/><\/p>\n<p><img loading=\"lazy\" decoding=\"async\" style=\"margin-left: auto; margin-right: auto;\" src=\"https:\/\/h2otek.com\/tienda\/img\/cms\/controlhumedad\/deshumidificadores\/ebac\/instalacion3-deshumidificador-desecante-ebac.gif\" alt=\"\" width=\"700\" height=\"373\" \/><\/p>\n<p>&nbsp;<\/p>\n<p>&nbsp;<\/p>\n<p>DEFINICI\u00d3N DE CONEXIONES<\/p>\n<ul>\n<li>ENTRADA DE AIRE DE PROCESO &#8211; ESTE ES AIRE DE LA HABITACI\u00d3N A SECAR<\/li>\n<li>SALIDA DE AIRE DE PROCESO &#8211; ESTE ES AIRE SECO QUE SE COLOCA DE NUEVO EN LA HABITACI\u00d3N PARA SER SECO<\/li>\n<li>ENTRADA DE AIRE DE REGENERACI\u00d3N &#8211; ESTE DEBE SER AIRE DEL EXTERIOR DE LA HABITACI\u00d3N QUE SE EST\u00c1 SECANDO<\/li>\n<li>SALIDA DE AIRE DE REGENERACI\u00d3N &#8211; ESTE ES AIRE H\u00daMEDO QUE NECESITA SER DUCTADO FUERA DE LA HABITACI\u00d3N QUE SE EST\u00c1 SECANDO (IDEALMENTE FUERA DEL EDIFICIO DONDE SEA POSIBLE)<\/li>\n<\/ul>\n<p>&nbsp;<\/p>\n<p><strong>DESCARGAR MANUALES<\/strong><\/p>\n<ul>\n<li><strong><a href=\"https:\/\/h2otek.com\/tienda\/img\/cms\/controlhumedad\/deshumidificadores\/ebac\/FOLLETO%20DESHUMIDIFICADOR%20DESECANTE%20EBAC%20DD3000-DD12000.pdf\" target=\"_blank\" rel=\"noopener\">FOLLETO<\/a><\/strong><\/li>\n<li><strong><a href=\"https:\/\/h2otek.com\/tienda\/img\/cms\/controlhumedad\/deshumidificadores\/ebac\/ESPECIFICACIONES%20DESHUMIDIFICADOR%20DESECANTE%20EBAC%20DD3000-DD12000.pdf\" target=\"_blank\" rel=\"noopener\">ESPECIFICACIONES<\/a><\/strong><\/li>\n<li><strong><a href=\"https:\/\/h2otek.com\/tienda\/img\/cms\/controlhumedad\/deshumidificadores\/ebac\/MANUAL%20DEL%20USUARIO%20DESHUMIDIFICADOR%20DESECANTE%20EBAC%20DD3000-DD12000.pdf\" target=\"_blank\" rel=\"noopener\">MANUAL DEL USUARIO<\/a><\/strong><\/li>\n<li><strong><a href=\"https:\/\/h2otek.com\/tienda\/img\/cms\/controlhumedad\/deshumidificadores\/ebac\/TABLA%20TEMPERATURA-HUMEDAD%20DESHUMIDIFICADOR%20DESECANTE%20EBAC%20DD3000-DD12000.pdf\" target=\"_blank\" rel=\"noopener\">TABLAS DE TEMPERATURA<\/a><\/strong><\/li>\n<\/ul>\n<p><strong>\u00a0<\/strong><\/p>\n<p style=\"text-align: left;\"><span style=\"color: #000000;\"><strong><strong>PRECIOS INCLUYE GASTOS DE ENVIO (GRATIS) E IMPUESTO 16% DE IVA<\/strong><\/strong><\/span><\/p>\n","protected":false},"excerpt":{"rendered":"<p><span style=\"color: #ff0000;\"><strong>PRECIO EN D\u00d3LARES US.<\/strong><\/span><\/p>\n<p><strong>EQUIPO A 230 VOLTS 3 FASES 60 HZ.<\/strong><\/p>\n<p><em><strong>DESHUMIDIFICADORES DESECANTES IDEALES PARA LOS ESPACIOS EN:<\/strong><\/em><\/p>\n<ul>\n<li><em><strong>ALMACEN<\/strong><\/em><\/li>\n<li><em><strong>S\u00d3TANOS<\/strong><\/em><\/li>\n<li><em><strong>F\u00c1BRICAS<\/strong><\/em><\/li>\n<li><em><strong>RESTAURACI\u00d3N DE DA\u00d1OS<\/strong><\/em><\/li>\n<li><em><strong>PABELLONES DEPORTIVOS<\/strong><\/em><\/li>\n<li><em><strong>\u00c1REAS DE ALMACENAMIENTO<\/strong><\/em><\/li>\n<li><em><strong>LABORATORIOS<\/strong><\/em><\/li>\n<li><em><strong>PROCESOS INDUSTRIALES<\/strong><\/em><\/li>\n<li><em><strong>CUARTOS FRIOS<\/strong><\/em><\/li>\n<li><em><strong>ETC.<\/strong><\/em><\/li>\n<\/ul>\n<p><strong>PARA BAJOS PORCENTAJES DE HUMEDAD Y\/O BAJA TEMPERATURA<\/strong><\/p>\n","protected":false},"featured_media":394,"comment_status":"closed","ping_status":"closed","template":"","meta":[],"pwb-brand":[],"product_brand":[],"product_cat":[401],"product_tag":[],"class_list":{"0":"post-19138","1":"product","2":"type-product","3":"status-publish","4":"has-post-thumbnail","6":"product_cat-220-volts-3-fases-deshumidificadores-desecantes-en-acero-pintado","8":"first","9":"outofstock","10":"purchasable","11":"product-type-simple"},"brands":[],"_links":{"self":[{"href":"https:\/\/h2otek.com\/tienda\/wp-json\/wp\/v2\/product\/19138","targetHints":{"allow":["GET"]}}],"collection":[{"href":"https:\/\/h2otek.com\/tienda\/wp-json\/wp\/v2\/product"}],"about":[{"href":"https:\/\/h2otek.com\/tienda\/wp-json\/wp\/v2\/types\/product"}],"replies":[{"embeddable":true,"href":"https:\/\/h2otek.com\/tienda\/wp-json\/wp\/v2\/comments?post=19138"}],"wp:featuredmedia":[{"embeddable":true,"href":"https:\/\/h2otek.com\/tienda\/wp-json\/wp\/v2\/media\/394"}],"wp:attachment":[{"href":"https:\/\/h2otek.com\/tienda\/wp-json\/wp\/v2\/media?parent=19138"}],"wp:term":[{"taxonomy":"pwb-brand","embeddable":true,"href":"https:\/\/h2otek.com\/tienda\/wp-json\/wp\/v2\/pwb-brand?post=19138"},{"taxonomy":"product_brand","embeddable":true,"href":"https:\/\/h2otek.com\/tienda\/wp-json\/wp\/v2\/product_brand?post=19138"},{"taxonomy":"product_cat","embeddable":true,"href":"https:\/\/h2otek.com\/tienda\/wp-json\/wp\/v2\/product_cat?post=19138"},{"taxonomy":"product_tag","embeddable":true,"href":"https:\/\/h2otek.com\/tienda\/wp-json\/wp\/v2\/product_tag?post=19138"}],"curies":[{"name":"wp","href":"https:\/\/api.w.org\/{rel}","templated":true}]}}