{"id":19128,"date":"2021-07-06T21:20:50","date_gmt":"2021-07-06T21:20:50","guid":{"rendered":"https:\/\/h2otek.com\/tienda\/producto\/accesorios-solenoide-de-agua-turbo-xe-115v-60-hz-marca-jaybird-mod-svc-120\/"},"modified":"2022-10-11T19:58:39","modified_gmt":"2022-10-11T19:58:39","slug":"accesorios-solenoide-de-agua-turbo-xe-115v-60-hz-marca-jaybird-mod-svc-120","status":"publish","type":"product","link":"https:\/\/h2otek.com\/tienda\/producto\/accesorios-solenoide-de-agua-turbo-xe-115v-60-hz-marca-jaybird-mod-svc-120\/","title":{"rendered":"ACCESORIOS &#8211; SOLENOIDE DE AGUA TURBO XE 115V 60 HZ MARCA JAYBIRD MOD. SVC-120"},"content":{"rendered":"<p style=\"text-align: center;\" align=\"center\"><img fetchpriority=\"high\" decoding=\"async\" src=\"https:\/\/h2otek.com\/tienda\/img\/cms\/controlhumedad\/jaybird\/accesorios\/header-accesorios-solenoideturboXE-SVC-120.jpg\" alt=\"header-accesorios-solenoideturboXE-SVC-1\" width=\"700\" height=\"300\" \/><\/p>\n<p style=\"text-align: justify;\"><strong>Controle el flujo de agua, el\u00e9ctricamente<\/strong><\/p>\n<div style=\"text-align: justify;\"><strong>a.<\/strong> Usar con sistemas de control preexistentes.<\/div>\n<div style=\"text-align: justify;\">Con\u00e9ctese directamente a la misma fuente de alimentaci\u00f3n para automatizar el flujo de agua (encendido\/apagado) junto con el ventilador.<\/div>\n<div style=\"text-align: justify;\"><\/div>\n<div style=\"text-align: justify;\"><strong>b.<\/strong> Protecci\u00f3n contra cortes de energ\u00eda.<\/div>\n<div style=\"text-align: justify;\">Si se operan unidades de nebulizaci\u00f3n manualmente (sin sistema de control), un solenoide de agua instalado en la l\u00ednea de suministro de agua de la unidad cortar\u00e1 el flujo de agua en caso de un corte de energ\u00eda.<\/div>\n<p>&nbsp;<\/p>\n<ul>\n<li>Cable de 8&#8242; con conector herm\u00e9tico<\/li>\n<li>NEMA 4 componentes herm\u00e9ticos<\/li>\n<li>Manguera giratoria x 3\/8&#8243; OD conexi\u00f3n de tubo<\/li>\n<\/ul>\n<p style=\"text-align: justify;\">\n<div style=\"text-align: center;\">\n<p style=\"text-align: center;\">\n<\/div>\n<p>&nbsp;<\/p>\n<p><strong>PRECIO INCLUYE GASTOS DE ENVIO (GRATIS) E IMPUESTO\u00a016% DE IVA<\/strong><\/p>\n","protected":false},"excerpt":{"rendered":"<p><span style=\"color: #ff0000;\"><strong>PRECIO EN D\u00d3LARES US.<\/strong><\/span><\/p>\n<p><span style=\"color: #ff0000;\"><strong>ACCESORIO &#8211;\u00a0SOLENOIDE DE AGUA TURBO XE\u00a0115V 60 HZ<\/strong><\/span><\/p>\n<p><strong><em>APLICACIONES M\u00c1S COMUNES:<\/em><\/strong><\/p>\n<ul>\n<li><strong><em>INVERNADEROS<\/em><\/strong><\/li>\n<li><strong><em>PROCESOS INDUSTRIALES<\/em><\/strong><\/li>\n<li><strong><em>ALMACENES<\/em><\/strong><\/li>\n<li><strong><em>CAPTACION DE POLVO<\/em><\/strong><\/li>\n<li><strong><em>CUARTOS DE PRUEBA<\/em><\/strong><\/li>\n<li><strong><em>CUARTOS DE MADURACION<\/em><\/strong><\/li>\n<li><strong><em>CAMARAS<\/em><\/strong><\/li>\n<li><strong><em>CAMARAS FRIGORIFICAS<\/em><\/strong><\/li>\n<li><strong><em>USO EN EXTERIORES<\/em><\/strong><\/li>\n<li><strong><em>USO PARA REFRESCAR EL AMBIENTE<\/em><\/strong><\/li>\n<li><strong><em>CUARTO LIMPIOS<\/em><\/strong><\/li>\n<li><strong><em>LABORATORIOS<\/em><\/strong><\/li>\n<li><strong><em>ETC.<\/em><\/strong><\/li>\n<\/ul>\n","protected":false},"featured_media":4584,"comment_status":"closed","ping_status":"closed","template":"","meta":[],"pwb-brand":[],"product_brand":[],"product_cat":[406],"product_tag":[],"class_list":{"0":"post-19128","1":"product","2":"type-product","3":"status-publish","4":"has-post-thumbnail","6":"product_cat-paquetes-de-control-humidificadores-nebulizadores","8":"first","9":"onbackorder","10":"purchasable","11":"product-type-simple"},"brands":[],"_links":{"self":[{"href":"https:\/\/h2otek.com\/tienda\/wp-json\/wp\/v2\/product\/19128","targetHints":{"allow":["GET"]}}],"collection":[{"href":"https:\/\/h2otek.com\/tienda\/wp-json\/wp\/v2\/product"}],"about":[{"href":"https:\/\/h2otek.com\/tienda\/wp-json\/wp\/v2\/types\/product"}],"replies":[{"embeddable":true,"href":"https:\/\/h2otek.com\/tienda\/wp-json\/wp\/v2\/comments?post=19128"}],"wp:featuredmedia":[{"embeddable":true,"href":"https:\/\/h2otek.com\/tienda\/wp-json\/wp\/v2\/media\/4584"}],"wp:attachment":[{"href":"https:\/\/h2otek.com\/tienda\/wp-json\/wp\/v2\/media?parent=19128"}],"wp:term":[{"taxonomy":"pwb-brand","embeddable":true,"href":"https:\/\/h2otek.com\/tienda\/wp-json\/wp\/v2\/pwb-brand?post=19128"},{"taxonomy":"product_brand","embeddable":true,"href":"https:\/\/h2otek.com\/tienda\/wp-json\/wp\/v2\/product_brand?post=19128"},{"taxonomy":"product_cat","embeddable":true,"href":"https:\/\/h2otek.com\/tienda\/wp-json\/wp\/v2\/product_cat?post=19128"},{"taxonomy":"product_tag","embeddable":true,"href":"https:\/\/h2otek.com\/tienda\/wp-json\/wp\/v2\/product_tag?post=19128"}],"curies":[{"name":"wp","href":"https:\/\/api.w.org\/{rel}","templated":true}]}}