{"id":19100,"date":"2021-07-06T21:20:45","date_gmt":"2021-07-06T21:20:45","guid":{"rendered":"https:\/\/h2otek.com\/tienda\/producto\/bomba-manejo-directo-1000-psi-1-0-gpm-120-volts-marca-aeromist-modelo-60100-df\/"},"modified":"2024-03-25T19:13:03","modified_gmt":"2024-03-25T19:13:03","slug":"bomba-manejo-directo-1000-psi-1-0-gpm-120-volts-marca-aeromist-modelo-60100-df","status":"publish","type":"product","link":"https:\/\/h2otek.com\/tienda\/producto\/bomba-manejo-directo-1000-psi-1-0-gpm-120-volts-marca-aeromist-modelo-60100-df\/","title":{"rendered":"BOMBA MANEJO DIRECTO 1000 PSI 1.0 GPM 120 VOLTS MARCA AEROMIST\u00ae MODELO 60100-DF"},"content":{"rendered":"<p style=\"text-align: center;\"><img fetchpriority=\"high\" decoding=\"async\" src=\"https:\/\/h2otek.com\/tienda\/img\/cms\/controlhumedad\/aeromist\/misting-pumps\/header-aeromist-bomba-sola-1000PSI-60100-DF.jpg\" alt=\"\" width=\"650\" height=\"300\" \/><\/p>\n<p style=\"text-align: justify;\"><strong>DESCRIPCI\u00d3N GENERAL DEL PRODUCTO:<\/strong><\/p>\n<p style=\"text-align: justify;\">Las Bombas de Nebulizaci\u00f3n mejoran la eficacia del sistema en su conjunto para enfriar \u00e1reas al aire libre mediante la creaci\u00f3n de una niebla fina. (Tambi\u00e9n disponibles en 220V; cont\u00e1ctenos para m\u00e1s detalles).<\/p>\n<p style=\"text-align: justify;\"><strong>Capacidad de la bomba 1000 psi:<\/strong><\/p>\n<ul>\n<li>22-45 boquillas de nebulizaci\u00f3n .008<\/li>\n<li>15-30 boquillas de nebulizaci\u00f3n .012<\/li>\n<li>12-24 boquillas de nebulizaci\u00f3n .014<br \/>\n\u00b7 120 voltios 50\/60Hz 10.4 Amperios<br \/>\n\u00b7 Motor 3\/4 HP<\/li>\n<\/ul>\n<p style=\"text-align: justify;\"><strong>Peso y dimensiones:<\/strong><\/p>\n<ul>\n<li>50 libras (22.6 kilos)<\/li>\n<li>Dimensiones (pulgadas): 24 largo x 15 ancho x 13 alto<\/li>\n<\/ul>\n<p>&nbsp;<\/p>\n<p style=\"text-align: justify;\"><span style=\"font-weight: bold;\">CARACTER\u00cdSTICAS:<\/span><\/p>\n<ul>\n<li>Motor El\u00e9ctrico TEFC<\/li>\n<li>Filtro 5 Micrones<\/li>\n<li>Man\u00f3metro<\/li>\n<li>V\u00e1lvula de drenaje<\/li>\n<li>Regulador ajustable<\/li>\n<li>Dise\u00f1o de doble pist\u00f3n proporciona un flujo de l\u00edquido suave<\/li>\n<li>Presi\u00f3n de entrada inundada a 60 psi<\/li>\n<li>Temperatura del l\u00edquido m\u00e1xima es de 140\u00b0 F<\/li>\n<li>Capacidad del c\u00e1rter es 8,5 oz<\/li>\n<\/ul>\n<p>&nbsp;<\/p>\n<p style=\"text-align: justify;\"><strong>ESPECIFICACIONES COMUNES DE LA CABEZA DE LA BOMBA:<\/strong><\/p>\n<ul>\n<li>Rango de presi\u00f3n de entrada: Inundado a 60 psi<\/li>\n<li>Di\u00e1metro: 0.630&#8243;<\/li>\n<li>Max. Temperatura del l\u00edquido: 140\u00b0 F<\/li>\n<li>Capacidad del c\u00e1rter: 8,5 oz<\/li>\n<li>Puertos de entrada (1): 3\/8&#8243; NPTF<\/li>\n<li>Aprobaci\u00f3n de la gesti\u00f3n del puerto (1): 3\/8&#8243; NPTM<\/li>\n<li>Di\u00e1metro del eje: 5\/8 &#8220;<\/li>\n<\/ul>\n<p>&nbsp;<\/p>\n<p style=\"text-align: center;\"><strong>PARTES:<\/strong><\/p>\n<p><img decoding=\"async\" src=\"https:\/\/h2otek.com\/tienda\/img\/cms\/controlhumedad\/aeromist\/misting-pumps\/partes-aeromist-bomba-sola-1000PSI.jpg\" alt=\"\" width=\"650\" height=\"554\" \/><\/p>\n<p><span style=\"color: #4a4a4a;\"><strong><br \/>\n<\/strong><em>12 MESES DE GARANT\u00cdA BAJO CUALQUIER DEFECTO DE FABRICACI\u00d3N<\/em><\/span><\/p>\n<p>&nbsp;<\/p>\n<p><strong><br \/>\n<\/strong><strong>DESCARGAR MANUALES:<\/strong><\/p>\n<ul>\n<li><strong><a href=\"http:\/\/www.h2otek.com\/tienda\/pdf\/controlhumedad\/MANUAL%20INSTRUCCIONES%20BOMBA%20MANEJO%20DIRECTO%201000%20PSI%20MODELO%2060100.pdf\" target=\"_blank\" rel=\"noopener\">MANUAL DEL USUARIO<\/a><\/strong><\/li>\n<li><strong><span style=\"color: #0000ff;\"><a href=\"http:\/\/www.h2otek.com\/tienda\/pdf\/controlhumedad\/CATALOGO%20PRODUCTOS%20AEROMIST.pdf\" target=\"_blank\" rel=\"noopener\">CAT\u00c1LOGO PRODUCTOS AEROMIST\u00ae<\/a><\/span><\/strong><\/li>\n<li><strong><span style=\"color: #0000ff;\"><a href=\"http:\/\/www.h2otek.com\/tienda\/pdf\/controlhumedad\/MANUAL%20DEL%20USUARIO%20PRODUCTOS%20AEROMIST.pdf\" target=\"_blank\" rel=\"noopener\">MANUAL DEL USUARIO PRODUCTOS AEROMIST\u00ae<\/a><\/span><\/strong><\/li>\n<\/ul>\n<p>&nbsp;<\/p>\n","protected":false},"excerpt":{"rendered":"<p><span style=\"color: #ff0000;\"><strong>PRECIO\u00a0EN\u00a0D\u00d3LARES US.<br \/>\nPRECIO INCLUYE 16 % DE I.V.A.<br \/>\nPRECIO INCLUYE ENVIO (ZONA CENTRO).<\/strong><\/span><\/p>\n<p style=\"text-align: left;\"><strong><em><span style=\"font-size: small;\">HUMIDIFICADORES IDEALES PARA:<\/span><\/em><\/strong><\/p>\n<ul>\n<li><span style=\"font-size: small; font-style: italic; font-weight: bold;\">PATIOS<\/span><\/li>\n<li><span style=\"font-size: small; font-style: italic; font-weight: bold;\">JARDINES<\/span><\/li>\n<li><span style=\"font-size: small; font-style: italic; font-weight: bold;\">ESPACIOS SOCIALES<\/span><\/li>\n<li><span style=\"font-size: small; font-style: italic; font-weight: bold;\">ALMACENES<\/span><\/li>\n<li><span style=\"font-size: small; font-style: italic; font-weight: bold;\">PROCESOS<\/span><\/li>\n<li><span style=\"font-size: small; font-style: italic; font-weight: bold;\">LABORATORIOS<\/span><\/li>\n<li><span style=\"font-size: small; font-style: italic; font-weight: bold;\">CUARTOS DE PRUEBA<\/span><\/li>\n<li><span style=\"font-size: small; font-style: italic; font-weight: bold;\">COMERCIOS<\/span><\/li>\n<li><span style=\"font-size: small; font-style: italic; font-weight: bold;\">RESTAURANTES<\/span><\/li>\n<li><span style=\"font-size: small; font-style: italic; font-weight: bold;\">TERRAZAS<\/span><\/li>\n<li><span style=\"font-size: small; font-style: italic; font-weight: bold;\">INDUSTRIA EN GENERAL<\/span><em><strong><span style=\"font-size: small;\">,\u00a0<\/span><\/strong><\/em><span style=\"font-size: small; font-weight: bold; font-style: italic;\">ETC.<\/span><\/li>\n<\/ul>\n","protected":false},"featured_media":5614,"comment_status":"closed","ping_status":"closed","template":"","meta":[],"pwb-brand":[],"product_brand":[],"product_cat":[990,362,940],"product_tag":[],"class_list":{"0":"post-19100","1":"product","2":"type-product","3":"status-publish","4":"has-post-thumbnail","6":"product_cat-bomba-manejo-directo-1000-psi","7":"product_cat-control-de-humedad-humidificadores-deshumidificadores","8":"product_cat-manejo-directo-1000-psi","10":"first","11":"instock","12":"purchasable","13":"product-type-simple"},"brands":[],"_links":{"self":[{"href":"https:\/\/h2otek.com\/tienda\/wp-json\/wp\/v2\/product\/19100","targetHints":{"allow":["GET"]}}],"collection":[{"href":"https:\/\/h2otek.com\/tienda\/wp-json\/wp\/v2\/product"}],"about":[{"href":"https:\/\/h2otek.com\/tienda\/wp-json\/wp\/v2\/types\/product"}],"replies":[{"embeddable":true,"href":"https:\/\/h2otek.com\/tienda\/wp-json\/wp\/v2\/comments?post=19100"}],"wp:featuredmedia":[{"embeddable":true,"href":"https:\/\/h2otek.com\/tienda\/wp-json\/wp\/v2\/media\/5614"}],"wp:attachment":[{"href":"https:\/\/h2otek.com\/tienda\/wp-json\/wp\/v2\/media?parent=19100"}],"wp:term":[{"taxonomy":"pwb-brand","embeddable":true,"href":"https:\/\/h2otek.com\/tienda\/wp-json\/wp\/v2\/pwb-brand?post=19100"},{"taxonomy":"product_brand","embeddable":true,"href":"https:\/\/h2otek.com\/tienda\/wp-json\/wp\/v2\/product_brand?post=19100"},{"taxonomy":"product_cat","embeddable":true,"href":"https:\/\/h2otek.com\/tienda\/wp-json\/wp\/v2\/product_cat?post=19100"},{"taxonomy":"product_tag","embeddable":true,"href":"https:\/\/h2otek.com\/tienda\/wp-json\/wp\/v2\/product_tag?post=19100"}],"curies":[{"name":"wp","href":"https:\/\/api.w.org\/{rel}","templated":true}]}}