{"id":19088,"date":"2021-07-06T21:20:40","date_gmt":"2021-07-06T21:20:40","guid":{"rendered":"https:\/\/h2otek.com\/tienda\/producto\/bomba-de-alta-presion-para-sistema-de-boquillas-hasta-20-boquillas-220-volts-1-fase-marca-h2otek-mod-bap24-20b-p\/"},"modified":"2022-10-17T20:10:08","modified_gmt":"2022-10-17T20:10:08","slug":"bomba-de-alta-presion-para-sistema-de-boquillas-hasta-20-boquillas-220-volts-1-fase-marca-h2otek-mod-bap24-20b-p","status":"publish","type":"product","link":"https:\/\/h2otek.com\/tienda\/producto\/bomba-de-alta-presion-para-sistema-de-boquillas-hasta-20-boquillas-220-volts-1-fase-marca-h2otek-mod-bap24-20b-p\/","title":{"rendered":"BOMBA DE ALTA PRESI\u00d3N PARA SISTEMA DE BOQUILLAS HASTA 20 BOQUILLAS 220 VOLTS 1 FASE MARCA H2OTEK MOD. BAP24-20B-P"},"content":{"rendered":"<p style=\"text-align: center;\"><img fetchpriority=\"high\" decoding=\"async\" src=\"https:\/\/h2otek.com\/tienda\/img\/cms\/controlhumedad\/h2otek\/sistema-boquillas\/bomba-alta-presion\/header-bomba-altapresion-h2otek-BAP24-20B-P.jpg\" alt=\"header-bomba-altapresion-h2otek-BAP24-20\" width=\"650\" height=\"300\" \/><\/p>\n<p>&nbsp;<\/p>\n<p><strong>1. FOTO DEL PANEL DE CONTROL<\/strong><\/p>\n<p><strong><img decoding=\"async\" src=\"https:\/\/h2otek.com\/tienda\/img\/cms\/controlhumedad\/h2otek\/sistema-boquillas\/bomba-alta-presion\/foto01.png\" alt=\"\" width=\"600\" height=\"269\" \/><\/strong><\/p>\n<p>&nbsp;<\/p>\n<p><strong>2. CONFIGURACI\u00d3N E INSTRUCCIONES<\/strong><\/p>\n<p>1) El panel de control tiene 3 modos: ON, AUTO y OFF<\/p>\n<p>2) En el modo &#8220;ON&#8221;, la luz &#8220;ON&#8221; estar\u00e1 siempre encendida, configurando a trav\u00e9s del panel de control, el tiempo se puede ajustar de 00:00 00 a 23:59 59.<\/p>\n<p><img decoding=\"async\" src=\"https:\/\/h2otek.com\/tienda\/img\/cms\/controlhumedad\/h2otek\/sistema-boquillas\/bomba-alta-presion\/foto02.png\" alt=\"\" width=\"600\" height=\"268\" \/><\/p>\n<p>&nbsp;<\/p>\n<p>3) En el modo &#8220;AUTO&#8221;, la luz &#8220;AUTO&#8221; estar\u00e1 siempre encendida, el controlador funcionar\u00e1 como la configuraci\u00f3n. Durante la secci\u00f3n &#8220;ON&#8221;, el controlador inicia la salida, el tiempo disminuir\u00e1 desde el valor de configuraci\u00f3n, y una vez que llegue a 00:00 00, el controlador detendr\u00e1 la salida, luego pasar\u00e1 a la secci\u00f3n &#8220;OFF&#8221; y cuando el tiempo &#8220;OFF&#8221; disminuya a 00:00 00, la ejecuci\u00f3n volver\u00e1 a la secci\u00f3n &#8220;ON&#8221; nuevamente, circulando.<\/p>\n<p><img loading=\"lazy\" decoding=\"async\" src=\"https:\/\/h2otek.com\/tienda\/img\/cms\/controlhumedad\/h2otek\/sistema-boquillas\/bomba-alta-presion\/foto03.png\" alt=\"\" width=\"600\" height=\"267\" \/><\/p>\n<p>&nbsp;<\/p>\n<p>4) En el modo &#8220;APAGADO&#8221;, la luz &#8220;APAGADO&#8221; estar\u00e1 siempre encendida, el controlador no funcionar\u00e1, el tiempo aumentar\u00e1 de 00:00 00, y una vez que llegue a las 23:59 59, el tiempo volver\u00e1 a 00:00 00, circulando.<\/p>\n<p><img loading=\"lazy\" decoding=\"async\" src=\"https:\/\/h2otek.com\/tienda\/img\/cms\/controlhumedad\/h2otek\/sistema-boquillas\/bomba-alta-presion\/foto04.png\" alt=\"foto04.png\" width=\"600\" height=\"267\" \/><\/p>\n<p>5) En el modo &#8220;AUTO&#8221;, presione SET, la pantalla mostrar\u00e1 la secci\u00f3n &#8220;ON&#8221;, configure la &#8220;Hora&#8221; como se solicita a trav\u00e9s de &#8220;+&#8221; &#8220;-&#8220;; presione SET, establezca el &#8220;Minuto&#8221; seg\u00fan lo solicitado; presione SET, configure el \u201cSegundo\u201d como se solicit\u00f3. Presione SET nuevamente, la pantalla llegar\u00e1 a la secci\u00f3n \u201cOFF\u201d, configure la \u201cHora\u201d como se solicita a trav\u00e9s del &#8220;+&#8221; &#8220;-&#8220;; presione SET, establezca el &#8220;Minuto&#8221; seg\u00fan lo solicitado; presione SET, configure el &#8220;Segundo&#8221; como se solicit\u00f3. Finalmente, presione SET o RESET, todos los ajustes se guardar\u00e1n y se eliminar\u00e1n.<\/p>\n<p><img loading=\"lazy\" decoding=\"async\" src=\"https:\/\/h2otek.com\/tienda\/img\/cms\/controlhumedad\/h2otek\/sistema-boquillas\/bomba-alta-presion\/foto05.png\" alt=\"\" width=\"600\" height=\"267\" \/><\/p>\n<p><strong>3. DESCRIPCI\u00d3N DE FALLAS DE ESCASEZ DE AGUA<\/strong><\/p>\n<p>Cuando la pantalla que muestra el &#8220;PP 01&#8221;, significa la falta de agua, el controlador dejar\u00e1 de funcionar. Por lo tanto, debe verificar el tanque de agua o el sensor de nivel de agua.<\/p>\n<p><img loading=\"lazy\" decoding=\"async\" src=\"https:\/\/h2otek.com\/tienda\/img\/cms\/controlhumedad\/h2otek\/sistema-boquillas\/bomba-alta-presion\/foto06.png\" alt=\"\" width=\"600\" height=\"269\" \/><\/p>\n<p>&nbsp;<\/p>\n<p>&nbsp;<\/p>\n<p>&nbsp;<\/p>\n<p style=\"text-align: center;\"><strong>\u00a0COMPONENTES<\/strong><\/p>\n<p><img loading=\"lazy\" decoding=\"async\" src=\"https:\/\/h2otek.com\/tienda\/img\/cms\/controlhumedad\/h2otek\/sistema-boquillas\/bomba-alta-presion\/componentes.png\" alt=\"\" width=\"650\" height=\"745\" \/><\/p>\n<p>&nbsp;<\/p>\n<p>&nbsp;<\/p>\n<p style=\"text-align: center;\"><strong>TABLA DE ESPECIFICACIONES<\/strong><\/p>\n<p style=\"text-align: center;\"><img loading=\"lazy\" decoding=\"async\" src=\"https:\/\/h2otek.com\/tienda\/img\/cms\/controlhumedad\/h2otek\/sistema-boquillas\/bomba-alta-presion\/especificaciones-bomba-altapresion-h2otek-BAP-24-20B-P.gif\" alt=\"especificaciones-bomba-altapresion-h2ote\" width=\"526\" height=\"566\" \/><\/p>\n<p style=\"text-align: center;\">\n<p>&nbsp;<\/p>\n<p><strong>DESCARGAR MANUALES:<\/strong><\/p>\n<ul>\n<li><strong><a href=\"https:\/\/h2otek.com\/tienda\/img\/cms\/controlhumedad\/h2otek\/sistema-boquillas\/bomba-alta-presion\/MANUAL%20TECNICO%20BOMBA%20DE%20ALTA%20PRESION%20PARA%20SISTEMA%20DE%20BOQUILLAS%20H2OTEK.pdf\" target=\"_blank\" rel=\"noopener\">MANUAL T\u00c9CNICO<\/a><\/strong><\/li>\n<\/ul>\n<p>&nbsp;<\/p>\n<p>&nbsp;<\/p>\n","protected":false},"excerpt":{"rendered":"<p><span style=\"color: #ff0000;\"><strong>PRECIO EN D\u00d3LARES US.<br \/>\n<\/strong><strong>PRECIO INCLUYE 16 % DE I.V.A.<br \/>\n<\/strong><strong>PRECIO INCLUYE ENVIO (ZONA CENTRO).<\/strong><\/span><\/p>\n<p><strong><em>HUMIDIFICADORES IDEALES PARA:<\/em><\/strong><\/p>\n<ul>\n<li><em><strong>SISTEMAS DE AIRE FORZADO<\/strong><\/em><\/li>\n<li><em><strong>DUCTOS DE VENTILACION<br \/>\n<\/strong><\/em><\/li>\n<li><em><strong>DUCTOS DE AIRE ACONDICIONADO<\/strong><\/em><\/li>\n<li><em><strong>DUCTOS DE SISTEMAS DE CALEFACCION<br \/>\n<\/strong><\/em><\/li>\n<li><em><strong>ETC.<\/strong><\/em><\/li>\n<\/ul>\n","protected":false},"featured_media":1520,"comment_status":"closed","ping_status":"closed","template":"","meta":[],"pwb-brand":[],"product_brand":[],"product_cat":[1013,950,573,1011],"product_tag":[],"class_list":{"0":"post-19088","1":"product","2":"type-product","3":"status-publish","4":"has-post-thumbnail","6":"product_cat-220-volts-1-fase","7":"product_cat-220-volts-1-fase-bomba-para-alta-presion-boquillas","8":"product_cat-bomba-para-alta-presion-boquillas","9":"product_cat-partes-sistema-de-boquillas-h2otek","11":"first","12":"onbackorder","13":"purchasable","14":"product-type-simple"},"brands":[],"_links":{"self":[{"href":"https:\/\/h2otek.com\/tienda\/wp-json\/wp\/v2\/product\/19088","targetHints":{"allow":["GET"]}}],"collection":[{"href":"https:\/\/h2otek.com\/tienda\/wp-json\/wp\/v2\/product"}],"about":[{"href":"https:\/\/h2otek.com\/tienda\/wp-json\/wp\/v2\/types\/product"}],"replies":[{"embeddable":true,"href":"https:\/\/h2otek.com\/tienda\/wp-json\/wp\/v2\/comments?post=19088"}],"wp:featuredmedia":[{"embeddable":true,"href":"https:\/\/h2otek.com\/tienda\/wp-json\/wp\/v2\/media\/1520"}],"wp:attachment":[{"href":"https:\/\/h2otek.com\/tienda\/wp-json\/wp\/v2\/media?parent=19088"}],"wp:term":[{"taxonomy":"pwb-brand","embeddable":true,"href":"https:\/\/h2otek.com\/tienda\/wp-json\/wp\/v2\/pwb-brand?post=19088"},{"taxonomy":"product_brand","embeddable":true,"href":"https:\/\/h2otek.com\/tienda\/wp-json\/wp\/v2\/product_brand?post=19088"},{"taxonomy":"product_cat","embeddable":true,"href":"https:\/\/h2otek.com\/tienda\/wp-json\/wp\/v2\/product_cat?post=19088"},{"taxonomy":"product_tag","embeddable":true,"href":"https:\/\/h2otek.com\/tienda\/wp-json\/wp\/v2\/product_tag?post=19088"}],"curies":[{"name":"wp","href":"https:\/\/api.w.org\/{rel}","templated":true}]}}