{"id":19060,"date":"2021-07-06T21:20:34","date_gmt":"2021-07-06T21:20:34","guid":{"rendered":"https:\/\/h2otek.com\/tienda\/producto\/deshumidificador-cap-87-pintas-110v-marca-ebac-mod-ad-850e\/"},"modified":"2023-07-28T01:39:12","modified_gmt":"2023-07-28T01:39:12","slug":"deshumidificador-cap-87-pintas-110v-marca-ebac-mod-ad-850e","status":"publish","type":"product","link":"https:\/\/h2otek.com\/tienda\/producto\/deshumidificador-cap-87-pintas-110v-marca-ebac-mod-ad-850e\/","title":{"rendered":"DESHUMIDIFICADOR CAP. 87 PINTAS 110V. MARCA EBAC MOD. AD850E"},"content":{"rendered":"<p style=\"text-align: center;\"><img decoding=\"async\" class=\"aligncenter\" src=\"https:\/\/www.h2otek.com\/tienda\/Images\/deshumidificadores\/deshumidificador-ebac-ad850e.jpg\" alt=\"\" border=\"0\" \/><\/p>\n<p>&nbsp;<\/p>\n<p style=\"text-align: justify;\">El \u00faltimo de nuestra l\u00ednea de deshumidificadores comerciales dise\u00f1ado espec\u00edficamente para una amplia gama de aplicaciones. Estas unidades son atractivas y de f\u00e1cil manejo para ser\u00a0 utilizadas en \u00e1reas donde las personas se dedican a actividades de ocio \u00f3 de oficina, pero lo suficientemente potentes como para eliminar los problemas de humedad, incluso m\u00e1s penetrante.<\/p>\n<p style=\"text-align: justify;\"><strong>FUNCIONAMIENTO<\/strong> la respuesta efectiva a la humedad excesiva es un deshumidificador. Clasificado en 50 decibeles, el AD580E es lo suficientemente silencioso para combatir los problemas de humedad adversas. El AD850E es un deshumidificador de alta capacidad que funciona a una alta eficiencia mediante la eliminaci\u00f3n de la humedad del aire a trav\u00e9s del proceso de refrigeraci\u00f3n.<\/p>\n<p style=\"text-align: left;\"><strong>APLICACIONES:<\/strong><\/p>\n<ul style=\"text-align: left;\">\n<li>Oficinas<\/li>\n<li>Museos<\/li>\n<li>Restaurantes<\/li>\n<li>S\u00f3tanos<\/li>\n<li>Piscinas<\/li>\n<li>Laboratorios<\/li>\n<li>Cocinas<\/li>\n<li>Estaciones de bombeo<\/li>\n<li>Hospitales<\/li>\n<li>Hotel\/Motel<\/li>\n<\/ul>\n<p style=\"text-align: left;\"><strong>CARACTER\u00cdSTICAS:<\/strong><\/p>\n<ul>\n<li>La simplificaci\u00f3n de dise\u00f1o moderno se mezcla<br \/>\ncon diversas decoraciones y ambientes<\/li>\n<li>Ventilador de flujo cruzado para un funcinamiento silencioso<\/li>\n<li>Higrostato condensado<\/li>\n<li>Multi-velocidad del ventilador de operaci\u00f3n<\/li>\n<li>Microprocesador controlador de sistema de descongelaci\u00f3n de la<br \/>\neficiencia y capacidad de baja temperatura<\/li>\n<li>Filtros removibles<\/li>\n<li>1 a\u00f1o de garant\u00eda sobre cualquier defecto de fabricaci\u00f3n<\/li>\n<\/ul>\n<p style=\"text-align: left;\"><strong>ESPECIFICACIONES:<\/strong><\/p>\n<ul style=\"text-align: left;\">\n<li>Encendido\/Apagado<\/li>\n<li>Control de descongelamiento<\/li>\n<li>Tipo de refrigerante R22<\/li>\n<li>Ventilador de 2 velocidades<\/li>\n<li>Tipo de compresor rotativo<\/li>\n<li>Enchufe instalado<\/li>\n<li>Persianas ajustables para salida del aire<\/li>\n<li>Indicador de secado<\/li>\n<li>Indicador de encendido<\/li>\n<li>Funcionamiento de panel de control<\/li>\n<\/ul>\n<p style=\"text-align: center;\"><strong><span style=\"color: #000000;\">TABLA DE ESPECIFICACIONES:<\/span><\/strong><\/p>\n<div class=\"WordSection1\" style=\"text-align: left;\">\n<table class=\"MsoTableLightShadingAccent1\" style=\"margin-left: 42.55pt; border-collapse: collapse; height: 397px;\" border=\"1\" cellspacing=\"0\" cellpadding=\"0\">\n<tbody>\n<tr style=\"height: 16.65pt;\">\n<td style=\"width: 50.6pt; padding: 0cm 5.4pt; height: 16.65pt;\" valign=\"top\" width=\"67\">\n<p class=\"MsoNormal\" style=\"margin-bottom: .0001pt; text-align: center; line-height: normal;\" align=\"center\"><strong><span style=\"font-size: 10pt; color: #000000;\">DESHUMIDIFICADOR <\/span><\/strong><\/p>\n<\/td>\n<td style=\"width: 93.15pt; padding: 0cm 5.4pt; height: 16.65pt;\" valign=\"top\" width=\"124\">\n<p class=\"MsoNormal\" style=\"margin-bottom: .0001pt; line-height: normal; text-align: center;\"><strong><span style=\"font-size: 10pt; color: #000000;\">MODELO AD-850E<br \/>\n<\/span><\/strong><\/p>\n<\/td>\n<\/tr>\n<tr style=\"height: 16.65pt;\">\n<td style=\"width: 50.6pt; background: #d3dfee none repeat scroll 0% 0%; padding: 0cm 5.4pt; height: 16.65pt;\" valign=\"top\" width=\"67\">\n<p class=\"MsoNormal\" style=\"margin-bottom: .0001pt; line-height: normal;\"><strong><span style=\"font-size: 8pt;\">Altur<span style=\"color: #000000;\">a<\/span><\/span><\/strong><\/p>\n<\/td>\n<td style=\"width: 93.15pt; background: #d3dfee none repeat scroll 0% 0%; padding: 0cm 5.4pt; height: 16.65pt;\" valign=\"top\" width=\"124\">\n<p class=\"MsoNormal\" style=\"margin-bottom: .0001pt; line-height: normal;\"><span style=\"color: #000000;\">\u00a029.5 pulgadas<br \/>\n<\/span><\/p>\n<\/td>\n<\/tr>\n<tr style=\"height: 16.65pt;\">\n<td style=\"width: 50.6pt; padding: 0cm 5.4pt; height: 16.65pt;\" valign=\"top\" width=\"67\">\n<p class=\"MsoNormal\" style=\"margin-bottom: .0001pt; line-height: normal;\"><strong><span style=\"font-size: 8pt;\">Ancho<\/span><\/strong><\/p>\n<\/td>\n<td style=\"width: 93.15pt; padding: 0cm 5.4pt; height: 16.65pt;\" valign=\"top\" width=\"124\">\n<p class=\"MsoNormal\" style=\"margin-bottom: .0001pt; line-height: normal;\"><span style=\"color: #000000;\">26 pulgadas<br \/>\n<\/span><\/p>\n<\/td>\n<\/tr>\n<tr style=\"height: 16.65pt;\">\n<td style=\"width: 50.6pt; background: #d3dfee none repeat scroll 0% 0%; padding: 0cm 5.4pt; height: 16.65pt;\" valign=\"top\" width=\"67\">\n<p class=\"MsoNormal\" style=\"margin-bottom: .0001pt; line-height: normal;\"><strong><span style=\"font-size: 8pt;\">Profundidad<\/span><\/strong><\/p>\n<\/td>\n<td style=\"width: 93.15pt; background: #d3dfee none repeat scroll 0% 0%; padding: 0cm 5.4pt; height: 16.65pt;\" valign=\"top\" width=\"124\">\n<p class=\"MsoNormal\" style=\"margin-bottom: .0001pt; line-height: normal;\"><span style=\"color: #000000;\">13.5 pulgadas<br \/>\n<\/span><\/p>\n<\/td>\n<\/tr>\n<tr style=\"height: 16.65pt;\">\n<td style=\"width: 50.6pt; padding: 0cm 5.4pt; height: 16.65pt;\" valign=\"top\" width=\"67\">\n<p class=\"MsoNormal\" style=\"margin-bottom: .0001pt; line-height: normal;\"><strong><span style=\"font-size: 8pt;\">Peso<\/span><\/strong><\/p>\n<\/td>\n<td style=\"width: 93.15pt; padding: 0cm 5.4pt; height: 16.65pt;\" valign=\"top\" width=\"124\">\n<p class=\"MsoNormal\" style=\"margin-bottom: .0001pt; line-height: normal;\"><span style=\"color: #000000;\">39 kg<\/span><\/p>\n<\/td>\n<\/tr>\n<tr style=\"height: 15.95pt;\">\n<td style=\"width: 50.6pt; background: #d3dfee none repeat scroll 0% 0%; padding: 0cm 5.4pt; height: 15.95pt;\" valign=\"top\" width=\"67\">\n<p class=\"MsoNormal\" style=\"margin-bottom: .0001pt; line-height: normal;\"><strong><span style=\"font-size: 8pt;\">Voltaje<\/span><\/strong><\/p>\n<\/td>\n<td style=\"width: 93.15pt; background: #d3dfee none repeat scroll 0% 0%; padding: 0cm 5.4pt; height: 15.95pt;\" valign=\"top\" width=\"124\">\n<p class=\"MsoNormal\" style=\"margin-bottom: .0001pt; line-height: normal;\"><span style=\"color: #000000;\">115 V<\/span><\/p>\n<\/td>\n<\/tr>\n<tr style=\"height: 16.65pt;\">\n<td style=\"width: 50.6pt; padding: 0cm 5.4pt; height: 16.65pt;\" valign=\"top\" width=\"67\">\n<p class=\"MsoNormal\" style=\"margin-bottom: .0001pt; line-height: normal;\"><strong><span style=\"font-size: 8pt;\">Fas<span style=\"color: #000000;\">e<\/span><\/span><\/strong><\/p>\n<\/td>\n<td style=\"width: 93.15pt; padding: 0cm 5.4pt; height: 16.65pt;\" valign=\"top\" width=\"124\">\n<p class=\"MsoNormal\" style=\"margin-bottom: .0001pt; line-height: normal;\"><span style=\"color: #000000;\">1<\/span><\/p>\n<\/td>\n<\/tr>\n<tr style=\"height: 16.65pt;\">\n<td style=\"width: 50.6pt; background: #d3dfee none repeat scroll 0% 0%; padding: 0cm 5.4pt; height: 16.65pt;\" valign=\"top\" width=\"67\">\n<p class=\"MsoNormal\" style=\"margin-bottom: .0001pt; line-height: normal;\"><strong><span style=\"font-size: 8pt;\">Frecuencia<\/span><\/strong><\/p>\n<\/td>\n<td style=\"width: 93.15pt; background: #d3dfee none repeat scroll 0% 0%; padding: 0cm 5.4pt; height: 16.65pt;\" valign=\"top\" width=\"124\">\n<p class=\"MsoNormal\" style=\"margin-bottom: .0001pt; line-height: normal;\"><span style=\"color: #000000;\">60 Hz<\/span><\/p>\n<\/td>\n<\/tr>\n<tr style=\"height: 16.65pt;\">\n<td style=\"width: 50.6pt; padding: 0cm 5.4pt; height: 16.65pt;\" valign=\"top\" width=\"67\">\n<p class=\"MsoNormal\" style=\"margin-bottom: .0001pt; line-height: normal;\"><strong><span style=\"font-size: 8pt;\">Potencia\u00a0\u00a0\u00a0\u00a0\u00a0\u00a0\u00a0\u00a0\u00a0\u00a0\u00a0\u00a0\u00a0\u00a0\u00a0 <\/span><\/strong><\/p>\n<\/td>\n<td style=\"width: 93.15pt; padding: 0cm 5.4pt; height: 16.65pt;\" valign=\"top\" width=\"124\">\n<p class=\"MsoNormal\" style=\"margin-bottom: .0001pt; line-height: normal;\">880 W<\/p>\n<\/td>\n<\/tr>\n<tr style=\"height: 16.65pt;\">\n<td style=\"width: 50.6pt; background: #d3dfee none repeat scroll 0% 0%; padding: 0cm 5.4pt; height: 16.65pt;\" valign=\"top\" width=\"67\"><strong>Flujo de aire <\/strong><\/td>\n<td style=\"width: 93.15pt; background: #d3dfee none repeat scroll 0% 0%; padding: 0cm 5.4pt; height: 16.65pt;\" valign=\"top\" width=\"124\">294 cfm 500m3\/hr<\/td>\n<\/tr>\n<tr style=\"height: 16.65pt;\">\n<td style=\"width: 50.6pt; padding: 0cm 5.4pt; height: 16.65pt;\" valign=\"top\" width=\"67\"><strong>Nivel de ruido<\/strong><\/td>\n<td style=\"width: 93.15pt; padding: 0cm 5.4pt; height: 16.65pt;\" valign=\"top\" width=\"124\">50 dba<\/td>\n<\/tr>\n<tr style=\"height: 16.65pt;\">\n<td style=\"width: 50.6pt; background: #d3dfee none repeat scroll 0% 0%; padding: 0cm 5.4pt; height: 16.65pt;\" valign=\"top\" width=\"67\">\n<p class=\"MsoNormal\" style=\"margin-bottom: .0001pt; line-height: normal;\"><strong><span style=\"font-size: 8pt;\">Compresor tipo<br \/>\n<\/span><\/strong><\/p>\n<\/td>\n<td style=\"width: 93.15pt; background: #d3dfee none repeat scroll 0% 0%; padding: 0cm 5.4pt; height: 16.65pt;\" valign=\"top\" width=\"124\">\n<p class=\"MsoNormal\" style=\"margin-bottom: .0001pt; line-height: normal;\"><span style=\"color: #000000;\">Rotativo<\/span><\/p>\n<\/td>\n<\/tr>\n<tr style=\"height: 16.65pt;\">\n<td style=\"width: 50.6pt; padding: 0cm 5.4pt; height: 16.65pt;\" valign=\"top\" width=\"67\">\n<p class=\"MsoNormal\" style=\"margin-bottom: .0001pt; line-height: normal;\"><strong><span style=\"font-size: 8pt;\">Refrigerante<\/span><\/strong><\/p>\n<\/td>\n<td style=\"width: 93.15pt; padding: 0cm 5.4pt; height: 16.65pt;\" valign=\"top\" width=\"124\">\n<p class=\"MsoNormal\" style=\"margin-bottom: .0001pt; line-height: normal;\"><span style=\"color: #000000;\">R407c<\/span><\/p>\n<\/td>\n<\/tr>\n<tr style=\"height: 16.65pt;\">\n<td style=\"width: 50.6pt; background: #d3dfee none repeat scroll 0% 0%; padding: 0cm 5.4pt; height: 16.65pt;\" valign=\"top\" width=\"67\">\n<p class=\"MsoNormal\" style=\"margin-bottom: .0001pt; line-height: normal;\"><span class=\"SpellE\"><strong><span style=\"font-size: 8pt;\">T\u00edpico de extracci\u00f3n<\/span><\/strong><\/span><strong><span style=\"font-size: 8pt; color: #000000;\"><br \/>\n<\/span><\/strong><\/p>\n<\/td>\n<td style=\"width: 93.15pt; background: #d3dfee none repeat scroll 0% 0%; padding: 0cm 5.4pt; height: 16.65pt;\" valign=\"top\" width=\"124\">\n<p class=\"MsoNormal\" style=\"margin-bottom: .0001pt; line-height: normal;\"><span style=\"color: #000000;\">95 ppd (45l\/h)<br \/>\n<\/span><\/p>\n<\/td>\n<\/tr>\n<tr style=\"height: 16.65pt;\">\n<td style=\"width: 50.6pt; padding: 0cm 5.4pt; height: 16.65pt;\" valign=\"top\" width=\"67\">\n<p class=\"MsoNormal\" style=\"margin-bottom: .0001pt; line-height: normal;\"><strong><span style=\"font-size: 8pt;\">Temperatura minima<br \/>\n<\/span><\/strong><\/p>\n<\/td>\n<td style=\"width: 93.15pt; padding: 0cm 5.4pt; height: 16.65pt;\" valign=\"top\" width=\"124\">\n<p class=\"MsoNormal\" style=\"margin-bottom: .0001pt; line-height: normal;\"><span style=\"color: #000000;\">5\u00ba C<span class=\"SpellE\"><br \/>\n<\/span><\/span><\/p>\n<\/td>\n<\/tr>\n<tr style=\"height: 16.65pt;\">\n<td style=\"width: 50.6pt; background: #d3dfee none repeat scroll 0% 0%; padding: 0cm 5.4pt; height: 16.65pt;\" valign=\"top\" width=\"67\">\n<p class=\"MsoNormal\" style=\"margin-bottom: .0001pt; line-height: normal;\"><strong><span style=\"font-size: 8pt;\">\u00a0de <span class=\"SpellE\">funcionamento<\/span><\/span><\/strong><\/p>\n<\/td>\n<td style=\"width: 93.15pt; background: #d3dfee none repeat scroll 0% 0%; padding: 0cm 5.4pt; height: 16.65pt;\" valign=\"top\" width=\"124\"><\/td>\n<\/tr>\n<tr style=\"height: 16.65pt;\">\n<td style=\"width: 50.6pt; padding: 0cm 5.4pt; height: 16.65pt;\" valign=\"top\" width=\"67\">\n<p class=\"MsoNormal\" style=\"margin-bottom: .0001pt; line-height: normal;\"><strong><span style=\"font-size: 8pt;\">Temperatura m\u00e1xima de funcionamiento<\/span><\/strong><\/p>\n<\/td>\n<td style=\"width: 93.15pt; padding: 0cm 5.4pt; height: 16.65pt;\" valign=\"top\" width=\"124\">\n<p class=\"MsoNormal\" style=\"margin-bottom: .0001pt; line-height: normal;\"><span style=\"color: #000000;\">\u00a0 35\u00ba C<\/span><\/p>\n<\/td>\n<\/tr>\n<\/tbody>\n<\/table>\n<p class=\"MsoNormal\" style=\"text-align: center;\">\n<\/div>\n<p>&nbsp;<\/p>\n<p style=\"text-align: center;\"><strong>TABLA DE ELIMINACI\u00d3N DE HUMEDAD:<\/strong><\/p>\n<p style=\"text-align: center;\"><img decoding=\"async\" src=\"https:\/\/www.h2otek.com\/tienda\/Images\/deshumidificadores\/tabla-eliminaciondehumedad.jpg\" alt=\"\" border=\"0\" \/><\/p>\n<p>&nbsp;<\/p>\n<p>&nbsp;<\/p>\n<p style=\"text-align: center;\"><strong>FUNCIONAMIENTO:<\/strong><\/p>\n<p style=\"text-align: center;\"><img fetchpriority=\"high\" decoding=\"async\" src=\"https:\/\/www.h2otek.com\/tienda\/Images\/deshumidificadores\/funcionamientodc30.jpg\" alt=\"\" width=\"312\" height=\"287\" border=\"0\" \/><\/p>\n<ol>\n<li>El aire es extra\u00eddo en la unidad por un ventilador<\/li>\n<li>El aire pasa sobre una superficie fr\u00eda<\/li>\n<li>A medida que el aire se enfr\u00eda, se condensa la humedad<\/li>\n<li>El agua cae en el recipiente<\/li>\n<li>El aire es de nuevo calentado por\u00a0 la recuperaci\u00f3n del sistema<\/li>\n<li>El aire pasa a la habitaci\u00f3n de 2\u00b0 C mucho m\u00e1s c\u00e1lido y seco<\/li>\n<li>Descongelamiento: el sistema autom\u00e1ticamente descongela la unidad si es necesario<\/li>\n<li>Unidad: se apaga autom\u00e1ticamente cuando el contenedor est\u00e1 lleno<\/li>\n<li>Cuando la unidad alcanza determinado nivel de sequedad se apaga autom\u00e1ticamente<\/li>\n<\/ol>\n<p>&nbsp;<\/p>\n<p>&nbsp;<\/p>\n<p style=\"text-align: justify;\"><strong>DESCARGAR MANUALES<\/strong><\/p>\n<ul>\n<li><strong><a href=\"http:\/\/www.h2otek.com\/tienda\/pdf\/controlhumedad\/FOLLETO_DESHUMIDIFICADOR_MARCA_EBAC_MOD_AD850E.pdf\" target=\"_blank\" rel=\"noopener\">FOLLETO<\/a><\/strong><\/li>\n<li><strong><a href=\"http:\/\/www.h2otek.com\/tienda\/pdf\/controlhumedad\/MANUAL_DEL_USUARIO_DESHUMIDIFICADOR_MARCA_EBAC_MOD_AD850E.pdf\" target=\"_blank\" rel=\"noopener\">MANUAL DEL USUARIO<\/a><\/strong><\/li>\n<li><strong><a href=\"http:\/\/www.h2otek.com\/tienda\/pdf\/controlhumedad\/DIAGRAMA_DE_CABLEADO_DESHUMIDIFICADOR_MARCA_EBAC_MOD_AD850E.pdf\" target=\"_blank\" rel=\"noopener\">DIAGRAMA DE CABLEADO<\/a><\/strong><\/li>\n<li><strong><a href=\"http:\/\/www.h2otek.com\/tienda\/pdf\/controlhumedad\/ESQUEMA_DE_CABLEADO_DESHUMIDIFICADOR_MARCA_EBAC_MOD_AD850E.pdf\" target=\"_blank\" rel=\"noopener\">ESQUEMA DE CABLEADO<\/a><\/strong><\/li>\n<li><strong><a href=\"http:\/\/www.h2otek.com\/tienda\/pdf\/controlhumedad\/LISTA_DE_PARTES_DESHUMIDIFICADOR_MARCA_EBAC_MOD_AD850E.pdf\" target=\"_blank\" rel=\"noopener\">LISTA DE PARTES<\/a><\/strong><\/li>\n<\/ul>\n<p>&nbsp;<\/p>\n<p>&nbsp;<\/p>\n<p><span style=\"color: #000000;\"><strong>PRECIOS INCLUYE GASTOS DE ENVIO (GRATIS) E IMPUESTO 16% DE IVA<\/strong><\/span><\/p>\n","protected":false},"excerpt":{"rendered":"<p><span style=\"color: #ff0000;\"><strong>PRECIO EN D\u00d3LARES US.<\/strong><\/span><\/p>\n<p><strong>IDEALES PARA LOS ESPACIOS DE:<\/strong><\/p>\n<ul>\n<li><span style=\"color: #000000;\"><em><span style=\"font-size: small;\"><strong> ALMACEN<\/strong><\/span><\/em><\/span><\/li>\n<li><span style=\"color: #000000;\"><em><span style=\"font-size: small;\"><strong>S\u00d3TANOS<\/strong><\/span><\/em><\/span><\/li>\n<li><span style=\"color: #000000;\"><em><span style=\"font-size: small;\"><strong>F\u00c1BRICAS<\/strong><\/span><\/em><\/span><\/li>\n<li><span style=\"color: #000000;\"><em><span style=\"font-size: small;\"><strong>RESTAURACI\u00d3N DE DA\u00d1OS<\/strong><\/span><\/em><\/span><\/li>\n<li><span style=\"color: #000000;\"><em><span style=\"font-size: small;\"><strong>PABELLONES DEPORTIV<\/strong><\/span><span style=\"font-size: small;\"><strong>OS<\/strong><\/span><\/em><\/span><\/li>\n<li><span style=\"color: #000000;\"><em><span style=\"font-size: small;\"><strong>\u00c1REAS DE ALMACENAMIENTO<\/strong><\/span><\/em><\/span><\/li>\n<li><span style=\"color: #000000;\"><em><span style=\"font-size: small;\"><strong>LABORATORIOS<\/strong><\/span><\/em><\/span><\/li>\n<li><span style=\"color: #000000;\"><span style=\"color: #000000;\"><em><span style=\"font-size: small;\"><strong>ETC.<\/strong><\/span><\/em><\/span><\/span>RECOMENDADO PARA PISCINAS\/SPA.<\/li>\n<\/ul>\n<p style=\"text-align: left;\">\n","protected":false},"featured_media":28041,"comment_status":"closed","ping_status":"closed","template":"","meta":[],"pwb-brand":[],"product_brand":[],"product_cat":[447,471],"product_tag":[],"class_list":{"0":"post-19060","1":"product","2":"type-product","3":"status-publish","4":"has-post-thumbnail","6":"product_cat-estacionarios","7":"product_cat-para-albercas-techadas-hidromasajes","9":"first","10":"onbackorder","11":"purchasable","12":"product-type-simple"},"brands":[],"_links":{"self":[{"href":"https:\/\/h2otek.com\/tienda\/wp-json\/wp\/v2\/product\/19060","targetHints":{"allow":["GET"]}}],"collection":[{"href":"https:\/\/h2otek.com\/tienda\/wp-json\/wp\/v2\/product"}],"about":[{"href":"https:\/\/h2otek.com\/tienda\/wp-json\/wp\/v2\/types\/product"}],"replies":[{"embeddable":true,"href":"https:\/\/h2otek.com\/tienda\/wp-json\/wp\/v2\/comments?post=19060"}],"wp:featuredmedia":[{"embeddable":true,"href":"https:\/\/h2otek.com\/tienda\/wp-json\/wp\/v2\/media\/28041"}],"wp:attachment":[{"href":"https:\/\/h2otek.com\/tienda\/wp-json\/wp\/v2\/media?parent=19060"}],"wp:term":[{"taxonomy":"pwb-brand","embeddable":true,"href":"https:\/\/h2otek.com\/tienda\/wp-json\/wp\/v2\/pwb-brand?post=19060"},{"taxonomy":"product_brand","embeddable":true,"href":"https:\/\/h2otek.com\/tienda\/wp-json\/wp\/v2\/product_brand?post=19060"},{"taxonomy":"product_cat","embeddable":true,"href":"https:\/\/h2otek.com\/tienda\/wp-json\/wp\/v2\/product_cat?post=19060"},{"taxonomy":"product_tag","embeddable":true,"href":"https:\/\/h2otek.com\/tienda\/wp-json\/wp\/v2\/product_tag?post=19060"}],"curies":[{"name":"wp","href":"https:\/\/api.w.org\/{rel}","templated":true}]}}