{"id":19038,"date":"2021-07-06T21:20:29","date_gmt":"2021-07-06T21:20:29","guid":{"rendered":"https:\/\/h2otek.com\/tienda\/producto\/kit-de-ventilador-aero-cool-7-con-bomba-de-1000-psi-blanco-marca-aeromist-modelo-68025-w-7fs\/"},"modified":"2024-03-25T19:14:03","modified_gmt":"2024-03-25T19:14:03","slug":"kit-de-ventilador-aero-cool-7-con-bomba-de-1000-psi-blanco-marca-aeromist-modelo-68025-w-7fs","status":"publish","type":"product","link":"https:\/\/h2otek.com\/tienda\/producto\/kit-de-ventilador-aero-cool-7-con-bomba-de-1000-psi-blanco-marca-aeromist-modelo-68025-w-7fs\/","title":{"rendered":"KIT DE VENTILADOR AERO COOL (7) CON BOMBA DE 1000 PSI BLANCO MARCA AEROMIST\u00ae MODELO 68025-W-7FS"},"content":{"rendered":"<p style=\"text-align: center;\"><img fetchpriority=\"high\" decoding=\"async\" src=\"https:\/\/h2otek.com\/tienda\/img\/cms\/controlhumedad\/aeromist\/ventiladores\/header-aeromist-ventilador-68025-W-7FS.jpg\" alt=\"header-aeromist-ventilador-68025-W\" width=\"550\" height=\"250\" \/><\/p>\n<p><strong>DESCRIPCI\u00d3N DEL PRODUCTO<\/strong><\/p>\n<p style=\"text-align: justify;\">Ventilasdor Aero-Cool\u00a0con un cubo de niebla de 5 boquillas combinado con una bomba de 1000 PSI ofrece lo \u00faltimo en evaporaci\u00f3n instant\u00e1nea y el mejor enfriamiento por nebulizaci\u00f3n disponible. Las 5 boquillas ayudan a dispersar el vapor de agua sobre un \u00e1rea m\u00e1s amplia de cobertura para producir una niebla evaporativa para enfriar su patio o bodega hasta 30 grados F.<\/p>\n<div style=\"text-align: justify;\">\n<p><strong>CARACTER\u00cdSTICAS:<\/strong><\/p>\n<\/div>\n<div style=\"text-align: justify;\">\n<ul>\n<li>Ventilador oscilante blanco de 3 velocidades<\/li>\n<li>Construido en el cubo de niebla de 5 boquillas<\/li>\n<li>Funcionamiento silencioso y completamente sellado<\/li>\n<li>Inclinaci\u00f3n de 30 grados y oscilaci\u00f3n de 90 grados<\/li>\n<li>Incluye soporte de montaje en la pared<\/li>\n<li>Conexi\u00f3n de cierre deslizante de 3\/8&#8243; para tuber\u00edas de alimentaci\u00f3n de agua<\/li>\n<\/ul>\n<\/div>\n<div style=\"text-align: justify;\"><\/div>\n<div style=\"text-align: justify;\"><span style=\"font-weight: bold;\">ESTE KIT INCLUYE:<\/span><\/div>\n<ul>\n<li style=\"text-align: justify;\">7 ventiladores Aero-Cool y una bomba de nebulizaci\u00f3n de accionamiento directo de 1000 PSI<\/li>\n<li style=\"text-align: justify;\">L\u00ednea de alimentaci\u00f3n de OD de 3\/8&#8243;<\/li>\n<li style=\"text-align: justify;\">Accesorios<\/li>\n<li style=\"text-align: justify;\">Boquillas<\/li>\n<li style=\"text-align: justify;\">Juegos de abrazaderas.<\/li>\n<\/ul>\n<p style=\"text-align: center;\"><strong>COINTENIDO DEL KIT<\/strong><\/p>\n<p><img decoding=\"async\" src=\"https:\/\/h2otek.com\/tienda\/img\/cms\/controlhumedad\/aeromist\/ventiladores\/kit-aeromist-ventilador-68025-W-7FS.gif\" alt=\"kit-aeromist-ventilador-68025-W\" width=\"507\" height=\"334\" \/><\/p>\n<p><em>12 MESES DE GARANT\u00cdA BAJO CUALQUIER DEFECTO DE FABRICACI\u00d3N (EN LA BOMBA)<\/em><\/p>\n<p><strong>DESCARGAR MANUALES:<\/strong><\/p>\n<ul>\n<li><strong><a href=\"https:\/\/h2otek.com\/tienda\/pdf\/controlhumedad\/CATALOGO%20PRODUCTOS%20AEROMIST.pdf\" target=\"_blank\" rel=\"noopener\">CAT\u00c1LOGO PRODUCTOS AEROMIST\u00ae<\/a><\/strong><\/li>\n<li><strong><a href=\"https:\/\/h2otek.com\/tienda\/pdf\/controlhumedad\/MANUAL%20DEL%20USUARIO%20PRODUCTOS%20AEROMIST.pdf\" target=\"_blank\" rel=\"noopener\">MANUAL DEL USUARIO PRODUCTOS AEROMIST\u00ae<\/a><\/strong><\/li>\n<\/ul>\n<p><span style=\"color: #000000;\"><strong>PRECIO INCLUYE GASTOS DE ENVIO (GRATIS) E IMPUESTO 16% DE IVA<\/strong><\/span><\/p>\n","protected":false},"excerpt":{"rendered":"<p><span style=\"color: #ff0000;\"><strong>PRECIO EN DOLARES US.<\/strong><\/span><\/p>\n<p><strong><em>HUMIDIFICADORES IDEALES PARA:<\/em><\/strong><\/p>\n<ul>\n<li><strong><em>PATIOS<\/em><\/strong><\/li>\n<li><strong><em>JARDINES<\/em><\/strong><\/li>\n<li><strong><em>ESPACIOS SOCIALES<\/em><\/strong><\/li>\n<li><strong><em>ALMACENES<\/em><\/strong><\/li>\n<li><strong><em>PROCESOS<\/em><\/strong><\/li>\n<li><strong><em>LABORATORIOS<\/em><\/strong><\/li>\n<li><strong><em>CUARTOS DE PRUEBA<\/em><\/strong><\/li>\n<li><strong><em>COMERCIOS<\/em><\/strong><\/li>\n<li><strong><em>RESTAURANTES<\/em><\/strong><\/li>\n<li><strong><em>TERRAZAS<\/em><\/strong><\/li>\n<li><strong><em>INDUSTRIA EN GENERAL,\u00a0ETC.<\/em><\/strong><\/li>\n<\/ul>\n","protected":false},"featured_media":3168,"comment_status":"closed","ping_status":"closed","template":"","meta":[],"pwb-brand":[],"product_brand":[],"product_cat":[484],"product_tag":[],"class_list":{"0":"post-19038","1":"product","2":"type-product","3":"status-publish","4":"has-post-thumbnail","6":"product_cat-ventiladores-blancos","8":"first","9":"onbackorder","10":"purchasable","11":"product-type-simple"},"brands":[],"_links":{"self":[{"href":"https:\/\/h2otek.com\/tienda\/wp-json\/wp\/v2\/product\/19038","targetHints":{"allow":["GET"]}}],"collection":[{"href":"https:\/\/h2otek.com\/tienda\/wp-json\/wp\/v2\/product"}],"about":[{"href":"https:\/\/h2otek.com\/tienda\/wp-json\/wp\/v2\/types\/product"}],"replies":[{"embeddable":true,"href":"https:\/\/h2otek.com\/tienda\/wp-json\/wp\/v2\/comments?post=19038"}],"wp:featuredmedia":[{"embeddable":true,"href":"https:\/\/h2otek.com\/tienda\/wp-json\/wp\/v2\/media\/3168"}],"wp:attachment":[{"href":"https:\/\/h2otek.com\/tienda\/wp-json\/wp\/v2\/media?parent=19038"}],"wp:term":[{"taxonomy":"pwb-brand","embeddable":true,"href":"https:\/\/h2otek.com\/tienda\/wp-json\/wp\/v2\/pwb-brand?post=19038"},{"taxonomy":"product_brand","embeddable":true,"href":"https:\/\/h2otek.com\/tienda\/wp-json\/wp\/v2\/product_brand?post=19038"},{"taxonomy":"product_cat","embeddable":true,"href":"https:\/\/h2otek.com\/tienda\/wp-json\/wp\/v2\/product_cat?post=19038"},{"taxonomy":"product_tag","embeddable":true,"href":"https:\/\/h2otek.com\/tienda\/wp-json\/wp\/v2\/product_tag?post=19038"}],"curies":[{"name":"wp","href":"https:\/\/api.w.org\/{rel}","templated":true}]}}