{"id":19037,"date":"2021-07-06T21:20:29","date_gmt":"2021-07-06T21:20:29","guid":{"rendered":"https:\/\/h2otek.com\/tienda\/producto\/acoplamiento-de-pvc-con-boquilllas-5-piezas-1-2-pulgada-de-pvc-diy-marca-aeromist-modelo-52450\/"},"modified":"2024-03-25T19:13:23","modified_gmt":"2024-03-25T19:13:23","slug":"acoplamiento-de-pvc-con-boquilllas-5-piezas-1-2-pulgada-de-pvc-diy-marca-aeromist-modelo-52450","status":"publish","type":"product","link":"https:\/\/h2otek.com\/tienda\/producto\/acoplamiento-de-pvc-con-boquilllas-5-piezas-1-2-pulgada-de-pvc-diy-marca-aeromist-modelo-52450\/","title":{"rendered":"ACOPLAMIENTO DE PVC CON BOQUILLLAS (5 PIEZAS) 1\/2 PULGADA DE PVC DIY MARCA AEROMIST\u00ae MODELO 52450"},"content":{"rendered":"<p style=\"text-align: center;\"><img fetchpriority=\"high\" decoding=\"async\" src=\"https:\/\/h2otek.com\/tienda\/img\/cms\/controlhumedad\/aeromist\/garden-hose\/header-aeromist-acoplamiento-pvc-52450.jpg\" alt=\"\" width=\"650\" height=\"300\" \/><\/p>\n<p style=\"text-align: justify;\"><strong>DESCRIPCI\u00d3N GENERAL DEL PRODUCTO:<\/strong><\/p>\n<p style=\"text-align: justify;\">Acoplamiento de PVC de 1\/2&#8243; con puerto roscado e incluye boquilla. Acoplamiento de manguera de PVC Schedule 40 que se utilizar\u00e1 con sistemas de nebulizaci\u00f3n de baja presi\u00f3n.<\/p>\n<p>Acoplamiento de PVC de 1\/2&#8243; con puerto roscado e incluye boquilla de .014&#8243; (52014)<br \/>\nPara usar con tubos de PVC de 1\/2&#8243;<br \/>\nPara usar con sistemas de nebulizaci\u00f3n de baja presi\u00f3n<\/p>\n<p><strong>ESPECIFICACIONES:<\/strong><\/p>\n<ul>\n<li>Profundidad ensamblada (pulg.): 3&#8243;<\/li>\n<li>Altura ensamblada (pulg.): 1&#8243;<\/li>\n<li>Ancho ensamblado (pulg.): 1&#8243;<\/li>\n<li>Longitud de tuber\u00eda\/tubo incluido (pies): .25<\/li>\n<li>Presi\u00f3n m\u00e1xima: 300 psi<\/li>\n<li>Material de la boquilla: lat\u00f3n con inserto de acero inoxidable<\/li>\n<li>Boquilla Tama\u00f1o de pulverizaci\u00f3n (pulg.): 24<\/li>\n<li>Material de tuber\u00eda\/tubo: PVC<\/li>\n<li>Sistema de presi\u00f3n: bajo a medio<\/li>\n<\/ul>\n<p>&nbsp;<\/p>\n<p><strong><span style=\"color: #0000ff;\">DESCARGAR MANUALES:<\/span><\/strong><\/p>\n<ul>\n<li><a href=\"https:\/\/h2otek.com\/tienda\/pdf\/controlhumedad\/manual_de_instalacion_300psi.pdf\" target=\"_blank\" rel=\"noopener\"><strong>MANUAL DE INSTALACI\u00d3N BOMBA DE 300 PSI<\/strong><\/a><\/li>\n<li><strong><span style=\"color: #0000ff;\"><a href=\"https:\/\/h2otek.com\/tienda\/pdf\/controlhumedad\/CATALOGO%20PRODUCTOS%20AEROMIST.pdf\" target=\"_blank\" rel=\"noopener\">CAT\u00c1LOGO PRODUCTOS AEROMIST\u00ae<\/a><\/span><\/strong><\/li>\n<li><strong><span style=\"color: #0000ff;\"><a href=\"https:\/\/h2otek.com\/tienda\/pdf\/controlhumedad\/MANUAL%20DEL%20USUARIO%20PRODUCTOS%20AEROMIST.pdf\" target=\"_blank\" rel=\"noopener\">MANUAL DEL USUARIO PRODUCTOS AEROMIST\u00ae<\/a><\/span><\/strong><\/li>\n<\/ul>\n<p>&nbsp;<\/p>\n","protected":false},"excerpt":{"rendered":"<p><span style=\"color: #ff0000;\"><strong><span style=\"font-size: 12pt;\">PRECIO\u00a0EN\u00a0D\u00d3LARES US.<\/span><br \/>\n<span style=\"font-size: 12pt;\">PRECIO INCLUYE 16 % DE I.V.A.<\/span><\/strong><\/span><\/p>\n<p><strong><em>HUMIDIFICADORES IDEALES PARA:<\/em><\/strong><\/p>\n<ul>\n<li><em><strong>PATIOS<\/strong><\/em><\/li>\n<li><em><strong>JARDINES<\/strong><\/em><\/li>\n<li><em><strong>ESPACIOS SOCIALES<\/strong><\/em><\/li>\n<li><em><strong>ALMACENES<\/strong><\/em><\/li>\n<li><em><strong>PROCESOS<\/strong><\/em><\/li>\n<li><em><strong>LABORATORIOS<\/strong><\/em><\/li>\n<li><em><strong>CUARTOS DE PRUEBA<\/strong><\/em><\/li>\n<li><em><strong>COMERCIOS<\/strong><\/em><\/li>\n<li><em><strong>RESTAURANTES<\/strong><\/em><\/li>\n<li><em><strong>TERRAZAS<\/strong><\/em><\/li>\n<li><em><strong>INDUSTRIA EN GENERAL,\u00a0ETC.<\/strong><\/em><\/li>\n<\/ul>\n","protected":false},"featured_media":4352,"comment_status":"closed","ping_status":"closed","template":"","meta":[],"pwb-brand":[],"product_brand":[],"product_cat":[362],"product_tag":[],"class_list":{"0":"post-19037","1":"product","2":"type-product","3":"status-publish","4":"has-post-thumbnail","6":"product_cat-control-de-humedad-humidificadores-deshumidificadores","8":"first","9":"onbackorder","10":"purchasable","11":"product-type-simple"},"brands":[],"_links":{"self":[{"href":"https:\/\/h2otek.com\/tienda\/wp-json\/wp\/v2\/product\/19037","targetHints":{"allow":["GET"]}}],"collection":[{"href":"https:\/\/h2otek.com\/tienda\/wp-json\/wp\/v2\/product"}],"about":[{"href":"https:\/\/h2otek.com\/tienda\/wp-json\/wp\/v2\/types\/product"}],"replies":[{"embeddable":true,"href":"https:\/\/h2otek.com\/tienda\/wp-json\/wp\/v2\/comments?post=19037"}],"wp:featuredmedia":[{"embeddable":true,"href":"https:\/\/h2otek.com\/tienda\/wp-json\/wp\/v2\/media\/4352"}],"wp:attachment":[{"href":"https:\/\/h2otek.com\/tienda\/wp-json\/wp\/v2\/media?parent=19037"}],"wp:term":[{"taxonomy":"pwb-brand","embeddable":true,"href":"https:\/\/h2otek.com\/tienda\/wp-json\/wp\/v2\/pwb-brand?post=19037"},{"taxonomy":"product_brand","embeddable":true,"href":"https:\/\/h2otek.com\/tienda\/wp-json\/wp\/v2\/product_brand?post=19037"},{"taxonomy":"product_cat","embeddable":true,"href":"https:\/\/h2otek.com\/tienda\/wp-json\/wp\/v2\/product_cat?post=19037"},{"taxonomy":"product_tag","embeddable":true,"href":"https:\/\/h2otek.com\/tienda\/wp-json\/wp\/v2\/product_tag?post=19037"}],"curies":[{"name":"wp","href":"https:\/\/api.w.org\/{rel}","templated":true}]}}