{"id":19028,"date":"2021-07-06T21:20:23","date_gmt":"2021-07-06T21:20:23","guid":{"rendered":"https:\/\/h2otek.com\/tienda\/producto\/bomba-de-polea-de-9-gpm-460v-marca-aeromist-modelo-50959\/"},"modified":"2024-03-25T19:14:07","modified_gmt":"2024-03-25T19:14:07","slug":"bomba-de-polea-de-9-gpm-460v-marca-aeromist-modelo-50959","status":"publish","type":"product","link":"https:\/\/h2otek.com\/tienda\/producto\/bomba-de-polea-de-9-gpm-460v-marca-aeromist-modelo-50959\/","title":{"rendered":"BOMBA DE POLEA DE 9 GPM 460V MARCA AEROMIST\u00ae MODELO 50959"},"content":{"rendered":"<p style=\"text-align: center;\"><img fetchpriority=\"high\" decoding=\"async\" src=\"https:\/\/h2otek.com\/tienda\/img\/cms\/controlhumedad\/aeromist\/misting-pumps\/header-aeromist-bomba-gran-capacidad-polea-3fases-50959.jpg\" alt=\"header-aeromist-bomba-gran-capacidad-pol\" width=\"650\" height=\"300\" \/><\/p>\n<p style=\"text-align: justify;\"><strong><br \/>\nDESCRIPCI\u00d3N GENERAL DEL PRODUCTO:<\/strong><\/p>\n<p style=\"text-align: justify;\">9.0 GPM, 1000 PSI Bomba CAT, Montaje de base, Polea Impulsada 7.5 HP TEFC Motor el\u00e9ctrico de bajo consumo de energ\u00eda 230\/460 Voltios, FLA 19.1\/9.6 Protector de correa totalmente cerrado, Regulador de presi\u00f3n, V\u00e1lvula solenoide de entrada, Man\u00f3metro, V\u00e1lvula t\u00e9rmica.<\/p>\n<p>Bomba CAT de servicio pesado, impulsada por polea, dise\u00f1o de bajo RPM, v\u00e1lvula de descarga y descarga.<\/p>\n<p>&nbsp;<\/p>\n<p style=\"text-align: justify;\"><em>12 MESES DE GARANT\u00cdA BAJO CUALQUIER DEFECTO DE FABRICACI\u00d3N<\/em><\/p>\n<p>&nbsp;<\/p>\n<p><strong><span style=\"color: #0000ff;\">DESCARGAR MANUALES:<\/span><\/strong><\/p>\n<ul>\n<li><strong><span style=\"color: #0000ff;\"><a href=\"http:\/\/www.h2otek.com\/tienda\/pdf\/controlhumedad\/CATALOGO%20PRODUCTOS%20AEROMIST.pdf\" target=\"_blank\" rel=\"noopener\">CAT\u00c1LOGO PRODUCTOS AEROMIST\u00ae<\/a><\/span><\/strong><\/li>\n<li><strong><span style=\"color: #0000ff;\"><a href=\"http:\/\/www.h2otek.com\/tienda\/pdf\/controlhumedad\/MANUAL%20DEL%20USUARIO%20PRODUCTOS%20AEROMIST.pdf\" target=\"_blank\" rel=\"noopener\">MANUAL DEL USUARIO PRODUCTOS AEROMIST\u00ae<\/a><\/span><\/strong><\/li>\n<\/ul>\n","protected":false},"excerpt":{"rendered":"<p><span style=\"color: #ff0000;\"><strong>PRECIO\u00a0EN\u00a0D\u00d3LARES US.<br \/>\nPRECIO INCLUYE 16 % DE I.V.A.<br \/>\nPRECIO INCLUYE ENVIO (ZONA CENTRO).<\/strong><\/span><\/p>\n<p><strong><em>HUMIDIFICADORES IDEALES PARA:<\/em><\/strong><\/p>\n<ul>\n<li><em><strong>PATIOS<\/strong><\/em><\/li>\n<li><em><strong>JARDINES<\/strong><\/em><\/li>\n<li><em><strong>ESPACIOS SOCIALES<\/strong><\/em><\/li>\n<li><em><strong>ALMACENES<\/strong><\/em><\/li>\n<li><em><strong>PROCESOS<\/strong><\/em><\/li>\n<li><em><strong>LABORATORIOS<\/strong><\/em><\/li>\n<li><em><strong>CUARTOS DE PRUEBA<\/strong><\/em><\/li>\n<li><em><strong>COMERCIOS<\/strong><\/em><\/li>\n<li><em><strong>RESTAURANTES<\/strong><\/em><\/li>\n<li><em><strong>TERRAZAS<\/strong><\/em><\/li>\n<li><em><strong>INDUSTRIA EN GENERAL,\u00a0ETC.<\/strong><\/em><\/li>\n<\/ul>\n","protected":false},"featured_media":4330,"comment_status":"closed","ping_status":"closed","template":"","meta":[],"pwb-brand":[],"product_brand":[],"product_cat":[992,362],"product_tag":[],"class_list":{"0":"post-19028","1":"product","2":"type-product","3":"status-publish","4":"has-post-thumbnail","6":"product_cat-bomba-de-polea-de-gran-capacidad-3-fases","7":"product_cat-control-de-humedad-humidificadores-deshumidificadores","9":"first","10":"onbackorder","11":"purchasable","12":"product-type-simple"},"brands":[],"_links":{"self":[{"href":"https:\/\/h2otek.com\/tienda\/wp-json\/wp\/v2\/product\/19028","targetHints":{"allow":["GET"]}}],"collection":[{"href":"https:\/\/h2otek.com\/tienda\/wp-json\/wp\/v2\/product"}],"about":[{"href":"https:\/\/h2otek.com\/tienda\/wp-json\/wp\/v2\/types\/product"}],"replies":[{"embeddable":true,"href":"https:\/\/h2otek.com\/tienda\/wp-json\/wp\/v2\/comments?post=19028"}],"wp:featuredmedia":[{"embeddable":true,"href":"https:\/\/h2otek.com\/tienda\/wp-json\/wp\/v2\/media\/4330"}],"wp:attachment":[{"href":"https:\/\/h2otek.com\/tienda\/wp-json\/wp\/v2\/media?parent=19028"}],"wp:term":[{"taxonomy":"pwb-brand","embeddable":true,"href":"https:\/\/h2otek.com\/tienda\/wp-json\/wp\/v2\/pwb-brand?post=19028"},{"taxonomy":"product_brand","embeddable":true,"href":"https:\/\/h2otek.com\/tienda\/wp-json\/wp\/v2\/product_brand?post=19028"},{"taxonomy":"product_cat","embeddable":true,"href":"https:\/\/h2otek.com\/tienda\/wp-json\/wp\/v2\/product_cat?post=19028"},{"taxonomy":"product_tag","embeddable":true,"href":"https:\/\/h2otek.com\/tienda\/wp-json\/wp\/v2\/product_tag?post=19028"}],"curies":[{"name":"wp","href":"https:\/\/api.w.org\/{rel}","templated":true}]}}