{"id":19001,"date":"2021-07-06T21:20:18","date_gmt":"2021-07-06T21:20:18","guid":{"rendered":"https:\/\/h2otek.com\/tienda\/producto\/kit-de-nebulizacion-1000-psi-56-pies-acero-inoxidable-con-bomba-de-polea-marca-aeromist-modelo-10028\/"},"modified":"2024-03-25T19:13:02","modified_gmt":"2024-03-25T19:13:02","slug":"kit-de-nebulizacion-1000-psi-56-pies-acero-inoxidable-con-bomba-de-polea-marca-aeromist-modelo-10028","status":"publish","type":"product","link":"https:\/\/h2otek.com\/tienda\/producto\/kit-de-nebulizacion-1000-psi-56-pies-acero-inoxidable-con-bomba-de-polea-marca-aeromist-modelo-10028\/","title":{"rendered":"KIT DE NEBULIZACI\u00d3N 1000 PSI 56 PIES ACERO INOXIDABLE CON BOMBA DE POLEA MARCA AEROMIST\u00ae MODELO 10028"},"content":{"rendered":"<p style=\"text-align:center;\"><img fetchpriority=\"high\" decoding=\"async\" src=\"https:\/\/h2otek.com\/tienda\/img\/cms\/controlhumedad\/aeromist\/1000psi-misting-kit\/header-aeromist-kit-aceroinox-conpolea-1000psi-10028.jpg\" width=\"650\" height=\"300\" alt=\"header-aeromist-kit-aceroinox-conpolea-1\" \/><\/p>\n<p style=\"text-align:justify;\">\u00a0<\/p>\n<p style=\"text-align:justify;\"><strong>DESCRIPCI\u00d3N GENERAL DEL PRODUCTO:<\/strong><\/p>\n<p style=\"text-align:justify;\">Bomba de polea de 1000 PSI, filtros duales con elementos de 1 y 5 micras, espacio entre boquillas de 24&#8243;, l\u00ednea de nebulizaci\u00f3n de acero inoxidable de 3\/8&#8243; y l\u00ednea en blanco, l\u00ednea de alimentaci\u00f3n de nylon negro de alta presi\u00f3n, accesorios de compresi\u00f3n de acero inoxidable, boquillas antigoteo de acero inoxidable, y kits de abrazaderas.<\/p>\n<p><strong>Beneficios del filtro de escala <\/strong>(sku: 57011X)<br \/>El filtro de escala inhibe efectivamente la formaci\u00f3n de escamas de carbonato de calcio para mantener sus boquillas limpias por m\u00e1s tiempo. El filtro de escala reemplaza el filtro est\u00e1ndar de 1 micra en su bomba; minimizar el mantenimiento de la boquilla; disfrute de su sistema de nebulizaci\u00f3n sin problemas.<\/p>\n<p><strong>Beneficios del interruptor LP<\/strong> (sku: 66400K)<br \/>El interruptor de baja presi\u00f3n protege su bomba de 1000 psi de da\u00f1os si el suministro de agua se cierra accidentalmente. El interruptor evita que la bomba se encienda, lo que evita que la bomba se sobrecaliente y da\u00f1e los sellos internos.<\/p>\n<p><\/p>\n<p><span style=\"font-weight:bold;text-align:justify;\">KIT INCLUYE:<\/p>\n<p><\/span><\/p>\n<table cellpadding=\"4\">\n<thead>\n<tr>\n<th>Cantidad<\/th>\n<th>SKU<\/th>\n<th>Descripci\u00f3n<\/th>\n<\/tr>\n<\/thead>\n<tbody>\n<tr>\n<td style=\"text-align:center;\">1<\/td>\n<td><span>50099-HDE<\/span><\/td>\n<td>Bomba de nebulizaci\u00f3n de polea 1000 PSI .5 GPM<\/td>\n<\/tr>\n<tr>\n<td style=\"text-align:center;\">1<\/td>\n<td>56401-BLK<\/td>\n<td>Tubo de nylon negro rollo de 50 pies<\/td>\n<\/tr>\n<tr>\n<td style=\"text-align:center;\">7<\/td>\n<td>51024-8-P<\/td>\n<td>8 pies 24&#8243; espaciado l\u00ednea de niebla prefabricada 3\/8&#8243; OD<\/td>\n<\/tr>\n<tr>\n<td style=\"text-align:center;\">1<\/td>\n<td>51375-8<\/td>\n<td>8 pies Tubo acero inoxidable 3\/8&#8243; OD<\/td>\n<\/tr>\n<tr>\n<td style=\"text-align:center;\">28<\/td>\n<td>51433<\/td>\n<td>Boquilla antigoteo de acero inoxidable .012<\/td>\n<\/tr>\n<tr>\n<td style=\"text-align:center;\">7<\/td>\n<td>55001<\/td>\n<td>Uni\u00f3n de acero inoxidable<\/td>\n<\/tr>\n<tr>\n<td style=\"text-align:center;\">3<\/td>\n<td>55002<\/td>\n<td>Codo de acero inoxidable<\/td>\n<\/tr>\n<tr>\n<td style=\"text-align:center;\">1<\/td>\n<td>55004<\/td>\n<td>Tapa de acero inoxidable<\/td>\n<\/tr>\n<tr>\n<td style=\"text-align:center;\">40<\/td>\n<td>56377<\/td>\n<td>Abrazadera de acero inoxidable<\/td>\n<\/tr>\n<tr>\n<td style=\"text-align:center;\">40<\/td>\n<td>52602<\/td>\n<td>Tornillo<\/td>\n<\/tr>\n<tr>\n<td style=\"text-align:center;\">40<\/td>\n<td>52603<\/td>\n<td>Ancla de pl\u00e1stico<\/td>\n<\/tr>\n<\/tbody>\n<\/table>\n<p>\u00a0<\/p>\n<p><em><br \/>12 MESES DE GARANT\u00cdA BAJO CUALQUIER DEFECTO DE FABRICACI\u00d3N (EN LA BOMBA)<\/em><\/p>\n<p style=\"text-align:center;\"><span style=\"color:#4a4a4a;\">\u00a0<\/span><\/p>\n<p><span style=\"color:#4a4a4a;\"><strong><\/p>\n<p>DESCARGAR MANUALES:<\/strong><\/span><\/p>\n<ul>\n<li><strong><span style=\"color:#0000ff;\"><a href=\"http:\/\/www.h2otek.com\/tienda\/pdf\/controlhumedad\/CATALOGO%20PRODUCTOS%20AEROMIST.pdf\" target=\"_blank\" rel=\"noopener\">CAT\u00c1LOGO PRODUCTOS AEROMIST\u00ae<\/a><\/span><\/strong><\/li>\n<li><strong><span style=\"color:#0000ff;\"><a href=\"http:\/\/www.h2otek.com\/tienda\/pdf\/controlhumedad\/MANUAL%20DEL%20USUARIO%20PRODUCTOS%20AEROMIST.pdf\" target=\"_blank\" rel=\"noopener\">MANUAL DEL USUARIO PRODUCTOS AEROMIST\u00ae<\/a><\/span><\/strong><\/li>\n<\/ul>\n<p>\u00a0<\/p>\n<p>\u00a0<\/p>\n<p>\u00a0<\/p>\n<p><\/p>\n","protected":false},"excerpt":{"rendered":"<p><span style=\"color: #ff0000; font-size: 12pt;\"><strong>PRECIO\u00a0EN\u00a0D\u00d3LARES US.<br \/>PRECIO INCLUYE 16 % DE I.V.A.<br \/>PRECIO INCLUYE ENVIO (ZONA CENTRO).<\/strong><\/span><\/p>\n<p><strong><em>HUMIDIFICADORES IDEALES PARA:<\/em><\/strong><\/p>\n<ul>\n<li><em><strong>PATIOS<\/strong><\/em><\/li>\n<li><em><strong>JARDINES<\/strong><\/em><\/li>\n<li><em><strong>ESPACIOS SOCIALES<\/strong><\/em><\/li>\n<li><em><strong>ALMACENES<\/strong><\/em><\/li>\n<li><em><strong>PROCESOS<\/strong><\/em><\/li>\n<li><em><strong>LABORATORIOS<\/strong><\/em><\/li>\n<li><em><strong>CUARTOS DE PRUEBA<\/strong><\/em><\/li>\n<li><em><strong>COMERCIOS<\/strong><\/em><\/li>\n<li><em><strong>RESTAURANTES<\/strong><\/em><\/li>\n<li><em><strong>TERRAZAS<\/strong><\/em><\/li>\n<li><em><strong>INDUSTRIA EN GENERAL,\u00a0ETC.<\/strong><\/em><\/li>\n<\/ul>\n","protected":false},"featured_media":1688,"comment_status":"closed","ping_status":"closed","template":"","meta":[],"pwb-brand":[],"product_brand":[],"product_cat":[924,997,362],"product_tag":[],"class_list":{"0":"post-19001","1":"product","2":"type-product","3":"status-publish","4":"has-post-thumbnail","6":"product_cat-con-bomba-de-polea-1000-psi","7":"product_cat-con-bomba-de-polea-1000-psi-kits-de-nebulizacion-de-acero-inoxidable","8":"product_cat-control-de-humedad-humidificadores-deshumidificadores","10":"first","11":"onbackorder","12":"purchasable","13":"product-type-simple"},"brands":[],"_links":{"self":[{"href":"https:\/\/h2otek.com\/tienda\/wp-json\/wp\/v2\/product\/19001","targetHints":{"allow":["GET"]}}],"collection":[{"href":"https:\/\/h2otek.com\/tienda\/wp-json\/wp\/v2\/product"}],"about":[{"href":"https:\/\/h2otek.com\/tienda\/wp-json\/wp\/v2\/types\/product"}],"replies":[{"embeddable":true,"href":"https:\/\/h2otek.com\/tienda\/wp-json\/wp\/v2\/comments?post=19001"}],"wp:featuredmedia":[{"embeddable":true,"href":"https:\/\/h2otek.com\/tienda\/wp-json\/wp\/v2\/media\/1688"}],"wp:attachment":[{"href":"https:\/\/h2otek.com\/tienda\/wp-json\/wp\/v2\/media?parent=19001"}],"wp:term":[{"taxonomy":"pwb-brand","embeddable":true,"href":"https:\/\/h2otek.com\/tienda\/wp-json\/wp\/v2\/pwb-brand?post=19001"},{"taxonomy":"product_brand","embeddable":true,"href":"https:\/\/h2otek.com\/tienda\/wp-json\/wp\/v2\/product_brand?post=19001"},{"taxonomy":"product_cat","embeddable":true,"href":"https:\/\/h2otek.com\/tienda\/wp-json\/wp\/v2\/product_cat?post=19001"},{"taxonomy":"product_tag","embeddable":true,"href":"https:\/\/h2otek.com\/tienda\/wp-json\/wp\/v2\/product_tag?post=19001"}],"curies":[{"name":"wp","href":"https:\/\/api.w.org\/{rel}","templated":true}]}}