{"id":18964,"date":"2021-07-06T21:20:08","date_gmt":"2021-07-06T21:20:08","guid":{"rendered":"https:\/\/h2otek.com\/tienda\/producto\/kit-de-nebulizacion-1000-psi-84-pies-de-cobre-con-bomba-de-accionamiento-directo-cerrado-marca-aeromist-modelo-10284-e\/"},"modified":"2024-03-25T19:13:00","modified_gmt":"2024-03-25T19:13:00","slug":"kit-de-nebulizacion-1000-psi-84-pies-de-cobre-con-bomba-de-accionamiento-directo-cerrado-marca-aeromist-modelo-10284-e","status":"publish","type":"product","link":"https:\/\/h2otek.com\/tienda\/producto\/kit-de-nebulizacion-1000-psi-84-pies-de-cobre-con-bomba-de-accionamiento-directo-cerrado-marca-aeromist-modelo-10284-e\/","title":{"rendered":"KIT DE NEBULIZACI\u00d3N 1000 PSI 84 PIES DE COBRE CON BOMBA DE ACCIONAMIENTO DIRECTO CERRADO MARCA AEROMIST\u00ae MODELO 10284-E"},"content":{"rendered":"<p style=\"text-align:center;\"><img fetchpriority=\"high\" decoding=\"async\" src=\"https:\/\/h2otek.com\/tienda\/img\/cms\/controlhumedad\/aeromist\/1000psi-misting-kit\/cobre\/header-aeromist-cobre-acdirecto-1000PSI-10284-E.jpg\" width=\"650\" height=\"300\" alt=\"header-aeromist-cobre-acdirecto-1000PSI-\" \/><\/p>\n<p style=\"text-align:justify;\">\u00a0<\/p>\n<p style=\"text-align:justify;\"><strong><br \/>DESCRIPCI\u00d3N GENERAL DEL PRODUCTO:<\/strong><\/p>\n<p style=\"text-align:justify;\">Este kit incluye: bomba de accionamiento directo cerrado de 1000 PSI, elemento filtrante de 5 micras y 1 micra, espacio entre boquillas de 24&#8243;, l\u00ednea de nebulizaci\u00f3n de cobre de 3\/8&#8243; de di\u00e1metro externo y l\u00ednea en blanco, l\u00ednea de alimentaci\u00f3n de nylon marr\u00f3n de alta presi\u00f3n, accesorios de compresi\u00f3n de lat\u00f3n, boquillas antigoteo de lat\u00f3n y kits de abrazaderas.<\/p>\n<p><strong>Beneficios del filtro de escala<\/strong> (sku: 57011X)<br \/>El filtro de escala inhibe efectivamente la formaci\u00f3n de escamas de carbonato de calcio para mantener sus boquillas limpias por m\u00e1s tiempo. El filtro de escala reemplaza el filtro est\u00e1ndar de 1 micra en su bomba; minimizar el mantenimiento de la boquilla; disfrute de su sistema de nebulizaci\u00f3n sin problemas.<\/p>\n<p><strong>Beneficios del interruptor LP<\/strong> (sku: 66400K)<br \/>El interruptor de baja presi\u00f3n protege su bomba de 1000 psi de da\u00f1os si el suministro de agua se cierra accidentalmente. El interruptor evita que la bomba se encienda, lo que evita que la bomba se sobrecaliente y da\u00f1e los sellos internos.<\/p>\n<p>Este kit incluye todo lo que necesita para rociar hasta 84 pies de la l\u00ednea de nebulizaci\u00f3n de alta presi\u00f3n. Incluye bomba de accionamiento directo, l\u00ednea de nebulizaci\u00f3n de 3\/8&#8243; de di\u00e1metro externo, l\u00ednea de alimentaci\u00f3n, accesorios, boquillas y kits de abrazaderas.<\/p>\n<p>\u00a0<\/p>\n<p><\/p>\n<p><span><strong>KIT INCLUYE:<\/strong><\/p>\n<p><\/span><\/p>\n<p><\/p>\n<table cellpadding=\"4\">\n<thead>\n<tr>\n<th>Cantidad<\/th>\n<th>SKU<\/th>\n<th>Descripci\u00f3n<\/th>\n<\/tr>\n<\/thead>\n<tbody>\n<tr>\n<td style=\"text-align:center;\">1<\/td>\n<td><span>60150KH<\/span><\/td>\n<td>Bomba de nebulizaci\u00f3n cerrada 1000 PSI 1.5 GPM<\/td>\n<\/tr>\n<tr>\n<td style=\"text-align:center;\">1<\/td>\n<td>56401-1<\/td>\n<td>Tubo de nylon rollo de 50 pies<\/td>\n<\/tr>\n<tr>\n<td style=\"text-align:center;\">14<\/td>\n<td><span>52519<\/span><\/td>\n<td>L\u00ednea de niebla prefabricada de cobre de 6&#8242;<\/td>\n<\/tr>\n<tr>\n<td style=\"text-align:center;\">3<\/td>\n<td><span>52517<\/span><\/td>\n<td>Secci\u00f3n del tubo de cobre de 6&#8242;<\/td>\n<\/tr>\n<tr>\n<td style=\"text-align:center;\">42<\/td>\n<td>51423<\/td>\n<td>Boquilla de lat\u00f3n antigoteo serie .012<\/td>\n<\/tr>\n<tr>\n<td style=\"text-align:center;\">17<\/td>\n<td><span>52510-1<\/span><\/td>\n<td>Uni\u00f3n de\u00a0lat\u00f3n<\/td>\n<\/tr>\n<tr>\n<td style=\"text-align:center;\">3<\/td>\n<td><span>52511-1<\/span><\/td>\n<td>Codo de lat\u00f3n<\/td>\n<\/tr>\n<tr>\n<td style=\"text-align:center;\">1<\/td>\n<td><span>52513-1<\/span><\/td>\n<td>Tapa de lat\u00f3n<\/td>\n<\/tr>\n<tr>\n<td style=\"text-align:center;\">52<\/td>\n<td><span>56375<\/span><\/td>\n<td>Abrazadera de goma<\/td>\n<\/tr>\n<tr>\n<td style=\"text-align:center;\">52<\/td>\n<td>52602<\/td>\n<td>Tornillo<\/td>\n<\/tr>\n<tr>\n<td style=\"text-align:center;\">52<\/td>\n<td>52603<\/td>\n<td>Ancla de pl\u00e1stico<\/td>\n<\/tr>\n<\/tbody>\n<\/table>\n<p><\/p>\n<p>\u00a0<\/p>\n<p><span style=\"font-weight:bold;text-align:justify;\"><br \/>\u00a0<br \/><\/span><\/p>\n<p><em>12 MESES DE GARANT\u00cdA BAJO CUALQUIER DEFECTO DE FABRICACI\u00d3N (EN LA BOMBA)<\/em><\/p>\n<p>\u00a0<\/p>\n<p style=\"text-align:center;\">\u00a0<\/p>\n<p><span style=\"color:#4a4a4a;\"><strong>DESCARGAR MANUALES:<\/strong><\/span><\/p>\n<ul>\n<li><strong><span style=\"color:#0000ff;\"><a href=\"http:\/\/www.h2otek.com\/tienda\/pdf\/controlhumedad\/CATALOGO%20PRODUCTOS%20AEROMIST.pdf\" target=\"_blank\" rel=\"noopener\">CAT\u00c1LOGO PRODUCTOS AEROMIST\u00ae<\/a><\/span><\/strong><\/li>\n<li><strong><span style=\"color:#0000ff;\"><a href=\"http:\/\/www.h2otek.com\/tienda\/pdf\/controlhumedad\/MANUAL%20DEL%20USUARIO%20PRODUCTOS%20AEROMIST.pdf\" target=\"_blank\" rel=\"noopener\">MANUAL DEL USUARIO PRODUCTOS AEROMIST\u00ae<\/a><\/span><\/strong><\/li>\n<\/ul>\n<p>\u00a0<\/p>\n<p>\u00a0<\/p>\n<p>\u00a0<\/p>\n<p><\/p>\n","protected":false},"excerpt":{"rendered":"<p><span style=\"color: #ff0000; font-size: 12pt;\"><strong>PRECIO\u00a0EN\u00a0D\u00d3LARES US.<br \/>PRECIO INCLUYE 16 % DE I.V.A.<br \/>PRECIO INCLUYE ENVIO (ZONA CENTRO).<\/strong><\/span><\/p>\n<p><strong><em>HUMIDIFICADORES IDEALES PARA:<\/em><\/strong><\/p>\n<ul>\n<li><em><strong>PATIOS<\/strong><\/em><\/li>\n<li><em><strong>JARDINES<\/strong><\/em><\/li>\n<li><em><strong>ESPACIOS SOCIALES<\/strong><\/em><\/li>\n<li><em><strong>ALMACENES<\/strong><\/em><\/li>\n<li><em><strong>PROCESOS<\/strong><\/em><\/li>\n<li><em><strong>LABORATORIOS<\/strong><\/em><\/li>\n<li><em><strong>CUARTOS DE PRUEBA<\/strong><\/em><\/li>\n<li><em><strong>COMERCIOS<\/strong><\/em><\/li>\n<li><em><strong>RESTAURANTES<\/strong><\/em><\/li>\n<li><em><strong>TERRAZAS<\/strong><\/em><\/li>\n<li><em><strong>INDUSTRIA EN GENERAL,\u00a0ETC.<\/strong><\/em><\/li>\n<\/ul>\n","protected":false},"featured_media":1562,"comment_status":"closed","ping_status":"closed","template":"","meta":[],"pwb-brand":[],"product_brand":[],"product_cat":[995,362,926],"product_tag":[],"class_list":{"0":"post-18964","1":"product","2":"type-product","3":"status-publish","4":"has-post-thumbnail","6":"product_cat-con-bomba-de-accionamiento-directo-cerrado-1000-psi-kits-de-nebulizacion-1000-psi-de-cobre-climas-secos","7":"product_cat-control-de-humedad-humidificadores-deshumidificadores","8":"product_cat-kits-de-nebulizacion-1000-psi-de-cobre","10":"first","11":"outofstock","12":"purchasable","13":"product-type-simple"},"brands":[],"_links":{"self":[{"href":"https:\/\/h2otek.com\/tienda\/wp-json\/wp\/v2\/product\/18964","targetHints":{"allow":["GET"]}}],"collection":[{"href":"https:\/\/h2otek.com\/tienda\/wp-json\/wp\/v2\/product"}],"about":[{"href":"https:\/\/h2otek.com\/tienda\/wp-json\/wp\/v2\/types\/product"}],"replies":[{"embeddable":true,"href":"https:\/\/h2otek.com\/tienda\/wp-json\/wp\/v2\/comments?post=18964"}],"wp:featuredmedia":[{"embeddable":true,"href":"https:\/\/h2otek.com\/tienda\/wp-json\/wp\/v2\/media\/1562"}],"wp:attachment":[{"href":"https:\/\/h2otek.com\/tienda\/wp-json\/wp\/v2\/media?parent=18964"}],"wp:term":[{"taxonomy":"pwb-brand","embeddable":true,"href":"https:\/\/h2otek.com\/tienda\/wp-json\/wp\/v2\/pwb-brand?post=18964"},{"taxonomy":"product_brand","embeddable":true,"href":"https:\/\/h2otek.com\/tienda\/wp-json\/wp\/v2\/product_brand?post=18964"},{"taxonomy":"product_cat","embeddable":true,"href":"https:\/\/h2otek.com\/tienda\/wp-json\/wp\/v2\/product_cat?post=18964"},{"taxonomy":"product_tag","embeddable":true,"href":"https:\/\/h2otek.com\/tienda\/wp-json\/wp\/v2\/product_tag?post=18964"}],"curies":[{"name":"wp","href":"https:\/\/api.w.org\/{rel}","templated":true}]}}