{"id":18954,"date":"2021-07-06T21:20:08","date_gmt":"2021-07-06T21:20:08","guid":{"rendered":"https:\/\/h2otek.com\/tienda\/producto\/calentador-de-agua-a-gas-para-piscina-raypak-mod-d-2-power-vent\/"},"modified":"2022-10-07T00:17:55","modified_gmt":"2022-10-07T00:17:55","slug":"calentador-de-agua-a-gas-para-piscina-raypak-mod-d-2-power-vent","status":"publish","type":"product","link":"https:\/\/h2otek.com\/tienda\/producto\/calentador-de-agua-a-gas-para-piscina-raypak-mod-d-2-power-vent\/","title":{"rendered":"CALENTADOR DE AGUA A GAS PARA PISCINA RAYPAK MOD. D-2 POWER VENT"},"content":{"rendered":"<p style=\"text-align: center;\"><img fetchpriority=\"high\" decoding=\"async\" src=\"https:\/\/h2otek.com\/tienda\/img\/cms\/aguacaliente\/raypak\/D-2powervent\/header-calentadorgas-raypak-D-2PowerVent.jpg\" alt=\"\" width=\"650\" height=\"300\" \/><\/p>\n<p style=\"text-align: justify;\"><span style=\"text-decoration: underline;\"><strong><br \/>\nCALENTADOR DE AGUA A GAS PARA SPA O PISCINAS<\/strong><\/span><\/p>\n<p>&nbsp;<\/p>\n<div id=\"tab-description\" class=\"panel wc-tab entry-content active\" style=\"text-align: justify;\">\n<p><span lang=\"es\" xml:lang=\"es\"><span lang=\"es\" xml:lang=\"es\"><span title=\"Compatible for indoor or outdoor installation\"><strong>Compatible para instalaci\u00f3n interior o exterior<\/strong><br \/>\n<\/span><span title=\"For use with all Raypak Digital models, sizes 206A - 408. The D-2 replaces the standard draft hood.\">Para uso con todos los modelos Raypak Digital, tama\u00f1os 206A-408. El D-2 reemplaza la campana de tiro est\u00e1ndar.<\/span><\/span><\/span><\/p>\n<p><span title=\"Certified\"><strong>Certificado<\/strong><br \/>\n<\/span><span title=\"The D-2 Power Vent assembly is tested and certified to the latest edition of the American National Standard ANSI Z21.56 for pool heaters.\">El ensamblaje del ventilador de potencia D-2 ha sido probado y certificado seg\u00fan la \u00faltima edici\u00f3n de la norma nacional estadounidense ANSI Z21.56 para calentadores de piscinas.<\/span><\/p>\n<p><span title=\"Through-the-Wall Capable\"><strong>Capacidad a trav\u00e9s de la pared<\/strong><br \/>\n<\/span><span title=\"The D-2 Power Vent assembly is a Category III mechanical draft venting system that operates with a positive vent static pressure and with a vent gas temperature that avoids excessive condensate production in the vent.\">El ensamblaje de ventilaci\u00f3n de potencia D-2 es un sistema de ventilaci\u00f3n de tiro mec\u00e1nico de categor\u00eda III que funciona con una presi\u00f3n est\u00e1tica de ventilaci\u00f3n positiva y con una temperatura de gas de ventilaci\u00f3n que evita la producci\u00f3n excesiva de condensado en el respiradero. <\/span><span title=\"All sizes are capable of relieving flue gases up to a maximum of 100 equivalent feet of vent length.\">Todos los tama\u00f1os son capaces de aliviar gases de combusti\u00f3n hasta un m\u00e1ximo de 100 pies equivalentes de longitud de ventilaci\u00f3n. <\/span><span title=\"All models have a 4\u201d diameter exhaust connection and can be sidewall terminated.\">Todos los modelos tienen una conexi\u00f3n de escape de 4&#8243; de di\u00e1metro y pueden ser terminados laterales. <\/span><span title=\"Using field-supplied cat III-certified vent material.\">Uso de material de ventilaci\u00f3n certificado por el gato III, suministrado en el campo. <\/span><span title=\"Use the factory-supplied screened elbow as a downturned sidewall vent termination.\">Utilice el codo proyectado suministrado en f\u00e1brica como una terminaci\u00f3n de ventilaci\u00f3n de pared lateral hacia abajo.<\/span><\/p>\n<p><span title=\"Multi-Position\"><strong>Multipuesto<\/strong><br \/>\n<\/span><span title=\"Using a field-supplied adjustable 90\u00b0 elbow, the flue gases may be discharged in any direction (see D-2 Power Vent manual for details).\">Utilizando un codo ajustable de 90\u00b0 suministrado por el campo, los gases de combusti\u00f3n pueden descargarse en cualquier direcci\u00f3n (consulte el manual del ventilador de potencia D-2 para obtener m\u00e1s detalles). <\/span><span title=\"Or simply remove the elbow for vertical venting.\">O simplemente retire el codo para ventilaci\u00f3n vertical.<\/span><\/p>\n<p><span title=\"Dual-Voltage Induced-Draft Blower (120\/240 VAC)\"><strong>Ventilador de tiro inductivo de doble voltaje (120\/240 VAC)<\/strong><br \/>\n<\/span><span title=\"Factory set for 240 volts.\">Ajuste de f\u00e1brica para 240 voltios. <\/span><span title=\"Can be rewired in the field for 120v operation.\">Se puede volver a cablear en el campo para la operaci\u00f3n 120v.<\/span><\/p>\n<p><span title=\"Safety at Its Best The D-2 Power Vent is equipped with a draft proving switch.\">Seguridad en el mejor de los casos El D-2 Power Vent est\u00e1 equipado con un interruptor de prueba de borrador. <\/span><span title=\"This switch ensures that the blower is operating before operating your heater.\">Este interruptor asegura que el ventilador est\u00e9 funcionando antes de operar el calentador. <\/span><span title=\"It is also equipped with a solid state control that allows the blower to purge any residual gas buildup in the heater after the heater has shut down.\">Tambi\u00e9n est\u00e1 equipado con un control de estado s\u00f3lido que permite al soplador para purgar cualquier acumulaci\u00f3n de gas residual en el calentador despu\u00e9s de que el calentador ha cerrado.<\/span><\/p>\n<\/div>\n<p>&nbsp;<\/p>\n<p style=\"text-align: center;\"><strong>DIMENSIONES:<\/strong><\/p>\n<p style=\"text-align: center;\"><img decoding=\"async\" src=\"https:\/\/h2otek.com\/tienda\/img\/cms\/aguacaliente\/raypak\/D-2powervent\/dimensiones-calentadorgas-raypak-D-2PowerVent.gif\" alt=\"\" width=\"580\" height=\"598\" \/><\/p>\n<p>&nbsp;<\/p>\n<p><strong>DESCARGAR MANUALES<\/strong><\/p>\n<ul>\n<li><strong><a href=\"http:\/\/www.h2otek.com\/tienda\/pdf\/aguacaliente\/MANUAL%20INSTALACION%20Y%20OPERACION%20CALENTADOR%20A%20GAS%20PARA%20ALBERCA%20D-2%20POWER%20VENT.pdf\" target=\"_blank\" rel=\"noopener\">INSTALACI\u00d3N Y OPERACI\u00d3N<\/a><\/strong><\/li>\n<\/ul>\n<p>&nbsp;<\/p>\n<div>\n<p style=\"text-align: left;\"><strong>PRECIO INCLUYE GASTOS DE ENVIO (GRATIS) E IMPUESTO 16% DE IVA.<\/strong><\/p>\n<\/div>\n","protected":false},"excerpt":{"rendered":"<p><span style=\"color: #ff0000;\"><strong>PARA PRECIO DE ESTE PRODUCTO FAVOR DE COMUNICARSE EN ATENCION A CLIENTES: info@h2otek.com O AL TEL: 01 800 94 26 835<\/strong><\/span><\/p>\n<p><span style=\"color: #ff0000;\"><strong>CALENTADOR DE AGUA A GAS PARA SPA O ALBERCAS MARCA RAYPAK<\/strong><\/span><\/p>\n<p><strong>CALEFACCI\u00d3N EN PISCINAS POR DEMANDA O RECIRCULACION DE AGUA CALIENTE. OPERACI\u00d3N SILENCIOSA.<em><br \/>\n<\/em><\/strong><\/p>\n<p><em><strong>IDEALES EN:<\/strong><\/em><\/p>\n<ul>\n<li><em><strong>ALBERCA \u00d3 PISCINA<br \/>\n<\/strong><\/em><\/li>\n<li><em><strong>SPA<\/strong><\/em><\/li>\n<li><em><strong>JACUZZI<\/strong><\/em><\/li>\n<li><em><strong>HIDROMASAJE, ETC.<\/strong><\/em><\/li>\n<\/ul>\n<p><span style=\"font-size: small; color: #000000;\"><strong>\u00a0<\/strong><\/span><\/p>\n","protected":false},"featured_media":6494,"comment_status":"closed","ping_status":"closed","template":"","meta":[],"pwb-brand":[],"product_brand":[],"product_cat":[581],"product_tag":[],"class_list":{"0":"post-18954","1":"product","2":"type-product","3":"status-publish","4":"has-post-thumbnail","6":"product_cat-accesorios-para-calentadores-de-agua-para-albercas-piscinas-agua-caliente-raypak","8":"first","9":"outofstock","10":"purchasable","11":"product-type-simple"},"brands":[],"_links":{"self":[{"href":"https:\/\/h2otek.com\/tienda\/wp-json\/wp\/v2\/product\/18954","targetHints":{"allow":["GET"]}}],"collection":[{"href":"https:\/\/h2otek.com\/tienda\/wp-json\/wp\/v2\/product"}],"about":[{"href":"https:\/\/h2otek.com\/tienda\/wp-json\/wp\/v2\/types\/product"}],"replies":[{"embeddable":true,"href":"https:\/\/h2otek.com\/tienda\/wp-json\/wp\/v2\/comments?post=18954"}],"wp:featuredmedia":[{"embeddable":true,"href":"https:\/\/h2otek.com\/tienda\/wp-json\/wp\/v2\/media\/6494"}],"wp:attachment":[{"href":"https:\/\/h2otek.com\/tienda\/wp-json\/wp\/v2\/media?parent=18954"}],"wp:term":[{"taxonomy":"pwb-brand","embeddable":true,"href":"https:\/\/h2otek.com\/tienda\/wp-json\/wp\/v2\/pwb-brand?post=18954"},{"taxonomy":"product_brand","embeddable":true,"href":"https:\/\/h2otek.com\/tienda\/wp-json\/wp\/v2\/product_brand?post=18954"},{"taxonomy":"product_cat","embeddable":true,"href":"https:\/\/h2otek.com\/tienda\/wp-json\/wp\/v2\/product_cat?post=18954"},{"taxonomy":"product_tag","embeddable":true,"href":"https:\/\/h2otek.com\/tienda\/wp-json\/wp\/v2\/product_tag?post=18954"}],"curies":[{"name":"wp","href":"https:\/\/api.w.org\/{rel}","templated":true}]}}