{"id":18928,"date":"2021-07-06T21:19:57","date_gmt":"2021-07-06T21:19:57","guid":{"rendered":"https:\/\/h2otek.com\/tienda\/producto\/sonda-de-temperatura-y-humedad-en-usb-marca-extech-mod-rht10\/"},"modified":"2024-01-04T22:32:03","modified_gmt":"2024-01-04T22:32:03","slug":"sonda-de-temperatura-y-humedad-en-usb-marca-extech-mod-rht10","status":"publish","type":"product","link":"https:\/\/h2otek.com\/tienda\/producto\/sonda-de-temperatura-y-humedad-en-usb-marca-extech-mod-rht10\/","title":{"rendered":"SONDA DE TEMPERATURA Y HUMEDAD EN USB MARCA EXTECH MOD. RHT10"},"content":{"rendered":"<p style=\"text-align: center;\"><img decoding=\"async\" src=\"https:\/\/www.h2otek.com\/tienda\/Images\/graficadores\/header-graficadorusb-extech.jpg\" alt=\"\" border=\"0\" \/><\/p>\n<p style=\"text-align: justify;\">Este registrador de datos mide y guarda hasta 16,000 lecturas de humedad relativa y 16,000 lecturas de temperatura en las escalas de medici\u00f3n de 0 a 100 %HR y -40 a +70\u00b0C (-40 a +158\u00b0F).<\/p>\n<p style=\"text-align: justify;\">El usuario puede f\u00e1cilmente configurar la tasa de registro, alarma alta\/baja y modo de inicio, descargar los datos guardados conectando el m\u00f3dulo al puerto USB de una PC y ejecutar el software suministrado. Los datos de humedad relativa, temperatura y punto de roc\u00edo pueden imprimirse, graficarse y exportarse a otras aplicaciones.<\/p>\n<p style=\"text-align: justify;\">El registrador de datos se suministra con una bater\u00eda de litio de larga vida, que puede durar un a\u00f1o en operaci\u00f3n de registro. Este medidor se embarca probado y calibrado y con uso apropiado le proveer\u00e1 muchos a\u00f1os de servicio confiable.<\/p>\n<p style=\"text-align: justify;\"><em>Los datos de G\/kg (granos por kg \/ granos por libra) se pueden ver usando el software opcional de RHT10-SW.<\/em><\/p>\n<p>&nbsp;<\/p>\n<p style=\"text-align: justify;\"><strong>CARACTER\u00cdSTICAS:<\/strong><\/p>\n<ul>\n<li>Memoria para 32,000 lecturas (16,000 lecturas de temperatura y 16,000 lecturas de humedad).<\/li>\n<li>Indicaci\u00f3n de punto de roc\u00edo por medio de software WindowsTM<\/li>\n<li>Granos por la indicaci\u00f3n de la kg\/libra v\u00eda el software opcional de WindowsTM (orden RHT10-SW)<\/li>\n<li>Tasa ajustable de muestreo de datos: 2s, 5s, 10s, 30s, 1m, 5m, 10m, 30m, 1hr, 2hr, 3hr, 6hr, 12hr, 24hr<\/li>\n<li>Indicaci\u00f3n del estado mediante LED Rojo\/Amarillo y LED Verde<\/li>\n<li>Interfaz USB para configuraci\u00f3n y descarga de datos<\/li>\n<li>Umbrales de alarma programables por el usuario para humedad relativa y temperatura<\/li>\n<li>Larga vida de la bater\u00eda<\/li>\n<\/ul>\n<p>&nbsp;<\/p>\n<p><strong>DESCRIPCI\u00d3N:<\/strong><\/p>\n<p style=\"text-align: center;\"><img decoding=\"async\" src=\"https:\/\/www.h2otek.com\/tienda\/Images\/graficadores\/partes-graficador-extech.jpg\" alt=\"\" border=\"0\" \/><\/p>\n<p>&nbsp;<\/p>\n<p>&nbsp;<\/p>\n<p style=\"text-align: center;\"><strong>TABLA DE ESPECIFICACIONES<\/strong><\/p>\n<p style=\"text-align: center;\"><img decoding=\"async\" src=\"https:\/\/www.h2otek.com\/tienda\/Images\/graficadores\/especificaciones-graficadorusb-extech.jpg\" alt=\"\" border=\"0\" \/><\/p>\n<p>&nbsp;<\/p>\n<p>&nbsp;<\/p>\n<p style=\"text-align: center;\"><strong>GU\u00cdA DE LED INDICADORES DE ESTADO<\/strong><\/p>\n<p style=\"text-align: center;\"><img decoding=\"async\" src=\"https:\/\/www.h2otek.com\/tienda\/Images\/graficadores\/leds-graficador-extech.jpg\" alt=\"\" border=\"0\" \/><\/p>\n<p style=\"text-align: justify;\">* Para ahorrar energ\u00eda, el ciclo de destellos de los LED puede cambiarse a 20s o 30s con el software suministrado.<\/p>\n<p style=\"text-align: justify;\">** Para ahorrar energ\u00eda, puede desactivar los LED de alarma para temperatura y humedad con el software suministrado.<\/p>\n<p style=\"text-align: justify;\">***Cuando ambas lecturas, temperatura y humedad relativa exceden el nivel de alarma en sincron\u00eda, los LED indicadores de estados alternan cada ciclo.<\/p>\n<p style=\"text-align: justify;\">****Cuando la bater\u00eda est\u00e1 baja, todas las operaciones ser\u00e1n desactivadas autom\u00e1ticamente. NOTA: El registro para autom\u00e1ticamente cuando la bater\u00eda se debilita (los datos registrados son retenidos). Se requiere el software suministrado para reiniciar el registro y descargar los datos.<\/p>\n<p style=\"text-align: center;\"><img fetchpriority=\"high\" decoding=\"async\" src=\"https:\/\/www.h2otek.com\/tienda\/Images\/graficadores\/animacion-graficadorusb-extech.gif\" alt=\"\" width=\"500\" height=\"500\" border=\"0\" \/><\/p>\n<p>&nbsp;<\/p>\n<p><strong>DESCARGAR MANUALES:<\/strong><\/p>\n<ul>\n<li><a href=\"https:\/\/h2otek.com\/tienda\/pdf\/controlhumedad\/MANUAL%20DEL%20USUARIO%20SONDA%20TEMP%20Y%20HUMEDAD%20USB%20MOD.%20RHT10.pdf\" target=\"_blank\" rel=\"noopener\"><strong>MANUAL DEL USUARIO<\/strong><\/a><\/li>\n<\/ul>\n<p>&nbsp;<\/p>\n<div><span style=\"color: #000000;\"><strong>PRECIOS INCLUYE GASTOS DE ENVIO (GRATIS) E IMPUESTO 16% DE IVA<\/strong><\/span><\/div>\n","protected":false},"excerpt":{"rendered":"<p><span style=\"color: #ff0000;\"><strong>PRECIO EN D\u00d3LARES US.<\/strong><\/span><\/p>\n<p style=\"text-align: left;\"><span style=\"color: #000000;\"><span style=\"font-size: small;\"><strong>ESTE REGISTRADOR DE DATOS MIDE Y GUARDA HASTA 16,000 LECTURAS DE HUMEDAD RELATIVA.<\/strong><\/span><\/span><\/p>\n","protected":false},"featured_media":2432,"comment_status":"closed","ping_status":"closed","template":"","meta":[],"pwb-brand":[],"product_brand":[],"product_cat":[719,362,754],"product_tag":[],"class_list":{"0":"post-18928","1":"product","2":"type-product","3":"status-publish","4":"has-post-thumbnail","6":"product_cat-graficadores-y-medicion-humedad-y-temperatura","7":"product_cat-control-de-humedad-humidificadores-deshumidificadores","8":"product_cat-graficadores-humedad-y-temperatura","10":"first","11":"onbackorder","12":"purchasable","13":"product-type-simple"},"brands":[],"_links":{"self":[{"href":"https:\/\/h2otek.com\/tienda\/wp-json\/wp\/v2\/product\/18928","targetHints":{"allow":["GET"]}}],"collection":[{"href":"https:\/\/h2otek.com\/tienda\/wp-json\/wp\/v2\/product"}],"about":[{"href":"https:\/\/h2otek.com\/tienda\/wp-json\/wp\/v2\/types\/product"}],"replies":[{"embeddable":true,"href":"https:\/\/h2otek.com\/tienda\/wp-json\/wp\/v2\/comments?post=18928"}],"wp:featuredmedia":[{"embeddable":true,"href":"https:\/\/h2otek.com\/tienda\/wp-json\/wp\/v2\/media\/2432"}],"wp:attachment":[{"href":"https:\/\/h2otek.com\/tienda\/wp-json\/wp\/v2\/media?parent=18928"}],"wp:term":[{"taxonomy":"pwb-brand","embeddable":true,"href":"https:\/\/h2otek.com\/tienda\/wp-json\/wp\/v2\/pwb-brand?post=18928"},{"taxonomy":"product_brand","embeddable":true,"href":"https:\/\/h2otek.com\/tienda\/wp-json\/wp\/v2\/product_brand?post=18928"},{"taxonomy":"product_cat","embeddable":true,"href":"https:\/\/h2otek.com\/tienda\/wp-json\/wp\/v2\/product_cat?post=18928"},{"taxonomy":"product_tag","embeddable":true,"href":"https:\/\/h2otek.com\/tienda\/wp-json\/wp\/v2\/product_tag?post=18928"}],"curies":[{"name":"wp","href":"https:\/\/api.w.org\/{rel}","templated":true}]}}