{"id":18919,"date":"2021-07-06T21:19:57","date_gmt":"2021-07-06T21:19:57","guid":{"rendered":"https:\/\/h2otek.com\/tienda\/producto\/kit-de-anillo-de-nebulizacion-con-boquillas-12-x-28-de-diametro-marca-aeromist-modelo-65028-12k\/"},"modified":"2024-03-25T19:12:59","modified_gmt":"2024-03-25T19:12:59","slug":"kit-de-anillo-de-nebulizacion-con-boquillas-12-x-28-de-diametro-marca-aeromist-modelo-65028-12k","status":"publish","type":"product","link":"https:\/\/h2otek.com\/tienda\/producto\/kit-de-anillo-de-nebulizacion-con-boquillas-12-x-28-de-diametro-marca-aeromist-modelo-65028-12k\/","title":{"rendered":"KIT DE ANILLO DE NEBULIZACI\u00d3N CON BOQUILLAS (12) X 28&#8243; DE DI\u00c1METRO MARCA AEROMIST\u00ae MODELO 65028-12K"},"content":{"rendered":"<p><img fetchpriority=\"high\" decoding=\"async\" class=\"aligncenter size-full wp-image-22830\" src=\"https:\/\/h2otek.com\/tienda\/wp-content\/uploads\/2021\/07\/header-aeromist_kit_12_bq_28.jpg\" alt=\"\" width=\"550\" height=\"250\" srcset=\"https:\/\/h2otek.com\/tienda\/wp-content\/uploads\/2021\/07\/header-aeromist_kit_12_bq_28.jpg 550w, https:\/\/h2otek.com\/tienda\/wp-content\/uploads\/2021\/07\/header-aeromist_kit_12_bq_28-300x136.jpg 300w\" sizes=\"(max-width: 550px) 100vw, 550px\" \/><\/p>\n<p>&nbsp;<\/p>\n<p><strong>DESCRIPCI\u00d3N GENERAL DEL PRODUCTO:<\/strong><\/p>\n<p>Kit de anillo de nebulizaci\u00f3n de 12 boquillas x 28&#8243; de di\u00e1metro. Construcci\u00f3n de acero inoxidable de 3\/8&#8243; de di\u00e1metro exterior<\/p>\n<p>&nbsp;<\/p>\n<p style=\"text-align: center;\"><strong>KIT INCLUYE:<\/strong><\/p>\n<p><img decoding=\"async\" class=\"aligncenter size-full wp-image-22831\" src=\"https:\/\/h2otek.com\/tienda\/wp-content\/uploads\/2021\/07\/kitincluye-aeromist-kit_ring_12boq.gif\" alt=\"\" width=\"484\" height=\"140\" \/><\/p>\n<p>&nbsp;<\/p>\n<p>&nbsp;<\/p>\n<p><strong>\u00a0 DESCARGAR MANUALES<\/strong><\/p>\n<ul>\n<li>\u00a0<strong><a href=\"https:\/\/h2otek.com\/tienda\/pdf\/controlhumedad\/CATALOGO%20PRODUCTOS%20AEROMIST.pdf\" target=\"_blank\" rel=\"noopener\">CAT\u00c1LOGO PRODUCTOS AEROMIST\u00ae<\/a><\/strong><\/li>\n<li>\u00a0<strong><a href=\"https:\/\/h2otek.com\/tienda\/pdf\/controlhumedad\/MANUAL%20DEL%20USUARIO%20PRODUCTOS%20AEROMIST.pdf\" target=\"_blank\" rel=\"noopener\">MANUAL DEL USUARIO PRODUCTOS AEROMIST\u00ae<\/a><\/strong><\/li>\n<\/ul>\n<p>&nbsp;<\/p>\n<p><strong><br \/>\nPRECIO INCLUYE GASTOS DE ENVIO (GRATIS) E IMPUESTO 16% DE IVA<\/strong><\/p>\n","protected":false},"excerpt":{"rendered":"<p><span style=\"color: #ff0000;\"><strong>PRECIO EN D\u00d3LARES US.<\/strong><\/span><\/p>\n<p><strong><em>HUMIDIFICADORES IDEALES PARA:<\/em><\/strong><\/p>\n<ul>\n<li><strong><em>PATIOS<\/em><\/strong><\/li>\n<li><strong><em>JARDINES<\/em><\/strong><\/li>\n<li><strong><em>ESPACIOS SOCIALES<\/em><\/strong><\/li>\n<li><strong><em>ALMACENES<\/em><\/strong><\/li>\n<li><strong><em>PROCESOS<\/em><\/strong><\/li>\n<li><strong><em>LABORATORIOS<\/em><\/strong><\/li>\n<li><strong><em>CUARTOS DE PRUEBA<\/em><\/strong><\/li>\n<li><strong><em>COMERCIOS<\/em><\/strong><\/li>\n<li><strong><em>RESTAURANTES<\/em><\/strong><\/li>\n<li><strong><em>TERRAZAS<\/em><\/strong><\/li>\n<li><strong><em>INDUSTRIA EN GENERAL,\u00a0ETC.<\/em><\/strong><\/li>\n<\/ul>\n","protected":false},"featured_media":6062,"comment_status":"closed","ping_status":"closed","template":"","meta":[],"pwb-brand":[],"product_brand":[],"product_cat":[527],"product_tag":[],"class_list":{"0":"post-18919","1":"product","2":"type-product","3":"status-publish","4":"has-post-thumbnail","6":"product_cat-kits-de-anillo-de-niebla-retro","8":"first","9":"outofstock","10":"purchasable","11":"product-type-simple"},"brands":[],"_links":{"self":[{"href":"https:\/\/h2otek.com\/tienda\/wp-json\/wp\/v2\/product\/18919","targetHints":{"allow":["GET"]}}],"collection":[{"href":"https:\/\/h2otek.com\/tienda\/wp-json\/wp\/v2\/product"}],"about":[{"href":"https:\/\/h2otek.com\/tienda\/wp-json\/wp\/v2\/types\/product"}],"replies":[{"embeddable":true,"href":"https:\/\/h2otek.com\/tienda\/wp-json\/wp\/v2\/comments?post=18919"}],"wp:featuredmedia":[{"embeddable":true,"href":"https:\/\/h2otek.com\/tienda\/wp-json\/wp\/v2\/media\/6062"}],"wp:attachment":[{"href":"https:\/\/h2otek.com\/tienda\/wp-json\/wp\/v2\/media?parent=18919"}],"wp:term":[{"taxonomy":"pwb-brand","embeddable":true,"href":"https:\/\/h2otek.com\/tienda\/wp-json\/wp\/v2\/pwb-brand?post=18919"},{"taxonomy":"product_brand","embeddable":true,"href":"https:\/\/h2otek.com\/tienda\/wp-json\/wp\/v2\/product_brand?post=18919"},{"taxonomy":"product_cat","embeddable":true,"href":"https:\/\/h2otek.com\/tienda\/wp-json\/wp\/v2\/product_cat?post=18919"},{"taxonomy":"product_tag","embeddable":true,"href":"https:\/\/h2otek.com\/tienda\/wp-json\/wp\/v2\/product_tag?post=18919"}],"curies":[{"name":"wp","href":"https:\/\/api.w.org\/{rel}","templated":true}]}}