{"id":18916,"date":"2021-07-06T21:19:57","date_gmt":"2021-07-06T21:19:57","guid":{"rendered":"https:\/\/h2otek.com\/tienda\/producto\/calentador-de-agua-boiler-deposito-instantaneo-electrico-12-kw-220v-calorex-mod-eleva-12\/"},"modified":"2025-02-22T19:07:09","modified_gmt":"2025-02-22T19:07:09","slug":"calentador-de-agua-boiler-deposito-instantaneo-electrico-12-kw-220v-calorex-mod-eleva-12","status":"publish","type":"product","link":"https:\/\/h2otek.com\/tienda\/producto\/calentador-de-agua-boiler-deposito-instantaneo-electrico-12-kw-220v-calorex-mod-eleva-12\/","title":{"rendered":"CALENTADOR DE AGUA &#8211; BOILER DEP\u00d3SITO INSTANT\u00c1NEO EL\u00c9CTRICO 12 KW 220V CALOREX MOD. ELEVA 12\/3520232"},"content":{"rendered":"<p align=\"center\"><img fetchpriority=\"high\" decoding=\"async\" src=\"https:\/\/h2otek.com\/tienda\/img\/cms\/aguacaliente\/calorex\/instantaneo-electricos\/ELEVA\/header-calentadores-depositoelectrico-calorex-eleva-12.jpg\" alt=\"header-calentadores-depositoelectrico-ca\" width=\"650\" height=\"344\" \/><\/p>\n<p style=\"text-align: center;\"><strong>M\u00e1xima velocidad y confort al instante.\u00a0El confort m\u00e1s vers\u00e1til en su categor\u00eda.<\/strong><\/p>\n<p>Su calentador de agua Calorex El\u00e9ctrico, le proporciona el caudal de agua requerido a las temperaturas deseadas, justo en el sitio donde se necesita; cualquier lugar con restricciones de instalaciones de gas y ventilaci\u00f3n. Es muy importante que haya elegido el calentador de agua tomando en cuenta sus necesidades espec\u00edficas de agua caliente.<\/p>\n<p><strong>CARACTER\u00cdSTICAS GENERALES:<\/strong><\/p>\n<ul>\n<li>Calentador Instant\u00e1neo El\u00e9ctrico recomendado para 1-1\/2 servicios<\/li>\n<li>Dise\u00f1o compacto y ultra ligero, ideal para instalarse en lugares peque\u00f1os<\/li>\n<li>M\u00e1xima eficiencia, solo consume energ\u00eda al usar agua caliente<\/li>\n<li>Doble sistema de seguridad, bloquea el equipo por falta de agua o energ\u00eda (Sensor de temperatura y sobre-temperatura)<\/li>\n<li>Pr\u00e1ctico control de temperatura (potencia), cuenta con tres niveles para tener los ba\u00f1os m\u00e1s confortables<\/li>\n<li>LED indicador de temperatura seleccionada<\/li>\n<li>Ideal para instalarse en: est\u00e9ticas, pet-shop, consultorios, etc.<\/li>\n<li>La manera m\u00e1s r\u00e1pida y eficiente de tener agua caliente cuando quieras y donde quieras<\/li>\n<li>Modelos monof\u00e1sico; M\u00e1xima velocidad y confort al instante<\/li>\n<li>Probado bajo los m\u00e1s altos est\u00e1ndares de seguridad europeos<\/li>\n<li>Tensi\u00f3n nominal 220V<\/li>\n<li>Potencia nominal 12000W.<\/li>\n<\/ul>\n<p align=\"center\">\u00a0<strong>TABLA DE ESPECIFICACIONES<\/strong><\/p>\n<p align=\"center\"><img decoding=\"async\" src=\"https:\/\/h2otek.com\/tienda\/img\/cms\/aguacaliente\/calorex\/instantaneo-electricos\/ELEVA\/especificaciones-calentadores-depositoelectrico-calorex-eleva-12.gif\" alt=\"especificaciones-calentadores-depositoel\" width=\"650\" height=\"420\" \/><\/p>\n<p style=\"text-align: center;\">* 1 servicio equivale a una regadera de 4 L\/min; medio servicio equivale a un lavabo de 3L\/min<\/p>\n<p>&nbsp;<\/p>\n<p style=\"text-align: center;\"><strong>CONOZCA SU CALENTADOR<\/strong><\/p>\n<p style=\"text-align: center;\" align=\"center\"><img decoding=\"async\" src=\"https:\/\/h2otek.com\/tienda\/img\/cms\/aguacaliente\/calorex\/instantaneo-electricos\/ELEVA\/componentes1-calentadores-depositoelectrico-calorex-eleva.jpg\" alt=\"\" width=\"650\" height=\"412\" \/><\/p>\n<p style=\"text-align: center;\"><a href=\"https:\/\/h2otek.com\/tienda\/img\/cms\/aguacaliente\/calorex\/instantaneo-electricos\/ELEVA\/componentes2-calentadores-depositoelectrico-calorex-eleva.jpg\" target=\"_blank\" rel=\"noopener\"><img loading=\"lazy\" decoding=\"async\" src=\"https:\/\/h2otek.com\/tienda\/img\/cms\/aguacaliente\/calorex\/instantaneo-electricos\/ELEVA\/componentes2-calentadores-depositoelectrico-calorex-eleva.jpg\" alt=\"componentes2-calentadores-depositoelectr\" width=\"650\" height=\"337\" \/><\/a><\/p>\n<p style=\"text-align: center;\"><em>Clic para ampliar la imagen<\/em><\/p>\n<p>&nbsp;<\/p>\n<p>&nbsp;<\/p>\n<p style=\"text-align: center;\"><a href=\"https:\/\/h2otek.com\/tienda\/img\/cms\/aguacaliente\/calorex\/instantaneo-electricos\/ELEVA\/partes-calentadores-depositoelectrico-calorex-eleva.jpg\" target=\"_blank\" rel=\"noopener\"><img loading=\"lazy\" decoding=\"async\" src=\"https:\/\/h2otek.com\/tienda\/img\/cms\/aguacaliente\/calorex\/instantaneo-electricos\/ELEVA\/partes-calentadores-depositoelectrico-calorex-eleva.jpg\" alt=\"\" width=\"650\" height=\"366\" \/><\/a><\/p>\n<p style=\"text-align: center;\"><em>Clic para ampliar la imagen<\/em><\/p>\n<p>&nbsp;<\/p>\n<p style=\"text-align: center;\"><img loading=\"lazy\" decoding=\"async\" src=\"https:\/\/h2otek.com\/tienda\/img\/cms\/aguacaliente\/calorex\/instantaneo-electricos\/ELEVA\/garantia-calentadores-depositoelectrico-calorex-eleva.jpg\" alt=\"\" width=\"195\" height=\"200\" \/><\/p>\n<p style=\"text-align: center;\">*2 a\u00f1os y 1 a\u00f1os en partes el\u00e9ctricas y electr\u00f3nicas.<\/p>\n<p>&nbsp;<\/p>\n<p>&nbsp;<\/p>\n<p><span style=\"color: #4a4a4a;\"><strong>DESCARGAR MANUALES:<\/strong><\/span><\/p>\n<ul>\n<li><strong><a href=\"https:\/\/h2otek.com\/tienda\/img\/cms\/aguacaliente\/calorex\/instantaneo-electricos\/ELEVA\/MANUAL%20DEL%20USUARIO%20BOILER%20INSTANTANEO%20ELECTRICO%20ELEVA%20CALOREX.pdf\" target=\"_blank\" rel=\"noopener\">MANUAL DEL USUARIO<\/a><\/strong><\/li>\n<\/ul>\n","protected":false},"excerpt":{"rendered":"<p><span style=\"color: #ff0000; font-size: 12pt;\"><strong>PRECIO\u00a0EN PESOS MEXICANOS.<br \/>\nPRECIO INCLUYE 16 % DE I.V.A.<br \/>\nPRECIO INCLUYE ENVIO (ZONA CENTRO).<\/strong><\/span><\/p>\n<h5 style=\"text-align: left;\"><span style=\"color: #ac0000;\">Servicios Simult\u00e1neos:<br \/>\n1 1\/2 SERVICIO<\/span><\/h5>\n<h5 style=\"text-align: left;\"><span style=\"color: #ac0000;\"><img loading=\"lazy\" decoding=\"async\" src=\"https:\/\/h2otek.com\/tienda\/img\/cms\/aguacaliente\/calorex\/depaso\/icS-regaderaCX.png\" alt=\"\" width=\"52\" height=\"50\" \/><span style=\"color: #000000;\">\u00a0 1 Servicio = 1 regadera de 4 L\/min<\/span><\/span><\/h5>\n<h5><span style=\"color: #ac0000;\"><span style=\"color: #000000;\"><img loading=\"lazy\" decoding=\"async\" src=\"https:\/\/h2otek.com\/tienda\/img\/cms\/aguacaliente\/calorex\/depaso\/icS-lavamanosCX.png\" alt=\"\" width=\"52\" height=\"50\" \/>\u00a0 \u00bd Servicio = 1 lavabo de 3 L\/min<\/span><\/span><\/h5>\n<p>&nbsp;<\/p>\n<p><em><strong>APLICACIONES M\u00c1S\u00a0 COMUNES:<\/strong><\/em><\/p>\n<ul>\n<li><strong><em>CASAS<\/em><\/strong><\/li>\n<li><strong><em>RESIDENCIAS<\/em><\/strong><\/li>\n<li><strong><em>DEPARTAMENTOS<\/em><\/strong><\/li>\n<li><strong><em>CONDOMINIOS, ETC.<\/em><\/strong><\/li>\n<\/ul>\n","protected":false},"featured_media":4892,"comment_status":"closed","ping_status":"closed","template":"","meta":[],"pwb-brand":[],"product_brand":[],"product_cat":[359],"product_tag":[],"class_list":{"0":"post-18916","1":"product","2":"type-product","3":"status-publish","4":"has-post-thumbnail","6":"product_cat-230-volts-1-fase-de-paso-boilers-calentadores-de-agua","8":"first","9":"onbackorder","10":"purchasable","11":"product-type-simple"},"brands":[],"_links":{"self":[{"href":"https:\/\/h2otek.com\/tienda\/wp-json\/wp\/v2\/product\/18916","targetHints":{"allow":["GET"]}}],"collection":[{"href":"https:\/\/h2otek.com\/tienda\/wp-json\/wp\/v2\/product"}],"about":[{"href":"https:\/\/h2otek.com\/tienda\/wp-json\/wp\/v2\/types\/product"}],"replies":[{"embeddable":true,"href":"https:\/\/h2otek.com\/tienda\/wp-json\/wp\/v2\/comments?post=18916"}],"wp:featuredmedia":[{"embeddable":true,"href":"https:\/\/h2otek.com\/tienda\/wp-json\/wp\/v2\/media\/4892"}],"wp:attachment":[{"href":"https:\/\/h2otek.com\/tienda\/wp-json\/wp\/v2\/media?parent=18916"}],"wp:term":[{"taxonomy":"pwb-brand","embeddable":true,"href":"https:\/\/h2otek.com\/tienda\/wp-json\/wp\/v2\/pwb-brand?post=18916"},{"taxonomy":"product_brand","embeddable":true,"href":"https:\/\/h2otek.com\/tienda\/wp-json\/wp\/v2\/product_brand?post=18916"},{"taxonomy":"product_cat","embeddable":true,"href":"https:\/\/h2otek.com\/tienda\/wp-json\/wp\/v2\/product_cat?post=18916"},{"taxonomy":"product_tag","embeddable":true,"href":"https:\/\/h2otek.com\/tienda\/wp-json\/wp\/v2\/product_tag?post=18916"}],"curies":[{"name":"wp","href":"https:\/\/api.w.org\/{rel}","templated":true}]}}