{"id":18914,"date":"2021-07-06T21:19:57","date_gmt":"2021-07-06T21:19:57","guid":{"rendered":"https:\/\/h2otek.com\/tienda\/producto\/deshumidificador-desecante-cap-36-pintas-110v-marca-ebac-mod-dd200\/"},"modified":"2026-01-26T21:14:24","modified_gmt":"2026-01-26T21:14:24","slug":"deshumidificador-desecante-cap-36-pintas-110v-marca-ebac-mod-dd200","status":"publish","type":"product","link":"https:\/\/h2otek.com\/tienda\/producto\/deshumidificador-desecante-cap-36-pintas-110v-marca-ebac-mod-dd200\/","title":{"rendered":"DESHUMIDIFICADOR DESECANTE INDUSTRIAL CAP. 36 PINTAS 110V. MARCA EBAC MOD. DD200"},"content":{"rendered":"<p style=\"text-align: center;\"><img decoding=\"async\" src=\"https:\/\/www.h2otek.com\/tienda\/Images\/deshumidificadores\/deshumidificadorebac-dd200.jpg\" alt=\"\" border=\"0\" \/><\/p>\n<p style=\"text-align: justify;\">Los deshumidificadores son necesarios siempre que haya la necesidad de reducir el nivel de humedad para evitar la corrosi\u00f3n, crecimiento de moho y la condensaci\u00f3n o mantener una condici\u00f3n de baja humedad durante la fabricaci\u00f3n, envasado o almacenamiento de productos higrosc\u00f3picos.<\/p>\n<p style=\"text-align: justify;\"><strong>M\u00e9todos de deshumidificaci\u00f3n<\/strong>: en la deshumidificaci\u00f3n es posible utilizar uno de los dos principios, la condensaci\u00f3n con el estilo de refrigeraci\u00f3n deshumidificadores y <a href=\"http:\/\/es.wikipedia.org\/wiki\/Adsorci%C3%B3n\" target=\"_blank\" rel=\"noopener\">adsorci\u00f3n<\/a> con deshumidificadores desecantes.<\/p>\n<p style=\"text-align: justify;\">Los deshumidificadores desecantes funcionan excepcionalmente bien cuando se usa en climas m\u00e1s fr\u00edos, o cuando un punto de roc\u00edo es bajo, secando profundo o bajos niveles de humedad.\u00a0 Su funcionamiento es simple pero muy eficaz y fiable.<\/p>\n<p style=\"text-align: justify;\">EIPL es l\u00edder en Europa fabricante de los deshumidificadores y es un nombre que puede confiar. No importa cu\u00e1n extrema es la la eficiencia de las condiciones de EIPL enfrenta con comodidad incluso en las temperaturas m\u00e1s fr\u00edas.<\/p>\n<p style=\"text-align: justify;\">El DD200 es el deshumidificador desecante m\u00e1s peque\u00f1o dentro de la gama EIPL. Es compacto, robusto, dise\u00f1o ligero facilita el transporte f\u00e1cil por una persona y se acomoda f\u00e1cilmente dentro espacio en las zonas restringidas. La unidad incorpora un calentador PTC asegurar secado m\u00e1xima es de inmediato alcanzado y mantiene constantemente, mientras que la unidad est\u00e1 funcionando.<\/p>\n<p style=\"text-align: left;\"><strong>APLICACIONES:<\/strong><\/p>\n<ul style=\"text-align: left;\">\n<li>Oficinas<\/li>\n<li>Tiendas<\/li>\n<li>Restaurantes<\/li>\n<li>Almacenes<\/li>\n<li>S\u00f3tanos<\/li>\n<li>F\u00e1bricas<\/li>\n<li>\u00c1reas farmac\u00e9uticas<\/li>\n<li>La industria de defensa<\/li>\n<li>Productos de confiter\u00eda<\/li>\n<li>Laboratorios<\/li>\n<li>M\u00e9dicos<\/li>\n<li>Industria Alimenticia<\/li>\n<li>Agricultura<\/li>\n<li>C\u00e1maras Frigor\u00edficas<\/li>\n<li>Hospitales<\/li>\n<li>Hoteles<\/li>\n<li>Estadios<\/li>\n<li>Barcos<\/li>\n<\/ul>\n<p style=\"text-align: left;\"><strong>CARACTER\u00cdSTICAS:<\/strong><\/p>\n<ul>\n<li>Construcci\u00f3n de acero inoxidable<\/li>\n<li>Auto \/ Selecci\u00f3n del modo manual<\/li>\n<li>Controles Electr\u00f3nicos<\/li>\n<li>Gran capacidad de calentador PTC<\/li>\n<li>Mando a distancia<\/li>\n<li>Humidistat Fondo<\/li>\n<li>Operaci\u00f3n a baja temperatura<\/li>\n<li>Amper\u00edmetro<\/li>\n<li>1 a\u00f1o de garant\u00eda sobre cualquier defecto de fabricaci\u00f3n<\/li>\n<\/ul>\n<p style=\"text-align: left;\"><strong>ESPECIFICACIONES:<\/strong><\/p>\n<ul style=\"text-align: left;\">\n<li>Encendido\/Apagado<\/li>\n<li>Controles Electr\u00f3nicos<\/li>\n<li>Manual \/ autom\u00e1tico<\/li>\n<li>Selecci\u00f3n Humedad<\/li>\n<li>Sensor Remoto<\/li>\n<li>Horas de funcionamiento del medidor<\/li>\n<li>Enchufe instalado<\/li>\n<li>Ventilador de 1 velocidad<\/li>\n<li>Alta capacidad de calentador<\/li>\n<li>PTC Proceso \/ Regeneraci\u00f3n<\/li>\n<li>Filtro de aire de goma antivibraci\u00f3n<\/li>\n<li>Pies dise\u00f1o \u00fanico<\/li>\n<li>Entrada de aire Independientes<\/li>\n<li>Higrostato<\/li>\n<li>Asas de transporte<\/li>\n<li>Construcci\u00f3n de acero inoxidable<\/li>\n<\/ul>\n<p style=\"text-align: center;\"><strong><span style=\"color: #000000;\">TABLA DE ESPECIFICACIONES:<\/span><\/strong><\/p>\n<div class=\"WordSection1\" style=\"text-align: left;\">\n<table class=\"MsoTableLightShadingAccent1\" style=\"margin-left: 42.55pt; border-collapse: collapse; height: 397px;\" border=\"1\" cellspacing=\"0\" cellpadding=\"0\">\n<tbody>\n<tr style=\"height: 16.65pt;\">\n<td style=\"width: 50.6pt; padding: 0cm 5.4pt; height: 16.65pt;\" valign=\"top\" width=\"67\">\n<p class=\"MsoNormal\" style=\"margin-bottom: .0001pt; text-align: center; line-height: normal;\" align=\"center\"><strong><span style=\"font-size: 10pt; color: #000000;\">DESHUMIDIFICADOR \u00a0<\/span><\/strong><\/p>\n<\/td>\n<td style=\"width: 93.15pt; padding: 0cm 5.4pt; height: 16.65pt;\" valign=\"top\" width=\"124\">\n<p class=\"MsoNormal\" style=\"margin-bottom: .0001pt; line-height: normal; text-align: center;\"><strong><span style=\"color: #000000;\">\u00a0 <\/span><\/strong><strong><span style=\"font-size: 10pt; color: #000000;\">MODELO DD-200<br \/>\n<\/span><\/strong><\/p>\n<\/td>\n<\/tr>\n<tr style=\"height: 16.65pt;\">\n<td style=\"width: 50.6pt; background: #d3dfee none repeat scroll 0% 0%; padding: 0cm 5.4pt; height: 16.65pt;\" valign=\"top\" width=\"67\">\n<p class=\"MsoNormal\" style=\"margin-bottom: .0001pt; line-height: normal;\"><strong><span style=\"font-size: 8pt;\">Altura<\/span><\/strong><\/p>\n<\/td>\n<td style=\"width: 93.15pt; background: #d3dfee none repeat scroll 0% 0%; padding: 0cm 5.4pt; height: 16.65pt;\" valign=\"top\" width=\"124\">\n<p class=\"MsoNormal\" style=\"margin-bottom: .0001pt; line-height: normal;\"><span style=\"color: #000000;\">13.3 pulgadas<br \/>\n<\/span><\/p>\n<\/td>\n<\/tr>\n<tr style=\"height: 16.65pt;\">\n<td style=\"width: 50.6pt; padding: 0cm 5.4pt; height: 16.65pt;\" valign=\"top\" width=\"67\">\n<p class=\"MsoNormal\" style=\"margin-bottom: .0001pt; line-height: normal;\"><strong><span style=\"font-size: 8pt;\">Ancho<\/span><\/strong><\/p>\n<\/td>\n<td style=\"width: 93.15pt; padding: 0cm 5.4pt; height: 16.65pt;\" valign=\"top\" width=\"124\">\n<p class=\"MsoNormal\" style=\"margin-bottom: .0001pt; line-height: normal;\"><span style=\"color: #000000;\">13 pulgadas<br \/>\n<\/span><\/p>\n<\/td>\n<\/tr>\n<tr style=\"height: 16.65pt;\">\n<td style=\"width: 50.6pt; background: #d3dfee none repeat scroll 0% 0%; padding: 0cm 5.4pt; height: 16.65pt;\" valign=\"top\" width=\"67\">\n<p class=\"MsoNormal\" style=\"margin-bottom: .0001pt; line-height: normal;\"><strong><span style=\"font-size: 8pt;\">Profundidad<\/span><\/strong><\/p>\n<\/td>\n<td style=\"width: 93.15pt; background: #d3dfee none repeat scroll 0% 0%; padding: 0cm 5.4pt; height: 16.65pt;\" valign=\"top\" width=\"124\">\n<p class=\"MsoNormal\" style=\"margin-bottom: .0001pt; line-height: normal;\"><span style=\"color: #000000;\">15 pulgadas<br \/>\n<\/span><\/p>\n<\/td>\n<\/tr>\n<tr style=\"height: 16.65pt;\">\n<td style=\"width: 50.6pt; padding: 0cm 5.4pt; height: 16.65pt;\" valign=\"top\" width=\"67\">\n<p class=\"MsoNormal\" style=\"margin-bottom: .0001pt; line-height: normal;\"><strong><span style=\"font-size: 8pt;\">Peso<\/span><\/strong><\/p>\n<\/td>\n<td style=\"width: 93.15pt; padding: 0cm 5.4pt; height: 16.65pt;\" valign=\"top\" width=\"124\">\n<p class=\"MsoNormal\" style=\"margin-bottom: .0001pt; line-height: normal;\"><span style=\"color: #000000;\">17 kg<\/span><\/p>\n<\/td>\n<\/tr>\n<tr style=\"height: 15.95pt;\">\n<td style=\"width: 50.6pt; background: #d3dfee none repeat scroll 0% 0%; padding: 0cm 5.4pt; height: 15.95pt;\" valign=\"top\" width=\"67\">\n<p class=\"MsoNormal\" style=\"margin-bottom: .0001pt; line-height: normal;\"><strong><span style=\"font-size: 8pt;\">Voltaje<\/span><\/strong><\/p>\n<\/td>\n<td style=\"width: 93.15pt; background: #d3dfee none repeat scroll 0% 0%; padding: 0cm 5.4pt; height: 15.95pt;\" valign=\"top\" width=\"124\">\n<p class=\"MsoNormal\" style=\"margin-bottom: .0001pt; line-height: normal;\"><span style=\"color: #000000;\">110 V<\/span><\/p>\n<\/td>\n<\/tr>\n<tr style=\"height: 16.65pt;\">\n<td style=\"width: 50.6pt; padding: 0cm 5.4pt; height: 16.65pt;\" valign=\"top\" width=\"67\">\n<p class=\"MsoNormal\" style=\"margin-bottom: .0001pt; line-height: normal;\"><strong><span style=\"font-size: 8pt;\">Fase<\/span><\/strong><\/p>\n<\/td>\n<td style=\"width: 93.15pt; padding: 0cm 5.4pt; height: 16.65pt;\" valign=\"top\" width=\"124\">\n<p class=\"MsoNormal\" style=\"margin-bottom: .0001pt; line-height: normal;\"><span style=\"color: #000000;\">1<\/span><\/p>\n<\/td>\n<\/tr>\n<tr style=\"height: 16.65pt;\">\n<td style=\"width: 50.6pt; background: #d3dfee none repeat scroll 0% 0%; padding: 0cm 5.4pt; height: 16.65pt;\" valign=\"top\" width=\"67\">\n<p class=\"MsoNormal\" style=\"margin-bottom: .0001pt; line-height: normal;\"><strong><span style=\"font-size: 8pt;\">Frecuencia<\/span><\/strong><\/p>\n<\/td>\n<td style=\"width: 93.15pt; background: #d3dfee none repeat scroll 0% 0%; padding: 0cm 5.4pt; height: 16.65pt;\" valign=\"top\" width=\"124\">\n<p class=\"MsoNormal\" style=\"margin-bottom: .0001pt; line-height: normal;\"><span style=\"color: #000000;\">60 Hz<\/span><\/p>\n<\/td>\n<\/tr>\n<tr style=\"height: 16.65pt;\">\n<td style=\"width: 50.6pt; padding: 0cm 5.4pt; height: 16.65pt;\" valign=\"top\" width=\"67\">\n<p class=\"MsoNormal\" style=\"margin-bottom: .0001pt; line-height: normal;\"><strong><span style=\"font-size: 8pt;\">Corrient<span style=\"color: #000000;\">e<\/span><\/span><\/strong><\/p>\n<\/td>\n<td style=\"width: 93.15pt; padding: 0cm 5.4pt; height: 16.65pt;\" valign=\"top\" width=\"124\">\n<p class=\"MsoNormal\" style=\"margin-bottom: .0001pt; line-height: normal;\"><span style=\"color: #000000;\">7.5 A<\/span><\/p>\n<\/td>\n<\/tr>\n<tr style=\"height: 16.65pt;\">\n<td style=\"width: 50.6pt; background: #d3dfee none repeat scroll 0% 0%; padding: 0cm 5.4pt; height: 16.65pt;\" valign=\"top\" width=\"67\">\n<p class=\"MsoNormal\" style=\"margin-bottom: .0001pt; line-height: normal;\"><strong><span style=\"font-size: 8pt;\">Potencia<\/span><\/strong><\/p>\n<\/td>\n<td style=\"width: 93.15pt; background: #d3dfee none repeat scroll 0% 0%; padding: 0cm 5.4pt; height: 16.65pt;\" valign=\"top\" width=\"124\">\n<p class=\"MsoNormal\" style=\"margin-bottom: .0001pt; line-height: normal;\"><span style=\"color: #000000;\">0.8 kW<\/span><\/p>\n<\/td>\n<\/tr>\n<tr style=\"height: 16.65pt;\">\n<td style=\"width: 50.6pt; padding: 0cm 5.4pt; height: 16.65pt;\" valign=\"top\" width=\"67\">\n<p class=\"MsoNormal\" style=\"margin-bottom: .0001pt; line-height: normal;\"><strong><span style=\"font-size: 8pt;\">Flujo de aire<\/span><\/strong><\/p>\n<\/td>\n<td style=\"width: 93.15pt; padding: 0cm 5.4pt; height: 16.65pt;\" valign=\"top\" width=\"124\">\n<p class=\"MsoNormal\" style=\"margin-bottom: .0001pt; line-height: normal;\"><span style=\"color: #000000;\">115 cfm 196m3\/hr<\/span><\/p>\n<\/td>\n<\/tr>\n<tr style=\"height: 16.65pt;\">\n<td style=\"width: 50.6pt; background: #d3dfee none repeat scroll 0% 0%; padding: 0cm 5.4pt; height: 16.65pt;\" valign=\"top\" width=\"67\">\n<p class=\"MsoNormal\" style=\"margin-bottom: .0001pt; line-height: normal;\"><strong><span style=\"font-size: 8pt;\">Nivel de ruido<\/span><\/strong><\/p>\n<\/td>\n<td style=\"width: 93.15pt; background: #d3dfee none repeat scroll 0% 0%; padding: 0cm 5.4pt; height: 16.65pt;\" valign=\"top\" width=\"124\">\n<p class=\"MsoNormal\" style=\"margin-bottom: .0001pt; line-height: normal;\"><span style=\"color: #000000;\">67 <span class=\"SpellE\">dba<\/span><\/span><\/p>\n<\/td>\n<\/tr>\n<tr style=\"height: 16.65pt;\">\n<td style=\"width: 50.6pt; padding: 0cm 5.4pt; height: 16.65pt;\" valign=\"top\" width=\"67\">\n<p class=\"MsoNormal\" style=\"margin-bottom: .0001pt; line-height: normal;\"><strong><span style=\"font-size: 8pt;\">Rph<\/span><\/strong><\/p>\n<\/td>\n<td style=\"width: 93.15pt; padding: 0cm 5.4pt; height: 16.65pt;\" valign=\"top\" width=\"124\">20<\/td>\n<\/tr>\n<tr style=\"height: 16.65pt;\">\n<td style=\"width: 50.6pt; background: #d3dfee none repeat scroll 0% 0%; padding: 0cm 5.4pt; height: 16.65pt;\" valign=\"top\" width=\"67\">\n<p class=\"MsoNormal\" style=\"margin-bottom: .0001pt; line-height: normal;\"><span class=\"SpellE\"><strong><span style=\"font-size: 8pt;\">Regeneracion de aire<\/span><\/strong><\/span><strong><span style=\"font-size: 8pt; color: #000000;\"><br \/>\n<\/span><\/strong><\/p>\n<\/td>\n<td style=\"width: 93.15pt; background: #d3dfee none repeat scroll 0% 0%; padding: 0cm 5.4pt; height: 16.65pt;\" valign=\"top\" width=\"124\">\n<p class=\"MsoNormal\" style=\"margin-bottom: .0001pt; line-height: normal;\"><span style=\"color: #000000;\">2,75 pulgadas<br \/>\n<\/span><\/p>\n<\/td>\n<\/tr>\n<tr style=\"height: 16.65pt;\">\n<td style=\"width: 50.6pt; padding: 0cm 5.4pt; height: 16.65pt;\" valign=\"top\" width=\"67\">\n<p class=\"MsoNormal\" style=\"margin-bottom: .0001pt; line-height: normal;\"><strong><span style=\"font-size: 8pt;\">T\u00edpico de extracci\u00f3n<\/span><\/strong><\/p>\n<\/td>\n<td style=\"width: 93.15pt; padding: 0cm 5.4pt; height: 16.65pt;\" valign=\"top\" width=\"124\">\n<p class=\"MsoNormal\" style=\"margin-bottom: .0001pt; line-height: normal;\"><span style=\"color: #000000;\">36 <span class=\"SpellE\">ppd<\/span><\/span><\/p>\n<\/td>\n<\/tr>\n<tr style=\"height: 16.65pt;\">\n<td style=\"width: 50.6pt; background: #d3dfee none repeat scroll 0% 0%; padding: 0cm 5.4pt; height: 16.65pt;\" valign=\"top\" width=\"67\">\n<p class=\"MsoNormal\" style=\"margin-bottom: .0001pt; line-height: normal;\"><strong><span style=\"font-size: 8pt;\">Temperatura m\u00ednima de <span class=\"SpellE\">funcionamento<\/span><\/span><\/strong><\/p>\n<\/td>\n<td style=\"width: 93.15pt; background: #d3dfee none repeat scroll 0% 0%; padding: 0cm 5.4pt; height: 16.65pt;\" valign=\"top\" width=\"124\">\n<p class=\"MsoNormal\" style=\"margin-bottom: .0001pt; line-height: normal;\"><span style=\"color: #000000;\">20\u00ba C<\/span><\/p>\n<\/td>\n<\/tr>\n<tr style=\"height: 16.65pt;\">\n<td style=\"width: 50.6pt; padding: 0cm 5.4pt; height: 16.65pt;\" valign=\"top\" width=\"67\">\n<p class=\"MsoNormal\" style=\"margin-bottom: .0001pt; line-height: normal;\"><strong><span style=\"font-size: 8pt;\">Temperatura m\u00e1xima de funcionamiento<\/span><\/strong><\/p>\n<\/td>\n<td style=\"width: 93.15pt; padding: 0cm 5.4pt; height: 16.65pt;\" valign=\"top\" width=\"124\">\n<p class=\"MsoNormal\" style=\"margin-bottom: .0001pt; line-height: normal;\"><span style=\"color: #000000;\">40\u00ba C<\/span><\/p>\n<\/td>\n<\/tr>\n<\/tbody>\n<\/table>\n<p class=\"MsoNormal\" style=\"text-align: center;\">\n<\/div>\n<p style=\"text-align: center;\"><strong>FUNCIONAMIENTO:<\/strong><\/p>\n<p style=\"text-align: center;\"><img decoding=\"async\" src=\"https:\/\/www.h2otek.com\/tienda\/Images\/deshumidificadores\/funcionamiento-dd300.jpg\" alt=\"\" border=\"0\" \/><\/p>\n<p style=\"text-align: justify;\">El aire (Air proceso) se introduce en el deshumidificador, donde se pasa por encima de una rueda impregnada de silic\u00f3n en gel. A medida que el aire pasa por esta rueda, cualquier humedad presente en el aire es absorbido por el gel de silic\u00f3n de la rueda antes de abandonar el deshumidificador de aire c\u00e1lido y seco. La rueda de gel de silic\u00f3n contin\u00faa girando lentamente, por lo general en tres revoluciones por hora. A medida que la rueda gira, una peque\u00f1a parte pasa a trav\u00e9s de la la regeneraci\u00f3n del segmento. Durante esta fase, una segunda corriente de aire (aire de regeneraci\u00f3n) se calienta a una alta temperatura antes de pasar sobre la rueda. Cualquier humedad presente en la rueda se libera en esta corriente de aire, el aire h\u00famedo caliente se agota fuera del \u00e1rea se esta secandose.<\/p>\n<p style=\"text-align: justify;\"><strong>\u00bfPOR QU\u00c9 ELEGIR EIPL? <\/strong><br \/>\nEIPL es el fabricante l\u00edder en Europa de deshumidificadores y es un nombre que puede confiar. No importa qu\u00e9 tan extrema de las condiciones de eficiencia EIPL enfrenta c\u00f3modamente incluso a las temperaturas m\u00e1s fr\u00edas.<\/p>\n<p style=\"text-align: justify;\"><strong>CONSTRUCCI\u00d3N ROBUSTA Y A\u00d1OS DE SERVICIO<\/strong><br \/>\nM\u00e1s de treinta y siete a\u00f1os de experiencia en desarrollo significa que usted puede confiar en la trayectoria de la gama de deshumidificadores EIP. Cada deshumidificador est\u00e1 dise\u00f1ado para la eficiencia y robustez, y construido para durar. La popularidad de la EIP Ltd deshumidificadores con el comercio de alquiler de maquinaria habla por su fiabilidad, portabilidad y durabilidad excepcional.<\/p>\n<p style=\"text-align: justify;\"><strong>DD200<\/strong><br \/>\nEl DD200 es m\u00e1s peque\u00f1o que el deshumidificador desecante dentro de la gama EIPL. Su dise\u00f1o compacto, robusto y ligero facilita el transporte f\u00e1cil por una persona y se acomoda f\u00e1cilmente dentro de las \u00e1reas de espacio restringido. La unidad incorpora un calentador PTC asegurar un secado m\u00e1xima se alcanza de inmediato y mantiene constantemente mientras la unidad est\u00e1 en funcionamiento.<\/p>\n<p style=\"text-align: justify;\">Adem\u00e1s de la ejecuci\u00f3n metros horas, que muestra las unidades de tiempo de funcionamiento, un amper\u00edmetro se incorpora tambi\u00e9n con el fin de controlar la eficacia de las unidades de secado.<\/p>\n<p style=\"text-align: justify;\">El Control manual\/Autom\u00e1tico es una caracter\u00edstica est\u00e1ndar en la gama de deshumidificadores desecantes DD, y un humidistato remoto puede r\u00e1pida y f\u00e1cilmente conectarse para funcionamiento autom\u00e1tico y control.<\/p>\n<p style=\"text-align: justify;\">El rango de EIP de deshumidificadores desecantes DD son fabricados a partir de un acero inoxidable de alta calidad, asegurando un producto libre de \u00f3xido cuando se utiliza en la m\u00e1s severa de las aplicaciones Los conectores de espiga permiten una instalaci\u00f3n r\u00e1pida y f\u00e1cil. Todos los modelos incorporan un rotor de alta eficiencia PPS patentado. Este dise\u00f1o incorpora un gel de 82% de s\u00edlice activa para garantizar un rendimiento \u00f3ptimo en todo el rango operativo de equipos variedad de entornos. Todos los rotores desecantes suministrados por EIPL son lavables, y dise\u00f1ado para alto rendimiento\/duraci\u00f3n.<\/p>\n<p>&nbsp;<\/p>\n<p>&nbsp;<\/p>\n<p style=\"text-align: center;\"><strong>INSTALACIONES T\u00cdPICAS:<\/strong><\/p>\n<p style=\"text-align: center;\"><a href=\"http:\/\/www.h2otek.com\/tienda\/Images\/deshumidificadores\/instalaciontipica-deshum-dd200ydd300-gde.jpg\" target=\"_blank\" rel=\"noopener\"><img decoding=\"async\" src=\"https:\/\/www.h2otek.com\/tienda\/Images\/deshumidificadores\/instalaciontipica-deshum-dd200ydd300-small.jpg\" alt=\"\" border=\"0\" \/><\/a><\/p>\n<p style=\"text-align: center;\">(Clic para agrandar imagen)<\/p>\n<p>&nbsp;<\/p>\n<p><strong>DESCARGAR MANUALES<\/strong><\/p>\n<ul>\n<li><strong><a href=\"http:\/\/www.h2otek.com\/tienda\/pdf\/controlhumedad\/DESHUMIDIFICADOR_DESECANTE_CAP_36_PINTAS_110V_MARCA_EBAC_MOD_DD_200.pdf\" target=\"_blank\" rel=\"noopener\">FOLLETO<\/a><\/strong><\/li>\n<li><strong><a href=\"http:\/\/www.h2otek.com\/tienda\/pdf\/controlhumedad\/MANUAL_DESHUMIDIFICADOR_DESECANTE_CAP_36_PINTAS_110V_MARCA_EBAC_MOD_DD_200.pdf\" target=\"_blank\" rel=\"noopener\">MANUAL DEL USUARIO<\/a><\/strong><\/li>\n<li><strong><a href=\"http:\/\/www.h2otek.com\/tienda\/pdf\/controlhumedad\/DIAGRAMA_DE_CABLEADO_DESHUMIDIFICADOR_DESECANTE_CAP_36_PINTAS_110V_MARCA_EBAC_MOD_DD_200.pdf\" target=\"_blank\" rel=\"noopener\">DIAGRAMA DE CABLEADO<\/a><\/strong><\/li>\n<li><strong><a href=\"http:\/\/www.h2otek.com\/tienda\/pdf\/controlhumedad\/ESQUEMA_CABLEADO_DESHUMIDIFICADOR_138_PINTAS_220_VOLTS_1_FASE_ESTACIONARIO_MARCA_EBAC_MOD_CD200.pdf\" target=\"_blank\" rel=\"noopener\">ESQUEMA DE CABLEADO<\/a><\/strong><\/li>\n<li><strong><a href=\"https:\/\/h2otek.com\/tienda\/110-volts-deshumidificadores-desecantes-en-acero-inoxidable\/pdf\/controlhumedad\/INSTALACIONES%20TIPICAS%20DESHUMIDIFICADORES%20DESECANTES%20EBAC%20MODELOS%20DD200-DD300-DD400.pdf\" target=\"_blank\" rel=\"noopener\">INSTALACIONES T\u00cdPICAS<\/a><\/strong><\/li>\n<\/ul>\n<div style=\"text-align: left;\"><\/div>\n<p style=\"text-align: left;\"><span style=\"color: #000000;\"><strong>PRECIOS INCLUYE GASTOS DE ENVIO (GRATIS) E IMPUESTO 16% DE IVA<\/strong><\/span><\/p>\n","protected":false},"excerpt":{"rendered":"<p><span style=\"color: #ff0000;\"><strong>PRECIO EN D\u00d3LARES US.<br \/>\n<\/strong><strong>PRECIO INCLUYE 16 % DE I.V.A.<br \/>\n<\/strong><strong>PRECIO INCLUYE ENVIO (ZONA CENTRO).<\/strong>\u00a0<\/span><\/p>\n<p style=\"text-align: left;\"><span style=\"color: #000000;\"><em><span style=\"font-size: small;\"><strong>DESHUMIDIFICADORES DESECANTES IDEALES PARA LOS ESPACIOS EN:<\/strong><\/span><\/em><\/span><\/p>\n<ul>\n<li><span style=\"color: #000000;\"><em><span style=\"font-size: small;\"><strong> ALMACEN<\/strong><\/span><\/em><\/span><\/li>\n<li><span style=\"color: #000000;\"><em><span style=\"font-size: small;\"><strong>S\u00d3TANOS<\/strong><\/span><\/em><\/span><\/li>\n<li><span style=\"color: #000000;\"><em><span style=\"font-size: small;\"><strong>F\u00c1BRICAS<\/strong><\/span><\/em><\/span><\/li>\n<li><span style=\"color: #000000;\"><em><span style=\"font-size: small;\"><strong>RESTAURACI\u00d3N DE DA\u00d1OS<\/strong><\/span><\/em><\/span><\/li>\n<li><span style=\"color: #000000;\"><em><span style=\"font-size: small;\"><strong>PABELLONES DEPORTIV<\/strong><\/span><span style=\"font-size: small;\"><strong>OS<\/strong><\/span><\/em><\/span><\/li>\n<li><span style=\"color: #000000;\"><em><span style=\"font-size: small;\"><strong>\u00c1REAS DE ALMACENAMIENTO<\/strong><\/span><\/em><\/span><\/li>\n<li><span style=\"color: #000000;\"><em><span style=\"font-size: small;\"><strong>LABORATORIOS<\/strong><\/span><\/em><\/span><\/li>\n<li><span style=\"color: #000000;\"><em><span style=\"font-size: small;\"><strong>ETC.<\/strong><\/span><\/em><\/span><\/li>\n<\/ul>\n<p>&nbsp;<\/p>\n<p style=\"text-align: left;\"><span style=\"font-size: small; color: #000000;\"><em><strong>RECOMENADOS PARA TRABAJAR EN NECESIDADES DE BAJO PORCENTAJE DE HUMEDAD Y\/O BAJAS TEMPERATURAS.<\/strong><\/em><\/span><\/p>\n","protected":false},"featured_media":28034,"comment_status":"closed","ping_status":"closed","template":"","meta":[],"pwb-brand":[],"product_brand":[],"product_cat":[563],"product_tag":[],"class_list":{"0":"post-18914","1":"product","2":"type-product","3":"status-publish","4":"has-post-thumbnail","6":"product_cat-110-volts-deshumidificadores-desecantes-en-acero-inoxidable","8":"first","9":"onbackorder","10":"purchasable","11":"product-type-simple"},"brands":[],"_links":{"self":[{"href":"https:\/\/h2otek.com\/tienda\/wp-json\/wp\/v2\/product\/18914","targetHints":{"allow":["GET"]}}],"collection":[{"href":"https:\/\/h2otek.com\/tienda\/wp-json\/wp\/v2\/product"}],"about":[{"href":"https:\/\/h2otek.com\/tienda\/wp-json\/wp\/v2\/types\/product"}],"replies":[{"embeddable":true,"href":"https:\/\/h2otek.com\/tienda\/wp-json\/wp\/v2\/comments?post=18914"}],"wp:featuredmedia":[{"embeddable":true,"href":"https:\/\/h2otek.com\/tienda\/wp-json\/wp\/v2\/media\/28034"}],"wp:attachment":[{"href":"https:\/\/h2otek.com\/tienda\/wp-json\/wp\/v2\/media?parent=18914"}],"wp:term":[{"taxonomy":"pwb-brand","embeddable":true,"href":"https:\/\/h2otek.com\/tienda\/wp-json\/wp\/v2\/pwb-brand?post=18914"},{"taxonomy":"product_brand","embeddable":true,"href":"https:\/\/h2otek.com\/tienda\/wp-json\/wp\/v2\/product_brand?post=18914"},{"taxonomy":"product_cat","embeddable":true,"href":"https:\/\/h2otek.com\/tienda\/wp-json\/wp\/v2\/product_cat?post=18914"},{"taxonomy":"product_tag","embeddable":true,"href":"https:\/\/h2otek.com\/tienda\/wp-json\/wp\/v2\/product_tag?post=18914"}],"curies":[{"name":"wp","href":"https:\/\/api.w.org\/{rel}","templated":true}]}}