{"id":18837,"date":"2021-07-06T21:19:31","date_gmt":"2021-07-06T21:19:31","guid":{"rendered":"https:\/\/h2otek.com\/tienda\/producto\/sistema-de-alta-presion-de-boquillas-600-lt-hr-480-volts-acero-inoxidable-marca-h2otek-mod-sapb600l-h-480-3\/"},"modified":"2022-10-17T19:55:30","modified_gmt":"2022-10-17T19:55:30","slug":"sistema-de-alta-presion-de-boquillas-600-lt-hr-480-volts-acero-inoxidable-marca-h2otek-mod-sapb600l-h-480-3","status":"publish","type":"product","link":"https:\/\/h2otek.com\/tienda\/producto\/sistema-de-alta-presion-de-boquillas-600-lt-hr-480-volts-acero-inoxidable-marca-h2otek-mod-sapb600l-h-480-3\/","title":{"rendered":"SISTEMA DE ALTA PRESI\u00d3N DE BOQUILLAS 600 LT\/HR 480 VOLTS ACERO INOXIDABLE MARCA H2OTEK MOD. SAPB600L\/H-480-3"},"content":{"rendered":"<p style=\"text-align: center;\"><img fetchpriority=\"high\" decoding=\"async\" src=\"https:\/\/h2otek.com\/tienda\/img\/cms\/controlhumedad\/h2otek\/sistema-boquillas\/header-bombeo-boquillas-h2otek-SAPB600L_H-480-3.jpg\" alt=\"header-bombeo-boquillas-h2otek-SAPB600L_\" width=\"650\" height=\"300\" \/><\/p>\n<p style=\"text-align: justify;\">Estaci\u00f3n de bombeo de agua de alta presi\u00f3n con sistema de tratamiento de agua para brindar una humidificaci\u00f3n adiab\u00e1tica y pura de alta capacidad.<\/p>\n<p>La estaci\u00f3n de bombeo con cubierta de acero inoxidable puede proveer a una serie de boquillas desde 300 hasta 1800 litros por hora a una presi\u00f3n de 1000 psi.<\/p>\n<p>La pureza se provee mediante una esterilizaci\u00f3n UV que inhibe el crecimiento de las bacterias y un filtro de sedimentos para la retenci\u00f3n de part\u00edculas grandes que puedan obstruir las boquillas.<\/p>\n<p>Los sistemas de tratamiento y desinfecci\u00f3n de Agua mediante luz Ultra Violeta (UV), garantizan la eliminaci\u00f3n de entre el 99,9% y el 99,99 de agentes pat\u00f3genos.<\/p>\n<p>Funcionan mediante la &#8220;radiaci\u00f3n&#8221; o &#8220;iluminaci\u00f3n&#8221; del flujo de agua con una o m\u00e1s l\u00e1mparas de silicio cuarzo<\/p>\n<p>El filtro de sedimentos tipo cartucho retiene las particulas supendidas en el agua para evitar que se hagan dep\u00f3sitos de particulas solidas en el fondo del tanque y reduce tambi\u00e9n el contenido de sal en el agua.<\/p>\n<p style=\"text-align: justify;\"><strong>CARACTER\u00cdSTICAS:<\/strong><\/p>\n<ul>\n<li>Sistema de bombeo de alta presi\u00f3n para sistema de boquillas<\/li>\n<li>Motor el\u00e9ctrico de calidad<\/li>\n<li>Sistema de filtrado que remueve minerales<\/li>\n<li>Sistema de purificaci\u00f3n con lampara UV<\/li>\n<li>No usa aire comprimido<\/li>\n<li>De operaci\u00f3n segura e higi\u00e9nica<\/li>\n<li>Sistema eficiente de bajo consumo el\u00e9ctrico en comparaci\u00f3n a otro tipo de humidificadores<\/li>\n<li>Montaje en piso<\/li>\n<li>De f\u00e1cil instalaci\u00f3n y mantenimiento<\/li>\n<\/ul>\n<p><strong>APLICACIONES M\u00c1S COMUNES:<\/strong><\/p>\n<ul>\n<li>Invernaderos<\/li>\n<li>Fabricaci\u00f3n de cuero<\/li>\n<li>Industria del tabaco<\/li>\n<li>Fabricaci\u00f3n de productos de madera<\/li>\n<li>Fabricaci\u00f3n de maquinaria<\/li>\n<li>Procesamiento de alimentos<\/li>\n<li>Industria minera<\/li>\n<li>Cuartos de almacenamiento<\/li>\n<li>Fabricaci\u00f3n de cer\u00e1mica<\/li>\n<li>Laboratorios Industria<\/li>\n<li>Textil<\/li>\n<li>Procesos industriales<\/li>\n<li>Tuneles t\u00e9rmicos<\/li>\n<li>Almacenes<\/li>\n<li>Cuartos fr\u00edos<\/li>\n<\/ul>\n<p style=\"text-align: center;\"><strong><br \/>\nTABLA DE ESPECIFICACIONES:<\/strong><\/p>\n<p style=\"text-align: center;\"><img decoding=\"async\" src=\"https:\/\/h2otek.com\/tienda\/img\/cms\/controlhumedad\/h2otek\/sistema-boquillas\/especificaciones-bombeo-boquillas-h2otek-SAPB600L_H-480-3.gif\" alt=\"especificaciones-bombeo-boquillas-h2otek\" width=\"548\" height=\"266\" \/><\/p>\n<p>&nbsp;<\/p>\n<p style=\"text-align: center;\">\n<p style=\"text-align: center;\"><strong>SISTEMA DE BOMBEO<\/strong><\/p>\n<p style=\"text-align: center;\"><img decoding=\"async\" src=\"https:\/\/h2otek.com\/tienda\/img\/cms\/controlhumedad\/h2otek\/sistema-boquillas\/foto-bombeo.jpg\" alt=\"\" width=\"300\" height=\"468\" \/><\/p>\n<p>&nbsp;<\/p>\n<p style=\"text-align: center;\"><strong>BOMBA DE ALTA PRESI\u00d3N<\/strong><\/p>\n<p style=\"text-align: center;\">Bomba presurizadora de agua de alta eficiencia con dos salidas.<\/p>\n<p style=\"text-align: center;\"><img loading=\"lazy\" decoding=\"async\" src=\"https:\/\/h2otek.com\/tienda\/img\/cms\/controlhumedad\/h2otek\/sistema-boquillas\/bomba-alta-intensidad.jpg\" alt=\"\" width=\"520\" height=\"258\" \/><\/p>\n<p>&nbsp;<\/p>\n<p style=\"text-align: center;\"><strong>L\u00c1MPARA UV<\/strong><\/p>\n<p style=\"text-align: center;\">Los sistemas de tratamiento y desinfecci\u00f3n de Agua mediante luz Ultra Violeta (UV), garantizan la eliminaci\u00f3n de entre el 99,9% y el 99,99 de agentes pat\u00f3genos.<br \/>\nFuncionan mediante la &#8220;radiaci\u00f3n&#8221; o &#8220;iluminaci\u00f3n&#8221; del flujo de agua con una o m\u00e1s l\u00e1mparas de silicio cuarzo<\/p>\n<p style=\"text-align: center;\"><img loading=\"lazy\" decoding=\"async\" src=\"https:\/\/h2otek.com\/tienda\/img\/cms\/controlhumedad\/h2otek\/sistema-boquillas\/lampara-UV.jpg\" alt=\"\" width=\"481\" height=\"260\" \/><\/p>\n<p>&nbsp;<\/p>\n<p style=\"text-align: center;\"><strong>FILTRO DE SEDIMENTOS<\/strong><\/p>\n<p style=\"text-align: center;\">El filtro de sedimentos tipo cartucho retiene las part\u00edculas suspendidas en el agua para evitar que se hagan dep\u00f3sitos de part\u00edculas solidas en el fondo del tanque y reduce tambi\u00e9n el contenido de sal en el agua.<\/p>\n<p style=\"text-align: center;\"><img loading=\"lazy\" decoding=\"async\" src=\"https:\/\/h2otek.com\/tienda\/img\/cms\/controlhumedad\/h2otek\/sistema-boquillas\/filtro-sedimentos.jpg\" alt=\"\" width=\"327\" height=\"406\" \/><\/p>\n<p>&nbsp;<\/p>\n<p>&nbsp;<\/p>\n<p style=\"text-align: center;\"><strong>FOTOS<\/strong><\/p>\n<p style=\"text-align: center;\"><img loading=\"lazy\" decoding=\"async\" src=\"https:\/\/h2otek.com\/tienda\/img\/cms\/controlhumedad\/h2otek\/sistema-boquillas\/fotos-bombeo-boquillas-h2otek.jpg\" alt=\"\" width=\"680\" height=\"1324\" \/><\/p>\n<p>&nbsp;<\/p>\n<p style=\"text-align: center;\">\n<p style=\"text-align: center;\"><strong>EJEMPLO DE APLICACI\u00d3N<\/strong><\/p>\n<p style=\"text-align: center;\"><img loading=\"lazy\" decoding=\"async\" src=\"https:\/\/h2otek.com\/tienda\/img\/cms\/controlhumedad\/h2otek\/sistema-boquillas\/aplicacion-sistboquillas-alta-presion-h2otek.jpg\" alt=\"\" width=\"650\" height=\"568\" \/><\/p>\n<p style=\"text-align: center;\">\n<p style=\"text-align: center;\"><strong><br \/>\nNOMENCLATURA<\/strong><\/p>\n<p style=\"text-align: center;\"><img loading=\"lazy\" decoding=\"async\" src=\"https:\/\/h2otek.com\/tienda\/img\/cms\/controlhumedad\/h2otek\/sistema-boquillas\/nomenclatura-bombeo-boquillas-h2otek.jpg\" alt=\"\" width=\"328\" height=\"252\" \/><\/p>\n<p>&nbsp;<\/p>\n<p style=\"text-align: center;\"><img loading=\"lazy\" decoding=\"async\" src=\"https:\/\/h2otek.com\/tienda\/img\/cms\/garantia-insignias\/garantia-h2otek-1year.jpg\" alt=\"\" width=\"350\" height=\"350\" \/><\/p>\n<p style=\"text-align: center;\">\n<p>&nbsp;<\/p>\n<p>&nbsp;<\/p>\n<p><strong><span style=\"color: #000000;\"><strong><strong><strong><strong><br \/>\nDESCARGAR MANUALES<br \/>\n<\/strong><\/strong><\/strong><\/strong><\/span><\/strong><\/p>\n<ul>\n<li><em><span style=\"color: #000000;\">(Pr\u00f3ximamente)<\/span><\/em><\/li>\n<\/ul>\n<p>&nbsp;<\/p>\n<p>&nbsp;<\/p>\n","protected":false},"excerpt":{"rendered":"<p><span style=\"color: #ff0000; font-size: 12pt;\"><strong>PRECIO EN D\u00d3LARES US. <\/strong><br \/>\n<strong>PRECIO INCLUYE 16 % DE I.V.A. <\/strong><br \/>\n<strong>PRECIO INCLUYE ENVIO (ZONA CENTRO).<\/strong><\/span><\/p>\n<p><strong>SISTEMA DE ALTA PRESI\u00d3N BOQUILLAS<\/strong><\/p>\n<p><em><strong>IDEALES PARA:<\/strong><\/em><\/p>\n<ul>\n<li><em><strong>INVERNADEROS<\/strong><\/em><\/li>\n<li><em><strong>FABRICACI\u00d3N DE CUERO<\/strong><\/em><\/li>\n<li><em><strong>INDUSTRIA DEL TABACO<\/strong><\/em><\/li>\n<li><em><strong>PROCESOS INDUSTRIALES<\/strong><\/em><\/li>\n<li><em><strong>TEXTIL<\/strong><\/em><\/li>\n<li><em><strong>CUARTOS FR\u00cdOS<\/strong><\/em><\/li>\n<li><em><strong>ALMACENES, ETC.<\/strong><\/em><\/li>\n<\/ul>\n","protected":false},"featured_media":6732,"comment_status":"closed","ping_status":"closed","template":"","meta":[],"pwb-brand":[],"product_brand":[],"product_cat":[419,920,1008,745],"product_tag":[],"class_list":{"0":"post-18837","1":"product","2":"type-product","3":"status-publish","4":"has-post-thumbnail","6":"product_cat-por-boquillas","7":"product_cat-bombeo-sistemas-de-boquillas-uso-industrial","8":"product_cat-bombeo-sistemas-de-boquillas-uso-industrial-uso-industrial","9":"product_cat-sistemas-de-boquillas-h2otek","11":"first","12":"onbackorder","13":"purchasable","14":"product-type-simple"},"brands":[],"_links":{"self":[{"href":"https:\/\/h2otek.com\/tienda\/wp-json\/wp\/v2\/product\/18837","targetHints":{"allow":["GET"]}}],"collection":[{"href":"https:\/\/h2otek.com\/tienda\/wp-json\/wp\/v2\/product"}],"about":[{"href":"https:\/\/h2otek.com\/tienda\/wp-json\/wp\/v2\/types\/product"}],"replies":[{"embeddable":true,"href":"https:\/\/h2otek.com\/tienda\/wp-json\/wp\/v2\/comments?post=18837"}],"wp:featuredmedia":[{"embeddable":true,"href":"https:\/\/h2otek.com\/tienda\/wp-json\/wp\/v2\/media\/6732"}],"wp:attachment":[{"href":"https:\/\/h2otek.com\/tienda\/wp-json\/wp\/v2\/media?parent=18837"}],"wp:term":[{"taxonomy":"pwb-brand","embeddable":true,"href":"https:\/\/h2otek.com\/tienda\/wp-json\/wp\/v2\/pwb-brand?post=18837"},{"taxonomy":"product_brand","embeddable":true,"href":"https:\/\/h2otek.com\/tienda\/wp-json\/wp\/v2\/product_brand?post=18837"},{"taxonomy":"product_cat","embeddable":true,"href":"https:\/\/h2otek.com\/tienda\/wp-json\/wp\/v2\/product_cat?post=18837"},{"taxonomy":"product_tag","embeddable":true,"href":"https:\/\/h2otek.com\/tienda\/wp-json\/wp\/v2\/product_tag?post=18837"}],"curies":[{"name":"wp","href":"https:\/\/api.w.org\/{rel}","templated":true}]}}