{"id":18833,"date":"2021-07-06T21:19:31","date_gmt":"2021-07-06T21:19:31","guid":{"rendered":"https:\/\/h2otek.com\/tienda\/producto\/boiler-de-paso-calentador-de-agua-a-gas-natural-1-regadera-cap-6-litros-minuto-marca-rheem-mod-rhin-mx06n-673349\/"},"modified":"2023-06-01T23:50:57","modified_gmt":"2023-06-01T23:50:57","slug":"boiler-de-paso-calentador-de-agua-a-gas-natural-1-regadera-cap-6-litros-minuto-marca-rheem-mod-rhin-mx06n-673349","status":"publish","type":"product","link":"https:\/\/h2otek.com\/tienda\/producto\/boiler-de-paso-calentador-de-agua-a-gas-natural-1-regadera-cap-6-litros-minuto-marca-rheem-mod-rhin-mx06n-673349\/","title":{"rendered":"BOILER DE PASO &#8211; CALENTADOR DE AGUA A GAS NATURAL, 1 REGADERA, CAP. 6 LITROS\/MINUTO MARCA RHEEM MOD. RHIN-MX06N\/673349"},"content":{"rendered":"<p align=\"center\"><img fetchpriority=\"high\" decoding=\"async\" src=\"https:\/\/h2otek.com\/tienda\/img\/cms\/aguacaliente\/rheem\/instantaneo-gas\/classic\/header-calentador-deposito-gas-rheem-RHIN-MX06N.jpg\" alt=\"header-calentador-deposito-gas-rheem-RHI\" width=\"650\" height=\"300\" border=\"0\" \/><\/p>\n<p style=\"text-align: justify;\">Enc\u00e1rgate de que el invierno sea s\u00f3lo una hermosa \u00e9poca del a\u00f1o con este\u00a0calentador <strong>Rheem\u00a0<\/strong><strong>modelo\u00a0RHIN-MX06P. \u00a1Agua caliente al instante!<\/strong><\/p>\n<p>Este calentador de\u00a06 litros\u00a0otorga comodidad, y sobre todo, agua debidamente caliente a los que m\u00e1s quieres. Funciona de manerainstant\u00e1nea\u00a0y a base de\u00a0gas LP. Por otro lado, posee\u00a0m\u00faltiples\u00a0sistemas de seguridad\u00a0para mayor tranquilidad.<\/p>\n<p>Adem\u00e1s, cuenta con\u00a0un servicio\u00a0de regadera y <strong>es capaz de\u00a0<\/strong><strong>ahorrar hasta\u00a070%<\/strong>\u00a0para que no lastimes tu bolsillo. Aprovecha al m\u00e1ximo su\u00a0display con indicador\u00a0de temperatura que ajustas con la perilla,\u00a0de acuerdo a tus necesidades.<\/p>\n<p>&nbsp;<\/p>\n<p style=\"text-align: justify;\"><strong>\u00bfPor qu\u00e9 RHEEM?<\/strong><\/p>\n<p style=\"text-align: justify;\">Creada en 1925, nuestra misi\u00f3n sigue siendo simple: &#8220;Ayudar a las familias a gozar de un nuevo nivel de confort, con soluciones que mantengan el hogar fresco en verano y c\u00e1lido en invierno, disfrutando de agua caliente todo el a\u00f1o&#8221;. Rheem mantiene en armon\u00eda el confort de tu hogar y tu forma de ser a trav\u00e9s de sistemas conables y ecientes.<\/p>\n<p style=\"text-align: justify;\">Con presencia en m\u00e1s de 75 pa\u00edses y el portafolio m\u00e1s grande en soluciones para calentamiento de agua y acondicionamiento de ambiente, <strong>Rheem es la marca de calentadores m\u00e1s vendida del mundo. <\/strong><\/p>\n<p style=\"text-align: justify;\">Nuestras soluciones de alta eciencia ofrecen el mayor grado de confort en el hogar, gracias a su gran aprovechamiento energ\u00e9tico que reduce notablemente el consumo de energ\u00eda y a su preciso control de temperatura que da m\u00e1ximo confort a cualquier tipo de ambiente.<\/p>\n<p style=\"text-align: justify;\">Calentador Instant\u00e1neo a gas Rheem \u00a1Agua caliente al instante! Ahorro de energ\u00eda superior, con la mayor Seguridad, Durabilidad y Respaldo.<\/p>\n<p>Ideal para:<\/p>\n<ul>\n<li>Clima templado<\/li>\n<li>Compacto para lugares reducidos<\/li>\n<li>Recorridos medianos (hasta 5-10m***)<\/li>\n<li>Presi\u00f3n hidr\u00e1ulica m\u00ednima de 100g\/m2<\/li>\n<\/ul>\n<p><strong>CARACTER\u00cdSTICAS Y BENEFICIOS:<\/strong><\/p>\n<p><strong>M\u00daLTIPLES SISTEMAS DE SEGURIDAD<br \/>\n<\/strong>Mayor tranquilidad para tu familia.<\/p>\n<ul>\n<li>Sensor de temperatura<\/li>\n<li>Sensor de modulaci\u00f3n (aplica en modelo 16L\/min)<\/li>\n<li>Sensor de sobre temperatura<\/li>\n<li>Sensor de detecci\u00f3n de flama<\/li>\n<li>Encendido progresivo<\/li>\n<li>Sensor de salida de agua caliente<\/li>\n<li>Tarjeta electr\u00f3nica con display digital<\/li>\n<li>V\u00e1lvula de gas con doble sistema de protecci\u00f3n de alta seguridad<\/li>\n<li>V\u00e1lvula de gas modulante (aplica en modelo 16L\/min)<\/li>\n<li>V\u00e1lvula de alivio<\/li>\n<\/ul>\n<p style=\"text-align: justify;\"><strong>F\u00c1CIL ENDENDIDO<\/strong><br \/>\nSin piloto. Encendido s\u00f3lo por demanda de agua caliente (ionizado)**<\/p>\n<p style=\"text-align: justify;\"><strong>HASTA UN 70% DE AHORRO DE GAS<\/strong><br \/>\nPor su alta eficiencia energ\u00e9tica garantiza los mayores ahorros de gas y de dinero.<\/p>\n<p style=\"text-align: justify;\"><strong>RHEEM AQUA BALANCE<\/strong><br \/>\nDise\u00f1ado\u00a0para adaptarse a baja o alta presi\u00f3n de agua, reduce variaciones de temperatura.<\/p>\n<p style=\"text-align: justify;\"><strong>TEMPERATURA<\/strong><br \/>\nCon display y ajuste de temperatura con perilla en modelos 8 y 13 L\/min y ajuste digital en modelo 16 L\/min, para un control m\u00e1s preciso.<\/p>\n<p style=\"text-align: justify;\"><strong>MODULANTE<\/strong><br \/>\nModulante Mantiene la temperatura sin grandes variaciones al cambiar la presi\u00f3n en la red de agua (aplica 16 L\/min)<\/p>\n<p style=\"text-align: justify;\"><strong>INSTALACI\u00d3N<\/strong><br \/>\nF\u00e1cil y adaptable a instalaciones con alta y baja presi\u00f3n.<\/p>\n<p style=\"text-align: justify;\"><strong>2 A\u00d1OS DE GARANT\u00cdA<\/strong><\/p>\n<p>* Dependiendo de los h\u00e1bitos de uso y las condiciones de instalaci\u00f3n.<br \/>\n** Requiere 2 bater\u00edas tama\u00f1o \u00a8D\u00a8 para su operaci\u00f3n (no incluidas)<br \/>\n*** Modelos 8 y 13 L\/min de 5 a 8 m, modelo 16 L\/min hasta 10m.<\/p>\n<p>&nbsp;<\/p>\n<p>&nbsp;<\/p>\n<p>&nbsp;<\/p>\n<p style=\"text-align: center;\"><strong>TABLA DE ESPECIFICACIONES:<\/strong><\/p>\n<p align=\"center\"><img decoding=\"async\" src=\"https:\/\/h2otek.com\/tienda\/img\/cms\/aguacaliente\/rheem\/instantaneo-gas\/classic\/especificaciones-calentador-deposito-gas-rheem-RHIN-MX06N.gif\" alt=\"especificaciones-calentador-deposito-gas\" width=\"580\" height=\"493\" \/><\/p>\n<p align=\"center\">*\u00a0Con regaderas simult\u00e1neas de 4 a 8 L\/min<\/p>\n<p align=\"center\">\n<p align=\"center\">\n<p style=\"text-align: center;\"><strong>ESTRUCTURA DEL BOILER:<\/strong><\/p>\n<p align=\"center\"><img decoding=\"async\" src=\"https:\/\/www.h2otek.com\/tienda\/img\/cms\/RHEEM\/partes.png\" alt=\"partes.png\" width=\"526\" height=\"648\" border=\"0\" \/><\/p>\n<p align=\"center\">\n<p align=\"center\"><strong><br \/>\n\u00bfQU\u00c9 CALENTADOR ES PARA MI?<\/strong><\/p>\n<p align=\"center\"><strong>Calentadores Instant\u00e1neos RHEEM<\/strong><\/p>\n<p align=\"center\"><img decoding=\"async\" src=\"https:\/\/www.h2otek.com\/tienda\/Images\/boilers\/instantaneo\/asesoria-boiler-instantaneo.jpg\" alt=\"\" border=\"0\" \/><\/p>\n<p align=\"justify\">INDUSTRIAL RHEEM, S.A. DE C.V. CUENTA CON TALLERES DE SERVICIO EN TODA LA REPUBLICA MEXICANA<\/p>\n<p align=\"justify\">ES IMPORTANTE LEER CLARAMENTE EL INSTRUCTIVO DE INSTALACION Y OPERACION ANTES DE INSTALAR Y PONER A FUNCIONAR EL CALENTADOR.<\/p>\n<p align=\"justify\">\n<p align=\"justify\">\n<p align=\"justify\">\n<p><span style=\"color: #000000;\"><strong>DESCARGAR MANUALES:<\/strong><\/span><\/p>\n<ul>\n<li><strong><span style=\"color: #0000ff;\"><a href=\"http:\/\/www.h2otek.com\/tienda\/pdf\/aguacaliente\/FOLLETO%20CALENTADORES%20INSTANTANEO%20GAS%20RHEEM.pdf\" target=\"_blank\" rel=\"noopener\">FOLLETO<\/a><\/span><\/strong><\/li>\n<\/ul>\n<p align=\"center\">\n<p><img loading=\"lazy\" decoding=\"async\" style=\"margin-left: auto; margin-right: auto;\" src=\"https:\/\/www.h2otek.com\/tienda\/img\/cms\/RHEEM\/Ecofriendly.png\" alt=\"\" width=\"105\" height=\"100\" \/><\/p>\n<p align=\"center\">\n","protected":false},"excerpt":{"rendered":"<p><span style=\"color: #ff0000; font-size: 12pt;\"><strong>PRECIO\u00a0EN PESOS MEXICANOS.<br \/>\nPRECIO INCLUYE 16 % DE I.V.A.<br \/>\nPRECIO INCLUYE ENVIO (ZONA CENTRO).<\/strong><\/span><\/p>\n<p><strong>SERVICIO PARA 1 REGADERA, 6 LITROS\/MINUTO<\/strong><\/p>\n<p><em><strong>APLICACIONES M\u00c1S\u00a0 COMUNES:<\/strong><\/em><\/p>\n<ul>\n<li><strong><em>CASAS EN SERIE<\/em><\/strong><\/li>\n<li><strong><em>RESIDENCIAS<\/em><\/strong><\/li>\n<li><strong><em>GIMNASIOS<\/em><\/strong><\/li>\n<li><strong><em>OFICINAS<\/em><\/strong><\/li>\n<li><strong><em>DEPARTAMENTOS<\/em><\/strong><\/li>\n<li><strong><em>CONDOMINIOS, ETC.<\/em><\/strong><\/li>\n<\/ul>\n","protected":false},"featured_media":7870,"comment_status":"closed","ping_status":"closed","template":"","meta":[],"pwb-brand":[],"product_brand":[],"product_cat":[386,819],"product_tag":[],"class_list":{"0":"post-18833","1":"product","2":"type-product","3":"status-publish","4":"has-post-thumbnail","6":"product_cat-por-gravedad-salida-de-gases-boilers-calentadores-de-agua-de-paso","7":"product_cat-por-gravedad-salida-de-gases-boilers-calentadores-de-agua-de-paso-en-gas-lp-butano-de-paso-boilers-calentadores-de-agua","9":"first","10":"onbackorder","11":"purchasable","12":"product-type-simple"},"brands":[],"_links":{"self":[{"href":"https:\/\/h2otek.com\/tienda\/wp-json\/wp\/v2\/product\/18833","targetHints":{"allow":["GET"]}}],"collection":[{"href":"https:\/\/h2otek.com\/tienda\/wp-json\/wp\/v2\/product"}],"about":[{"href":"https:\/\/h2otek.com\/tienda\/wp-json\/wp\/v2\/types\/product"}],"replies":[{"embeddable":true,"href":"https:\/\/h2otek.com\/tienda\/wp-json\/wp\/v2\/comments?post=18833"}],"wp:featuredmedia":[{"embeddable":true,"href":"https:\/\/h2otek.com\/tienda\/wp-json\/wp\/v2\/media\/7870"}],"wp:attachment":[{"href":"https:\/\/h2otek.com\/tienda\/wp-json\/wp\/v2\/media?parent=18833"}],"wp:term":[{"taxonomy":"pwb-brand","embeddable":true,"href":"https:\/\/h2otek.com\/tienda\/wp-json\/wp\/v2\/pwb-brand?post=18833"},{"taxonomy":"product_brand","embeddable":true,"href":"https:\/\/h2otek.com\/tienda\/wp-json\/wp\/v2\/product_brand?post=18833"},{"taxonomy":"product_cat","embeddable":true,"href":"https:\/\/h2otek.com\/tienda\/wp-json\/wp\/v2\/product_cat?post=18833"},{"taxonomy":"product_tag","embeddable":true,"href":"https:\/\/h2otek.com\/tienda\/wp-json\/wp\/v2\/product_tag?post=18833"}],"curies":[{"name":"wp","href":"https:\/\/api.w.org\/{rel}","templated":true}]}}