{"id":18824,"date":"2021-07-06T21:19:26","date_gmt":"2021-07-06T21:19:26","guid":{"rendered":"https:\/\/h2otek.com\/tienda\/producto\/codo-de-laton-de-3-8-marca-aeromist-modelo-52511-1\/"},"modified":"2024-03-25T19:13:17","modified_gmt":"2024-03-25T19:13:17","slug":"codo-de-laton-de-3-8-marca-aeromist-modelo-52511-1","status":"publish","type":"product","link":"https:\/\/h2otek.com\/tienda\/producto\/codo-de-laton-de-3-8-marca-aeromist-modelo-52511-1\/","title":{"rendered":"CODO DE LAT\u00d3N DE 3\/8&#8243; MARCA AEROMIST\u00ae MODELO 52511-1"},"content":{"rendered":"<p style=\"text-align: center;\"><img decoding=\"async\" src=\"https:\/\/www.h2otek.com\/tienda\/Images\/nebulizacion\/aeromist\/bombas\/header-aeromist_codo_laton_3_8_comp.jpg\" alt=\"header-aeromist_codo_laton_3_8_comp.jpg\" border=\"0\" \/><\/p>\n<p>&nbsp;<\/p>\n<p><strong>DESCRIPCI\u00d3N GENERAL DEL PRODUCTO:<\/strong><\/p>\n<p>Codos de lat\u00f3n hacen conexiones de 90 grados entre las tuber\u00edas de acero inoxidable, cobre o nylon. No necesita flama, soldadura u otra preparaci\u00f3n de tuber\u00edas para ensamblar.<\/p>\n<p>&nbsp;<\/p>\n<p><strong>CARACTER\u00cdSTICAS<\/strong><\/p>\n<ul>\n<li>Tipo: Compresi\u00f3n<\/li>\n<li>Material de Construcci\u00f3n: Lat\u00f3n<\/li>\n<li>Conecta tuber\u00eda de cobre, nylon, o acero inoxidable de 3\/8&#8243;<\/li>\n<li>Rango 1000 PSI<\/li>\n<\/ul>\n<p><strong>\u00a0<\/strong><\/p>\n<p><strong>INSTRUCCIONES DE MONTAJE<\/strong><\/p>\n<ol>\n<li>Afloje la tuerca en la conexi\u00f3n<\/li>\n<li>Introduzca el tubo en el accesorio, aseg\u00farese de que el tubo est\u00e1 tocando fondo en el hombro de montaje.<\/li>\n<li>&#8220;apriete a mano&#8221;. Entonces gire fuertemente la tuerca hasta que quede firme y no se safe.<\/li>\n<\/ol>\n<p>&nbsp;<\/p>\n<p>&nbsp;<\/p>\n<p><strong>DESCARGAR MANUALES:<\/strong><\/p>\n<ul>\n<li><strong><a href=\"https:\/\/h2otek.com\/tienda\/pdf\/controlhumedad\/CATALOGO%20PRODUCTOS%20AEROMIST.pdf\" target=\"_blank\" rel=\"noopener\">CAT\u00c1LOGO PRODUCTOS AEROMIST\u00ae<br \/>\n<\/a><\/strong><\/li>\n<li><strong><a href=\"https:\/\/h2otek.com\/tienda\/pdf\/controlhumedad\/MANUAL%20DEL%20USUARIO%20PRODUCTOS%20AEROMIST.pdf\" target=\"_blank\" rel=\"noopener\">MANUAL DEL USUARIO PRODUCTOS AEROMIST\u00ae<\/a><\/strong><\/li>\n<\/ul>\n","protected":false},"excerpt":{"rendered":"<p><span style=\"color: #ff0000;\"><strong>PRECIO EN D\u00d3LARES US.<\/strong><\/span><br \/>\n<span style=\"color: #ff0000;\"><strong>PRECIO INCLUYE 16 % DE I.V.A.<\/strong><\/span><\/p>\n<p><em><strong>HUMIDIFICADORES IDEALES PARA:<\/strong><\/em><\/p>\n<ul>\n<li><em><strong>PATIOS<\/strong><\/em><\/li>\n<li><em><strong>JARDINES<\/strong><\/em><\/li>\n<li><em><strong>ESPACIOS SOCIALES<\/strong><\/em><\/li>\n<li><em><strong>ALMACENES<\/strong><\/em><\/li>\n<li><em><strong>PROCESOS<\/strong><\/em><\/li>\n<li><em><strong>LABORATORIOS<\/strong><\/em><\/li>\n<li><em><strong>CUARTOS DE PRUEBA<\/strong><\/em><\/li>\n<li><em><strong>COMERCIOS<\/strong><\/em><\/li>\n<li><em><strong>RESTAURANTES<\/strong><\/em><\/li>\n<li><em><strong>TERRAZAS<\/strong><\/em><\/li>\n<li><em><strong>INDUSTRIA EN GENERAL, ETC.<\/strong><\/em><\/li>\n<\/ul>\n","protected":false},"featured_media":1638,"comment_status":"closed","ping_status":"closed","template":"","meta":[],"pwb-brand":[],"product_brand":[],"product_cat":[362,1003],"product_tag":[],"class_list":{"0":"post-18824","1":"product","2":"type-product","3":"status-publish","4":"has-post-thumbnail","6":"product_cat-control-de-humedad-humidificadores-deshumidificadores","7":"product_cat-kits-bomba-y-boquillas-domestico-industrial","9":"first","10":"onbackorder","11":"purchasable","12":"product-type-simple"},"brands":[],"_links":{"self":[{"href":"https:\/\/h2otek.com\/tienda\/wp-json\/wp\/v2\/product\/18824","targetHints":{"allow":["GET"]}}],"collection":[{"href":"https:\/\/h2otek.com\/tienda\/wp-json\/wp\/v2\/product"}],"about":[{"href":"https:\/\/h2otek.com\/tienda\/wp-json\/wp\/v2\/types\/product"}],"replies":[{"embeddable":true,"href":"https:\/\/h2otek.com\/tienda\/wp-json\/wp\/v2\/comments?post=18824"}],"wp:featuredmedia":[{"embeddable":true,"href":"https:\/\/h2otek.com\/tienda\/wp-json\/wp\/v2\/media\/1638"}],"wp:attachment":[{"href":"https:\/\/h2otek.com\/tienda\/wp-json\/wp\/v2\/media?parent=18824"}],"wp:term":[{"taxonomy":"pwb-brand","embeddable":true,"href":"https:\/\/h2otek.com\/tienda\/wp-json\/wp\/v2\/pwb-brand?post=18824"},{"taxonomy":"product_brand","embeddable":true,"href":"https:\/\/h2otek.com\/tienda\/wp-json\/wp\/v2\/product_brand?post=18824"},{"taxonomy":"product_cat","embeddable":true,"href":"https:\/\/h2otek.com\/tienda\/wp-json\/wp\/v2\/product_cat?post=18824"},{"taxonomy":"product_tag","embeddable":true,"href":"https:\/\/h2otek.com\/tienda\/wp-json\/wp\/v2\/product_tag?post=18824"}],"curies":[{"name":"wp","href":"https:\/\/api.w.org\/{rel}","templated":true}]}}