{"id":18823,"date":"2021-07-06T21:19:26","date_gmt":"2021-07-06T21:19:26","guid":{"rendered":"https:\/\/h2otek.com\/tienda\/producto\/boiler-electrico-de-agua-sin-tanque-20kw-480v-3-fases-24-amperes-nema-4-4x-marca-eemax-mod-ed020480t2t\/"},"modified":"2022-10-08T00:41:23","modified_gmt":"2022-10-08T00:41:23","slug":"boiler-electrico-de-agua-sin-tanque-20kw-480v-3-fases-24-amperes-nema-4-4x-marca-eemax-mod-ed020480t2t","status":"publish","type":"product","link":"https:\/\/h2otek.com\/tienda\/producto\/boiler-electrico-de-agua-sin-tanque-20kw-480v-3-fases-24-amperes-nema-4-4x-marca-eemax-mod-ed020480t2t\/","title":{"rendered":"BOILER EL\u00c9CTRICO DE AGUA SIN TANQUE  20KW 480V 3 FASES 24 AMPERES NEMA 4\/4X MARCA EEMAX MOD. ED020480T2T"},"content":{"rendered":"<p style=\"text-align: center;\"><img fetchpriority=\"high\" decoding=\"async\" src=\"https:\/\/h2otek.com\/tienda\/img\/cms\/aguacaliente\/eemax\/480-3FASES\/header-boilerelectrico-eemax-ED020480T2T.jpg\" alt=\"\" width=\"650\" height=\"250\" \/><\/p>\n<p><strong>CARACTER\u00cdSTICAS:<span id=\"result_box\" lang=\"es\" xml:lang=\"es\"><\/span><\/strong><\/p>\n<ul>\n<li><span lang=\"es\" xml:lang=\"es\">Agua caliente a demanda &#8211; sin demora<\/span><\/li>\n<li><span lang=\"es\" xml:lang=\"es\">Reduce el desperdicio de energ\u00eda: el interruptor de flujo activa el calentador solo cuando el agua est\u00e1 en funcionamiento, sin p\u00e9rdida de calor en espera<\/span><\/li>\n<li><span lang=\"es\" xml:lang=\"es\">99% de eficiencia, factor de energ\u00eda de .99<\/span><\/li>\n<li><span lang=\"es\" xml:lang=\"es\">Agua caliente sin fin: sin capacidad de almacenamiento para agotar<\/span><\/li>\n<li><span lang=\"es\" xml:lang=\"es\">Reduce el costo y el material de instalaci\u00f3n: no se requiere v\u00e1lvula de T&amp;P (consulte los c\u00f3digos locales)<\/span><\/li>\n<li><span lang=\"es\" xml:lang=\"es\">Las c\u00e1maras de calentamiento reforzadas con vidrio en una trayectoria de flujo \u00fanica garantizan una transferencia de calor \u00f3ptima y una vida \u00fatil prolongada del elemento<\/span><\/li>\n<li><span lang=\"es\" xml:lang=\"es\">Instalaci\u00f3n f\u00e1cil: accesorios sencillos NPT que no requieren soldadura. La unidad se monta directamente en la pared con hardware com\u00fan.<\/span><\/li>\n<li><span lang=\"es\" xml:lang=\"es\">Evita el crecimiento de bacterias Legionella<\/span><\/li>\n<li><span lang=\"es\" xml:lang=\"es\">Reduce la calcificaci\u00f3n y la sedimentaci\u00f3n<\/span><\/li>\n<li><span lang=\"es\" xml:lang=\"es\">Campo utilizable: todos los componentes principales son reemplazables en campo y f\u00e1cilmente disponibles<\/span><\/li>\n<li><span lang=\"es\" xml:lang=\"es\">Orgullosamente hecho en los Estados Unidos<\/span><\/li>\n<\/ul>\n<p><strong>APLICACIONES:<\/strong><\/p>\n<ul>\n<li><span lang=\"es\" xml:lang=\"es\">Centros comerciales y puntos de venta<\/span><\/li>\n<li><span lang=\"es\" xml:lang=\"es\">Escuelas y todos los dem\u00e1s edificios p\u00fablicos<\/span><\/li>\n<li><span lang=\"es\" xml:lang=\"es\">Espacios de oficinas y condominios<br \/>\n<\/span><\/li>\n<li><span lang=\"es\" xml:lang=\"es\">Construcciones comerciales tales como restaurantes y estaciones de servicio<\/span><\/li>\n<li><span lang=\"es\" xml:lang=\"es\">Edificios modulares, oficinas y remolques<\/span><\/li>\n<li><span lang=\"es\" xml:lang=\"es\">Soportes de la concesi\u00f3n y ubicaciones del servicio de alimentos<\/span><\/li>\n<li><span lang=\"es\" xml:lang=\"es\">Cualquier receptor remoto que no tenga agua caliente, etc.<br \/>\n<\/span><\/li>\n<\/ul>\n<div style=\"text-align: center;\"><\/div>\n<div style=\"text-align: justify;\">\n<p><strong>INSTALACI\u00d3N<\/strong><\/p>\n<p><span lang=\"es\" xml:lang=\"es\">Dimensionamiento: tama\u00f1o basado en el rendimiento y no en la infraestructura el\u00e9ctrica. Tres factores clave, la temperatura del agua entrante, el volumen de agua y la temperatura de salida deseada.<\/span><\/p>\n<p>El\u00e9ctrico: todos los calentadores de agua sin tanque Eemax est\u00e1n dise\u00f1ados para conectarse a un interruptor de circuito dedicado y no se suministran con un cable y enchufe.<\/p>\n<p>Fontaner\u00eda &#8211; Precalentamiento o alimentaci\u00f3n de agua fr\u00eda. Esta familia de productos Eemax tiene control termost\u00e1tico y es capaz de reaccionar a las temperaturas cambiantes a la vez que proporciona un rendimiento estable.<\/p>\n<p>C\u00f3digos locales: verifique todos los c\u00f3digos aplicables, nacionales y locales, para garantizar el cumplimiento tanto en la instalaci\u00f3n de plomer\u00eda como el\u00e9ctrica.<\/p>\n<p>Montaje: esta familia de productos Eemax debe montarse verticalmente con las conexiones de agua en la parte inferior. La entrada est\u00e1 a la derecha, la salida est\u00e1 a la izquierda. Esto no puede ser revertido.<\/p>\n<p>&nbsp;<\/p>\n<\/div>\n<div style=\"text-align: justify;\">\n<p><strong>ESPECIFICACIONES F\u00cdSICAS:<br \/>\n<\/strong><\/p>\n<ul>\n<li><span lang=\"es\" xml:lang=\"es\">Altura: 12.5 pulgadas<\/span><\/li>\n<li><span lang=\"es\" xml:lang=\"es\">Ancho: 18.2 pulgadas<\/span><\/li>\n<li><span lang=\"es\" xml:lang=\"es\">Profundidad: 4.32 pulgadas<\/span><\/li>\n<li><span lang=\"es\" xml:lang=\"es\">Peso: 15 lbs (7 kilos)<br \/>\n<\/span><\/li>\n<li><span lang=\"es\" xml:lang=\"es\">Color blanco<\/span><\/li>\n<li><span lang=\"es\" xml:lang=\"es\">Material de la cubierta: polvo cubierto<\/span><\/li>\n<li><span lang=\"es\" xml:lang=\"es\">Tipo de elemento: cartucho reemplazable &#8211; cable desnudo<\/span><\/li>\n<li><span lang=\"es\" xml:lang=\"es\">Elemento Material: Ni Chrome<\/span><\/li>\n<\/ul>\n<\/div>\n<div style=\"text-align: justify;\"><\/div>\n<p style=\"text-align: center;\"><strong>ESPECIFICACIONES:<\/strong><\/p>\n<p><img decoding=\"async\" src=\"https:\/\/h2otek.com\/tienda\/img\/cms\/aguacaliente\/eemax\/480-3FASES\/especificaciones-boilerelectrico-eemax-ED020480T2T.gif\" alt=\"\" width=\"600\" height=\"158\" \/><\/p>\n<p>&nbsp;<\/p>\n<p style=\"text-align: center;\"><strong><br \/>\n<strong>DIMENSIONES:<\/strong><\/strong><\/p>\n<p style=\"text-align: center;\"><img decoding=\"async\" src=\"https:\/\/h2otek.com\/tienda\/img\/cms\/aguacaliente\/eemax\/480-3FASES\/dimensiones-boilerelectrico-eemax-ED020480T2T.gif\" alt=\"\" width=\"550\" height=\"528\" \/><\/p>\n<p style=\"text-align: center;\"><img loading=\"lazy\" decoding=\"async\" src=\"https:\/\/h2otek.com\/tienda\/img\/cms\/aguacaliente\/eemax\/480-3FASES\/dimensiones-opcionnema-boilerelectrico-eemax-ED020480T2T.gif\" alt=\"\" width=\"550\" height=\"482\" \/><\/p>\n<p>&nbsp;<\/p>\n<p>&nbsp;<\/p>\n<p><strong><br \/>\nDESCARGAR MANUALES:<\/strong><\/p>\n<ul>\n<li><strong><a href=\"http:\/\/www.h2otek.com\/tienda\/pdf\/aguacaliente\/ESPECIFICACIONES%20CALENTADOR%20DE%20AGUA%20ELECTRICO%20SIN%20TANQUE%20EEMAX%20MOD%20ED020480T2T.pdf\" target=\"_blank\" rel=\"noopener\">ESPECIFICACIONES<\/a><\/strong><\/li>\n<li><strong><a href=\"http:\/\/www.h2otek.com\/tienda\/pdf\/aguacaliente\/MANUAL%20DEL%20USUARIO%20CALENTADOR%20DE%20AGUA%20ELECTRICO%20SIN%20TANQUE%20EEMAX%20MOD%20ED020480T2T.pdf\" target=\"_blank\" rel=\"noopener\">MANUAL DEL USUARIO<\/a><\/strong><\/li>\n<li><strong><a href=\"https:\/\/bimobject.com\/en\/eemax\/product\/eemax-007\" target=\"_blank\" rel=\"noopener\">BIM<\/a><\/strong><\/li>\n<li><strong><a href=\"http:\/\/www.h2otek.com\/tienda\/pdf\/aguacaliente\/GARANTIA%20CALENTADOR%20DE%20AGUA%20ELECTRICO%20SIN%20TANQUE%20EEMAX%20MOD%20ED020480T2T.pdf\" target=\"_blank\" rel=\"noopener\">GARANTIA<\/a><\/strong><\/li>\n<\/ul>\n<p>&nbsp;<\/p>\n<p style=\"text-align: justify;\"><strong>PRECIO INCLUYE GASTOS DE ENVIO (GRATIS) E IMPUESTO 16% DE IVA.<\/strong><\/p>\n","protected":false},"excerpt":{"rendered":"<p><span style=\"color: #ff0000;\"><strong>PARA PRECIO DE ESTE PRODUCTO FAVOR DE COMUNICARSE EN ATENCION A CLIENTES: info@h2otek.com O AL TEL: 01 800 94 26 835<\/strong><\/span><\/p>\n<p><strong>CALENTADOR DE AGUA EL\u00c9CTRICO INSTANT\u00c1NEO 20 KW 480V.<\/strong><\/p>\n<p><strong>HASTA UN 99% DE EFICIENCIA ENERG\u00c9TICA Y AHORRO DE 90% CONTRA UN CALENTADOR TRADICIONAL<\/strong><\/p>\n<p><em><strong>IDEALES EN:<\/strong><\/em><\/p>\n<ul>\n<li><em><strong>OFICINAS<\/strong><\/em><\/li>\n<li><em><strong>GASOLINERAS<\/strong><\/em><\/li>\n<li><em><strong>TIENDAS<\/strong><\/em><\/li>\n<li><em><strong>ESCUELAS<\/strong><\/em><\/li>\n<li><em><strong>CENTROS COMERCIALES<\/strong><\/em><\/li>\n<li><em><strong>HOTELES<\/strong><\/em><\/li>\n<li><em><strong>HOSPITALES<\/strong><\/em><\/li>\n<li><em><strong>ALMACENES<\/strong><\/em><\/li>\n<li><em><strong>OFICINAS M\u00c9DICAS<\/strong><\/em><\/li>\n<li><em><strong>RESTAURANTES<\/strong><\/em><\/li>\n<li><em><strong>PLANTAS MANUFACTURADAS<\/strong><\/em><\/li>\n<li><em><strong>BARCOS<\/strong><\/em><\/li>\n<li><em><strong>ETC.<\/strong><\/em><\/li>\n<\/ul>\n","protected":false},"featured_media":7234,"comment_status":"closed","ping_status":"closed","template":"","meta":[],"pwb-brand":[],"product_brand":[],"product_cat":[424],"product_tag":[],"class_list":{"0":"post-18823","1":"product","2":"type-product","3":"status-publish","4":"has-post-thumbnail","6":"product_cat-instantaneos-de-paso-electricos-boilers-calentadores-de-agua","8":"first","9":"onbackorder","10":"product-type-simple"},"brands":[],"_links":{"self":[{"href":"https:\/\/h2otek.com\/tienda\/wp-json\/wp\/v2\/product\/18823","targetHints":{"allow":["GET"]}}],"collection":[{"href":"https:\/\/h2otek.com\/tienda\/wp-json\/wp\/v2\/product"}],"about":[{"href":"https:\/\/h2otek.com\/tienda\/wp-json\/wp\/v2\/types\/product"}],"replies":[{"embeddable":true,"href":"https:\/\/h2otek.com\/tienda\/wp-json\/wp\/v2\/comments?post=18823"}],"wp:featuredmedia":[{"embeddable":true,"href":"https:\/\/h2otek.com\/tienda\/wp-json\/wp\/v2\/media\/7234"}],"wp:attachment":[{"href":"https:\/\/h2otek.com\/tienda\/wp-json\/wp\/v2\/media?parent=18823"}],"wp:term":[{"taxonomy":"pwb-brand","embeddable":true,"href":"https:\/\/h2otek.com\/tienda\/wp-json\/wp\/v2\/pwb-brand?post=18823"},{"taxonomy":"product_brand","embeddable":true,"href":"https:\/\/h2otek.com\/tienda\/wp-json\/wp\/v2\/product_brand?post=18823"},{"taxonomy":"product_cat","embeddable":true,"href":"https:\/\/h2otek.com\/tienda\/wp-json\/wp\/v2\/product_cat?post=18823"},{"taxonomy":"product_tag","embeddable":true,"href":"https:\/\/h2otek.com\/tienda\/wp-json\/wp\/v2\/product_tag?post=18823"}],"curies":[{"name":"wp","href":"https:\/\/api.w.org\/{rel}","templated":true}]}}