{"id":18811,"date":"2021-07-06T21:19:26","date_gmt":"2021-07-06T21:19:26","guid":{"rendered":"https:\/\/h2otek.com\/tienda\/producto\/deshumidificador-comercial-industrial-hvac-cap-9200-btu-hr-110v-1-fase-60-hz-538-cfm-marca-ebac-mod-free-star\/"},"modified":"2026-01-24T17:59:41","modified_gmt":"2026-01-24T17:59:41","slug":"deshumidificador-comercial-industrial-hvac-cap-9200-btu-hr-110v-1-fase-60-hz-538-cfm-marca-ebac-mod-free-star","status":"publish","type":"product","link":"https:\/\/h2otek.com\/tienda\/producto\/deshumidificador-comercial-industrial-hvac-cap-9200-btu-hr-110v-1-fase-60-hz-538-cfm-marca-ebac-mod-free-star\/","title":{"rendered":"DESHUMIDIFICADOR COMERCIAL-INDUSTRIAL HVAC CAP. 9,200 BTU\/HR 110V 1 FASE 60 HZ 538 CFM MARCA EBAC MOD. FREESTAR"},"content":{"rendered":"<p style=\"text-align: center;\"><img fetchpriority=\"high\" decoding=\"async\" src=\"https:\/\/h2otek.com\/tienda\/img\/cms\/controlhumedad\/deshumidificadores\/ebac\/header-deshumidificador-hvac-ebac-freestar.jpg\" alt=\"\" width=\"650\" height=\"300\" \/><\/p>\n<p style=\"text-align: justify;\">El deshumidificador Ebac FREESTAR es la unidad ideal para el trabajo comercial y residencial. Tama\u00f1o compacto. Tiene la capacidad de manejar varias \u00e1reas de tama\u00f1o de la habitaci\u00f3n a la vez. Lo mejor de todo es que tiene un precio accesible dentro del presupuesto de la mayor\u00eda de los especialistas en restauraci\u00f3n.<\/p>\n<p><strong>Aplicaci\u00f3n<\/strong><br \/>\nEl deshumidificador comercial\/industrial EIPL FreeStar fue dise\u00f1ado para proporcionar un control de humedad eficiente en una amplia gama de aplicaciones, incluyendo oficinas, laboratorios, \u00e1reas de almacenamiento, restaurantes, bares, museos, vestuarios, salas de telecomunicaciones y s\u00f3tanos. Es una unidad silenciosa, de alta eficiencia y alta capacidad dise\u00f1ada para satisfacer sus necesidades de HVAC.<\/p>\n<p><strong>Caracter\u00edsticas clave de dise\u00f1o<\/strong><br \/>\nAlta capacidad, alta eficiencia (EER 10.8), enfriamiento y secado en dos etapas, bajo consumo de amperaje, filtro de entrada, ventilador inclinado hacia atr\u00e1s de alta est\u00e1tica, \u2022 pies ajustables, interruptor de falla a tierra, bomba interna de condensado de alta capacidad, l\u00e1mparas indicadoras de secado y descongelamiento, interno \/ Opciones de humidistato externo, chasis recubierto de energ\u00eda ep\u00f3xica, el exclusivo sistema de descongelaci\u00f3n de &#8220;ciclo inverso&#8221; de EIPL, para un funcionamiento efectivo a bajas temperaturas ambientales.<\/p>\n<p><strong>Rendimiento comprobado<\/strong><br \/>\nDebido a la caracter\u00edstica exclusiva de descongelaci\u00f3n de &#8220;ciclo inverso&#8221; de EIPL, el FreeStar funcionar\u00e1 sin problemas en temperaturas de hasta 33 \u00b0 F sin acumulaci\u00f3n de escarcha. El control de descongelaci\u00f3n sensible a la temperatura garantiza un rendimiento opcional en todas las condiciones. El FreeStar incorpora un intercambio de calor &#8220;aire a aire&#8221; que proporciona un nivel secundario de preenfriamiento y secado. El ventilador curvado hacia atr\u00e1s de alta capacidad maximizar\u00e1 el suministro de aire a largas distancias. Siempre que sea necesario un secado r\u00e1pido, confiable y de bajo consumo, EIPL puede proporcionar la respuesta. El compresor rotativo de alta eficiencia garantiza la m\u00e1xima extracci\u00f3n con los costos de funcionamiento m\u00e1s bajos.<\/p>\n<p><strong>El problema<\/strong><br \/>\nLa humedad excesiva en su espacio de rastreo, almac\u00e9n, oficina, f\u00e1brica o taller produce corrosi\u00f3n, crecimiento de moho y podredumbre. Cada a\u00f1o se incurre en costos enormes por da\u00f1os al inventario y por costos de mantenimiento inflados del edificio como resultado de la humedad. Incluso si su edificio parece seco durante el d\u00eda, en la noche cuando baja la temperatura, la humedad aumenta y comienza el proceso de condensaci\u00f3n. El tama\u00f1o f\u00edsico compacto y el alto rendimiento hacen de FreeStar la opci\u00f3n ideal.<\/p>\n<p><strong>APLICACIONES:<\/strong><\/p>\n<ul>\n<li>Oficinas<\/li>\n<li>Tiendas<\/li>\n<li>Restaurantes<\/li>\n<li>S\u00f3tanos<\/li>\n<li>Piscinas<\/li>\n<li>Laboratorios<\/li>\n<li>Cocinas<\/li>\n<li>Estaciones de bombeo<\/li>\n<li>Hospitales<\/li>\n<li>Hotel\/Mote<\/li>\n<\/ul>\n<p><strong>CARACTER\u00cdSTICAS:<\/strong><\/p>\n<ul>\n<li>Alta capacidad<\/li>\n<li>Entrada de filtro de aire<\/li>\n<li>Cron\u00f3metro<\/li>\n<li>Alto rendimiento<\/li>\n<li>Bajo amperaje<\/li>\n<li>Pies ajustables<\/li>\n<li>Bomba de condensaci\u00f3n interna<\/li>\n<li>Interruptor de encendido iluminado<\/li>\n<li>Interruptor de falla a tierra<\/li>\n<li>Bomba de condensado con funci\u00f3n de purga<\/li>\n<li>Cable de alimentaci\u00f3n extra largo<\/li>\n<li>Polvo para protecci\u00f3n a largo plazo<\/li>\n<li>1 a\u00f1o gratis sobre cualquier defecto de fabricaci\u00f3n<\/li>\n<\/ul>\n<p><strong>ESPECIFICACIONES:<\/strong><\/p>\n<ul>\n<li>Compresor tipo rotativo<\/li>\n<li>BTU \/ HR 9200<\/li>\n<li>Refrigerante R-22<\/li>\n<li>CFM: 437\/538<\/li>\n<li>EER:10,8<\/li>\n<li>110V<\/li>\n<li>Amps. duraci\u00f3n 8<\/li>\n<li>Capacidad 150 ppd @ AHAM, 28 + galones en la saturaci\u00f3n<\/li>\n<\/ul>\n<p>&nbsp;<\/p>\n<p style=\"text-align: center;\"><strong><span style=\"color: #000000;\">TABLA DE ESPECIFICACIONES:<\/span><\/strong><\/p>\n<div class=\"WordSection1\">\n<table class=\"MsoTableLightShadingAccent1\" style=\"width: 550px; margin-right: auto; margin-left: auto; border-collapse: collapse;\" border=\"1\" cellspacing=\"0\" cellpadding=\"0\">\n<tbody>\n<tr style=\"height: 16.65pt;\">\n<td style=\"width: 50.6pt; padding: 0cm 5.4pt; height: 16.65pt;\" valign=\"top\" width=\"67\">\n<p class=\"MsoNormal\" style=\"margin-bottom: .0001pt; text-align: center; line-height: normal;\" align=\"center\"><strong><span style=\"font-size: 10pt; color: #000000;\">DESHUMIDIFICADOR \u00a0<\/span><\/strong><\/p>\n<\/td>\n<td style=\"width: 93.15pt; padding: 0cm 5.4pt; height: 16.65pt;\" valign=\"top\" width=\"124\">\n<p class=\"MsoNormal\" style=\"margin-bottom: .0001pt; line-height: normal; text-align: center;\"><strong><span style=\"font-size: 10pt; color: #000000;\">MODELO FREESTAR<br \/>\n<\/span><\/strong><\/p>\n<\/td>\n<\/tr>\n<tr style=\"height: 16.65pt;\">\n<td style=\"width: 50.6pt; background: #d3dfee none repeat scroll 0% 0%; padding: 0cm 5.4pt; height: 16.65pt;\" valign=\"top\" width=\"67\">\n<p class=\"MsoNormal\" style=\"margin-bottom: .0001pt; line-height: normal;\"><span style=\"font-size: 10pt;\">Altura<\/span><\/p>\n<\/td>\n<td style=\"width: 93.15pt; background: #d3dfee none repeat scroll 0% 0%; padding: 0cm 5.4pt; height: 16.65pt;\" valign=\"top\" width=\"124\">\n<p class=\"MsoNormal\" style=\"margin-bottom: .0001pt; line-height: normal;\"><span style=\"color: #000000; font-size: 10pt;\">19 pulgadas<br \/>\n<\/span><\/p>\n<\/td>\n<\/tr>\n<tr style=\"height: 16.65pt;\">\n<td style=\"width: 50.6pt; padding: 0cm 5.4pt; height: 16.65pt;\" valign=\"top\" width=\"67\">\n<p class=\"MsoNormal\" style=\"margin-bottom: .0001pt; line-height: normal;\"><span style=\"font-size: 10pt;\">Ancho<\/span><\/p>\n<\/td>\n<td style=\"width: 93.15pt; padding: 0cm 5.4pt; height: 16.65pt;\" valign=\"top\" width=\"124\">\n<p class=\"MsoNormal\" style=\"margin-bottom: .0001pt; line-height: normal;\"><span style=\"color: #000000; font-size: 10pt;\">24 pulgadas<br \/>\n<\/span><\/p>\n<\/td>\n<\/tr>\n<tr style=\"height: 16.65pt;\">\n<td style=\"width: 50.6pt; background: #d3dfee none repeat scroll 0% 0%; padding: 0cm 5.4pt; height: 16.65pt;\" valign=\"top\" width=\"67\">\n<p class=\"MsoNormal\" style=\"margin-bottom: .0001pt; line-height: normal;\"><span style=\"font-size: 10pt;\">Profundidad<\/span><\/p>\n<\/td>\n<td style=\"width: 93.15pt; background: #d3dfee none repeat scroll 0% 0%; padding: 0cm 5.4pt; height: 16.65pt;\" valign=\"top\" width=\"124\">\n<p class=\"MsoNormal\" style=\"margin-bottom: .0001pt; line-height: normal;\"><span style=\"color: #000000; font-size: 10pt;\">38 pulgadas<br \/>\n<\/span><\/p>\n<\/td>\n<\/tr>\n<tr style=\"height: 16.65pt;\">\n<td style=\"width: 50.6pt; padding: 0cm 5.4pt; height: 16.65pt;\" valign=\"top\" width=\"67\">\n<p class=\"MsoNormal\" style=\"margin-bottom: .0001pt; line-height: normal;\"><span style=\"font-size: 10pt;\">Peso<\/span><\/p>\n<\/td>\n<td style=\"width: 93.15pt; padding: 0cm 5.4pt; height: 16.65pt;\" valign=\"top\" width=\"124\">\n<p class=\"MsoNormal\" style=\"margin-bottom: .0001pt; line-height: normal;\"><span style=\"color: #000000; font-size: 10pt;\">72 kg<\/span><\/p>\n<\/td>\n<\/tr>\n<tr style=\"height: 15.95pt;\">\n<td style=\"width: 50.6pt; background: #d3dfee none repeat scroll 0% 0%; padding: 0cm 5.4pt; height: 15.95pt;\" valign=\"top\" width=\"67\">\n<p class=\"MsoNormal\" style=\"margin-bottom: .0001pt; line-height: normal;\"><span style=\"font-size: 10pt;\">Voltaje<\/span><\/p>\n<\/td>\n<td style=\"width: 93.15pt; background: #d3dfee none repeat scroll 0% 0%; padding: 0cm 5.4pt; height: 15.95pt;\" valign=\"top\" width=\"124\">\n<p class=\"MsoNormal\" style=\"margin-bottom: .0001pt; line-height: normal;\"><span style=\"color: #000000; font-size: 10pt;\">110 V<\/span><\/p>\n<\/td>\n<\/tr>\n<tr style=\"height: 16.65pt;\">\n<td style=\"width: 50.6pt; padding: 0cm 5.4pt; height: 16.65pt;\" valign=\"top\" width=\"67\">\n<p class=\"MsoNormal\" style=\"margin-bottom: .0001pt; line-height: normal;\"><span style=\"font-size: 10pt;\">Fase<\/span><\/p>\n<\/td>\n<td style=\"width: 93.15pt; padding: 0cm 5.4pt; height: 16.65pt;\" valign=\"top\" width=\"124\">\n<p class=\"MsoNormal\" style=\"margin-bottom: .0001pt; line-height: normal;\"><span style=\"color: #000000; font-size: 10pt;\">1<\/span><\/p>\n<\/td>\n<\/tr>\n<tr style=\"height: 16.65pt;\">\n<td style=\"width: 50.6pt; background: #d3dfee none repeat scroll 0% 0%; padding: 0cm 5.4pt; height: 16.65pt;\" valign=\"top\" width=\"67\">\n<p class=\"MsoNormal\" style=\"margin-bottom: .0001pt; line-height: normal;\"><span style=\"font-size: 10pt;\">Frecuencia<\/span><\/p>\n<\/td>\n<td style=\"width: 93.15pt; background: #d3dfee none repeat scroll 0% 0%; padding: 0cm 5.4pt; height: 16.65pt;\" valign=\"top\" width=\"124\">\n<p class=\"MsoNormal\" style=\"margin-bottom: .0001pt; line-height: normal;\"><span style=\"color: #000000; font-size: 10pt;\">60 Hz<\/span><\/p>\n<\/td>\n<\/tr>\n<tr style=\"height: 16.65pt;\">\n<td style=\"width: 50.6pt; padding: 0cm 5.4pt; height: 16.65pt;\" valign=\"top\" width=\"67\">\n<p class=\"MsoNormal\" style=\"margin-bottom: .0001pt; line-height: normal;\"><span style=\"font-size: 10pt;\">Corriente<\/span><\/p>\n<\/td>\n<td style=\"width: 93.15pt; padding: 0cm 5.4pt; height: 16.65pt;\" valign=\"top\" width=\"124\">\n<p class=\"MsoNormal\" style=\"margin-bottom: .0001pt; line-height: normal;\"><span style=\"color: #000000; font-size: 10pt;\">8 A<\/span><\/p>\n<\/td>\n<\/tr>\n<tr style=\"height: 16.65pt;\">\n<td style=\"width: 50.6pt; background: #d3dfee none repeat scroll 0% 0%; padding: 0cm 5.4pt; height: 16.65pt;\" valign=\"top\" width=\"67\">\n<p class=\"MsoNormal\" style=\"margin-bottom: .0001pt; line-height: normal;\"><span style=\"font-size: 10pt;\">Potencia<\/span><\/p>\n<\/td>\n<td style=\"width: 93.15pt; background: #d3dfee none repeat scroll 0% 0%; padding: 0cm 5.4pt; height: 16.65pt;\" valign=\"top\" width=\"124\">\n<p class=\"MsoNormal\" style=\"margin-bottom: .0001pt; line-height: normal;\"><span style=\"color: #000000; font-size: 10pt;\">900 W<\/span><\/p>\n<\/td>\n<\/tr>\n<tr style=\"height: 16.65pt;\">\n<td style=\"width: 50.6pt; padding: 0cm 5.4pt; height: 16.65pt;\" valign=\"top\" width=\"67\">\n<p class=\"MsoNormal\" style=\"margin-bottom: .0001pt; line-height: normal;\"><span style=\"font-size: 10pt;\">Flujo de aire<\/span><\/p>\n<\/td>\n<td style=\"width: 93.15pt; padding: 0cm 5.4pt; height: 16.65pt;\" valign=\"top\" width=\"124\">\n<p class=\"MsoNormal\" style=\"margin-bottom: .0001pt; line-height: normal;\"><span style=\"color: #000000; font-size: 10pt;\">538 cfm 914m3\/hr<\/span><\/p>\n<\/td>\n<\/tr>\n<tr style=\"height: 16.65pt;\">\n<td style=\"width: 50.6pt; background: #d3dfee none repeat scroll 0% 0%; padding: 0cm 5.4pt; height: 16.65pt;\" valign=\"top\" width=\"67\">\n<p class=\"MsoNormal\" style=\"margin-bottom: .0001pt; line-height: normal;\"><span style=\"font-size: 10pt;\">Nivel de ruido<\/span><\/p>\n<\/td>\n<td style=\"width: 93.15pt; background: #d3dfee none repeat scroll 0% 0%; padding: 0cm 5.4pt; height: 16.65pt;\" valign=\"top\" width=\"124\">\n<p class=\"MsoNormal\" style=\"margin-bottom: .0001pt; line-height: normal;\"><span style=\"color: #000000; font-size: 10pt;\">57\u00a0<span class=\"SpellE\">dba<\/span><\/span><\/p>\n<\/td>\n<\/tr>\n<tr style=\"height: 16.65pt;\">\n<td style=\"width: 50.6pt; padding: 0cm 5.4pt; height: 16.65pt;\" valign=\"top\" width=\"67\">\n<p class=\"MsoNormal\" style=\"margin-bottom: .0001pt; line-height: normal;\"><span style=\"font-size: 10pt;\">Refrigerante<\/span><\/p>\n<\/td>\n<td style=\"width: 93.15pt; padding: 0cm 5.4pt; height: 16.65pt;\" valign=\"top\" width=\"124\">\n<p class=\"MsoNormal\" style=\"margin-bottom: .0001pt; line-height: normal;\"><span style=\"color: #000000; font-size: 10pt;\">R407c<\/span><\/p>\n<\/td>\n<\/tr>\n<tr style=\"height: 16.65pt;\">\n<td style=\"width: 50.6pt; background: #d3dfee none repeat scroll 0% 0%; padding: 0cm 5.4pt; height: 16.65pt;\" valign=\"top\" width=\"67\">\n<p class=\"MsoNormal\" style=\"margin-bottom: .0001pt; line-height: normal;\"><span style=\"font-size: 10pt;\"><span class=\"SpellE\">Vol\u00famen efectivo<\/span><span style=\"color: #000000;\"><br \/>\n<\/span><\/span><\/p>\n<\/td>\n<td style=\"width: 93.15pt; background: #d3dfee none repeat scroll 0% 0%; padding: 0cm 5.4pt; height: 16.65pt;\" valign=\"top\" width=\"124\">\n<p class=\"MsoNormal\" style=\"margin-bottom: .0001pt; line-height: normal;\"><span style=\"color: #000000; font-size: 10pt;\">10,594 cu.ft (300m3)<br \/>\n<\/span><\/p>\n<\/td>\n<\/tr>\n<tr style=\"height: 16.65pt;\">\n<td style=\"width: 50.6pt; padding: 0cm 5.4pt; height: 16.65pt;\" valign=\"top\" width=\"67\">\n<p class=\"MsoNormal\" style=\"margin-bottom: .0001pt; line-height: normal;\"><span style=\"font-size: 10pt;\">T\u00edpico de extracci\u00f3n<\/span><\/p>\n<\/td>\n<td style=\"width: 93.15pt; padding: 0cm 5.4pt; height: 16.65pt;\" valign=\"top\" width=\"124\">\n<p class=\"MsoNormal\" style=\"margin-bottom: .0001pt; line-height: normal;\"><span style=\"color: #000000; font-size: 10pt;\">105\u00a0<span class=\"SpellE\">ppd<\/span><\/span><\/p>\n<\/td>\n<\/tr>\n<tr style=\"height: 16.65pt;\">\n<td style=\"width: 50.6pt; background: #d3dfee none repeat scroll 0% 0%; padding: 0cm 5.4pt; height: 16.65pt;\" valign=\"top\" width=\"67\">\n<p class=\"MsoNormal\" style=\"margin-bottom: .0001pt; line-height: normal;\"><span style=\"font-size: 10pt;\">Temperatura m\u00ednima de <span class=\"SpellE\">funcionamento<\/span><\/span><\/p>\n<\/td>\n<td style=\"width: 93.15pt; background: #d3dfee none repeat scroll 0% 0%; padding: 0cm 5.4pt; height: 16.65pt;\" valign=\"top\" width=\"124\">\n<p class=\"MsoNormal\" style=\"margin-bottom: .0001pt; line-height: normal;\"><span style=\"color: #000000; font-size: 10pt;\">1\u00ba C<\/span><\/p>\n<\/td>\n<\/tr>\n<tr style=\"height: 16.65pt;\">\n<td style=\"width: 50.6pt; padding: 0cm 5.4pt; height: 16.65pt;\" valign=\"top\" width=\"67\">\n<p class=\"MsoNormal\" style=\"margin-bottom: .0001pt; line-height: normal;\"><span style=\"font-size: 10pt;\">Temperatura m\u00e1xima de funcionamiento<\/span><\/p>\n<\/td>\n<td style=\"width: 93.15pt; padding: 0cm 5.4pt; height: 16.65pt;\" valign=\"top\" width=\"124\">\n<p class=\"MsoNormal\" style=\"margin-bottom: .0001pt; line-height: normal;\"><span style=\"color: #000000; font-size: 10pt;\">40\u00ba C<\/span><\/p>\n<\/td>\n<\/tr>\n<\/tbody>\n<\/table>\n<p>&nbsp;<\/p>\n<\/div>\n<p style=\"text-align: center;\"><strong>FUNCIONAMIENTO:<\/strong><\/p>\n<p style=\"text-align: center;\">AIRE A TRAV\u00c9S DE FUNCIONAMIENTO DE LA UNIDAD<\/p>\n<p style=\"text-align: center;\"><img decoding=\"async\" src=\"https:\/\/www.h2otek.com\/tienda\/Images\/deshumidificadores\/funcionamiento-freestar.jpg\" alt=\"\" border=\"0\" \/><\/p>\n<p style=\"text-align: justify;\"><strong>El Deshumidificador<\/strong><\/p>\n<p>El ventilador aspira el aire h\u00famedo a trav\u00e9s del evaporador fr\u00edo, que enfr\u00eda el aire por debajo de su punto de roc\u00edo. Se acumula humedad en el evaporador y se recoge en la bandeja de condensados\u200b\u200b, que est\u00e1 equipado con una bomba interna de condensaci\u00f3n para una f\u00e1cil extracci\u00f3n de la humedad recogida. El aire fr\u00edo luego pasa a trav\u00e9s del serpent\u00edn del condensador caliente donde se recalienta con el mismo eliminar m\u00e1s energ\u00eda durante la fase de enfriamiento, adem\u00e1s de generar el calor adicional por el compresor. El aire es, por lo tanto, dado de alta del deshumidificador en un temperatura ligeramente m\u00e1s alta, con una humedad absoluta m\u00e1s baja que la que entr\u00f3. La circulaci\u00f3n continua de aire a trav\u00e9s del deshumidificador gradualmente reduce la humedad relativa dentro del \u00e1rea. Debido a que el FreeStar\u00a0 est\u00e1n equipadas con un higrostato interno, autom\u00e1ticamente se encienden y se apagan para ahorrar energ\u00eda y los gastos por el mantenimiento del nivel deseado de humedad con funcionamiento intermitente.<\/p>\n<p>&nbsp;<\/p>\n<p><strong>DESCARGAR MANUALES<\/strong><\/p>\n<ul>\n<li><strong><a href=\"https:\/\/h2otek.com\/tienda\/img\/cms\/controlhumedad\/deshumidificadores\/ebac\/ESPECIFICACIONES%20DESHUMIDIFICADOR%20HVAC%20EBAC%20Freestar.pdf\" target=\"_blank\" rel=\"noopener\">ESPECIFICACIONES<\/a><\/strong><\/li>\n<li><strong><a href=\"https:\/\/h2otek.com\/tienda\/img\/cms\/controlhumedad\/deshumidificadores\/ebac\/MANUAL%20DEL%20USUARIO%20DESHUMIDIFICADOR%20HVAC%20EBAC%20Freestar.pdf\" target=\"_blank\" rel=\"noopener\">MANUAL DEL USUARIO<\/a><\/strong><\/li>\n<li><strong><a href=\"https:\/\/h2otek.com\/tienda\/img\/cms\/controlhumedad\/deshumidificadores\/ebac\/DIAGRAMA%20DE%20CABLEADO%20DESHUMIDIFICADOR%20HVAC%20EBAC%20Freestar.pdf\" target=\"_blank\" rel=\"noopener\">DIAGRAMA DE CABLEADO<\/a><\/strong><\/li>\n<li><strong><a href=\"https:\/\/h2otek.com\/tienda\/img\/cms\/controlhumedad\/deshumidificadores\/ebac\/ESQUEMA%20DE%20CABLEADO%20DESHUMIDIFICADOR%20HVAC%20EBAC%20Freestar.pdf\" target=\"_blank\" rel=\"noopener\">ESQUEMA DE CABLEADO<\/a><\/strong><\/li>\n<li><strong><a href=\"https:\/\/h2otek.com\/tienda\/img\/cms\/controlhumedad\/deshumidificadores\/ebac\/LISTA%20DE%20PARTES%20DESHUMIDIFICADOR%20HVAC%20EBAC%20Freestar.pdf\" target=\"_blank\" rel=\"noopener\">LISTA DE PARTES<\/a><\/strong><\/li>\n<\/ul>\n<p>&nbsp;<\/p>\n<p><span style=\"color: #000000;\"><strong>PRECIOS INCLUYE GASTOS DE ENVIO (GRATIS) E IMPUESTO 16% DE IVA<\/strong><\/span><\/p>\n","protected":false},"excerpt":{"rendered":"<p><span style=\"color: #ff0000;\"><strong>PRECIO EN D\u00d3LARES US.<\/strong><\/span><\/p>\n<p><strong>IDEALES PARA LOS ESPACIOS DE:<\/strong><\/p>\n<ul>\n<li><span style=\"color: #000000;\"><em><span style=\"font-size: small;\"><strong> ALMACEN<\/strong><\/span><\/em><\/span><\/li>\n<li><span style=\"color: #000000;\"><em><span style=\"font-size: small;\"><strong>S\u00d3TANOS<\/strong><\/span><\/em><\/span><\/li>\n<li><span style=\"color: #000000;\"><em><span style=\"font-size: small;\"><strong>F\u00c1BRICAS<\/strong><\/span><\/em><\/span><\/li>\n<li><span style=\"color: #000000;\"><em><span style=\"font-size: small;\"><strong>RESTAURACI\u00d3N DE DA\u00d1OS<\/strong><\/span><\/em><\/span><\/li>\n<li><span style=\"color: #000000;\"><em><span style=\"font-size: small;\"><strong>PABELLONES DEPORTIV<\/strong><\/span><span style=\"font-size: small;\"><strong>OS<\/strong><\/span><\/em><\/span><\/li>\n<li><span style=\"color: #000000;\"><em><span style=\"font-size: small;\"><strong>\u00c1REAS DE ALMACENAMIENTO<\/strong><\/span><\/em><\/span><\/li>\n<li><span style=\"color: #000000;\"><em><span style=\"font-size: small;\"><strong>LABORATORIOS<\/strong><\/span><\/em><\/span><\/li>\n<li><span style=\"color: #000000;\"><em><span style=\"font-size: small;\"><strong>ETC.<\/strong><\/span><\/em><\/span><\/li>\n<\/ul>\n<p style=\"text-align: left;\">\n","protected":false},"featured_media":5744,"comment_status":"closed","ping_status":"closed","template":"","meta":[],"pwb-brand":[],"product_brand":[],"product_cat":[404],"product_tag":[],"class_list":{"0":"post-18811","1":"product","2":"type-product","3":"status-publish","4":"has-post-thumbnail","6":"product_cat-para-ducto-hvac","8":"first","9":"onbackorder","10":"purchasable","11":"product-type-simple"},"brands":[],"_links":{"self":[{"href":"https:\/\/h2otek.com\/tienda\/wp-json\/wp\/v2\/product\/18811","targetHints":{"allow":["GET"]}}],"collection":[{"href":"https:\/\/h2otek.com\/tienda\/wp-json\/wp\/v2\/product"}],"about":[{"href":"https:\/\/h2otek.com\/tienda\/wp-json\/wp\/v2\/types\/product"}],"replies":[{"embeddable":true,"href":"https:\/\/h2otek.com\/tienda\/wp-json\/wp\/v2\/comments?post=18811"}],"wp:featuredmedia":[{"embeddable":true,"href":"https:\/\/h2otek.com\/tienda\/wp-json\/wp\/v2\/media\/5744"}],"wp:attachment":[{"href":"https:\/\/h2otek.com\/tienda\/wp-json\/wp\/v2\/media?parent=18811"}],"wp:term":[{"taxonomy":"pwb-brand","embeddable":true,"href":"https:\/\/h2otek.com\/tienda\/wp-json\/wp\/v2\/pwb-brand?post=18811"},{"taxonomy":"product_brand","embeddable":true,"href":"https:\/\/h2otek.com\/tienda\/wp-json\/wp\/v2\/product_brand?post=18811"},{"taxonomy":"product_cat","embeddable":true,"href":"https:\/\/h2otek.com\/tienda\/wp-json\/wp\/v2\/product_cat?post=18811"},{"taxonomy":"product_tag","embeddable":true,"href":"https:\/\/h2otek.com\/tienda\/wp-json\/wp\/v2\/product_tag?post=18811"}],"curies":[{"name":"wp","href":"https:\/\/api.w.org\/{rel}","templated":true}]}}