{"id":18790,"date":"2021-07-06T21:19:15","date_gmt":"2021-07-06T21:19:15","guid":{"rendered":"https:\/\/h2otek.com\/tienda\/producto\/calentador-de-agua-boiler-deposito-sin-piloto-wi-fi-cap-62-litros-gen-3-a-gas-lp-marca-calorex-mod-g-15\/"},"modified":"2025-02-22T19:07:04","modified_gmt":"2025-02-22T19:07:04","slug":"calentador-de-agua-boiler-deposito-sin-piloto-wi-fi-cap-62-litros-gen-3-a-gas-lp-marca-calorex-mod-g-15","status":"publish","type":"product","link":"https:\/\/h2otek.com\/tienda\/producto\/calentador-de-agua-boiler-deposito-sin-piloto-wi-fi-cap-62-litros-gen-3-a-gas-lp-marca-calorex-mod-g-15\/","title":{"rendered":"CALENTADOR DE AGUA &#8211; BOILER DEP\u00d3SITO SIN PILOTO WI-FI CAP. 62 LITROS GEN 3 A GAS LP MARCA CALOREX MOD. G-15"},"content":{"rendered":"<p align=\"center\"><img fetchpriority=\"high\" decoding=\"async\" width=\"650\" height=\"344\" alt=\"header-calentadores-depositogas-sinpilot\" src=\"https:\/\/h2otek.com\/tienda\/img\/cms\/aguacaliente\/calorex\/deposito-gas\/SINPILOTO-WIFI\/header-calentadores-depositogas-sinpiloto-wifi-calorex-G-15-lp.jpg\" \/><\/p>\n<h3><strong><br \/><\/strong>El \u00fanico calentador que controlas desde tu celular. Configura f\u00e1cilmente desde su pr\u00e1ctica app v\u00eda Wi-Fi desde donde est\u00e9s.<\/p>\n<p>\u00a0<\/h3>\n<table style=\"width:100%;\" border=\"0\" cellspacing=\"4\" cellpadding=\"2\">\n<tbody>\n<tr>\n<td><img decoding=\"async\" width=\"59\" height=\"60\" alt=\"\" src=\"https:\/\/h2otek.com\/tienda\/img\/cms\/aguacaliente\/calorex\/deposito-gas\/SINPILOTO-WIFI\/wifi_permanente.png\" \/><\/td>\n<td>\n<p><strong>Sin piloto permanente<\/strong> &#8211; Para que ahorres m\u00e1s gas.<\/p>\n<\/td>\n<\/tr>\n<tr>\n<td><img decoding=\"async\" width=\"59\" height=\"60\" alt=\"\" src=\"https:\/\/h2otek.com\/tienda\/img\/cms\/aguacaliente\/calorex\/deposito-gas\/SINPILOTO-WIFI\/wifi_app.png\" \/><\/td>\n<td>\n<p><strong>App Exclusiva<\/strong> &#8211; Programa d\u00edas, horas y tiempo que quieras que encienda.<\/p>\n<\/td>\n<\/tr>\n<tr>\n<td><img loading=\"lazy\" decoding=\"async\" width=\"59\" height=\"60\" alt=\"\" src=\"https:\/\/h2otek.com\/tienda\/img\/cms\/aguacaliente\/calorex\/deposito-gas\/SINPILOTO-WIFI\/wifi.png\" \/><\/td>\n<td>\n<p><strong>Progr\u00e1malo v\u00eda Wi-Fi<\/strong> &#8211; Desde donde est\u00e9s y adapt\u00e1ndolo a tu est\u00edlo de vida.<\/p>\n<\/td>\n<\/tr>\n<tr>\n<td><img loading=\"lazy\" decoding=\"async\" width=\"59\" height=\"60\" alt=\"\" src=\"https:\/\/h2otek.com\/tienda\/img\/cms\/aguacaliente\/calorex\/deposito-gas\/SINPILOTO-WIFI\/wifi_apagadoint.png\" \/><\/td>\n<td>\n<p><strong>Apagado Inteligente<\/strong> &#8211; Se apaga despu\u00e9s de 30 minutos sin usar agua caliente.<\/p>\n<\/td>\n<\/tr>\n<tr>\n<td><img loading=\"lazy\" decoding=\"async\" width=\"59\" height=\"60\" alt=\"\" src=\"https:\/\/h2otek.com\/tienda\/img\/cms\/aguacaliente\/calorex\/deposito-gas\/SINPILOTO-WIFI\/wifi_maspractico.png\" \/><\/td>\n<td>\n<p><strong>M\u00e1s pr\u00e1ctico<\/strong> &#8211; \u00dasalo con pilas o eliminador de corriente.<\/p>\n<\/td>\n<\/tr>\n<\/tbody>\n<\/table>\n<p><\/p>\n<p><strong><\/p>\n<p>CARACTER\u00cdSTICAS GENERALES:<\/strong><\/p>\n<ul>\n<li>Evoluci\u00f3n tecnol\u00f3gica que muestra en tiempo real y desde donde est\u00e9s, la actividad del calentador.<\/li>\n<li>Modo apagado inteligente; act\u00edvalo y se apagar\u00e1 autom\u00e1ticamente despu\u00e9s de 30 minutos sin usar agua caliente.<\/li>\n<li>Sistema ULTRA-HEAT: quemador de acero inoxidable, mejora el tiempo de recuperaci\u00f3n de la temperatura.<\/li>\n<\/ul>\n<p><\/p>\n<p><\/p>\n<p style=\"text-align:center;\"><strong>TABLA DE ESPECIFICACIONES:<\/strong><\/p>\n<p align=\"center\"><img loading=\"lazy\" decoding=\"async\" width=\"620\" height=\"567\" alt=\"especificaciones-calentadores-depositoga\" src=\"https:\/\/h2otek.com\/tienda\/img\/cms\/aguacaliente\/calorex\/deposito-gas\/SINPILOTO-WIFI\/especificaciones-calentadores-depositogas-sinpiloto-wifi-calorex-G-15.gif\" \/><\/p>\n<p>* 1 servicio equivale a una regadera de 5 L\/min; medio servicio equivale a un lavabo de 3 L\/min. Modelos disponibles en Gas L.P. o Gas Natural. Las medidas son nominales.<\/p>\n<p align=\"center\">** Disponible en Play Store y App Store (Requerimientos m\u00ednimos: IOS 8.0 y equipos iPhone 5S\/ Android 4.2, 100 MB de memoria disponible para descargar la app).<\/p>\n<p align=\"center\">\u00a0<\/p>\n<p align=\"center\">\u00a0<\/p>\n<p align=\"center\">\u00a0<\/p>\n<p align=\"center\"><strong>COMPONENTES<\/p>\n<p><\/strong><img loading=\"lazy\" decoding=\"async\" width=\"600\" height=\"643\" alt=\"\" src=\"https:\/\/h2otek.com\/tienda\/img\/cms\/aguacaliente\/calorex\/deposito-gas\/SINPILOTO-WIFI\/componentes-calentadores-depositogas-sinpiloto-wifi-calorex.jpg\" \/><\/p>\n<p align=\"center\" style=\"text-align:justify;\">\n<ol>\n<li>Salida de agua Caliente.<\/li>\n<li>Difusor de alta eficiencia, dise\u00f1ado especialmente para obtener el mejor desempe\u00f1o del calentador.<\/li>\n<li>Entrada de agua fr\u00eda.<\/li>\n<li>Vena Hidrodirigible.<\/li>\n<li>Sensor de seguridad de sobretemperatura de agua.<\/li>\n<li>Sensor de temperatura.<\/li>\n<li>V\u00e1lvula de drenado.<\/li>\n<li>Quemador de alto rendimiento.<\/li>\n<li>Sensor de Ionizado y Buj\u00eda de encendido.<\/li>\n<li>Entrada micro USB para adaptador de corriente.<\/li>\n<li>Porta Bater\u00edas.<\/li>\n<li>Electrov\u00e1lvula.<\/li>\n<li>M\u00f3dulo de Control Electr\u00f3nico.<\/li>\n<li>\u00c1nodo de Sacrificio, neutraliza el potencial de oxidaci\u00f3n, aumentando la vida \u00fatil del calentador<\/li>\n<\/ol>\n<p align=\"center\" style=\"text-align:justify;\"><\/p>\n<p align=\"center\">\n<p><\/p>\n<p align=\"center\">\n<p><img loading=\"lazy\" decoding=\"async\" width=\"258\" height=\"120\" alt=\"\" src=\"https:\/\/h2otek.com\/tienda\/img\/cms\/aguacaliente\/calorex\/deposito-gas\/SINPILOTO-WIFI\/logo-sinpiloto.jpg\" \/><\/p>\n<p><img loading=\"lazy\" decoding=\"async\" width=\"300\" height=\"158\" alt=\"\" src=\"https:\/\/h2otek.com\/tienda\/img\/cms\/aguacaliente\/calorex\/depaso\/COXPSP\/garantia.png\" \/><\/p>\n<p>\u00a0<\/p>\n<p>* Disponible en App Store y Google Play. <br \/>** Este producto utiliza 2 pilas alcalinas tipo &#8220;D&#8221; (no incluidas) o eliminador de corriente de 127 V (incluido). <br \/>*** V\u00e1lido en la Rep\u00fablica Mexicana, 1 a\u00f1o en partes el\u00e9ctricas y electr\u00f3nicas.<\/p>\n<p>\u00a0<\/p>\n<p><\/p>\n<p><span style=\"color:#4a4a4a;\"><strong>DESCARGAR MANUALES:<\/strong><\/span><\/p>\n<ul>\n<li><strong><a href=\"https:\/\/h2otek.com\/tienda\/img\/cms\/aguacaliente\/calorex\/deposito-gas\/SINPILOTO-WIFI\/MANUAL%20DEL%20USUARIO%20CALENTADORES%20DEPOSITO%20SIN%20PILOTO%20WI-FI%20GEN%203%20CALOREX.pdf\" target=\"_blank\" rel=\"noopener\">MANUAL DEL USUARIO<\/a><\/strong><\/li>\n<li><a href=\"https:\/\/h2otek.com\/tienda\/img\/cms\/aguacaliente\/calorex\/deposito-gas\/SINPILOTO-WIFI\/FICHA%20TECNICA%20CALENTADORES%20DEPOSITO%20SIN%20PILOTO%20WI-FI%20GEN%203%20CALOREX.pdf\" target=\"_blank\" rel=\"noopener\"><strong>FICHA T\u00c9CNICA<\/strong><\/a><\/li>\n<\/ul>\n<p>\u00a0<\/p>\n<p>\u00a0<\/p>\n<p>\u00a0<\/p>\n","protected":false},"excerpt":{"rendered":"<p><span style=\"color: #ff0000;\"><strong>PRECIO\u00a0EN PESOS MEXICANOS.<br \/>PRECIO INCLUYE 16 % DE I.V.A.<br \/>PRECIO INCLUYE ENVIO (ZONA CENTRO).<\/strong><\/span><\/p>\n<h5 style=\"text-align: left;\"><span style=\"color: #ac0000;\">Servicios Simult\u00e1neos:\u00a0<br \/>1 1\/2 SERVICIO<\/span><\/h5>\n<h5 style=\"text-align: left;\"><span style=\"color: #ac0000;\"><img loading=\"lazy\" decoding=\"async\" src=\"https:\/\/h2otek.com\/tienda\/img\/cms\/aguacaliente\/calorex\/depaso\/icS-regaderaCX.png\" alt=\"\" width=\"52\" height=\"50\" \/><span style=\"color: #000000;\">\u00a0 1 Servicio = 1 regadera de 5 L\/min<\/span><\/span><\/h5>\n<h5><span style=\"color: #ac0000;\"><span style=\"color: #000000;\"><img loading=\"lazy\" decoding=\"async\" src=\"https:\/\/h2otek.com\/tienda\/img\/cms\/aguacaliente\/calorex\/depaso\/icS-lavamanosCX.png\" alt=\"\" width=\"52\" height=\"50\" \/>\u00a0 \u00bd Servicio = 1 lavabo de 3 L\/min<\/span><\/p>\n<p>\u00a0 \u00a0 \u00a0\u00a0<br \/><\/span><\/h5>\n<p><em><strong>APLICACIONES M\u00c1S\u00a0 COMUNES:<\/strong><\/em><\/p>\n<ul>\n<li><strong><em>CASAS<\/em><\/strong><\/li>\n<li><strong><em>RESIDENCIAS<\/em><\/strong><\/li>\n<li><strong><em>DEPARTAMENTOS<\/em><\/strong><\/li>\n<li><strong><em>CONDOMINIOS, ETC.<\/em><\/strong><\/li>\n<\/ul>\n","protected":false},"featured_media":1932,"comment_status":"closed","ping_status":"closed","template":"","meta":[],"pwb-brand":[],"product_brand":[],"product_cat":[412],"product_tag":[],"class_list":{"0":"post-18790","1":"product","2":"type-product","3":"status-publish","4":"has-post-thumbnail","6":"product_cat-en-gas-lp-butano-boilers-calentadores-de-agua","8":"first","9":"onbackorder","10":"purchasable","11":"product-type-simple"},"brands":[],"_links":{"self":[{"href":"https:\/\/h2otek.com\/tienda\/wp-json\/wp\/v2\/product\/18790","targetHints":{"allow":["GET"]}}],"collection":[{"href":"https:\/\/h2otek.com\/tienda\/wp-json\/wp\/v2\/product"}],"about":[{"href":"https:\/\/h2otek.com\/tienda\/wp-json\/wp\/v2\/types\/product"}],"replies":[{"embeddable":true,"href":"https:\/\/h2otek.com\/tienda\/wp-json\/wp\/v2\/comments?post=18790"}],"wp:featuredmedia":[{"embeddable":true,"href":"https:\/\/h2otek.com\/tienda\/wp-json\/wp\/v2\/media\/1932"}],"wp:attachment":[{"href":"https:\/\/h2otek.com\/tienda\/wp-json\/wp\/v2\/media?parent=18790"}],"wp:term":[{"taxonomy":"pwb-brand","embeddable":true,"href":"https:\/\/h2otek.com\/tienda\/wp-json\/wp\/v2\/pwb-brand?post=18790"},{"taxonomy":"product_brand","embeddable":true,"href":"https:\/\/h2otek.com\/tienda\/wp-json\/wp\/v2\/product_brand?post=18790"},{"taxonomy":"product_cat","embeddable":true,"href":"https:\/\/h2otek.com\/tienda\/wp-json\/wp\/v2\/product_cat?post=18790"},{"taxonomy":"product_tag","embeddable":true,"href":"https:\/\/h2otek.com\/tienda\/wp-json\/wp\/v2\/product_tag?post=18790"}],"curies":[{"name":"wp","href":"https:\/\/api.w.org\/{rel}","templated":true}]}}