{"id":18787,"date":"2021-07-06T21:19:15","date_gmt":"2021-07-06T21:19:15","guid":{"rendered":"https:\/\/h2otek.com\/tienda\/producto\/tanque-de-almacenamiento-termico-85-galones-320-litros-marca-rheem-linea-marathon-mod-mts85200-581736\/"},"modified":"2025-09-29T17:07:29","modified_gmt":"2025-09-29T17:07:29","slug":"tanque-de-almacenamiento-termico-85-galones-320-litros-marca-rheem-linea-marathon-mod-mts85200-581736","status":"publish","type":"product","link":"https:\/\/h2otek.com\/tienda\/producto\/tanque-de-almacenamiento-termico-85-galones-320-litros-marca-rheem-linea-marathon-mod-mts85200-581736\/","title":{"rendered":"TANQUE DE ALMACENAMIENTO T\u00c9RMICO 85 GALONES (320 LITROS) MARCA RHEEM L\u00cdNEA MARATHON MOD. MTS85200\/581736"},"content":{"rendered":"<div style=\"text-align: center;\"><img fetchpriority=\"high\" decoding=\"async\" src=\"https:\/\/h2otek.com\/tienda\/img\/cms\/aguacaliente\/rheem\/marathon\/header-termotanque-rheem-marathon-85gal-mts85200.jpg\" alt=\"\" width=\"600\" height=\"300\" \/><\/div>\n<div style=\"text-align: justify;\"><\/div>\n<div style=\"text-align: justify;\">Los tanques de almacenamiento t\u00e9rmico Marathon\u00ae cuentan con una garant\u00eda limitada de por vida y una garant\u00eda limitada de 6 a\u00f1os. Est\u00e1n dise\u00f1ados para la calefacci\u00f3n solar, geot\u00e9rmica e indirecta con nuna garant\u00eda de respaldo.<\/div>\n<ul>\n<li>Dise\u00f1ado para aplicaciones de energ\u00eda alternativa<\/li>\n<li>Dise\u00f1ado espec\u00edficamente para la instalaci\u00f3n como tanque de almacenamiento t\u00e9rmico<\/li>\n<li>El elemento el\u00e9ctrico de respaldo proporciona 40 galones o m\u00e1s de agua caliente<\/li>\n<li>Grandes conexiones de agua para una menor ca\u00edda de presi\u00f3n<\/li>\n<\/ul>\n<p><strong>Dise\u00f1ado para la calefacci\u00f3n solar, geot\u00e9rmica e indirecta<\/strong><\/p>\n<ul>\n<li>Garantizado que no se fuga mientras usted sea due\u00f1o de su casa<\/li>\n<li>Elementos de respaldo controlados termost\u00e1ticamente<\/li>\n<li>F\u00e1cil instalaci\u00f3n con configuraciones de 2 o 3 puertos<\/li>\n<\/ul>\n<p><strong>Dise\u00f1ado para aplicaciones de energ\u00eda alternativa<\/strong><\/p>\n<ul>\n<li>Dise\u00f1ado espec\u00edficamente para la instalaci\u00f3n como tanque de almacenamiento t\u00e9rmico<\/li>\n<li>El elemento el\u00e9ctrico de respaldo proporciona 40 galones o m\u00e1s de agua caliente<\/li>\n<li>Grandes conexiones de agua para bajar la presi\u00f3n.<\/li>\n<\/ul>\n<p><strong>\u00a1Construido para perdurar!<\/strong><\/p>\n<ul>\n<li>Tanque de polibuteno sin soldadura, soplado, impermeable al \u00f3xido y la corrosi\u00f3n<\/li>\n<li>Elementos de la funda de titanio para una resistencia superior a la acumulaci\u00f3n de cal<\/li>\n<li>M\u00faltiples capas de fibra de vidrio enrollada por filamentos dan al tanque una resistencia inigualable<\/li>\n<li>Resistente al casco exterior de polietileno moldeado resistente a los abolladuras y ara\u00f1azos<\/li>\n<\/ul>\n<p><strong>Dise\u00f1ado para una instalaci\u00f3n f\u00e1cil<\/strong><\/p>\n<ul>\n<li>Conexiones de puerto de agua ubicadas en la parte frontal del tanque de almacenamiento para un acceso c\u00f3modo<\/li>\n<li>V\u00e1lvula de drenaje de lat\u00f3n de flujo completo para una drenaje r\u00e1pido<\/li>\n<li>V\u00e1lvula de alivio de temperatura y presi\u00f3n instalada de f\u00e1brica y v\u00e1lvula de alivio de vac\u00edo<\/li>\n<\/ul>\n<p><strong>Caracter\u00edsticas adicionales<\/strong><\/p>\n<ul>\n<li>El elemento termofundido proporciona protecci\u00f3n contra el &#8220;secado en seco&#8221;<\/li>\n<li>El fondo en forma de cuenco permite una eliminaci\u00f3n completa del sedimento<\/li>\n<li>La v\u00e1lvula de drenaje empotrada est\u00e1 fuera del alcance de las escobas y depuradores<\/li>\n<\/ul>\n<p><strong>Garant\u00eda<\/strong><\/p>\n<ul>\n<li>Tanque de por vida y garant\u00eda limitada de 6 a\u00f1os<\/li>\n<\/ul>\n<p style=\"text-align: center;\"><strong><br \/>\nDIMENSIONES<\/strong><\/p>\n<p style=\"text-align: center;\"><img decoding=\"async\" src=\"https:\/\/h2otek.com\/tienda\/img\/cms\/aguacaliente\/rheem\/marathon\/dimensiones-termotanque-rheem-marathon.jpg\" alt=\"\" width=\"650\" height=\"308\" \/><\/p>\n<p style=\"text-align: center;\"><strong><br \/>\n<\/strong>Todos los accesorios superiores 3\/4&#8243; hembra NPT<strong><br \/>\n<\/strong>Accesorios superiores separados 5-3\/4&#8243;<\/p>\n<p>&nbsp;<\/p>\n<p style=\"text-align: center;\"><strong><br \/>\n<\/strong><strong>TABLA DE ESPECIFICACIONES<\/strong><strong><br \/>\n<\/strong><\/p>\n<p style=\"text-align: center;\"><img decoding=\"async\" src=\"https:\/\/h2otek.com\/tienda\/img\/cms\/aguacaliente\/rheem\/marathon\/especificaciones-termotanque-rheem-marathon-85gal-mts85200.gif\" alt=\"\" width=\"650\" height=\"262\" \/><\/p>\n<p>\u2022 Los tanques de almacenamiento provistos de elementos son de 240 voltios AC est\u00e1ndar.<br \/>\n\u2022 Presi\u00f3n de prueba m\u00e1xima: 300 PSI<br \/>\n\u2022 Presi\u00f3n m\u00e1xima de trabajo: 150 PSI<br \/>\n\u2022 Temperatura m\u00e1xima del agua: 180\u00b0 F<\/p>\n<p>&nbsp;<\/p>\n<p style=\"text-align: center;\"><strong>CERTIFICACIONES:<\/strong><\/p>\n<p style=\"text-align: center;\"><img loading=\"lazy\" decoding=\"async\" src=\"https:\/\/h2otek.com\/tienda\/img\/cms\/aguacaliente\/rheem\/marathon\/certificaciones-termotanque-rheem-marathon.jpg\" alt=\"\" width=\"177\" height=\"70\" \/><\/p>\n<p><strong>DESCARGAR MANUALES:<\/strong><\/p>\n<ul>\n<li><strong><a href=\"http:\/\/www.h2otek.com\/tienda\/pdf\/aguacaliente\/FOLLETO%20TANQUE%20ALMACENAMIENTO%20RHEEM%20LINEA%20MARATHON.pdf\" target=\"_blank\" rel=\"noopener\">FOLLETO<\/a><\/strong><\/li>\n<li><strong><a href=\"http:\/\/www.h2otek.com\/tienda\/pdf\/aguacaliente\/MANUAL%20USOS%20Y%20CUIDADOS%20TANQUE%20ALMACENAMIENTO%20RHEEM%20LINEA%20MARATHON.pdf\" target=\"_blank\" rel=\"noopener\">USOS Y CUIDADOS<\/a><\/strong><\/li>\n<\/ul>\n","protected":false},"excerpt":{"rendered":"<p><span style=\"color: #ff0000; font-size: 12pt;\"><strong>PRECIO EN PESOS MEXICANOS.<br \/>\nPRECIO INCLUYE 16 % DE I.V.A.<br \/>\nPRECIO INCLUYE ENVIO (ZONA CENTRO).<\/strong><\/span><\/p>\n<p><span style=\"color: #000000;\"><strong>BOILER DE DEP\u00d3SITO EL\u00c9CTRICO 85 GALONES (320 LITROS), 2 CONFIGURACIONES DE PUERTOS.<\/strong><br \/>\n<\/span><\/p>\n<p style=\"text-align: left;\"><strong><span style=\"font-size: small; color: #000000;\">RECOMENDADO PARA GRANDES CANTIDADES DE AGUA CALIENTE.<\/span><\/strong><\/p>\n<p style=\"text-align: left;\"><em><span style=\"font-size: small;\"><strong>IDEALES PARA CUALQUIER NECESIDAD DE AGUA CALIENTE, COMO PUEDE SER EN:<\/strong><\/span><\/em><\/p>\n<ul>\n<li style=\"text-align: left;\"><em><strong><span style=\"font-size: small;\">CASAS<\/span><\/strong><\/em><\/li>\n<li style=\"text-align: left;\"><em><strong><span style=\"font-size: small;\">ESTETICAS<\/span><\/strong><\/em><\/li>\n<li style=\"text-align: left;\"><em><strong><span style=\"font-size: small;\">SPA<\/span><\/strong><\/em><\/li>\n<li style=\"text-align: left;\"><em><strong><span style=\"font-size: small;\">RESIDENCIAS<\/span><\/strong><\/em><\/li>\n<li style=\"text-align: left;\"><em><strong><span style=\"font-size: small;\">DEPARTAMENTOS<\/span><\/strong><\/em><\/li>\n<li style=\"text-align: left;\"><em><strong><span style=\"font-size: small;\">CONDOMINIOS<\/span><\/strong><\/em><\/li>\n<li style=\"text-align: left;\"><em><strong><span style=\"font-size: small;\">CASA DE CAMPO<\/span><\/strong><\/em><\/li>\n<li style=\"text-align: left;\"><em><strong><span style=\"font-size: small;\">LOCALES<\/span><\/strong><\/em><\/li>\n<li style=\"text-align: left;\"><em><strong><span style=\"font-size: small;\">ETC.<\/span><\/strong><\/em><\/li>\n<\/ul>\n","protected":false},"featured_media":6680,"comment_status":"closed","ping_status":"closed","template":"","meta":[],"pwb-brand":[],"product_brand":[],"product_cat":[679,437],"product_tag":[],"class_list":{"0":"post-18787","1":"product","2":"type-product","3":"status-publish","4":"has-post-thumbnail","6":"product_cat-linea-marathon","7":"product_cat-rheem","9":"first","10":"outofstock","11":"purchasable","12":"product-type-simple"},"brands":[],"_links":{"self":[{"href":"https:\/\/h2otek.com\/tienda\/wp-json\/wp\/v2\/product\/18787","targetHints":{"allow":["GET"]}}],"collection":[{"href":"https:\/\/h2otek.com\/tienda\/wp-json\/wp\/v2\/product"}],"about":[{"href":"https:\/\/h2otek.com\/tienda\/wp-json\/wp\/v2\/types\/product"}],"replies":[{"embeddable":true,"href":"https:\/\/h2otek.com\/tienda\/wp-json\/wp\/v2\/comments?post=18787"}],"wp:featuredmedia":[{"embeddable":true,"href":"https:\/\/h2otek.com\/tienda\/wp-json\/wp\/v2\/media\/6680"}],"wp:attachment":[{"href":"https:\/\/h2otek.com\/tienda\/wp-json\/wp\/v2\/media?parent=18787"}],"wp:term":[{"taxonomy":"pwb-brand","embeddable":true,"href":"https:\/\/h2otek.com\/tienda\/wp-json\/wp\/v2\/pwb-brand?post=18787"},{"taxonomy":"product_brand","embeddable":true,"href":"https:\/\/h2otek.com\/tienda\/wp-json\/wp\/v2\/product_brand?post=18787"},{"taxonomy":"product_cat","embeddable":true,"href":"https:\/\/h2otek.com\/tienda\/wp-json\/wp\/v2\/product_cat?post=18787"},{"taxonomy":"product_tag","embeddable":true,"href":"https:\/\/h2otek.com\/tienda\/wp-json\/wp\/v2\/product_tag?post=18787"}],"curies":[{"name":"wp","href":"https:\/\/api.w.org\/{rel}","templated":true}]}}