{"id":18786,"date":"2021-07-06T21:19:15","date_gmt":"2021-07-06T21:19:15","guid":{"rendered":"https:\/\/h2otek.com\/tienda\/producto\/kit-de-ventilador-aero-cool-5-con-bomba-de-1000-psi-marca-aeromist-modelo-68025-b-5fs\/"},"modified":"2024-03-25T19:14:01","modified_gmt":"2024-03-25T19:14:01","slug":"kit-de-ventilador-aero-cool-5-con-bomba-de-1000-psi-marca-aeromist-modelo-68025-b-5fs","status":"publish","type":"product","link":"https:\/\/h2otek.com\/tienda\/producto\/kit-de-ventilador-aero-cool-5-con-bomba-de-1000-psi-marca-aeromist-modelo-68025-b-5fs\/","title":{"rendered":"KIT DE VENTILADOR AERO COOL (5) CON BOMBA DE 1000 PSI MARCA AEROMIST\u00ae MODELO 68025-B-5FS"},"content":{"rendered":"<p style=\"text-align: center;\"><img fetchpriority=\"high\" decoding=\"async\" src=\"https:\/\/h2otek.com\/tienda\/img\/cms\/controlhumedad\/aeromist\/ventiladores\/header-aeromist_vent_1000_5_psi.jpg\" alt=\"header-aeromist_vent_1000_5_psi.jpg\" width=\"550\" height=\"250\" border=\"0\" \/><\/p>\n<p style=\"text-align: justify;\"><strong> DESCRIPCI\u00d3N GENERAL DEL PRODUCTO:<\/strong><\/p>\n<div style=\"text-align: justify;\">Ventilador oscilante negro de 3 velocidades. Construido en el cubo de niebla de 5 boquillas Funcionamiento silencioso y completamente sellado. Inclinaci\u00f3n de 30 grados y oscilaci\u00f3n de 90 grados Incluye soporte de montaje en la pared Conexi\u00f3n de cierre deslizante de 3\/8 &#8220;para tuber\u00edas de alimentaci\u00f3n de agua.<\/div>\n<div style=\"text-align: justify;\">\u00a0<\/div>\n<div style=\"text-align: justify;\"><strong>CARACTER\u00cdSTICAS:<\/strong><\/div>\n<div style=\"text-align: justify;\">\n<ul>\n<li>Ventilador oscilante negro de 3 velocidades<\/li>\n<li>Construido en el cubo de niebla de 5 boquillas<\/li>\n<li>Funcionamiento silencioso y completamente sellado<\/li>\n<li>Inclinaci\u00f3n de 30 grados y oscilaci\u00f3n de 90 grados Incluye soporte de montaje en la pared Conexi\u00f3n de cierre deslizante de 3\/8&#8243; para tuber\u00edas de alimentaci\u00f3n de agua<\/li>\n<\/ul>\n<\/div>\n<div style=\"text-align: justify;\">\u00a0<\/div>\n<div style=\"text-align: justify;\"><span style=\"font-weight: bold;\">ESTE KIT INCLUYE:<\/span><\/div>\n<ul>\n<li style=\"text-align: justify;\">\n<div>5\u00a0ventilador Aero-Cool<\/div>\n<\/li>\n<li style=\"text-align: justify;\">\n<div>1 bomba de nebulizaci\u00f3n de manejo directo de 1000 PSI<\/div>\n<\/li>\n<li style=\"text-align: justify;\">\n<div>L\u00ednea de alimentaci\u00f3n de 3\/8&#8243; de di\u00e1metro exterior<\/div>\n<\/li>\n<li style=\"text-align: justify;\">\n<div>Accesorios<\/div>\n<\/li>\n<li style=\"text-align: justify;\">\n<div>Boquillas<\/div>\n<\/li>\n<li>\n<div style=\"text-align: justify;\">Juego de abrazaderas<\/div>\n<\/li>\n<\/ul>\n<p>\u00a0<\/p>\n<p>\u00a0 <span style=\"font-weight: bold; text-align: justify;\">KIT INCLUYE:<\/span><\/p>\n<p style=\"text-align: center;\"><img decoding=\"async\" src=\"https:\/\/h2otek.com\/tienda\/img\/cms\/controlhumedad\/aeromist\/ventiladores\/kitincluye-aeromist-mistingfans-5fs.gif\" alt=\"kitincluye-aeromist-mistingfans-5fs.gif\" width=\"509\" height=\"333\" \/><\/p>\n<p><em>12 MESES DE GARANT\u00cdA BAJO CUALQUIER DEFECTO DE FABRICACI\u00d3N (EN LA BOMBA)<\/em> \u00a0 \u00a0<\/p>\n<p>\u00a0<\/p>\n<p><strong>DESCARGAR MANUALES:<\/strong><\/p>\n<ul>\n<li><strong><a href=\"https:\/\/h2otek.com\/tienda\/pdf\/controlhumedad\/CATALOGO%20PRODUCTOS%20AEROMIST.pdf\" target=\"_blank\" rel=\"noopener\">CAT\u00c1LOGO PRODUCTOS AEROMIST\u00ae<\/a><\/strong><\/li>\n<li><strong><a href=\"https:\/\/h2otek.com\/tienda\/pdf\/controlhumedad\/MANUAL%20DEL%20USUARIO%20PRODUCTOS%20AEROMIST.pdf\" target=\"_blank\" rel=\"noopener\">MANUAL DEL USUARIO PRODUCTOS AEROMIST\u00ae<\/a><\/strong><\/li>\n<\/ul>\n<p>\u00a0<\/p>\n<p><span style=\"color: #000000;\"><strong>PRECIO INCLUYE GASTOS DE ENVIO (GRATIS) E IMPUESTO 16% DE IVA<\/strong><\/span><\/p>\n","protected":false},"excerpt":{"rendered":"<p><span style=\"color: #ff0000;\"><strong>PRECIO EN DOLARES US.<\/strong><\/span><\/p>\n<p><strong><em>HUMIDIFICADORES IDEALES PARA:<\/em><\/strong><\/p>\n<ul>\n<li><strong><em>PATIOS<\/em><\/strong><\/li>\n<li><strong><em>JARDINES<\/em><\/strong><\/li>\n<li><strong><em>ESPACIOS SOCIALES<\/em><\/strong><\/li>\n<li><strong><em>ALMACENES<\/em><\/strong><\/li>\n<li><strong><em>PROCESOS<\/em><\/strong><\/li>\n<li><strong><em>LABORATORIOS<\/em><\/strong><\/li>\n<li><strong><em>CUARTOS DE PRUEBA<\/em><\/strong><\/li>\n<li><strong><em>COMERCIOS<\/em><\/strong><\/li>\n<li><strong><em>RESTAURANTES<\/em><\/strong><\/li>\n<li><strong><em>TERRAZAS<\/em><\/strong><\/li>\n<li><strong><em>INDUSTRIA EN GENERAL,\u00a0ETC.<\/em><\/strong><\/li>\n<\/ul>\n","protected":false},"featured_media":2368,"comment_status":"closed","ping_status":"closed","template":"","meta":[],"pwb-brand":[],"product_brand":[],"product_cat":[448],"product_tag":[],"class_list":{"0":"post-18786","1":"product","2":"type-product","3":"status-publish","4":"has-post-thumbnail","6":"product_cat-ventiladores-negros","8":"first","9":"onbackorder","10":"purchasable","11":"product-type-simple"},"brands":[],"_links":{"self":[{"href":"https:\/\/h2otek.com\/tienda\/wp-json\/wp\/v2\/product\/18786","targetHints":{"allow":["GET"]}}],"collection":[{"href":"https:\/\/h2otek.com\/tienda\/wp-json\/wp\/v2\/product"}],"about":[{"href":"https:\/\/h2otek.com\/tienda\/wp-json\/wp\/v2\/types\/product"}],"replies":[{"embeddable":true,"href":"https:\/\/h2otek.com\/tienda\/wp-json\/wp\/v2\/comments?post=18786"}],"wp:featuredmedia":[{"embeddable":true,"href":"https:\/\/h2otek.com\/tienda\/wp-json\/wp\/v2\/media\/2368"}],"wp:attachment":[{"href":"https:\/\/h2otek.com\/tienda\/wp-json\/wp\/v2\/media?parent=18786"}],"wp:term":[{"taxonomy":"pwb-brand","embeddable":true,"href":"https:\/\/h2otek.com\/tienda\/wp-json\/wp\/v2\/pwb-brand?post=18786"},{"taxonomy":"product_brand","embeddable":true,"href":"https:\/\/h2otek.com\/tienda\/wp-json\/wp\/v2\/product_brand?post=18786"},{"taxonomy":"product_cat","embeddable":true,"href":"https:\/\/h2otek.com\/tienda\/wp-json\/wp\/v2\/product_cat?post=18786"},{"taxonomy":"product_tag","embeddable":true,"href":"https:\/\/h2otek.com\/tienda\/wp-json\/wp\/v2\/product_tag?post=18786"}],"curies":[{"name":"wp","href":"https:\/\/api.w.org\/{rel}","templated":true}]}}