{"id":18784,"date":"2021-07-06T21:19:15","date_gmt":"2021-07-06T21:19:15","guid":{"rendered":"https:\/\/h2otek.com\/tienda\/producto\/boiler-electrico-de-agua-sin-tanque-27kw-240v-1-fase-proseries-marca-eemax-mod-pr027240\/"},"modified":"2022-10-08T17:56:58","modified_gmt":"2022-10-08T17:56:58","slug":"boiler-electrico-de-agua-sin-tanque-27kw-240v-1-fase-proseries-marca-eemax-mod-pr027240","status":"publish","type":"product","link":"https:\/\/h2otek.com\/tienda\/producto\/boiler-electrico-de-agua-sin-tanque-27kw-240v-1-fase-proseries-marca-eemax-mod-pr027240\/","title":{"rendered":"BOILER EL\u00c9CTRICO DE AGUA SIN TANQUE 27KW 240V 1 FASE PROSERIES MARCA EEMAX MOD. PR027240"},"content":{"rendered":"<p style=\"text-align: center;\"><img fetchpriority=\"high\" decoding=\"async\" src=\"https:\/\/h2otek.com\/tienda\/img\/cms\/aguacaliente\/eemax\/240-1FASE\/header-boilerelectrico-eemax-proseries-PR027240.jpg\" alt=\"header-boilerelectrico-eemax-proseries\" width=\"650\" height=\"250\" \/><\/p>\n<p><strong>CARACTER\u00cdSTICAS:<br \/>\n<\/strong><\/p>\n<ul>\n<li><span id=\"result_box\" lang=\"es\" xml:lang=\"es\"><span title=\"On demand hot water - no delay \u00a0\u00a0\u00a0\u00a0\">Agua caliente a pedido &#8211; sin demora<\/span><\/span><\/li>\n<li><span lang=\"es\" xml:lang=\"es\"><span title=\"Cut energy waste - Flow switch activates heater only when water is running, no standby heat loss \u00a0\u00a0\u00a0\u00a0\">Reducir el desperdicio de energ\u00eda: el interruptor de flujo activa el calentador solo cuando el agua est\u00e1 en funcionamiento, sin p\u00e9rdida de calor en espera<\/span><\/span><\/li>\n<li><span lang=\"es\" xml:lang=\"es\"><span title=\"Cut energy waste - Flow switch activates heater only when water is running, no standby heat loss \u00a0\u00a0\u00a0\u00a0\">9<\/span><span title=\"99% Efficient, .99 energy factor \u00a0\u00a0\u00a0\u00a0\">9% de eficiencia, factor de energ\u00eda de .99<\/span><\/span><\/li>\n<li><span lang=\"es\" xml:lang=\"es\"><span title=\"Endless hot water - No storage capacity to deplete \u00a0\u00a0\u00a0\u00a0\">Agua caliente sin fin: sin capacidad de almacenamiento para agotar<\/span><\/span><\/li>\n<li><span lang=\"es\" xml:lang=\"es\"><span title=\"Reduces installation cost and material - No T&amp;P valve required (check local codes) \u00a0\u00a0\u00a0\u00a0\">Reduce el costo y el material de instalaci\u00f3n: no se requiere v\u00e1lvula de T&amp;P (consulte los c\u00f3digos locales)<\/span><\/span><\/li>\n<li><span lang=\"es\" xml:lang=\"es\"><span title=\"Adjustable temperature display from 80 to 140 degrees \u00a0\u00a0\u00a0\u00a0\">Pantalla de temperatura ajustable de 80 a 140 grados<\/span><\/span><\/li>\n<li><span lang=\"es\" xml:lang=\"es\"><span title=\"Easy Installation - Simple NPT fittings that require no soldering.\">Instalaci\u00f3n f\u00e1cil: accesorios sencillos NPT que no requieren soldadura. <\/span><span title=\"Unit mounts directly to the wall with common hardware. \u00a0\u00a0\u00a0\u00a0\">La unidad se monta directamente en la pared con hardware com\u00fan.<\/span><\/span><\/li>\n<li><span lang=\"es\" xml:lang=\"es\"><span title=\"Prevents Legionella bacteria growth \u00a0\u00a0\u00a0\u00a0\">Evita el crecimiento de bacterias Legionella<\/span><\/span><\/li>\n<li><span lang=\"es\" xml:lang=\"es\"><span title=\"Reduces calcification and sedimentation \u00a0\u00a0\u00a0\u00a0\">Reduce la calcificaci\u00f3n y la sedimentaci\u00f3n<\/span><\/span><\/li>\n<li><span lang=\"es\" xml:lang=\"es\"><span title=\"Field Serviceable - All major component are field replaceable and readily available \u00a0\u00a0\u00a0\u00a0\">Campo utilizable: todos los componentes principales son reemplazables en campo y f\u00e1cilmente disponibles<\/span><\/span><\/li>\n<li><span lang=\"es\" xml:lang=\"es\"><span title=\"Copper heating elements with brass termination to increase durability;\">Elementos de calentamiento de cobre con terminaci\u00f3n de lat\u00f3n para aumentar la durabilidad; <\/span><span title=\"threaded for easy replacement \u00a0\u00a0\u00a0\u00a0\">roscado para un f\u00e1cil reemplazo<\/span><\/span><\/li>\n<\/ul>\n<p style=\"text-align: justify;\">\n<div style=\"text-align: justify;\">\n<p><strong>APLICACIONES:<\/strong><\/p>\n<ul>\n<li><span lang=\"es\" xml:lang=\"es\"><span title=\"Commercial applications up to 8GPM \u00a0\u00a0\u00a0\u00a0\">Aplicaciones comerciales hasta 8GPM<\/span><\/span><\/li>\n<li><span lang=\"es\" xml:lang=\"es\"><span title=\"Office and tenant spaces \u00a0\u00a0\u00a0\u00a0\">Espacios de oficina e inquilino<\/span><\/span><\/li>\n<li><span lang=\"es\" xml:lang=\"es\"><span title=\"Commercial builds such as Restaurants and Service Stations \u00a0\u00a0\u00a0\u00a0\">Construcciones comerciales tales como restaurantes y estaciones de servicio<\/span><\/span><\/li>\n<li><span lang=\"es\" xml:lang=\"es\"><span title=\"Modular buildings, office and trailers \u00a0\u00a0\u00a0\u00a0\">Edificios modulares, oficinas y remolques<\/span><\/span><\/li>\n<\/ul>\n<p><strong>INSTALACI\u00d3N<\/strong><\/p>\n<ul>\n<li><span lang=\"es\" xml:lang=\"es\"><span title=\"Sizing - Size based on performance and not electrical infrastructure.\">Dimensionamiento: tama\u00f1o basado en el rendimiento y no en la infraestructura el\u00e9ctrica. <\/span><span title=\"Three key factors, incoming water temperature, water volume, and desired outlet temperature. \u00a0\u00a0\u00a0\u00a0\">Tres factores clave, la temperatura del agua entrante, el volumen de agua y la temperatura de salida deseada.<\/span><\/span><\/li>\n<li><span lang=\"es\" xml:lang=\"es\"><span title=\"Electrical - All Eemax Tankless Water Heaters are designed to be hardwire to a dedicated circuit breaker and are not supplied with a cord and plug \u00a0\u00a0\u00a0\u00a0\">El\u00e9ctrico: todos los calentadores de agua sin tanque Eemax est\u00e1n dise\u00f1ados para conectarse a un interruptor de circuito dedicado y no se suministran con un cable y enchufe.<\/span><\/span><\/li>\n<li><span lang=\"es\" xml:lang=\"es\"><span title=\"Plumbing - Pre-heated or Cold water feed .\">Fontaner\u00eda &#8211; Precalentamiento o alimentaci\u00f3n de agua fr\u00eda. <\/span><span title=\"This family of Eemax products has an internal display with thermostatic control and is capable of reacting to changing temperatures while providing stable output. \u00a0\u00a0\u00a0\u00a0\">Esta familia de productos Eemax tiene una pantalla interna con control termost\u00e1tico y es capaz de reaccionar a las temperaturas cambiantes a la vez que proporciona un rendimiento estable.<\/span><\/span><\/li>\n<li><span lang=\"es\" xml:lang=\"es\"><span title=\"Local Codes - Please check all applicable codes, national and local to ensure compliance both on the plumbing and electrical installation \u00a0\u00a0\u00a0\u00a0\">C\u00f3digos locales: verifique todos los c\u00f3digos aplicables, nacionales y locales, para garantizar el cumplimiento tanto en la instalaci\u00f3n de plomer\u00eda como el\u00e9ctrica.<\/span><\/span><\/li>\n<li><span lang=\"es\" xml:lang=\"es\"><span title=\"Mounting - The ProSeries 18kW, 24kW, 27kW, and 36kW are to be mounted vertically with the water connections on the bottom.\">Montaje: los ProSeries de 18kW, 24kW, 27kW y 36kW deben montarse verticalmente con las conexiones de agua en la parte inferior. <\/span><span title=\"Inlet is on the right, outlet is on the left.\">La entrada est\u00e1 a la derecha, la salida est\u00e1 a la izquierda. <\/span><span title=\"This can not be reversed.\">Esto no puede ser revertido. <\/span><span title=\"The ProSeries 8kW, 11kW, and 13kW are to be mounted vertically with the water connections on the left and right.\">Los ProSeries 8kW, 11kW y 13kW deben montarse verticalmente con las conexiones de agua a la izquierda y a la derecha. <\/span><span title=\"The inlet is on the right, outlet is on the left.\">La entrada est\u00e1 a la derecha, la salida est\u00e1 a la izquierda. <\/span><span title=\"This can not be reversed.\">Esto no puede ser revertido.<\/span><\/span><\/li>\n<\/ul>\n<\/div>\n<div style=\"text-align: justify;\"><\/div>\n<div style=\"text-align: justify;\">\n<p><strong>CONFIGURACI\u00d3N DE TUBER\u00cdA:<\/strong><span lang=\"es\" xml:lang=\"es\"><br \/>\n<\/span><\/p>\n<ul>\n<li><span lang=\"es\" xml:lang=\"es\">Conexi\u00f3n de agua: 3\/4&#8221;<\/span><\/li>\n<li><span lang=\"es\" xml:lang=\"es\">NPT o compresi\u00f3n: NPT<\/span><\/li>\n<li><span lang=\"es\" xml:lang=\"es\">Configuraci\u00f3n de plomer\u00eda: parte inferior<\/span><\/li>\n<li><span lang=\"es\" xml:lang=\"es\">Alimentaci\u00f3n en caliente o en fr\u00edo: entrada de agua fr\u00eda o precalentada<\/span><\/li>\n<li><span lang=\"es\" xml:lang=\"es\">Aireador suministrado: no<\/span><\/li>\n<li><span lang=\"es\" xml:lang=\"es\"># de aireadores suministrados: N\/A<\/span><\/li>\n<li><span lang=\"es\" xml:lang=\"es\">Velocidad de flujo del aireador GPM suministrado: N\/A<\/span><\/li>\n<\/ul>\n<\/div>\n<p>&nbsp;<\/p>\n<p><strong>ESPECIFICACIONES DE RENDIMIENTO:<\/strong><\/p>\n<p><span lang=\"es\" xml:lang=\"es\">GPM Activar: 0.3<br \/>\nVolumen m\u00e1ximo f\u00edsico: 6.0 gpm<br \/>\nTemperatura de funcionamiento m\u00ednima: N\/A<br \/>\nTemperatura m\u00e1xima de funcionamiento: 140<br \/>\nPresi\u00f3n de funcionamiento m\u00ednima: 25 PSI<br \/>\nClasificaci\u00f3n de presi\u00f3n m\u00e1xima: 150 PSI<\/span><\/p>\n<p><strong>ESPECIFICACIONES FISICAS:<\/strong><\/p>\n<p>Altura: 17 pulgadas<br \/>\nAncho: 17 pulgadas<br \/>\nProfundidad: 3.75 pulgadas<br \/>\nPeso: 13.75 libras<\/p>\n<p style=\"text-align: center;\">\n<p>&nbsp;<\/p>\n<p style=\"text-align: center;\"><strong>TABLA DE ESPECIFICACIONES:<\/strong><\/p>\n<p style=\"text-align: center;\"><img decoding=\"async\" src=\"https:\/\/h2otek.com\/tienda\/img\/cms\/aguacaliente\/eemax\/240-1FASE\/especificaciones-boilerelectrico-eemax-proseries-PR027240.gif\" alt=\"especificaciones-boilerelectrico-eemax-s\" width=\"464\" height=\"164\" \/><\/p>\n<p>&nbsp;<\/p>\n<p>&nbsp;<\/p>\n<p style=\"text-align: center;\"><strong>DIMENSIONES<\/strong><\/p>\n<p style=\"text-align: center;\"><img decoding=\"async\" src=\"https:\/\/h2otek.com\/tienda\/img\/cms\/aguacaliente\/eemax\/240-1FASE\/dimensiones-boilerelectrico-eemax-proseries-PR027240.jpg\" alt=\"dimensiones-boilerelectrico-eemax-proser\" width=\"600\" height=\"286\" \/><\/p>\n<p>&nbsp;<\/p>\n<p>&nbsp;<\/p>\n<p><strong>DESCARGAR MANUALES:<\/strong><\/p>\n<ul>\n<li><strong><a href=\"http:\/\/www.h2otek.com\/tienda\/pdf\/aguacaliente\/ESPECIFICACIONES%20BOILER%20ELECTRICO%20SIN%20TANQUE%20EEMAX%20PROSERIES.pdf\" target=\"_blank\" rel=\"noopener\">ESPECIFICACIONES<\/a><\/strong><\/li>\n<li><strong><a href=\"http:\/\/www.h2otek.com\/tienda\/pdf\/aguacaliente\/MANUAL%20DEL%20USUARIO%20BOILER%20ELECTRICO%20SIN%20TANQUE%20EEMAX%20PROSERIES.pdf\" target=\"_blank\" rel=\"noopener\">MANUAL DEL USUARIO<\/a><\/strong><\/li>\n<li><strong><a href=\"http:\/\/www.h2otek.com\/tienda\/pdf\/aguacaliente\/GARANTIA%20BOILER%20ELECTRICO%20SIN%20TANQUE%20EEMAX%20PROSERIES.pdf\" target=\"_blank\" rel=\"noopener\">GARANTIA<\/a><\/strong><\/li>\n<\/ul>\n<p>&nbsp;<\/p>\n<p style=\"text-align: justify;\"><strong>PRECIO INCLUYE GASTOS DE ENVIO (GRATIS) E IMPUESTO 16% DE IVA.<\/strong><\/p>\n","protected":false},"excerpt":{"rendered":"<p><span style=\"color: #ff0000;\"><strong>PARA PRECIO DE ESTE PRODUCTO FAVOR DE COMUNICARSE EN ATENCION A CLIENTES: info@h2otek.com O AL TEL: 01 800 94 26 835<\/strong><\/span><\/p>\n<p><strong>CALENTADOR DE AGUA EL\u00c9CTRICO INSTANT\u00c1NEO 27 KW 240V.<\/strong><\/p>\n<p><strong>HASTA UN 99% DE EFICIENCIA ENERG\u00c9TICA Y AHORRO DE 90% CONTRA UN CALENTADOR TRADICIONAL<\/strong><\/p>\n<p><em><strong>IDEALES EN:<\/strong><\/em><\/p>\n<ul>\n<li><em><strong>OFICINAS<\/strong><\/em><\/li>\n<li><em><strong>GASOLINERAS<\/strong><\/em><\/li>\n<li><em><strong>TIENDAS<\/strong><\/em><\/li>\n<li><em><strong>ESCUELAS<\/strong><\/em><\/li>\n<li><em><strong>CENTROS COMERCIALES<\/strong><\/em><\/li>\n<li><em><strong>HOTELES<\/strong><\/em><\/li>\n<li><em><strong>HOSPITALES<\/strong><\/em><\/li>\n<li><em><strong>ALMACENES<\/strong><\/em><\/li>\n<li><em><strong>OFICINAS M\u00c9DICAS<\/strong><\/em><\/li>\n<li><em><strong>RESTAURANTES<\/strong><\/em><\/li>\n<li><em><strong>PLANTAS MANUFACTURADAS<\/strong><\/em><\/li>\n<li><em><strong>BARCOS<\/strong><\/em><\/li>\n<li><em><strong>ETC.<\/strong><\/em><\/li>\n<\/ul>\n","protected":false},"featured_media":3860,"comment_status":"closed","ping_status":"closed","template":"","meta":[],"pwb-brand":[],"product_brand":[],"product_cat":[359,424],"product_tag":[],"class_list":{"0":"post-18784","1":"product","2":"type-product","3":"status-publish","4":"has-post-thumbnail","6":"product_cat-230-volts-1-fase-de-paso-boilers-calentadores-de-agua","7":"product_cat-instantaneos-de-paso-electricos-boilers-calentadores-de-agua","9":"first","10":"onbackorder","11":"product-type-simple"},"brands":[],"_links":{"self":[{"href":"https:\/\/h2otek.com\/tienda\/wp-json\/wp\/v2\/product\/18784","targetHints":{"allow":["GET"]}}],"collection":[{"href":"https:\/\/h2otek.com\/tienda\/wp-json\/wp\/v2\/product"}],"about":[{"href":"https:\/\/h2otek.com\/tienda\/wp-json\/wp\/v2\/types\/product"}],"replies":[{"embeddable":true,"href":"https:\/\/h2otek.com\/tienda\/wp-json\/wp\/v2\/comments?post=18784"}],"wp:featuredmedia":[{"embeddable":true,"href":"https:\/\/h2otek.com\/tienda\/wp-json\/wp\/v2\/media\/3860"}],"wp:attachment":[{"href":"https:\/\/h2otek.com\/tienda\/wp-json\/wp\/v2\/media?parent=18784"}],"wp:term":[{"taxonomy":"pwb-brand","embeddable":true,"href":"https:\/\/h2otek.com\/tienda\/wp-json\/wp\/v2\/pwb-brand?post=18784"},{"taxonomy":"product_brand","embeddable":true,"href":"https:\/\/h2otek.com\/tienda\/wp-json\/wp\/v2\/product_brand?post=18784"},{"taxonomy":"product_cat","embeddable":true,"href":"https:\/\/h2otek.com\/tienda\/wp-json\/wp\/v2\/product_cat?post=18784"},{"taxonomy":"product_tag","embeddable":true,"href":"https:\/\/h2otek.com\/tienda\/wp-json\/wp\/v2\/product_tag?post=18784"}],"curies":[{"name":"wp","href":"https:\/\/api.w.org\/{rel}","templated":true}]}}