{"id":18780,"date":"2021-07-06T21:19:15","date_gmt":"2021-07-06T21:19:15","guid":{"rendered":"https:\/\/h2otek.com\/tienda\/producto\/humidificador-ultrasonico-cap-15-hr-voltaje-120-420-ultrasonico-mod-mp-15\/"},"modified":"2022-09-22T19:04:14","modified_gmt":"2022-09-22T19:04:14","slug":"humidificador-ultrasonico-cap-15-hr-voltaje-120-420-ultrasonico-mod-mp-15","status":"publish","type":"product","link":"https:\/\/h2otek.com\/tienda\/producto\/humidificador-ultrasonico-cap-15-hr-voltaje-120-420-ultrasonico-mod-mp-15\/","title":{"rendered":"HUMIDIFICADOR ULTRASONICO CAP. 15\/HR VOLTAJE 120\/420 ULTRASONICO MOD. MP-15"},"content":{"rendered":"<p style=\"text-align: center;\"><img decoding=\"async\" src=\"https:\/\/www.h2otek.com\/tienda\/Images\/humidificadores\/humidificador-ultrasonicomp15.jpg\" alt=\"\" border=\"0\" \/><\/p>\n<p style=\"text-align: justify;\">El humidificador ultras\u00f3nico ser\u00e1 empaquetado, \u00fanico con el principio de la nebulizaci\u00f3n ultras\u00f3nica. Cada humidificador deber\u00e1 utilizar un m\u00faltiplo de ultrasonidos transductores que vibran a aproximadamente 1,6 MHz, produciendo un tama\u00f1o de gota de aproximadamente 1 micra. Cada circuito transductor utiliza la vibraci\u00f3n de espesor &#8220;m\u00e9todo&#8221; de la humidificaci\u00f3n trav\u00e9s de un convertidor piezoel\u00e9ctrico. Los transductores ultras\u00f3nicos se convierten la energ\u00eda el\u00e9ctrica en energ\u00eda mec\u00e1nica, haciendo que el agua cavite, dando como resultado la producci\u00f3n de una micra de tama\u00f1o de las part\u00edculas de agua. El dise\u00f1o de la carcasa del humidificador impedir\u00e1 que las gotas m\u00e1s grandes salgan del humidificador. El humidificador debe consumir no m\u00e1s de 33 vatios por kilo de humidificaci\u00f3n generados. El humidificador ultras\u00f3nico no produce ning\u00fan ruido inaceptable. El nivel de ruido no exceder\u00e1 de 50 dB a 5 metros del m\u00f3dulo humidificador. El humidificador ultras\u00f3nico no requiere un ciclo de lavado y tendr\u00e1 al instante dentro y fuera de funcionamiento, el fin de mantener la humedad relativa de ambiente preciso.<\/p>\n<p style=\"text-align: justify;\">La serie de humidificadores Mist-Pac ultras\u00f3nicos est\u00e1n dise\u00f1ados para la husmidificaci\u00f3n, ahorro de espacio y reemplazo de los humidificadores de vapor.Los Mist-Pac vienen configurados con una alta boquilla abierta.<\/p>\n<p style=\"text-align: justify;\">La carcasa del humidificador y boquillas de descarga ser\u00e1n de pl\u00e1stico ABS y acero inoxidable de alta calidad.<\/p>\n<p style=\"text-align: justify;\">El sistema deber\u00e1 ser pre-cableado con conexiones r\u00e1pidas para enchufar el panel maestro al m\u00f3dulo del humidificador.<\/p>\n<p style=\"text-align: justify;\">El panel maestro contar\u00e1 con:<\/p>\n<ol>\n<li>Pre-cableado con higrostato, cable 10&#8242;<\/li>\n<li>Cable de energ\u00eda de 7&#8242; recept\u00e1culo de 120\/420 voltios<\/li>\n<li>Cable de alimentaci\u00f3n\/control de 12 pies para conectar el panel maestro para el humidificador.<\/li>\n<\/ol>\n<p style=\"text-align: justify;\"><strong>Cada humidificador tendr\u00e1 los siguientes componentes: <\/strong><\/p>\n<ul>\n<li>Solenoide de la v\u00e1lvula para controlar el flujo de agua en el humidificador.<\/li>\n<li>Interruptor de flotador para controlar el nivel del agua.<\/li>\n<li>Interruptor de flotador para proporcionar agua para el apagado de baja.<\/li>\n<li>Cristales piezoel\u00e9ctricos (transductores).<\/li>\n<li>Encendido\/Apagado de higrostato.<\/li>\n<\/ul>\n<p>&nbsp;<\/p>\n<p style=\"text-align: center;\"><strong>HUMIDIFICADORES HUMIDIFIRST &#8220;MIST-PAC&#8221; CARACTER\u00cdSTICAS\/BENEFICIOS<\/strong><\/p>\n<p style=\"text-align: center;\"><img decoding=\"async\" src=\"https:\/\/www.h2otek.com\/tienda\/Images\/humidificadores\/beneficios-humidifirst-seriemp.JPG\" alt=\"\" border=\"0\" \/><\/p>\n<p>&nbsp;<\/p>\n<p style=\"text-align: center;\"><strong>VENTAJAS DE LOS DESHUMIDIFICADORES ULTRASONICOS:<\/strong><\/p>\n<p style=\"text-align: justify;\"><strong>Tama\u00f1o de la Gota:<\/strong>el tama\u00f1o de una gota en micras permite la evaporaci\u00f3n inmediata como el vapor. Los sistemas de boquilla crean hasta 20 gotas de micras, con riesgo de humedad en el equipo y en los conductos.<\/p>\n<p style=\"text-align: justify;\"><strong>Salud:<\/strong> Todos los l\u00edquidos disueltos se eliminan de la alimentaci\u00f3n de agua en los ultrasonidos. Los sistemas de vapor emiten suciedad del agua hacia la corriente de aire, seg\u00fan lo confirmado por la literatura de los fabricantes de vapor.<\/p>\n<p style=\"text-align: justify;\"><strong>Costo de la Energ\u00eda:<\/strong> el ultrasonico genera unas gotas de tama\u00f1o microm\u00e9trico para tan s\u00f3lo como 1\/13 del precio del vapor. Esto puede ahorrar miles de d\u00f3lares en costos de operaci\u00f3n anuales. Adem\u00e1s, el ultrasonico encienden y se apagan al instante, mientras que las unidades de vapor de precalentamiento, usan m\u00e1s electricidad.<\/p>\n<p style=\"text-align: justify;\"><strong>Mantenimiento:<\/strong> Como el agua es purificada antes de entrar en el humidificador ultras\u00f3nico, hay mucho menos mantenimiento, requiere de un sistema de ultrasonicos en lugar de vapor.<\/p>\n<p style=\"text-align: justify;\"><strong>Precisi\u00f3n RH:<\/strong> Los ultrasonicos proporcionan al instante un encendido\/apagado. Tan pronto como el aire se desv\u00eda desde el punto de humedad relativa conjunto, un humidificador ultras\u00f3nico de inmediato se enciende. Los recipientes de vapor tienen un ciclo de descarga de agua que puede apagar el humidificador para un m\u00e1ximo de 15 minutos o m\u00e1s. Los elementos de calefacci\u00f3n dentro de los sistemas de tiempo, vuelven a hervir el agua para crear humedad.<\/p>\n<p style=\"text-align: justify;\"><strong>Los humidificadores ultras\u00f3nicos<\/strong> est\u00e1n dise\u00f1ados para uso independiente. Cada unidad est\u00e1 dise\u00f1ada y construida por la sencillez de instalaci\u00f3n y mantenimiento. Simplemente enchufe el cable el\u00e9ctrico en un tomacorriente est\u00e1ndar.<\/p>\n<p style=\"text-align: justify;\">Humidifirst le ofrece una selecci\u00f3n de controladores de humedad, que van desde un mec\u00e1nica de encendido\/apagado, a un higrostato, el estado de la t\u00e9cnica de microprocesador con control proporcional y el m\u00f3dem interfaz.<\/p>\n<p style=\"text-align: justify;\"><strong>Porque es importe el tama\u00f1o de las gotas de vapor?<\/strong><br \/>\nLos Humidificadores ultras\u00f3nicos, crean constantemente peque\u00f1as gotas de agua de vapor de tama\u00f1o alrededor de 1 micr\u00f3n de di\u00e1metro, que permite una r\u00e1pida evaporaci\u00f3n.<\/p>\n<p style=\"text-align: justify;\"><strong>Porque es econ\u00f3mico el humidificador ultras\u00f3nico?<\/strong><br \/>\nEl costo inicial de un humidificador ultras\u00f3nico puede ser superior a los sistemas de vapor, pero el costo de operaci\u00f3n de ultrasonidos es 1\/13th de los sistemas de vapor. El uso m\u00ednimo de electricidad en un sistema econ\u00f3mico operaci\u00f3n, junto con el control de la humedad m\u00e1s ajustado posible en el mercado, Humidifirst humidificadores ultras\u00f3nicos es la elecci\u00f3n correcta.<\/p>\n<p style=\"text-align: justify;\"><strong>El transductor ultras\u00f3nico<\/strong> es un cristal piezoel\u00e9ctrico sumergido en el agua, donde convierte las se\u00f1ales electr\u00f3nicas de alta frecuencia en una oscilaci\u00f3n mec\u00e1nica de alta frecuencia. El agua trata de seguir el movimiento de alta frecuencia de oscilaci\u00f3n del cristal (1,65 MHz), pero no puede. Como resultado, un vac\u00edo moment\u00e1neo es creado en la oscilaci\u00f3n negativa del cristal en donde el agua cavita en vapor. Luego, en el oscilaci\u00f3n positiva, las ondas de alta presi\u00f3n de la fuerza de la cavitaci\u00f3n del agua a trav\u00e9s de la superficie del agua como una neblina muy fina (alrededor de 1 micr\u00f3n), que es f\u00e1cilmente absorbido por el flujo de aire.<\/p>\n<p style=\"text-align: left;\"><strong>CARACTERISTICAS:<\/strong><\/p>\n<ul style=\"text-align: left;\">\n<li>Conexi\u00f3n\/Desconexi\u00f3n, r\u00e1pida instalaci\u00f3n para la energ\u00eda y del agua<\/li>\n<li>F\u00e1cil acceso a todas las partes<\/li>\n<li style=\"text-align: justify;\">No tiene ciclo de lavado<\/li>\n<li>Uso eficiente de la energ\u00eda<\/li>\n<li>Los ransductores empiezan a humidificar de inmediato<\/li>\n<\/ul>\n<p style=\"text-align: left;\"><strong>BENEFICIOS:<\/strong><\/p>\n<ul style=\"text-align: left;\">\n<li style=\"text-align: justify;\">Reduce el costo de instalaci\u00f3n<\/li>\n<li>Reduce el costo de mantenimiento<\/li>\n<li>F\u00e1cil y r\u00e1pido servicio<\/li>\n<li>Proporciona el control mas preciso de la humedad relativa.<\/li>\n<\/ul>\n<p>&nbsp;<\/p>\n<p style=\"text-align: center;\"><strong>TABLA DE DIMENSIONES:<\/strong><\/p>\n<p style=\"text-align: center;\"><img decoding=\"async\" src=\"https:\/\/www.h2otek.com\/tienda\/Images\/humidificadores\/tabla-dimensiones-mp15.jpg\" alt=\"\" border=\"0\" \/><\/p>\n<p>&nbsp;<\/p>\n<p>&nbsp;<\/p>\n<p style=\"text-align: center;\"><strong>VIDEOS:<\/strong><\/p>\n<p style=\"text-align: center;\"><strong>En operaci\u00f3n<br \/>\n<\/strong><\/p>\n<p><iframe title=\"CTM TPH MP15 in operation.avi\" width=\"500\" height=\"375\" src=\"https:\/\/www.youtube.com\/embed\/K5M-ehcwCY0?start=1&#038;feature=oembed\" frameborder=\"0\" allow=\"accelerometer; autoplay; clipboard-write; encrypted-media; gyroscope; picture-in-picture; web-share\" referrerpolicy=\"strict-origin-when-cross-origin\" allowfullscreen><\/iframe><\/p>\n<p style=\"text-align: center;\"><strong>Mantenimiento<\/strong><\/p>\n<p><iframe title=\"CTM Maintenance for MP-15\" width=\"500\" height=\"375\" src=\"https:\/\/www.youtube.com\/embed\/ZmRosv6rZ-U?feature=oembed\" frameborder=\"0\" allow=\"accelerometer; autoplay; clipboard-write; encrypted-media; gyroscope; picture-in-picture; web-share\" referrerpolicy=\"strict-origin-when-cross-origin\" allowfullscreen><\/iframe><\/p>\n<p style=\"text-align: center;\"><strong>Microprocesador<\/strong><\/p>\n<p><iframe title=\"Humidifirst HC-301 Control Panel Guide\" width=\"500\" height=\"281\" src=\"https:\/\/www.youtube.com\/embed\/UDK90zk3R2E?feature=oembed\" frameborder=\"0\" allow=\"accelerometer; autoplay; clipboard-write; encrypted-media; gyroscope; picture-in-picture; web-share\" referrerpolicy=\"strict-origin-when-cross-origin\" allowfullscreen><\/iframe><\/p>\n<p>&nbsp;<\/p>\n<p>&nbsp;<\/p>\n<p><strong>\u00a0DESCARGAR MANUALES:<\/strong><\/p>\n<ul>\n<li><strong><a href=\"http:\/\/www.h2otek.com\/\/tienda\/pdf\/controlhumedad\/HUMIDIFICADOR+ULTRASONICO+CAP.+5HRS+VOLTAJE+120140+ULTRASONICO+PARA+ESPACIOS+DETERMINADOS+MOD.+MP-5.pdf\" target=\"_blank\" rel=\"noopener\">FOLLETO<\/a><\/strong><\/li>\n<li><strong><a href=\"http:\/\/www.h2otek.com\/tienda\/pdf\/controlhumedad\/MANUAL%20DE%20INSTALACION%20Y%20OPERACION%20HUMIDIFICADORES%20LINEA%20MP.pdf\" target=\"_blank\" rel=\"noopener\">MANUAL DE OPERACI\u00d3N E INSTALACI\u00d3N<\/a><\/strong><\/li>\n<li><strong><a href=\"http:\/\/www.h2otek.com\/tienda\/pdf\/controlhumedad\/MANUAL+MICROPROCESADOR+HUMIDIFICADORES+ULTRASONICOS.pdf\" target=\"_blank\" rel=\"noopener\">MANUAL MICROPROCESADOR HUMIDIFICADORES ULTRAS\u00d3NICOS<\/a><\/strong><\/li>\n<\/ul>\n<div>\n<div><\/div>\n<\/div>\n<p>&nbsp;<\/p>\n<p><strong>PRECIO INCLUYE GASTOS DE ENVIO (GRATIS) E IMPUESTO 16% DE IVA<\/strong><\/p>\n","protected":false},"excerpt":{"rendered":"<p><span style=\"color: #ff0000;\"><strong>PRECIO EN D\u00d3LARES US.<\/strong><\/span><\/p>\n<p style=\"text-align: left;\"><strong><em><span style=\"font-size: small; color: #000000;\">HUMIDIFICADOR IDEAL PARA:<\/span><\/em><\/strong><\/p>\n<ul>\n<li><span style=\"font-size: small;\"><strong><em>PROCESOS INDUSTRIALES<\/em><\/strong><\/span><\/li>\n<li><span style=\"font-size: small;\"><strong><em>LABORATORIOS<\/em><\/strong><\/span><\/li>\n<li><span style=\"font-size: small;\"><strong><em>INVERNADEROS<\/em><\/strong><\/span><\/li>\n<li><span style=\"font-size: small;\"><strong><em>CUARTOS DE PRUEBA<\/em><\/strong><\/span><\/li>\n<li><span style=\"font-size: small;\"><strong><em>CABINAS<\/em><\/strong><\/span><\/li>\n<li><span style=\"font-size: small;\"><strong><em>ALMACENES<\/em><\/strong><\/span><\/li>\n<li><span style=\"font-size: small;\"><strong><em>ETC.<\/em><\/strong><\/span><\/li>\n<\/ul>\n","protected":false},"featured_media":5404,"comment_status":"closed","ping_status":"closed","template":"","meta":[],"pwb-brand":[],"product_brand":[],"product_cat":[478,885,886],"product_tag":[],"class_list":{"0":"post-18780","1":"product","2":"type-product","3":"status-publish","4":"has-post-thumbnail","6":"product_cat-humidificadores-nebulizadores-pulverizadores","7":"product_cat-portatiles-por-aplicacion","8":"product_cat-estacionarios-por-aplicacion","10":"first","11":"onbackorder","12":"purchasable","13":"product-type-simple"},"brands":[],"_links":{"self":[{"href":"https:\/\/h2otek.com\/tienda\/wp-json\/wp\/v2\/product\/18780","targetHints":{"allow":["GET"]}}],"collection":[{"href":"https:\/\/h2otek.com\/tienda\/wp-json\/wp\/v2\/product"}],"about":[{"href":"https:\/\/h2otek.com\/tienda\/wp-json\/wp\/v2\/types\/product"}],"replies":[{"embeddable":true,"href":"https:\/\/h2otek.com\/tienda\/wp-json\/wp\/v2\/comments?post=18780"}],"wp:featuredmedia":[{"embeddable":true,"href":"https:\/\/h2otek.com\/tienda\/wp-json\/wp\/v2\/media\/5404"}],"wp:attachment":[{"href":"https:\/\/h2otek.com\/tienda\/wp-json\/wp\/v2\/media?parent=18780"}],"wp:term":[{"taxonomy":"pwb-brand","embeddable":true,"href":"https:\/\/h2otek.com\/tienda\/wp-json\/wp\/v2\/pwb-brand?post=18780"},{"taxonomy":"product_brand","embeddable":true,"href":"https:\/\/h2otek.com\/tienda\/wp-json\/wp\/v2\/product_brand?post=18780"},{"taxonomy":"product_cat","embeddable":true,"href":"https:\/\/h2otek.com\/tienda\/wp-json\/wp\/v2\/product_cat?post=18780"},{"taxonomy":"product_tag","embeddable":true,"href":"https:\/\/h2otek.com\/tienda\/wp-json\/wp\/v2\/product_tag?post=18780"}],"curies":[{"name":"wp","href":"https:\/\/api.w.org\/{rel}","templated":true}]}}