{"id":18739,"date":"2021-07-06T21:19:05","date_gmt":"2021-07-06T21:19:05","guid":{"rendered":"https:\/\/h2otek.com\/tienda\/producto\/sistema-de-control-de-colector-mic-6-3-a-6-unidades-rheem-mod-rtg20213a\/"},"modified":"2022-10-17T18:18:32","modified_gmt":"2022-10-17T18:18:32","slug":"sistema-de-control-de-colector-mic-6-3-a-6-unidades-rheem-mod-rtg20213a","status":"publish","type":"product","link":"https:\/\/h2otek.com\/tienda\/producto\/sistema-de-control-de-colector-mic-6-3-a-6-unidades-rheem-mod-rtg20213a\/","title":{"rendered":"SISTEMA DE CONTROL DE COLECTOR MIC-6 3 A 6 UNIDADES RHEEM MOD. RTG20213A"},"content":{"rendered":"<p style=\"text-align: center;\"><img fetchpriority=\"high\" decoding=\"async\" src=\"https:\/\/h2otek.com\/tienda\/img\/cms\/aguacaliente\/rheem\/accesorios\/header-accesorios-rheem-RTG20213A.jpg\" alt=\"\" width=\"650\" height=\"300\" \/><\/p>\n<p>\u00a0<\/p>\n<p style=\"text-align: justify;\">Rheem RTG20213A Sistema de controlador de colector MIC-6<\/p>\n<p>Todos los calentadores de agua a gas sin tanque de interior deben ventilarse vertical u horizontalmente al exterior utilizando material de ventilaci\u00f3n aprobado por la f\u00e1brica (no se permite ning\u00fan otro material de ventilaci\u00f3n). Consulte el Manual de uso y cuidado para obtener informaci\u00f3n importante sobre la instalaci\u00f3n de ventilaci\u00f3n y los materiales para su calentador de agua sin tanque. <\/p>\n<p>NOTA: Los calentadores de agua sin tanque al aire libre de Rheem no requieren materiales de ventilaci\u00f3n.<\/p>\n<p><strong>CARACTER\u00cdSTICAS:<\/strong><\/p>\n<ul>\n<li>Conecte hasta 6 calentadores de agua sin tanque juntos en un colector<\/li>\n<li>Este kit se monta dentro de una sola unidad sin tanque y se conecta a hasta 5 unidades adicionales para un total de 6.<\/li>\n<li>Solo para los modelos RTG-95, RTG-84 y RTG-64<\/li>\n<li>Este kit no funcionar\u00e1 en ning\u00fan modelo fabricado antes de enero de 2010.<\/li>\n<li>Modelo: RTG20213-A<\/li>\n<li>Rheem ofrece muchos accesorios de ventilaci\u00f3n para facilitar la instalaci\u00f3n de su calentador de agua sin tanque.<\/li>\n<\/ul>\n<p>\u00a0<\/p>\n<p>\u00a0<\/p>\n<p style=\"text-align: left;\"><strong>DESCARGAR MANUALES<\/strong><\/p>\n<ul>\n<li><strong><a href=\"https:\/\/h2otek.com\/tienda\/img\/cms\/aguacaliente\/rheem\/accesorios\/ACCESORIOS%20RHEEM.pdf\" target=\"_blank\" rel=\"noopener\">FOLLETO<\/a><\/strong><\/li>\n<\/ul>\n<p>\u00a0<\/p>\n<p style=\"text-align: left;\"><span style=\"color: #000000;\"><strong>PRECIO INCLUYE GASTOS DE ENVIO (GRATIS) E IMPUESTO 16% DE IVA.<\/strong><\/span><\/p>\n","protected":false},"excerpt":{"rendered":"<p><span style=\"color: #ff0000;\"><strong>PRECIO\u00a0EN DOLARES US.<\/strong><\/span><\/p>\n<p><strong>SISTEMA DE CONTROL<\/strong><\/p>\n","protected":false},"featured_media":3822,"comment_status":"closed","ping_status":"closed","template":"","meta":[],"pwb-brand":[],"product_brand":[],"product_cat":[408,773],"product_tag":[],"class_list":{"0":"post-18739","1":"product","2":"type-product","3":"status-publish","4":"has-post-thumbnail","6":"product_cat-accesorios-y-control-agua-caliente","7":"product_cat-rheem-accesorios","9":"first","10":"onbackorder","11":"product-type-simple"},"brands":[],"_links":{"self":[{"href":"https:\/\/h2otek.com\/tienda\/wp-json\/wp\/v2\/product\/18739","targetHints":{"allow":["GET"]}}],"collection":[{"href":"https:\/\/h2otek.com\/tienda\/wp-json\/wp\/v2\/product"}],"about":[{"href":"https:\/\/h2otek.com\/tienda\/wp-json\/wp\/v2\/types\/product"}],"replies":[{"embeddable":true,"href":"https:\/\/h2otek.com\/tienda\/wp-json\/wp\/v2\/comments?post=18739"}],"wp:featuredmedia":[{"embeddable":true,"href":"https:\/\/h2otek.com\/tienda\/wp-json\/wp\/v2\/media\/3822"}],"wp:attachment":[{"href":"https:\/\/h2otek.com\/tienda\/wp-json\/wp\/v2\/media?parent=18739"}],"wp:term":[{"taxonomy":"pwb-brand","embeddable":true,"href":"https:\/\/h2otek.com\/tienda\/wp-json\/wp\/v2\/pwb-brand?post=18739"},{"taxonomy":"product_brand","embeddable":true,"href":"https:\/\/h2otek.com\/tienda\/wp-json\/wp\/v2\/product_brand?post=18739"},{"taxonomy":"product_cat","embeddable":true,"href":"https:\/\/h2otek.com\/tienda\/wp-json\/wp\/v2\/product_cat?post=18739"},{"taxonomy":"product_tag","embeddable":true,"href":"https:\/\/h2otek.com\/tienda\/wp-json\/wp\/v2\/product_tag?post=18739"}],"curies":[{"name":"wp","href":"https:\/\/api.w.org\/{rel}","templated":true}]}}