{"id":18726,"date":"2021-07-06T21:19:00","date_gmt":"2021-07-06T21:19:00","guid":{"rendered":"https:\/\/h2otek.com\/tienda\/producto\/calentador-de-agua-13-galones-48-litros-alto-rendimiento-todo-terreno-a-gas-nat-marca-rheem-mod-29v13hr-692227\/"},"modified":"2025-09-15T21:50:38","modified_gmt":"2025-09-15T21:50:38","slug":"calentador-de-agua-13-galones-48-litros-alto-rendimiento-todo-terreno-a-gas-nat-marca-rheem-mod-29v13hr-692227","status":"publish","type":"product","link":"https:\/\/h2otek.com\/tienda\/producto\/calentador-de-agua-13-galones-48-litros-alto-rendimiento-todo-terreno-a-gas-nat-marca-rheem-mod-29v13hr-692227\/","title":{"rendered":"CALENTADOR DE AGUA 13 GALONES (48 LITROS) ALTO RENDIMIENTO\/TODO TERRENO A GAS NAT. MARCA RHEEM MOD. 29V13HR\/692227"},"content":{"rendered":"<p style=\"text-align: center;\"><img fetchpriority=\"high\" decoding=\"async\" src=\"https:\/\/h2otek.com\/tienda\/img\/cms\/aguacaliente\/rheem\/todoterreno-gas\/header-boiler-rheem-todoterreno-13gal-nat.jpg\" alt=\"\" width=\"650\" height=\"300\" \/><\/p>\n<p style=\"text-align: center;\"><span style=\"font-size: medium; font-family: arial, helvetica, sans-serif; color: #ff0000;\">Con nuestra avanzada ingenier\u00eda h\u00edbrida te aseguramos agua caliente continua siempre.<\/span><\/p>\n<p style=\"text-align: center;\"><img decoding=\"async\" src=\"https:\/\/www.h2otek.com\/tienda\/Images\/boilers\/todoterreno\/header-boiler-rheem-todoterreno.jpg\" alt=\"Con cualquier clima, sin importar el tipo de agua, con distancias largas, familias grandes o peque\u00f1as, Rheem todo terreno te proporcionar\u00e1 el mejor costo-beneficio adapt\u00e1ndose a tu estilo de vida.\" border=\"0\" \/><\/p>\n<p style=\"text-align: justify;\"><span style=\"font-size: medium; font-family: arial, helvetica, sans-serif; color: #ff0000;\">POR ENCIMA DE TODO<\/span><\/p>\n<p style=\"text-align: justify;\">Con nuestra avanzada<strong> ingenier\u00eda h\u00edbrida <\/strong>te aseguramos agua caliente continua para 2 ba\u00f1os* no importando la distancia de recorrido, lo extremo del clima, ni la calidad del suministro de agua, o tu estilo de vida.<\/p>\n<div><strong>CARACTER\u00cdSTICAS Y BENEFICIOS:<\/strong><\/div>\n<p>L\u00ednea Alto Rendimiento <span style=\"font-size: small;\">Grandes ventajas, al mejor costo-beneficio.<\/span> <strong>SEGURIDAD<\/strong><\/p>\n<ul>\n<li>El calentador m\u00e1s seguro del mercado.<\/li>\n<li>Termostato con doble sistema de seguridad, apagado autom\u00e1tico en caso de falla del piloto y sistema de corte de energ\u00eda por sobrecalentamiento (E.C.O. System).<\/li>\n<li>Doble puerta de seguridad para protecci\u00f3n de ni\u00f1os.<\/li>\n<\/ul>\n<p><strong>ENCENDIDO:<\/strong><\/p>\n<ul>\n<li>Encendido piezo el\u00e9ctrico y operaci\u00f3n sin pila.<\/li>\n<li>No m\u00e1s cerillos.<\/li>\n<\/ul>\n<p><strong>2 SERVICIOS SIMULT\u00c1NEOS:<\/strong><\/p>\n<ul>\n<li>Agua caliente cont\u00ednua sin variaci\u00f3n de temperatura.<\/li>\n<\/ul>\n<div><strong>ESPACIO:<\/strong><\/div>\n<div>\n<ul>\n<li>Ahorro de espacio, m\u00e1s agua caliente con un producto m\u00e1s peque\u00f1o que las tecnolog\u00edas convencionales.<\/li>\n<\/ul>\n<\/div>\n<p><strong>ECOL\u00d3GICO:<\/strong><\/p>\n<ul>\n<li>Menos emisiones al medio ambiente, m\u00e1s calor al agua y menos al medio ambiente.<\/li>\n<\/ul>\n<p><strong>TODO TERRENO:<\/strong><\/p>\n<ul>\n<li style=\"text-align: justify;\">El TODO TERRENO resuelve cualquier necesidad de agua caliente cont\u00ednua en el hogar, no importando clima, distancia o la baja calidad en el suministro de agua (por alta dureza, baja presi\u00f3n y\/o bajo flujo).<\/li>\n<\/ul>\n<div style=\"text-align: justify;\"><strong>PORCELANIZADO:<\/strong><\/div>\n<div style=\"text-align: justify;\">\n<ul>\n<li>Porcelanizado Rheemglas\u2122, que evita picaduras del tanque y alarga la vida del producto.<\/li>\n<\/ul>\n<\/div>\n<p><strong>AISLANTE:<\/strong><\/p>\n<ul>\n<li style=\"text-align: justify;\">Menor consumo de gas por su eficiente y r\u00e1pido quemador y su aislante t\u00e9rmico R-Foam\u2122 de una pulgada de espesor que evita p\u00e9rdida de temperatura.<\/li>\n<\/ul>\n<p><strong>MANTENIMIENTO:<\/strong><\/p>\n<ul>\n<li>F\u00e1cil mantenimiento por su exclusivo sistema Everkleen\u2122 que evita la acumulaci\u00f3n de sedimentos en el tanque manteniendo la eficiencia del producto, a lo largo de su vida \u00fatil.<\/li>\n<\/ul>\n<p style=\"text-align: justify;\"><strong>INSTALACI\u00d3N:<\/strong><\/p>\n<ul>\n<li>F\u00e1cil y adaptable a cualquier tipo de instalaci\u00f3n.<\/li>\n<li><em>3 A\u00d1OS DE GARANT\u00cdA SOBRE CUALQUIER DEFECTO DE FABRICACI\u00d3N<\/em><\/li>\n<\/ul>\n<p style=\"text-align: center;\"><strong>COMPONENTES:<\/strong><\/p>\n<p style=\"text-align: center;\"><em>(Clic en la imagen para agrandarla)<\/em><\/p>\n<p style=\"text-align: center;\"><a href=\"http:\/\/www.h2otek.com\/tienda\/Images\/boilers\/todoterreno\/componentes-boiler-rheem-todoterreno-gde.jpg\" target=\"_blank\" rel=\"noopener\"><img decoding=\"async\" src=\"https:\/\/www.h2otek.com\/tienda\/Images\/boilers\/todoterreno\/componentes-boiler-rheem-todoterreno.jpg\" alt=\"\" border=\"0\" \/><\/a><\/p>\n<div style=\"text-align: center;\"><strong>TABLA DE ESPECIFICACIONES:<\/strong><\/div>\n<p style=\"text-align: center;\"><img decoding=\"async\" src=\"https:\/\/www.h2otek.com\/tienda\/Images\/boilers\/todoterreno\/especificaciones-boiler-rheem-todoterreno.jpg\" alt=\"\" border=\"0\" \/><\/p>\n<div>* Depende de los h\u00e1bitos de consumo y el tipo de instalaci\u00f3n.<\/div>\n<p style=\"text-align: center;\"><img decoding=\"async\" src=\"https:\/\/www.h2otek.com\/tienda\/Images\/boilers\/todoterreno\/dimensiones-dibujo-boiler-rheem-todoterreno.jpg\" alt=\"\" border=\"0\" \/><\/p>\n<div style=\"text-align: center;\"><strong>TABLA DE DIMENSIONES:<\/strong><\/div>\n<p style=\"text-align: center;\"><img decoding=\"async\" src=\"https:\/\/www.h2otek.com\/tienda\/Images\/boilers\/todoterreno\/dimensiones-boiler-rheem-todoterreno.jpg\" alt=\"\" border=\"0\" \/><\/p>\n<p style=\"text-align: center;\"><strong>VIDEO:<\/strong><\/p>\n<p><iframe title=\"Instalaci\u00f3n y mantenimiento de calentador de dep\u00f3sito a gas Todo Terreno\" width=\"500\" height=\"281\" src=\"https:\/\/www.youtube.com\/embed\/M02KIoOUh6s?feature=oembed\" frameborder=\"0\" allow=\"accelerometer; autoplay; clipboard-write; encrypted-media; gyroscope; picture-in-picture; web-share\" referrerpolicy=\"strict-origin-when-cross-origin\" allowfullscreen><\/iframe><\/p>\n<div><span style=\"color: #888888;\">INDUSTRIAL RHEEM, S.A. DE C.V. CUENTA CON TALLERES DE SERVICIO EN TODA LA REPUBLICA MEXICANA<\/span><\/div>\n<div>ES IMPORTANTE LEER CLARAMENTE EL INSTRUCTIVO DE INSTALACION Y OPERACION ANTES DE INSTALAR Y PONER A FUNCIONAR EL CALENTADOR<\/div>\n<p style=\"text-align: center;\"><img decoding=\"async\" src=\"https:\/\/www.h2otek.com\/tienda\/Images\/boilers\/estandar\/certificaciones-boiler-rheem-depositogas.jpg\" alt=\"\" border=\"0\" \/><\/p>\n<div><\/div>\n<div><\/div>\n<div style=\"text-align: left;\"><strong>DESCARGAR MANUALES<\/strong><\/div>\n<div style=\"text-align: left;\">\n<ul>\n<li><strong><a href=\"http:\/\/www.h2otek.com\/tienda\/pdf\/aguacaliente\/ESPECIFICACIONES%20BOILERS%20A%20GAS%20RHEEM%20LINEA%20ESTANDAR.pdf\" target=\"_blank\" rel=\"noopener\">FOLLETO<\/a><\/strong><\/li>\n<\/ul>\n<\/div>\n","protected":false},"excerpt":{"rendered":"<p><span style=\"color: #ff0000;\"><strong>PRECIO EN PESOS MEXICANOS.<\/strong><\/span><br \/>\n<span style=\"color: #ff0000;\"><strong>PRECIO INCLUYE 16 % DE I.V.A.<\/strong><\/span><br \/>\n<span style=\"color: #ff0000;\"><strong>PRECIO INCLUYE ENVIO (ZONA CENTRO).<\/strong><\/span><\/p>\n<p><strong>CALENTADOR DE AGUA A GAS NATURAL 13 GALONES (48 LITROS) <\/strong><\/p>\n<p><strong>AGUA CALIENTE CONTINUA PARA 2 BA\u00d1OS.<\/strong><\/p>\n<p><em><strong>IDEALES PARA CUALQUIER NECESIDAD DE AGUA CALIENTE, COMO PUEDE SER EN:<\/strong><\/em><\/p>\n<ul>\n<li style=\"text-align: left; color: #000000;\"><em><strong>CASAS<\/strong><\/em><\/li>\n<li style=\"text-align: left; color: #000000;\"><em><strong>RESIDENCIAS<\/strong><\/em><\/li>\n<li style=\"text-align: left; color: #000000;\"><em><strong>DEPARTAMENTOS<\/strong><\/em><\/li>\n<li style=\"text-align: left; color: #000000;\"><em><strong>CONDOMINIOS<\/strong><\/em><\/li>\n<li style=\"text-align: left; color: #000000;\"><em><strong>CASA DE CAMPO<\/strong><\/em><\/li>\n<li style=\"text-align: left; color: #000000;\"><em><strong>LOCALES, <\/strong><\/em><em><strong>ETC.<\/strong><\/em><\/li>\n<\/ul>\n","protected":false},"featured_media":6638,"comment_status":"closed","ping_status":"closed","template":"","meta":[],"pwb-brand":[1161],"product_brand":[],"product_cat":[382,818],"product_tag":[],"class_list":{"0":"post-18726","1":"product","2":"type-product","3":"status-publish","4":"has-post-thumbnail","6":"pwb-brand-rheem","7":"product_cat-agua-caliente-boilers-calentadores-de-agua","8":"product_cat-en-gas-natural-boilers-calentadores-de-agua-todo-terreno-boilers-calentadores-de-agua","10":"first","11":"instock","12":"purchasable","13":"product-type-simple"},"brands":[{"id":1161,"name":"Rheem","slug":"rheem"}],"_links":{"self":[{"href":"https:\/\/h2otek.com\/tienda\/wp-json\/wp\/v2\/product\/18726","targetHints":{"allow":["GET"]}}],"collection":[{"href":"https:\/\/h2otek.com\/tienda\/wp-json\/wp\/v2\/product"}],"about":[{"href":"https:\/\/h2otek.com\/tienda\/wp-json\/wp\/v2\/types\/product"}],"replies":[{"embeddable":true,"href":"https:\/\/h2otek.com\/tienda\/wp-json\/wp\/v2\/comments?post=18726"}],"wp:featuredmedia":[{"embeddable":true,"href":"https:\/\/h2otek.com\/tienda\/wp-json\/wp\/v2\/media\/6638"}],"wp:attachment":[{"href":"https:\/\/h2otek.com\/tienda\/wp-json\/wp\/v2\/media?parent=18726"}],"wp:term":[{"taxonomy":"pwb-brand","embeddable":true,"href":"https:\/\/h2otek.com\/tienda\/wp-json\/wp\/v2\/pwb-brand?post=18726"},{"taxonomy":"product_brand","embeddable":true,"href":"https:\/\/h2otek.com\/tienda\/wp-json\/wp\/v2\/product_brand?post=18726"},{"taxonomy":"product_cat","embeddable":true,"href":"https:\/\/h2otek.com\/tienda\/wp-json\/wp\/v2\/product_cat?post=18726"},{"taxonomy":"product_tag","embeddable":true,"href":"https:\/\/h2otek.com\/tienda\/wp-json\/wp\/v2\/product_tag?post=18726"}],"curies":[{"name":"wp","href":"https:\/\/api.w.org\/{rel}","templated":true}]}}