{"id":18719,"date":"2021-07-06T21:19:00","date_gmt":"2021-07-06T21:19:00","guid":{"rendered":"https:\/\/h2otek.com\/tienda\/producto\/calentador-de-agua-a-gas-indirecto-cap-999000-btu-para-piscina-o-spa-xtherm-professional-raypak-mod-1005a\/"},"modified":"2022-10-11T16:01:58","modified_gmt":"2022-10-11T16:01:58","slug":"calentador-de-agua-a-gas-indirecto-cap-999000-btu-para-piscina-o-spa-xtherm-professional-raypak-mod-1005a","status":"publish","type":"product","link":"https:\/\/h2otek.com\/tienda\/producto\/calentador-de-agua-a-gas-indirecto-cap-999000-btu-para-piscina-o-spa-xtherm-professional-raypak-mod-1005a\/","title":{"rendered":"CALENTADOR DE AGUA A GAS INDIRECTO CAP. 999,000 BTU PARA PISCINA O SPA XTHERM PROFESSIONAL RAYPAK MOD. 1005A"},"content":{"rendered":"<p style=\"text-align: center;\"><img fetchpriority=\"high\" decoding=\"async\" src=\"https:\/\/h2otek.com\/tienda\/img\/cms\/aguacaliente\/raypak\/xtherm\/1005A-2005A\/header-calentador-indirecto-raytherm-1005A.jpg\" alt=\"header-calentador-xtherm\" width=\"650\" height=\"300\" \/><\/p>\n<p><strong>CALENTADORES DE AGUA INDIRECTO A GAS PARA\u00a0 SPA O PISCINAS XTHERM PROFESSIONAL<\/strong><\/p>\n<div style=\"text-align: justify;\">\n<p>Raypak se complace en anunciar nuestra nueva <strong>l\u00ednea Professional de sistemas de calentamiento de piscinas indirectas<\/strong> envasadas de f\u00e1brica. Estos se montan en f\u00e1brica y se conectan a un pat\u00edn prefabricado utilizando nuestras calderas XTherm de ultra alta eficiencia que conducen un intercambiador de calor de carcasa y tubo altamente eficiente.<\/p>\n<p>La configuraci\u00f3n est\u00e1ndar utiliza un intercambiador cupro-n\u00edquel altamente resistente a la corrosi\u00f3n con la opci\u00f3n de actualizar a titanio para obtener la m\u00e1xima resistencia a la corrosi\u00f3n. El intercambiador de calor indirecto mantiene la caldera a salvo del agua corrosiva de la piscina (bajo pH o altos niveles de cloro) al separar el agua de la caldera del agua de la piscina.<\/p>\n<p>El sistema llega completamente ensamblado, solo conecta, llena y gira el interruptor. No se necesita soldadura ni montaje en el sitio. F\u00e1cil de instalar y poner en marcha, la unidad viene de serie con una pantalla t\u00e1ctil de 7&#8243; y el sistema de control Versa IC\u00ae de Raypak. Diagn\u00f3sticos completos con historial y puerto Modbus RTU BMS. Econ\u00f3mico para ventilar, la unidad viene de serie con conexiones de ventilaci\u00f3n de PVC y l\u00edmite. Seguimiento de carga electr\u00f3nico completo con desconexi\u00f3n 7:1.<\/p>\n<\/div>\n<p>&nbsp;<\/p>\n<div id=\"tab-description\" class=\"panel wc-tab entry-content active\" style=\"text-align: justify;\">\n<p style=\"text-align: justify;\"><strong>CARACTER\u00cdSTICAS:<\/strong><\/p>\n<ul>\n<li>Intercambiador de calor indirecto cupro-n\u00edquel<\/li>\n<li>Intercambiador de calor de titanio opcional<\/li>\n<li>Pantalla t\u00e1ctil de 7&#8243;- F\u00e1cil de usar<\/li>\n<li>Ventilaci\u00f3n de PVC<\/li>\n<li>96% de eficiencia t\u00e9rmica<\/li>\n<\/ul>\n<p>&nbsp;<\/p>\n<\/div>\n<p style=\"text-align: center;\"><strong>TABLA DE ESPECIFICACIONES Y DIMENSIONES:<\/strong><\/p>\n<p style=\"text-align: center;\"><img decoding=\"async\" src=\"https:\/\/h2otek.com\/tienda\/img\/cms\/aguacaliente\/raypak\/xtherm\/1005A-2005A\/especificaciones-calentador-indirecto-raytherm-1005A.gif\" alt=\"\" width=\"650\" height=\"159\" \/><\/p>\n<p>&nbsp;<\/p>\n<p style=\"text-align: center;\"><img decoding=\"async\" src=\"https:\/\/h2otek.com\/tienda\/img\/cms\/aguacaliente\/raypak\/xtherm\/1005A-2005A\/dimensiones-calentador-indirecto-raytherm-01.gif\" alt=\"\" width=\"750\" height=\"463\" \/><\/p>\n<p>&nbsp;<\/p>\n<p>&nbsp;<\/p>\n<p><strong>DESCARGAR MANUALES<\/strong><\/p>\n<ul>\n<li><strong><a href=\"http:\/\/www.h2otek.com\/tienda\/pdf\/aguacaliente\/FOLLETO%20CALENTADORES%20DE%20AGUA%20INDIRECTOS%20PARA%20ALBERCAS%20XTHERM%20PROFESSIONAL.pdf\" target=\"_blank\" rel=\"noopener\">FOLLETO<\/a><\/strong><\/li>\n<li><strong><a href=\"http:\/\/www.h2otek.com\/tienda\/pdf\/aguacaliente\/MANUAL%20CALENTADORES%20DE%20AGUA%20INDIRECTOS%20PARA%20ALBERCAS%20XTHERM%20PROFESSIONAL.pdf\" target=\"_blank\" rel=\"noopener\">MANUAL DE INSTALACI\u00d3N Y OPERACI\u00d3N<\/a><\/strong><\/li>\n<\/ul>\n<p>&nbsp;<\/p>\n<div>\n<p style=\"text-align: left;\"><strong>PRECIO INCLUYE GASTOS DE ENVIO (GRATIS) E IMPUESTO 16% DE IVA.<\/strong><\/p>\n<\/div>\n","protected":false},"excerpt":{"rendered":"<p><span style=\"color: #ff0000;\"><strong>PARA PRECIO DE ESTE PRODUCTO FAVOR DE COMUNICARSE EN ATENCION A CLIENTES: info@h2otek.com O AL TEL: 01 800 94 26 835<\/strong><\/span><\/p>\n<p><span style=\"color: #ff0000;\"><strong>CALENTADOR DE AGUA A GAS PARA SPA O ALBERCAS L\u00cdNEA\u00a0PROFESSIONAL XTHERM MARCA RAYPAK<\/strong><\/span><\/p>\n<p><strong>CALEFACCI\u00d3N EN PISCINAS POR DEMANDA O RECIRCULACION DE AGUA CALIENTE. OPERACI\u00d3N SILENCIOSA.<em><br \/>\n<\/em><\/strong><\/p>\n<p><em><strong>IDEALES EN:<\/strong><\/em><\/p>\n<ul>\n<li><em><strong>ALBERCA \u00d3 PISCINA<br \/>\n<\/strong><\/em><\/li>\n<li><em><strong>SPA<\/strong><\/em><\/li>\n<li><em><strong>JACUZZI<\/strong><\/em><\/li>\n<li><em><strong>HIDROMASAJE, ETC.<\/strong><\/em><\/li>\n<\/ul>\n","protected":false},"featured_media":7292,"comment_status":"closed","ping_status":"closed","template":"","meta":[],"pwb-brand":[],"product_brand":[],"product_cat":[575],"product_tag":[],"class_list":{"0":"post-18719","1":"product","2":"type-product","3":"status-publish","4":"has-post-thumbnail","6":"product_cat-calentadores-de-agua-indirectos-professional-xtherm-1005a-2005a","8":"first","9":"outofstock","10":"purchasable","11":"product-type-simple"},"brands":[],"_links":{"self":[{"href":"https:\/\/h2otek.com\/tienda\/wp-json\/wp\/v2\/product\/18719","targetHints":{"allow":["GET"]}}],"collection":[{"href":"https:\/\/h2otek.com\/tienda\/wp-json\/wp\/v2\/product"}],"about":[{"href":"https:\/\/h2otek.com\/tienda\/wp-json\/wp\/v2\/types\/product"}],"replies":[{"embeddable":true,"href":"https:\/\/h2otek.com\/tienda\/wp-json\/wp\/v2\/comments?post=18719"}],"wp:featuredmedia":[{"embeddable":true,"href":"https:\/\/h2otek.com\/tienda\/wp-json\/wp\/v2\/media\/7292"}],"wp:attachment":[{"href":"https:\/\/h2otek.com\/tienda\/wp-json\/wp\/v2\/media?parent=18719"}],"wp:term":[{"taxonomy":"pwb-brand","embeddable":true,"href":"https:\/\/h2otek.com\/tienda\/wp-json\/wp\/v2\/pwb-brand?post=18719"},{"taxonomy":"product_brand","embeddable":true,"href":"https:\/\/h2otek.com\/tienda\/wp-json\/wp\/v2\/product_brand?post=18719"},{"taxonomy":"product_cat","embeddable":true,"href":"https:\/\/h2otek.com\/tienda\/wp-json\/wp\/v2\/product_cat?post=18719"},{"taxonomy":"product_tag","embeddable":true,"href":"https:\/\/h2otek.com\/tienda\/wp-json\/wp\/v2\/product_tag?post=18719"}],"curies":[{"name":"wp","href":"https:\/\/api.w.org\/{rel}","templated":true}]}}