{"id":18716,"date":"2021-07-06T21:19:00","date_gmt":"2021-07-06T21:19:00","guid":{"rendered":"https:\/\/h2otek.com\/tienda\/producto\/boiler-electrico-de-agua-sin-tanque-cap-218377-btu-64kw-208v-3-fases-con-envolvente-nema-4x-marca-eemax-mod-ap064208-efd-n4x\/"},"modified":"2022-10-05T23:47:59","modified_gmt":"2022-10-05T23:47:59","slug":"boiler-electrico-de-agua-sin-tanque-cap-218377-btu-64kw-208v-3-fases-con-envolvente-nema-4x-marca-eemax-mod-ap064208-efd-n4x","status":"publish","type":"product","link":"https:\/\/h2otek.com\/tienda\/producto\/boiler-electrico-de-agua-sin-tanque-cap-218377-btu-64kw-208v-3-fases-con-envolvente-nema-4x-marca-eemax-mod-ap064208-efd-n4x\/","title":{"rendered":"BOILER EL\u00c9CTRICO DE AGUA SIN TANQUE  CAP. 218,377 BTU 64KW 208V 3 FASES CON ENVOLVENTE NEMA 4X MARCA EEMAX MOD. AP064208 EFD N4X"},"content":{"rendered":"<p style=\"text-align: center;\"><img fetchpriority=\"high\" decoding=\"async\" src=\"https:\/\/www.h2otek.com\/tienda\/img\/cms\/aguacaliente\/eemax\/header-boilerelectrico-eemax-safeadvantage-AP064208-EFD-N4X.jpg\" alt=\"header-boilerelectrico-eemax-safeadvanta\" width=\"650\" height=\"250\" \/><\/p>\n<p><strong>CARACTER\u00cdSTICAS:<\/strong><\/p>\n<ul>\n<li>90\u00b0 F Temperatura m\u00e1xima de salida<\/li>\n<li>Completamente modulante &#8211; El algoritmo de control predictivo y las diversas caracter\u00edsticas de seguridad garantizan la conformidad con el agua tibia ANSI Z358.1 sin v\u00e1lvulas mezcladoras adicionales (verifique los c\u00f3digos locales)<\/li>\n<li>La velocidad de respuesta r\u00e1pida elimina el requisito de cualquier sistema adicional de purga de agua caliente (no requiere drenaje)<\/li>\n<li>No se requiere T &amp; P seg\u00fan UL499 &#8211; Compruebe los c\u00f3digos locales<\/li>\n<li>Sensor termo-\u00f3ptico para la monitorizaci\u00f3n de elementos infrarrojos<\/li>\n<li>Programable en el campo, firmware actualizable y ajustable<\/li>\n<li>Pantalla LCD y control con diagn\u00f3stico incorporado<\/li>\n<li>A demanda agua caliente &#8211; sin retraso<\/li>\n<li>Cortar los residuos de energ\u00eda &#8211; El interruptor de flujo activa el calentador s\u00f3lo cuando el agua est\u00e1 funcionando, no hay p\u00e9rdida de calor en modo de espera<\/li>\n<li>99% eficiente, factor de energ\u00eda .99<\/li>\n<li>Agua caliente interminable &#8211; No hay capacidad de almacenamiento para agotar<\/li>\n<li>Reduce el costo de instalaci\u00f3n y el material &#8211; No se requiere una v\u00e1lvula T &amp; P (consulte los c\u00f3digos locales)<\/li>\n<li>El sensor t\u00e9rmico y el algoritmo de control predictivo garantizan una gesti\u00f3n \u00f3ptima del calor.<\/li>\n<li>F\u00e1cil instalaci\u00f3n &#8211; Conexiones simples NPT que no requieren soldadura. La unidad se monta directamente en la pared con el hardware com\u00fan.<\/li>\n<li>Previene el crecimiento de bacterias Legionella<\/li>\n<li>Reduce la calcificaci\u00f3n y la sedimentaci\u00f3n<\/li>\n<li>Campo de Servicio &#8211; Todos los componentes principales son reemplazables en el campo y f\u00e1cilmente disponibles<\/li>\n<li>Hecho orgulloso en los EEUU\n<\/li>\n<\/ul>\n<p><strong>CARACTER\u00cdSTICAS OPCIONALES:<\/strong><\/p>\n<ul>\n<li>Cajas N4X (304SS) N4X6 (316SS)<\/li>\n<li>Patas libres<\/li>\n<li>Protecci\u00f3n contra congelamiento para clima severo, hasta -30\u00b0 F<\/li>\n<li>Desconexi\u00f3n el\u00e9ctrica<\/li>\n<li>GFCI<\/li>\n<li>A prueba de explosi\u00f3n &#8211; Conforme a C1D2, requiere certificaci\u00f3n local. Clase Z sistema de purga y presurizaci\u00f3n con interruptor de presi\u00f3n para los controles de alarma. Para otra clasificaci\u00f3n que no sea C1D2, p\u00f3ngase en contacto con la f\u00e1brica para discutir las opciones.<\/li>\n<li>Sirena y Faro &#8211; alarma audible y visual (clasificada como C1D2 cuando se combina con un paquete a prueba de explosi\u00f3n).<\/li>\n<\/ul>\n<p><\/p>\n<div style=\"text-align: center;\"><img decoding=\"async\" src=\"https:\/\/www.h2otek.com\/tienda\/img\/cms\/aguacaliente\/eemax\/PhD-NEMA-options-dwg.jpg\" alt=\"PhD-NEMA-options-dwg.jpg\" width=\"600\" height=\"413\" \/><\/div>\n<p style=\"text-align: justify;\">\u00a0<br \/>130 libras Dise\u00f1ado para montaje en pared. Patas libres y otras opciones listadas en el contenido del manual.<\/p>\n<p><\/p>\n<div style=\"text-align: justify;\"><strong>APLICACIONES:<\/strong><\/p>\n<p>Equipo de seguridad de emergencia<br \/>Coloque el lavado de ojos \/ cara<br \/>Col\u00f3quese junto a la manguera de drenaje<br \/>Combinaci\u00f3n de ojos \/ rostro \/ ducha<\/p>\n<p><strong>INSTALACI\u00d3N<\/strong><\/p>\n<p>Tama\u00f1o \u2013 Tama\u00f1o basado en el rendimiento y no en la infraestructura el\u00e9ctrica. Tres factores clave, la temperatura del agua entrante, el volumen de agua y la temperatura de salida deseada.<\/p>\n<p>El\u00e9ctrico \u2013 Todos los calentadores de agua sin tanque Eemax est\u00e1n dise\u00f1ados para ser cableados a un interruptor de circuito dedicado y no se suministran con un cable y enchufe<\/p>\n<p>Fontaner\u00eda \u2013 Pre-calentado o agua fr\u00eda de alimentaci\u00f3n. Esta familia de productos Eemax tiene control termost\u00e1tico y es capaz de reaccionar a las cambiantes temperaturas mientras proporciona una salida estable.<\/p>\n<p>C\u00f3digos Locales \u2013 Por favor, compruebe todos los c\u00f3digos aplicables, nacionales y locales para asegurar el cumplimiento tanto de la plomer\u00eda como de la instalaci\u00f3n el\u00e9ctrica<\/p>\n<p>Montaje \u2013 Esta familia de productos Eemax debe montarse verticalmente con las conexiones de agua en la parte inferior. La entrada est\u00e1 a la derecha, la salida est\u00e1 a la izquierda. Esto no se puede revertir.<\/p><\/div>\n<div style=\"text-align: justify;\">\u00a0<\/div>\n<div style=\"text-align: justify;\">El recinto debe estar equipado con las siguientes caracter\u00edsticas:<\/div>\n<ul>\n<li>FP Protecci\u00f3n contra el congelamiento (-30\u00b0 F)<\/li>\n<li>EDS Desconexi\u00f3n sin fusible<\/li>\n<li>FDS Desconexi\u00f3n fundido<\/li>\n<li>EP Antideflagrante (compatible con la norma C1D2)<\/li>\n<li>GFCI True RMS GFCI con pantalla digital y restablecimiento<\/li>\n<li>SK patas de 24&#8221; para aplicaciones de pie libre<\/li>\n<li>RD Pantalla remota<\/li>\n<li>SB Sirena y Faro<\/li>\n<\/ul>\n<div style=\"text-align: justify;\">El calentador de agua sin tanque debe tener conexiones de agua en la parte inferior, y debe ser construido con materiales listados en NSF61. Elemento de calentamiento directo para ser no ferroso, estilo cartucho, dise\u00f1ado para el reemplazo de campo. Calentador de agua sin tanque para utilizar un algoritmo dual PID, la gesti\u00f3n activa de la aplicaci\u00f3n de energ\u00eda a la demanda en tiempo real del sistema. Caudal\u00edmetro integrado capaz de vol\u00famenes de m\u00e1s de 40 GPM impulsa el algoritmo de control predictivo.<\/p>\n<p>El calentador de agua debe estar protegido por seguridad redundante. Seguridad redundante para incluir interruptores de seguridad termoel\u00e9ctricos, monitorizaci\u00f3n de elementos infrarrojos a trav\u00e9s de sensores termo \u00f3pticos y control de temperatura dual a trav\u00e9s de la tarjeta de control maestro. La interfaz de usuario del calentador de agua sin tanque debe tener las siguientes capacidades:<\/p>\n<\/div>\n<div style=\"text-align: justify;\">\n<ul>\n<li>Pantalla seleccionable incluyendo temperatura de entrada Celsius\/Fahrenheit, temperatura de salida y temperatura de punto de ajuste.<\/li>\n<li>Debe ser capaz de mostrar el caudal en galones por minuto o litros por minuto.<\/li>\n<li>Caracter\u00edsticas de diagn\u00f3stico para incluir el error y la visualizaci\u00f3n del c\u00f3digo de error.<\/li>\n<li>El tablero de control debe mantener el historial de errores\/fallos de 9 eventos.<\/li>\n<li>Capacidad de ajuste de temperatura codificado en f\u00e1brica (m\u00e1x. y m\u00edn.)<\/li>\n<li>Capaz de actualizaciones de firmware a trav\u00e9s del puerto USB<\/li>\n<li>Capacidad de integraci\u00f3n BMS<\/li>\n<li>Registrador de datos disponibles para la supervisi\u00f3n de los valores de E\/E internos y 4 entradas externas.<\/li>\n<li>Cumple con el agua tibia ANSI Z358.1 sin caracter\u00edsticas adicionales de mezcla o purga (las temperaturas de entrada no deben exceder los 100\u00b0 F).<\/li>\n<\/ul>\n<\/div>\n<div style=\"text-align: justify;\">\u00a0<\/div>\n<div style=\"text-align: justify;\">Sufijo Definiciones:<\/p>\n<p><strong>EE &#8211; Ojos de Emergencia.<\/strong> Temperatura m\u00e1xima de 90\u00b0 F. Enviada con la pantalla &#8220;Bloqueado&#8221;.<br \/><strong>EFD \u2013 Emergencia Ojos, Rostro &amp; Mojado.<\/strong> Temperatura m\u00e1xima de salida 90\u00b0 F. Cumple con el agua tibia ANSI Z3581.1 sin v\u00e1lvula mezcladora adicional.<\/div>\n<p style=\"text-align: justify;\">\u00a0<\/p>\n<p style=\"text-align: center;\"><strong><img decoding=\"async\" src=\"https:\/\/www.h2otek.com\/tienda\/img\/cms\/aguacaliente\/eemax\/tabla-presioncaida-boilerelectrico-eemax-safeadvantage.jpg\" alt=\"\" width=\"302\" height=\"500\" \/><\/p>\n<p><\/strong><\/p>\n<p><strong>ESPECIFICACIONES DE RENDIMIENTO:<\/strong><\/p>\n<p>GPM Activar: 2.5<br \/>Volumen m\u00e1ximo f\u00edsico: 40.0 gpm<br \/>Temperatura de funcionamiento m\u00ednima: 60<br \/>Temperatura de funcionamiento m\u00e1xima: 90<br \/>Presi\u00f3n de funcionamiento m\u00ednima: 25 PSI<br \/>Presi\u00f3n m\u00e1xima: 150 PSI<\/p>\n<p><strong>ESPECIFICACIONES FISICAS:<\/strong><\/p>\n<p>Altura: 24 pulgadas<br \/>Ancho: 30 pulgadas<br \/>Profundidad: 13.5 pulgadas<br \/>Peso: 150 libras<br \/>Material de la cubierta: Revestimiento de acero recubierto de polvo<br \/>Tipo de elemento: Cartucho reemplazable &#8211; alambre desnudo<\/p>\n<p>Opciones Gabinete NEMA<\/p>\n<p>Dimensiones (alto x ancho x profundidad): 24\u201d x 30\u201d x 13.5\u201d (peso total estimado 130 libras)<\/p>\n<p><strong>N4<\/strong> &#8211; Acero recubierto de polvo impermeable<br \/><strong>N4X<\/strong> &#8211; Acero inoxidable 304 impermeable resistente a la corrosi\u00f3n<br \/><strong>N4X6<\/strong> &#8211; Acero inoxidable 316 resistente a la corrosi\u00f3n resistente a la corrosi\u00f3n<\/p>\n<p>\u00a0<\/p>\n<p style=\"text-align: center;\"><img loading=\"lazy\" decoding=\"async\" src=\"https:\/\/www.h2otek.com\/tienda\/img\/cms\/aguacaliente\/eemax\/SafeAdvantage-dwg.jpg\" alt=\"SafeAdvantage-dwg.jpg\" width=\"600\" height=\"413\" \/><\/p>\n<p>\u00a0<\/p>\n<p style=\"text-align: center;\"><strong>TABLA DE ESPECIFICACIONES:<\/strong><\/p>\n<p style=\"text-align: center;\"><img loading=\"lazy\" decoding=\"async\" src=\"https:\/\/www.h2otek.com\/tienda\/img\/cms\/aguacaliente\/eemax\/especificaciones-boilerelectrico-eemax-safeadvantage-AP064208-EFD-N4X.jpg\" alt=\"especificaciones-boilerelectrico-eemax-s\" width=\"700\" height=\"260\" \/><\/p>\n<p>+ Temperatura limitada electr\u00f3nicamente a preselecci\u00f3n de f\u00e1brica para no exceder la temperatura.<br \/>&#8220;C&#8221; indica la evaluaci\u00f3n y el cumplimiento a Underwriters Laboratories (UL) o Intertek (ETL) bajo CAN \/ CSA-C22.2 No. 64 \/ No. 88.<\/p>\n<p style=\"text-align: justify;\"><strong>\u00a0<\/strong><\/p>\n<p>Opciones de Accesorios para Gabinete NEMA<\/p>\n<p>Dimensiones (alto x ancho x profundidad): 36\u201d x 30\u201d x 17.3\u201d (peso total estimado 225 libras)<\/p>\n<p><strong>FP <\/strong>Protecci\u00f3n de congelaci\u00f3n (-30\u00b0 F)<br \/><strong>EDS<\/strong> Desconexi\u00f3n sin fusible<br \/><strong>FDS<\/strong> Desconexi\u00f3n fundido<br \/><strong>EP<\/strong> A prueba de explosiones (compatible con C1D2)<br \/><strong>GFCI<\/strong> True RMS GFCI con pantalla digital y reset<br \/><strong>SK<\/strong> Patas 24&#8243; para aplicaciones de pie libre<br \/><strong>RD<\/strong> Pantalla remota<br \/><strong>SB <\/strong>Sirena y Faro<\/p>\n<p>\u00a0<\/p>\n<p style=\"text-align: center;\"><strong style=\"text-align: center;\">DIMENSIONES<\/strong><\/p>\n<p style=\"text-align: center;\"><strong><img loading=\"lazy\" decoding=\"async\" src=\"https:\/\/www.h2otek.com\/tienda\/img\/cms\/aguacaliente\/eemax\/dimensiones-boilerelectrico-eemax-safeadvantage.jpg\" alt=\"\" width=\"650\" height=\"320\" \/><\/strong><\/p>\n<p>\u00a0<\/p>\n<p>\u00a0<\/p>\n<p style=\"text-align: center;\"><strong>CERTIFICACIONES<\/strong><\/p>\n<p style=\"text-align: center;\"><strong><img loading=\"lazy\" decoding=\"async\" src=\"https:\/\/www.h2otek.com\/tienda\/img\/cms\/aguacaliente\/eemax\/certificaciones-boilerelectrico-eemax-safeadvantage.gif\" alt=\"\" width=\"450\" height=\"99\" \/><\/strong><\/p>\n<p><strong><br \/><\/strong><strong><\/p>\n<p>DESCARGAR MANUALES:<\/strong><\/p>\n<ul>\n<li><strong><a href=\"http:\/\/www.h2otek.com\/tienda\/pdf\/aguacaliente\/ESPECIFICACIONES%20BOILERS%20ELECTRICOS%20SIN%20TANQUE%20EEMAX%20SafeAdvantage.pdf\" target=\"_blank\" rel=\"noopener\">ESPECIFICACIONES<\/a><\/strong><\/li>\n<li><strong><a href=\"http:\/\/www.h2otek.com\/tienda\/pdf\/aguacaliente\/MANUAL%20DEL%20USUARIO%20BOILERS%20ELECTRICOS%20SIN%20TANQUE%20EEMAX%20SafeAdvantage.pdf\" target=\"_blank\" rel=\"noopener\">MANUAL DEL USUARIO<\/a><\/strong><\/li>\n<li><strong><a href=\"http:\/\/seek.autodesk.com\/product\/latest\/agg\/eemax\/Eemax\/Eemax023\" target=\"_blank\" rel=\"noopener\">BIM<\/a><\/strong><\/li>\n<li><strong><a href=\"http:\/\/www.h2otek.com\/tienda\/pdf\/aguacaliente\/GARANTIA%20BOILERS%20ELECTRICOS%20SIN%20TANQUE%20EEMAX%20SafeAdvantage.pdf\" target=\"_blank\" rel=\"noopener\">GARANTIA<\/a><\/strong><\/li>\n<\/ul>\n<p style=\"text-align: justify;\">\u00a0<\/p>\n<p style=\"text-align: justify;\"><strong>PRECIO INCLUYE GASTOS DE ENVIO (GRATIS) E IMPUESTO 16% DE IVA.<\/strong><\/p>\n<p>\u00a0<\/p>\n<p>\u00a0<\/p>\n","protected":false},"excerpt":{"rendered":"<p style=\"text-align: left;\"><span style=\"font-size: small; font-weight: bold;\"><span style=\"color: #ff0000;\">PARA PRECIO DE ESTE PRODUCTO FAVOR DE COMUNICARSE EN ATENCION A CLIENTES: info@h2otek.com O AL TEL: 01 800 94 26 835<\/span><\/span><\/p>\n<p style=\"text-align: left;\"><span style=\"font-size: small; font-weight: bold;\">CALENTADOR DE AGUA EL\u00c9CTRICO INSTANT\u00c1NEO 64 KW 208V.<\/span><\/p>\n<p style=\"text-align: left;\"><span style=\"font-size: small; font-weight: bold;\">HASTA UN 99% DE EFICIENCIA ENERG\u00c9TICA Y AHORRO DE 90% CONTRA UN CALENTADOR TRADICIONAL<\/span><span style=\"font-size: small; font-style: italic; font-weight: bold;\"><em><br \/><\/em><\/span><\/p>\n<p><em><span style=\"font-size: small; color: #000000;\"><strong>IDEALES EN:<\/strong><\/span><\/em><\/p>\n<ul style=\"text-align: left;\">\n<li><em><span style=\"font-size: small; color: #000000;\"><strong>OFICINAS<\/strong><\/span><\/em><\/li>\n<li><em><span style=\"font-size: small; color: #000000;\"><strong>GASOLINERAS<\/strong><\/span><\/em><\/li>\n<li><em><span style=\"font-size: small; color: #000000;\"><strong>TIENDAS<\/strong><\/span><\/em><\/li>\n<li><em><span style=\"font-size: small; color: #000000;\"><strong>ESCUELAS<\/strong><\/span><\/em><\/li>\n<li><em><span style=\"font-size: small; color: #000000;\"><strong>CENTROS COMERCIALES<\/strong><\/span><\/em><\/li>\n<li><em><span style=\"font-size: small; color: #000000;\"><strong>HOTELES<\/strong><\/span><\/em><\/li>\n<li><em><span style=\"font-size: small; color: #000000;\"><strong>HOSPITALES<\/strong><\/span><\/em><\/li>\n<li><em><span style=\"font-size: x-small; color: #000000;\"><strong><span style=\"font-size: small;\">ALMACENES<\/span><\/strong><\/span><\/em><\/li>\n<li><em><span style=\"font-size: x-small; color: #000000;\"><strong><span style=\"font-size: small;\">OFICINAS M\u00c9DICAS<\/span><\/strong><\/span><\/em><\/li>\n<li><em><span style=\"font-size: x-small; color: #000000;\"><strong><span style=\"font-size: small;\">RESTAURANTES<\/span><\/strong><\/span><\/em><\/li>\n<li><em><span style=\"font-size: x-small; color: #000000;\"><strong><span style=\"font-size: small;\">PLANTAS MANUFACTURADAS<\/span><\/strong><\/span><\/em><\/li>\n<li><em><span style=\"font-size: x-small; color: #000000;\"><strong><span style=\"font-size: small;\">BARCOS<\/span><\/strong><\/span><\/em><\/li>\n<li><em><span style=\"font-size: small; color: #000000;\"><strong>ETC.<\/strong><\/span><\/em><\/li>\n<\/ul>\n","protected":false},"featured_media":1920,"comment_status":"closed","ping_status":"closed","template":"","meta":[],"pwb-brand":[],"product_brand":[],"product_cat":[424],"product_tag":[],"class_list":{"0":"post-18716","1":"product","2":"type-product","3":"status-publish","4":"has-post-thumbnail","6":"product_cat-instantaneos-de-paso-electricos-boilers-calentadores-de-agua","8":"first","9":"onbackorder","10":"product-type-simple"},"brands":[],"_links":{"self":[{"href":"https:\/\/h2otek.com\/tienda\/wp-json\/wp\/v2\/product\/18716","targetHints":{"allow":["GET"]}}],"collection":[{"href":"https:\/\/h2otek.com\/tienda\/wp-json\/wp\/v2\/product"}],"about":[{"href":"https:\/\/h2otek.com\/tienda\/wp-json\/wp\/v2\/types\/product"}],"replies":[{"embeddable":true,"href":"https:\/\/h2otek.com\/tienda\/wp-json\/wp\/v2\/comments?post=18716"}],"wp:featuredmedia":[{"embeddable":true,"href":"https:\/\/h2otek.com\/tienda\/wp-json\/wp\/v2\/media\/1920"}],"wp:attachment":[{"href":"https:\/\/h2otek.com\/tienda\/wp-json\/wp\/v2\/media?parent=18716"}],"wp:term":[{"taxonomy":"pwb-brand","embeddable":true,"href":"https:\/\/h2otek.com\/tienda\/wp-json\/wp\/v2\/pwb-brand?post=18716"},{"taxonomy":"product_brand","embeddable":true,"href":"https:\/\/h2otek.com\/tienda\/wp-json\/wp\/v2\/product_brand?post=18716"},{"taxonomy":"product_cat","embeddable":true,"href":"https:\/\/h2otek.com\/tienda\/wp-json\/wp\/v2\/product_cat?post=18716"},{"taxonomy":"product_tag","embeddable":true,"href":"https:\/\/h2otek.com\/tienda\/wp-json\/wp\/v2\/product_tag?post=18716"}],"curies":[{"name":"wp","href":"https:\/\/api.w.org\/{rel}","templated":true}]}}