{"id":18707,"date":"2021-07-06T21:18:55","date_gmt":"2021-07-06T21:18:55","guid":{"rendered":"https:\/\/h2otek.com\/tienda\/producto\/nebulizacion-sistema-de-niebla-movil-1-2-hp-220v-50-hz-1-fase-2800-cfm-marca-jaybird-mod-xe-hrsm-50hz\/"},"modified":"2022-10-11T23:46:09","modified_gmt":"2022-10-11T23:46:09","slug":"nebulizacion-sistema-de-niebla-movil-1-2-hp-220v-50-hz-1-fase-2800-cfm-marca-jaybird-mod-xe-hrsm-50hz","status":"publish","type":"product","link":"https:\/\/h2otek.com\/tienda\/producto\/nebulizacion-sistema-de-niebla-movil-1-2-hp-220v-50-hz-1-fase-2800-cfm-marca-jaybird-mod-xe-hrsm-50hz\/","title":{"rendered":"NEBULIZACI\u00d3N &#8211; SISTEMA DE NIEBLA M\u00d3VIL 1\/2 HP 220V. 50 HZ 1 FASE 2,800 CFM MARCA JAYBIRD MOD. XE-HRSM-50Hz"},"content":{"rendered":"<p style=\"text-align: center;\" align=\"center\"><img fetchpriority=\"high\" decoding=\"async\" src=\"https:\/\/h2otek.com\/tienda\/img\/cms\/controlhumedad\/jaybird\/moviles\/header-atomizadores-moviles-XE-HRSM-50Hz.jpg\" alt=\"\" width=\"700\" height=\"300\" \/><\/p>\n<p style=\"text-align: justify;\">Las <strong>unidades de nebulizaci\u00f3n HRSM<\/strong> son robustas, compactas y enormemente potentes. Las aplicaciones incluyen humidificaci\u00f3n interior a gran escala, enfriamiento por evaporaci\u00f3n al aire libre y fumigaci\u00f3n.<\/p>\n<p>El HRSM combina la potencia del ventilador de niebla Turbo XE con un gran tanque de recirculaci\u00f3n de 18 galones dise\u00f1ado para la movilidad y la facilidad de uso. El tanque captura y recicla las aguas residuales y se puede usar en nebulizaci\u00f3n qu\u00edmica. La atomizaci\u00f3n centr\u00edfuga produce miles de millones de peque\u00f1as part\u00edculas similares a la niebla que se evaporan r\u00e1pidamente. El HRSM usa una v\u00e1lvula de flotador para mantener el nivel del agua, una bomba sumergible para alimentar el cabezal de nebulizaci\u00f3n y una v\u00e1lvula de bola para controlar la salida de nebulizaci\u00f3n.<\/p>\n<p>Las unidades cuentan con un cabezal de empalme pivotante de cuatro posiciones, un interruptor de encendido\/apagado, un cable de alimentaci\u00f3n de 20 pies con enchufe y una conexi\u00f3n de manguera de jard\u00edn.<\/p>\n<ul>\n<li>Hasta 32 GPH<\/li>\n<li>Atomizaci\u00f3n sin boquillas<\/li>\n<li>Cabeza de nebulizaci\u00f3n pivotante<\/li>\n<li>Recicla aguas residuales<\/li>\n<li>Llega completamente ensamblado<\/li>\n<\/ul>\n<p>\u00a0<\/p>\n<p><strong>Controles y Caracter\u00edsticas est\u00e1ndar:<\/strong><\/p>\n<p style=\"text-align: justify;\">El HRSM viene equipado para operaci\u00f3n manual. El sistema se puede automatizar agregando un paquete de control.<\/p>\n<ul>\n<li>Acceso a tapa de tanque grande<\/li>\n<li>Indicador de nivel de fluido<\/li>\n<li>Filtro en l\u00ednea<\/li>\n<li>NEMA 4X impermeable<\/li>\n<li>Acero inoxidable, lat\u00f3n y polietileno<\/li>\n<li>Conexi\u00f3n a manguera de jard\u00edn<\/li>\n<\/ul>\n<p>Una v\u00e1lvula de bola de 1\/4 de vuelta controla la salida de nebulizaci\u00f3n. Los caudales m\u00e1s bajos generalmente se usan en aplicaciones que requieren niebla seca.<\/p>\n<p style=\"text-align: justify;\">Velocidad de flujo con aplicaciones relacionadas:<\/p>\n<table class=\"xe-example\" border=\"0\">\n<tbody>\n<tr>\n<th style=\"width: 10%;\" rowspan=\"2\" width=\"26%\">\n<p><img decoding=\"async\" src=\"https:\/\/h2otek.com\/tienda\/img\/cms\/controlhumedad\/jaybird\/moviles\/hrsm_back.jpg\" alt=\"hrsm_back.jpg\" width=\"170\" height=\"227\" \/><\/p>\n<\/th>\n<th style=\"width: 23%;\" width=\"26%\">\n<p>Hasta 30 GPH<\/p>\n<\/th>\n<th style=\"width: 23%;\" width=\"28%\">\n<p>Hasta 15\u00a0GPH<\/p>\n<\/th>\n<th style=\"width: 23%;\" width=\"26%\">\n<p>Hasta 8 GPH<\/p>\n<\/th>\n<th style=\"width: 23%;\" width=\"16%\">\n<p>Hasta 2 GPH<\/p>\n<\/th>\n<\/tr>\n<tr>\n<td>\n<p>Ag \/ Horticultura<\/p>\n<p>Enfriamento evaporativo<\/p>\n<p>Curado de concreto<\/p>\n<p>Hongos<\/p>\n<\/td>\n<td>\n<p>Planta manufacturera<\/p>\n<p>Madera\/Le\u00f1as\/Papel<\/p>\n<p>Almacenamiento de<br \/>vino\/barril<\/p>\n<\/td>\n<td>\n<p>Mfg Polvo\/est\u00e1tico<\/p>\n<p>Planta Textil<\/p>\n<p><\/p>\n<\/td>\n<td>\n<p>Control de olores<\/p>\n<p><\/p>\n<\/td>\n<\/tr>\n<\/tbody>\n<\/table>\n<h3>\u00a0<\/h3>\n<table border=\"0\">\n<tbody>\n<tr>\n<td><img decoding=\"async\" src=\"https:\/\/h2otek.com\/tienda\/img\/cms\/controlhumedad\/jaybird\/xe_rear_feed.jpg\" alt=\"\" width=\"160\" height=\"147\" \/><\/td>\n<td>\n<p><strong>Hoja de Alimentaci\u00f3n trasera Jaybird<\/strong><\/p>\n<p>Nuestro dise\u00f1o exclusivo de cuchillas es un importante desarrollo de productos, que mejora la confiabilidad y el rendimiento.<\/p>\n<p><strong>Motor de lavado de ABB<\/strong><\/p>\n<ul>\n<li>Grado industrial<\/li>\n<li>Para usar cerca del agua<\/li>\n<\/ul>\n<\/td>\n<\/tr>\n<\/tbody>\n<\/table>\n<h3>\u00a0<\/h3>\n<p>\u00a0<\/p>\n<p>\u00a0<\/p>\n<p style=\"text-align: center;\"><strong>TABLA DE ESPECIFICACIONES Y DIMENSIONES:<\/strong><\/p>\n<table border=\"0\">\n<tbody>\n<tr>\n<td rowspan=\"12\"><img loading=\"lazy\" decoding=\"async\" src=\"https:\/\/h2otek.com\/tienda\/img\/cms\/controlhumedad\/jaybird\/moviles\/crsm_spec.png\" alt=\"crsm_spec.png\" width=\"300\" height=\"498\" \/><\/p>\n<p>\u00a0<\/p>\n<\/td>\n<td>Dimensiones:<\/td>\n<td>\n<p>Ancho\u00a021 pulg. \/ 53 cm<\/p>\n<p>Largo\u00a025.5 in \/ 65 cm<\/p>\n<p>Altura\u00a044 pulg. \/\u00a0112 cm<\/p>\n<\/td>\n<\/tr>\n<tr>\n<td>\n<p>Peso aproximado:<\/p>\n<\/td>\n<td>\n<p>80 lbs \/ 36.3 kg<\/p>\n<\/td>\n<\/tr>\n<tr>\n<td>Peso aproximado del env\u00edo:<\/td>\n<td>\n<p>129 lbs \/ 58.5 kg<\/p>\n<\/td>\n<\/tr>\n<tr>\n<td>Distancia de propulsi\u00f3n:<\/td>\n<td>\n<p>30 &#8211; 35 ft \/ 9.1 &#8211; 10.5 m<\/p>\n<\/td>\n<\/tr>\n<tr>\n<td>\u00c1ngulo de giro del cabezal de empa\u00f1ado:<\/td>\n<td>\n<p>0\u00b0, 15\u00b0, 30\u00b0, 45\u00b0<\/p>\n<\/td>\n<\/tr>\n<tr>\n<td>Ruido a 10 pies de distancia:<\/td>\n<td>\n<p>72 dB(A) &#8211; 60Hz<\/p>\n<p>70 dB(A) &#8211; 50Hz<\/p>\n<\/td>\n<\/tr>\n<tr>\n<td>Rango de salida:<\/td>\n<td>\n<p>2 &#8211; 32 GPH (60Hz)<\/p>\n<p>7.6 &#8211; 104 LPH (50Hz)<\/p>\n<\/td>\n<\/tr>\n<tr>\n<td>Tama\u00f1o medio de part\u00edcula:<\/td>\n<td>\n<p>5-10 micras a bajo volumen<\/p>\n<p>25 micras @ volumen medio<\/p>\n<p>35 micras de alto volumen<\/p>\n<\/td>\n<\/tr>\n<tr>\n<td>Capacidad del tanque:<\/td>\n<td>\n<p>18 US gal \/ 68 L<\/p>\n<\/td>\n<\/tr>\n<tr>\n<td>CFM<\/td>\n<td>\n<p>2,800<\/p>\n<\/td>\n<\/tr>\n<tr>\n<td>Hardware:<\/td>\n<td>\n<p>Acero inoxidable de la serie 300<\/p>\n<\/td>\n<\/tr>\n<tr>\n<td>Entorno:<\/td>\n<td>\n<p>Soporta temperaturas desde<br \/>33\u00b0\u00a0a 160\u00b0 F<\/p>\n<p>Interior\/Exterior<\/p>\n<p>Humedad hasta\u00a0100% RH<\/p>\n<p>Estabilizado a UV y resistente a los impactos<\/p>\n<\/td>\n<\/tr>\n<\/tbody>\n<\/table>\n<div style=\"text-align: center;\">\n<p style=\"text-align: center;\">\u00a0<\/p>\n<p><strong>VIDEOS<\/p>\n<p><\/strong><iframe src=\"https:\/\/www.youtube.com\/embed\/0a7FktWZB1c\" width=\"560\" height=\"315\" frameborder=\"0\"><\/iframe><\/p>\n<\/div>\n<p>\u00a0<\/p>\n<p>\u00a0<\/p>\n<p>\u00a0<\/p>\n<p><strong><span style=\"color: #000000;\"><strong><strong><strong><strong>DESCARGAR MANUALES:<br \/><\/strong><\/strong><\/strong><\/strong><\/span><\/strong><\/p>\n<ul>\n<li><a href=\"https:\/\/h2otek.com\/tienda\/img\/cms\/controlhumedad\/jaybird\/MANUAL%20ATOMIZADOR%20XE%20MOBILES%20XE-HRMS%20JAYBIRD.pdf\" target=\"_blank\" rel=\"noopener\"><strong>MANUAL DE INSTALACI\u00d3N<\/strong><\/a><\/li>\n<\/ul>\n<p>\u00a0<\/p>\n<p><strong><span style=\"color: #000000;\"><strong><strong><strong>PRECIO INCLUYE GASTOS DE ENVIO (GRATIS) E IMPUESTO 16% DE IVA\u00a0<\/strong><\/strong><\/strong><\/span><\/strong><\/p>\n","protected":false},"excerpt":{"rendered":"<p><strong><span style=\"color: #ff0000;\">PRECIO EN D\u00d3LARES US.<\/span><\/strong><\/p>\n<p><strong><span style=\"color: #ff0000;\">SISTEMA DE NIEBLA M\u00d3VIL 220V 50HZ 1 FASE 2,800 CFM<\/span><\/strong><\/p>\n<p><strong><em>APLICACIONES M\u00c1S COMUNES:<\/em><\/strong><\/p>\n<ul>\n<li><strong><em>INVERNADEROS<\/em><\/strong><\/li>\n<li><strong><em>PROCESOS INDUSTRIALES<\/em><\/strong><\/li>\n<li><strong><em>ALMACENES<\/em><\/strong><\/li>\n<li><strong><em>CAPTACION DE POLVO<\/em><\/strong><\/li>\n<li><strong><em>CUARTOS DE PRUEBA<\/em><\/strong><\/li>\n<li><strong><em>CUARTOS DE MADURACION<\/em><\/strong><\/li>\n<li><strong><em>CAMARAS<\/em><\/strong><\/li>\n<li><strong><em>CAMARAS FRIGORIFICAS<\/em><\/strong><\/li>\n<li><strong><em>USO EN EXTERIORES<\/em><\/strong><\/li>\n<li><strong><em>USO PARA REFRESCAR EL AMBIENTE<\/em><\/strong><\/li>\n<li><strong><em>CUARTO LIMPIOS<\/em><\/strong><\/li>\n<li><strong><em>LABORATORIOS<\/em><\/strong><\/li>\n<li><strong><em>ETC.<\/em><\/strong><\/li>\n<\/ul>\n","protected":false},"featured_media":5986,"comment_status":"closed","ping_status":"closed","template":"","meta":[],"pwb-brand":[],"product_brand":[],"product_cat":[546,963],"product_tag":[],"class_list":{"0":"post-18707","1":"product","2":"type-product","3":"status-publish","4":"has-post-thumbnail","6":"product_cat-voltaje-extranjero-humidificadores-nebulizadores","7":"product_cat-voltaje-extranjero-humidificadores-nebulizadores-unidades-hrsm-humidificadores-nebulizadores-linea-hrsm","9":"first","10":"onbackorder","11":"purchasable","12":"product-type-simple"},"brands":[],"_links":{"self":[{"href":"https:\/\/h2otek.com\/tienda\/wp-json\/wp\/v2\/product\/18707","targetHints":{"allow":["GET"]}}],"collection":[{"href":"https:\/\/h2otek.com\/tienda\/wp-json\/wp\/v2\/product"}],"about":[{"href":"https:\/\/h2otek.com\/tienda\/wp-json\/wp\/v2\/types\/product"}],"replies":[{"embeddable":true,"href":"https:\/\/h2otek.com\/tienda\/wp-json\/wp\/v2\/comments?post=18707"}],"wp:featuredmedia":[{"embeddable":true,"href":"https:\/\/h2otek.com\/tienda\/wp-json\/wp\/v2\/media\/5986"}],"wp:attachment":[{"href":"https:\/\/h2otek.com\/tienda\/wp-json\/wp\/v2\/media?parent=18707"}],"wp:term":[{"taxonomy":"pwb-brand","embeddable":true,"href":"https:\/\/h2otek.com\/tienda\/wp-json\/wp\/v2\/pwb-brand?post=18707"},{"taxonomy":"product_brand","embeddable":true,"href":"https:\/\/h2otek.com\/tienda\/wp-json\/wp\/v2\/product_brand?post=18707"},{"taxonomy":"product_cat","embeddable":true,"href":"https:\/\/h2otek.com\/tienda\/wp-json\/wp\/v2\/product_cat?post=18707"},{"taxonomy":"product_tag","embeddable":true,"href":"https:\/\/h2otek.com\/tienda\/wp-json\/wp\/v2\/product_tag?post=18707"}],"curies":[{"name":"wp","href":"https:\/\/api.w.org\/{rel}","templated":true}]}}