{"id":18703,"date":"2021-07-06T21:18:55","date_gmt":"2021-07-06T21:18:55","guid":{"rendered":"https:\/\/h2otek.com\/tienda\/producto\/accesorios-cierre-automatico-de-nivel-de-fluido-marca-jaybird-mod-rsm-auto-off\/"},"modified":"2022-10-12T00:15:42","modified_gmt":"2022-10-12T00:15:42","slug":"accesorios-cierre-automatico-de-nivel-de-fluido-marca-jaybird-mod-rsm-auto-off","status":"publish","type":"product","link":"https:\/\/h2otek.com\/tienda\/producto\/accesorios-cierre-automatico-de-nivel-de-fluido-marca-jaybird-mod-rsm-auto-off\/","title":{"rendered":"ACCESORIOS &#8211; CIERRE AUTOM\u00c1TICO DE NIVEL DE FLUIDO MARCA JAYBIRD MOD. RSM-AUTO-OFF"},"content":{"rendered":"<p style=\"text-align: center;\" align=\"center\"><img fetchpriority=\"high\" decoding=\"async\" src=\"https:\/\/h2otek.com\/tienda\/img\/cms\/controlhumedad\/jaybird\/accesorios\/header-accesorios-turboXE-RSM-AUTO-OFF.jpg\" alt=\"header-accesorios-turboXE-RSM-AUTO-OFF.j\" width=\"700\" height=\"300\" \/><\/p>\n<p style=\"text-align: justify;\"><strong>Si el nivel de l\u00edquido del tanque es bajo, la unidad se apagar\u00e1.<\/strong><\/p>\n<p style=\"text-align: justify;\">Esta caracter\u00edstica personalizada no es compatible con controles automatizados. Si planea automatizar su unidad con un humidistato, temporizador u otro controlador, esta opci\u00f3n no funcionar\u00e1.<\/p>\n<p>Una funci\u00f3n complementaria importante para ciertas aplicaciones, un interruptor de bot\u00f3n moment\u00e1neo opera la fuente de alimentaci\u00f3n a trav\u00e9s de un rel\u00e9 el\u00e9ctrico que est\u00e1 controlado por un interruptor interno de nivel de fluido. Si la unidad se apaga, vuelva a llenar el tanque y presione manualmente el bot\u00f3n de inicio nuevamente.<\/p>\n<ul>\n<li>Permita un tiempo extra de 2-3 d\u00edas<\/li>\n<li>No es compatible con controles autom\u00e1ticos<\/li>\n<\/ul>\n<div style=\"text-align: center;\">\n<p style=\"text-align: center;\">\n<\/div>\n<p>&nbsp;<\/p>\n<p><strong>PRECIO INCLUYE GASTOS DE ENVIO (GRATIS) E IMPUESTO\u00a016% DE IVA<\/strong><\/p>\n","protected":false},"excerpt":{"rendered":"<p><span style=\"color: #ff0000;\"><strong>PRECIO EN D\u00d3LARES US.<\/strong><\/span><\/p>\n<p><span style=\"color: #ff0000;\"><strong>ACCESORIO &#8211;\u00a0CIERRE AUTOM\u00c1TICO DEL NIVEL DE FLUIDO<\/strong><\/span><\/p>\n<p><strong><em>APLICACIONES M\u00c1S COMUNES:<\/em><\/strong><\/p>\n<ul>\n<li><strong><em>INVERNADEROS<\/em><\/strong><\/li>\n<li><strong><em>PROCESOS INDUSTRIALES<\/em><\/strong><\/li>\n<li><strong><em>ALMACENES<\/em><\/strong><\/li>\n<li><strong><em>CAPTACION DE POLVO<\/em><\/strong><\/li>\n<li><strong><em>CUARTOS DE PRUEBA<\/em><\/strong><\/li>\n<li><strong><em>CUARTOS DE MADURACION<\/em><\/strong><\/li>\n<li><strong><em>CAMARAS<\/em><\/strong><\/li>\n<li><strong><em>CAMARAS FRIGORIFICAS<\/em><\/strong><\/li>\n<li><strong><em>USO EN EXTERIORES<\/em><\/strong><\/li>\n<li><strong><em>USO PARA REFRESCAR EL AMBIENTE<\/em><\/strong><\/li>\n<li><strong><em>CUARTO LIMPIOS<\/em><\/strong><\/li>\n<li><strong><em>LABORATORIOS<\/em><\/strong><\/li>\n<li><strong><em>ETC.<\/em><\/strong><\/li>\n<\/ul>\n","protected":false},"featured_media":4220,"comment_status":"closed","ping_status":"closed","template":"","meta":[],"pwb-brand":[],"product_brand":[],"product_cat":[574],"product_tag":[],"class_list":{"0":"post-18703","1":"product","2":"type-product","3":"status-publish","4":"has-post-thumbnail","6":"product_cat-accesorios-de-adaptacion-humidificadores-nebulizadores","8":"first","9":"onbackorder","10":"purchasable","11":"product-type-simple"},"brands":[],"_links":{"self":[{"href":"https:\/\/h2otek.com\/tienda\/wp-json\/wp\/v2\/product\/18703","targetHints":{"allow":["GET"]}}],"collection":[{"href":"https:\/\/h2otek.com\/tienda\/wp-json\/wp\/v2\/product"}],"about":[{"href":"https:\/\/h2otek.com\/tienda\/wp-json\/wp\/v2\/types\/product"}],"replies":[{"embeddable":true,"href":"https:\/\/h2otek.com\/tienda\/wp-json\/wp\/v2\/comments?post=18703"}],"wp:featuredmedia":[{"embeddable":true,"href":"https:\/\/h2otek.com\/tienda\/wp-json\/wp\/v2\/media\/4220"}],"wp:attachment":[{"href":"https:\/\/h2otek.com\/tienda\/wp-json\/wp\/v2\/media?parent=18703"}],"wp:term":[{"taxonomy":"pwb-brand","embeddable":true,"href":"https:\/\/h2otek.com\/tienda\/wp-json\/wp\/v2\/pwb-brand?post=18703"},{"taxonomy":"product_brand","embeddable":true,"href":"https:\/\/h2otek.com\/tienda\/wp-json\/wp\/v2\/product_brand?post=18703"},{"taxonomy":"product_cat","embeddable":true,"href":"https:\/\/h2otek.com\/tienda\/wp-json\/wp\/v2\/product_cat?post=18703"},{"taxonomy":"product_tag","embeddable":true,"href":"https:\/\/h2otek.com\/tienda\/wp-json\/wp\/v2\/product_tag?post=18703"}],"curies":[{"name":"wp","href":"https:\/\/api.w.org\/{rel}","templated":true}]}}