{"id":18693,"date":"2021-07-06T21:18:55","date_gmt":"2021-07-06T21:18:55","guid":{"rendered":"https:\/\/h2otek.com\/tienda\/producto\/sistema-de-nebulizacion-300-psi-16-pies-de-acero-inoxidable-marca-aeromist-modelo-10416-ss\/"},"modified":"2024-03-25T19:12:53","modified_gmt":"2024-03-25T19:12:53","slug":"sistema-de-nebulizacion-300-psi-16-pies-de-acero-inoxidable-marca-aeromist-modelo-10416-ss","status":"publish","type":"product","link":"https:\/\/h2otek.com\/tienda\/producto\/sistema-de-nebulizacion-300-psi-16-pies-de-acero-inoxidable-marca-aeromist-modelo-10416-ss\/","title":{"rendered":"SISTEMA DE NEBULIZACI\u00d3N 300 PSI 16 PIES DE ACERO INOXIDABLE MARCA AEROMIST\u00ae MODELO 10416-SS"},"content":{"rendered":"<p style=\"text-align: center;\"><img fetchpriority=\"high\" decoding=\"async\" src=\"https:\/\/h2otek.com\/tienda\/img\/cms\/controlhumedad\/aeromist\/300psi-misting-kit\/header-aeromist-kit-aceroinox-300psi-10416-SS.jpg\" alt=\"\" width=\"650\" height=\"300\" \/><\/p>\n<p style=\"text-align: justify;\"><strong><br \/>\nDESCRIPCI\u00d3N GENERAL DEL PRODUCTO:<\/strong><\/p>\n<p>Este kit incluye una bomba cerrada de 300 PSI, espacio entre boquillas de 24&#8243;, l\u00ednea de nebulizaci\u00f3n de acero inoxidable de 3\/8&#8243; de di\u00e1metro externo y l\u00ednea en blanco, l\u00ednea de alimentaci\u00f3n de nylon negro de alta presi\u00f3n, accesorios de compresi\u00f3n de acero inoxidable, boquillas antigoteo y kits de abrazaderas.<\/p>\n<p>&nbsp;<\/p>\n<p>&nbsp;<\/p>\n<p><strong>KIT INCLUYE:<\/strong><\/p>\n<table cellpadding=\"4\">\n<thead>\n<tr>\n<th>Cantidad<\/th>\n<th>SKU<\/th>\n<th>Descripci\u00f3n<\/th>\n<\/tr>\n<\/thead>\n<tbody>\n<tr>\n<td style=\"text-align: center;\">1<\/td>\n<td>52300-KH<\/td>\n<td>Bomba de nebulizaci\u00f3n 300 PSI con filtro de sedimentos de 5 micras<\/td>\n<\/tr>\n<tr>\n<td style=\"text-align: center;\">1<\/td>\n<td>56401-BLK<\/td>\n<td>Tubo de nylon negro rollo de 50 pies<\/td>\n<\/tr>\n<tr>\n<td style=\"text-align: center;\">2<\/td>\n<td>51024-8-P<\/td>\n<td>L\u00ednea de nebulizaci\u00f3n prefabricada con separaci\u00f3n de 8 pies y 24&#8243;, di\u00e1metro exterior de 3\/8&#8243;<\/td>\n<\/tr>\n<tr>\n<td style=\"text-align: center;\">1<\/td>\n<td>51375-8<\/td>\n<td>Tubo de acero inoxidable de 8 pies de di\u00e1metro externo de 3\/8&#8243;<\/td>\n<\/tr>\n<tr>\n<td style=\"text-align: center;\">8<\/td>\n<td>51423-SS-LP<\/td>\n<td>Boquilla antigoteo de baja presi\u00f3n acero inoxidable 303 serie\u00a0.012 10\/24<\/td>\n<\/tr>\n<tr>\n<td style=\"text-align: center;\">3<\/td>\n<td>55001<\/td>\n<td>Uni\u00f3n de acero inoxidable<\/td>\n<\/tr>\n<tr>\n<td style=\"text-align: center;\">3<\/td>\n<td>55002<\/td>\n<td>Codo de acero inoxidable<\/td>\n<\/tr>\n<tr>\n<td style=\"text-align: center;\">1<\/td>\n<td>55004<\/td>\n<td>Tapa de acero inoxidable<\/td>\n<\/tr>\n<tr>\n<td style=\"text-align: center;\">25<\/td>\n<td>56377<\/td>\n<td>Abrazadera de acero inoxidable<\/td>\n<\/tr>\n<tr>\n<td style=\"text-align: center;\">25<\/td>\n<td>52602<\/td>\n<td>Tornillo<\/td>\n<\/tr>\n<tr>\n<td style=\"text-align: center;\">25<\/td>\n<td>52603<\/td>\n<td>Ancla de pl\u00e1stico<\/td>\n<\/tr>\n<\/tbody>\n<\/table>\n<p>&nbsp;<\/p>\n<p><em>12 MESES DE GARANT\u00cdA BAJO CUALQUIER DEFECTO DE FABRICACI\u00d3N (EN LA BOMBA)<\/em><\/p>\n<p>&nbsp;<\/p>\n<p><span style=\"color: #4a4a4a;\"><strong>DESCARGAR MANUALES:<\/strong><\/span><\/p>\n<ul>\n<li><a href=\"http:\/\/www.h2otek.com\/tienda\/pdf\/controlhumedad\/manual_de_instalacion_300psi.pdf\" target=\"_blank\" rel=\"noopener\"><strong>MANUAL DE INSTALACI\u00d3N DE BOMBA 300PSI AEROMIST\u00ae<\/strong><\/a><\/li>\n<li><strong><span style=\"color: #0000ff;\"><a href=\"http:\/\/www.h2otek.com\/tienda\/pdf\/controlhumedad\/CATALOGO%20PRODUCTOS%20AEROMIST.pdf\" target=\"_blank\" rel=\"noopener\">CAT\u00c1LOGO PRODUCTOS AEROMIST\u00ae<\/a><\/span><\/strong><\/li>\n<li><strong><span style=\"color: #0000ff;\"><a href=\"http:\/\/www.h2otek.com\/tienda\/pdf\/controlhumedad\/MANUAL%20DEL%20USUARIO%20PRODUCTOS%20AEROMIST.pdf\" target=\"_blank\" rel=\"noopener\">MANUAL DEL USUARIO PRODUCTOS AEROMIST\u00ae<\/a><\/span><\/strong><\/li>\n<\/ul>\n<p>&nbsp;<\/p>\n<p><span style=\"color: #000000;\"><strong>PRECIO INCLUYE GASTOS DE ENVIO (GRATIS) E IMPUESTO 16% DE IVA<\/strong><\/span><\/p>\n","protected":false},"excerpt":{"rendered":"<p><span style=\"color: #ff0000; font-size: 12pt;\"><strong>PRECIO\u00a0EN\u00a0D\u00d3LARES US.<br \/>PRECIO INCLUYE 16 % DE I.V.A.<br \/>PRECIO INCLUYE ENVIO (ZONA CENTRO).<\/strong><\/span><\/p>\n<p><strong><em>HUMIDIFICADORES IDEALES PARA:<\/em><\/strong><\/p>\n<ul>\n<li><em><strong>PATIOS<\/strong><\/em><\/li>\n<li><em><strong>JARDINES<\/strong><\/em><\/li>\n<li><em><strong>ESPACIOS SOCIALES<\/strong><\/em><\/li>\n<li><em><strong>ALMACENES<\/strong><\/em><\/li>\n<li><em><strong>PROCESOS<\/strong><\/em><\/li>\n<li><em><strong>LABORATORIOS<\/strong><\/em><\/li>\n<li><em><strong>CUARTOS DE PRUEBA<\/strong><\/em><\/li>\n<li><em><strong>COMERCIOS<\/strong><\/em><\/li>\n<li><em><strong>RESTAURANTES<\/strong><\/em><\/li>\n<li><em><strong>TERRAZAS<\/strong><\/em><\/li>\n<li><em><strong>INDUSTRIA EN GENERAL,\u00a0ETC.<\/strong><\/em><\/li>\n<\/ul>\n","protected":false},"featured_media":666,"comment_status":"closed","ping_status":"closed","template":"","meta":[],"pwb-brand":[],"product_brand":[],"product_cat":[362,931,1000],"product_tag":[],"class_list":{"0":"post-18693","1":"product","2":"type-product","3":"status-publish","4":"has-post-thumbnail","6":"product_cat-control-de-humedad-humidificadores-deshumidificadores","7":"product_cat-kits-de-nebulizacion-300-psi-de-acero-inoxidable","8":"product_cat-kits-de-nebulizacion-300-psi-de-acero-inoxidable-kits-de-nebulizacion-300-psi-kits-bomba-manguera-y-boquillas","10":"first","11":"onbackorder","12":"purchasable","13":"product-type-simple"},"brands":[],"_links":{"self":[{"href":"https:\/\/h2otek.com\/tienda\/wp-json\/wp\/v2\/product\/18693","targetHints":{"allow":["GET"]}}],"collection":[{"href":"https:\/\/h2otek.com\/tienda\/wp-json\/wp\/v2\/product"}],"about":[{"href":"https:\/\/h2otek.com\/tienda\/wp-json\/wp\/v2\/types\/product"}],"replies":[{"embeddable":true,"href":"https:\/\/h2otek.com\/tienda\/wp-json\/wp\/v2\/comments?post=18693"}],"wp:featuredmedia":[{"embeddable":true,"href":"https:\/\/h2otek.com\/tienda\/wp-json\/wp\/v2\/media\/666"}],"wp:attachment":[{"href":"https:\/\/h2otek.com\/tienda\/wp-json\/wp\/v2\/media?parent=18693"}],"wp:term":[{"taxonomy":"pwb-brand","embeddable":true,"href":"https:\/\/h2otek.com\/tienda\/wp-json\/wp\/v2\/pwb-brand?post=18693"},{"taxonomy":"product_brand","embeddable":true,"href":"https:\/\/h2otek.com\/tienda\/wp-json\/wp\/v2\/product_brand?post=18693"},{"taxonomy":"product_cat","embeddable":true,"href":"https:\/\/h2otek.com\/tienda\/wp-json\/wp\/v2\/product_cat?post=18693"},{"taxonomy":"product_tag","embeddable":true,"href":"https:\/\/h2otek.com\/tienda\/wp-json\/wp\/v2\/product_tag?post=18693"}],"curies":[{"name":"wp","href":"https:\/\/api.w.org\/{rel}","templated":true}]}}