{"id":18677,"date":"2021-07-06T21:18:50","date_gmt":"2021-07-06T21:18:50","guid":{"rendered":"https:\/\/h2otek.com\/tienda\/producto\/parrilla-y-carcasa-de-ventilador-de-niebla-oscilante-de-18-ss304-marca-aeromist-modelo-68025-ss\/"},"modified":"2024-03-25T19:13:39","modified_gmt":"2024-03-25T19:13:39","slug":"parrilla-y-carcasa-de-ventilador-de-niebla-oscilante-de-18-ss304-marca-aeromist-modelo-68025-ss","status":"publish","type":"product","link":"https:\/\/h2otek.com\/tienda\/producto\/parrilla-y-carcasa-de-ventilador-de-niebla-oscilante-de-18-ss304-marca-aeromist-modelo-68025-ss\/","title":{"rendered":"PARRILLA Y CARCASA DE VENTILADOR DE NIEBLA OSCILANTE DE 18&#8243; SS304 MARCA AEROMIST\u00ae MODELO 68025-SS"},"content":{"rendered":"<p style=\"text-align: center;\"><img fetchpriority=\"high\" decoding=\"async\" class=\"size-full wp-image-22854 aligncenter\" style=\"text-align: start;\" src=\"https:\/\/h2otek.com\/tienda\/wp-content\/uploads\/2021\/07\/header-aeromist-ventilador-18-68025-SS.jpg\" alt=\"\" width=\"550\" height=\"250\" srcset=\"https:\/\/h2otek.com\/tienda\/wp-content\/uploads\/2021\/07\/header-aeromist-ventilador-18-68025-SS.jpg 550w, https:\/\/h2otek.com\/tienda\/wp-content\/uploads\/2021\/07\/header-aeromist-ventilador-18-68025-SS-300x136.jpg 300w\" sizes=\"(max-width: 550px) 100vw, 550px\" \/><\/p>\n<p>&nbsp;<\/p>\n<p><strong>DESCRIPCI\u00d3N GENERAL DEL PRODUCTO:<\/strong><\/p>\n<p>El ventilador Aero-Cool es un revolucionario ventilador oscilante de 18&#8243;. \u00a1Un cubo de 5 boquillas est\u00e1 integrado en la parrilla del ventilador! Las 5 boquillas ayudan a dispersar el vapor de agua sobre un \u00e1rea m\u00e1s amplia de cobertura para producir una niebla evaporativa y enfriar su patio o bodega de hasta 30 grados F. Este ventilador har\u00e1 una adici\u00f3n &#8220;fresca&#8221; a cualquier patio. Agregue una bomba de nebulizaci\u00f3n para proporcionar la mejor atomizaci\u00f3n y enfriamiento en el patio.\u00a0<strong><em>(Las boquillas y el nylon se venden por separado)<\/em><\/strong><\/p>\n<p><strong>CARACTER\u00cdSTICAS:<\/strong><\/p>\n<ul>\n<li>Ventilador oscilante de acero inoxidable de 3 velocidades<\/li>\n<li>Conector concentrador de niebla de 5 boquillas<\/li>\n<li>Funcionamiento silencioso y completamente sellado<\/li>\n<li>Inclinaci\u00f3n de 30 grados y oscilaci\u00f3n de 90 grados<\/li>\n<li>Incluye soporte de montaje en la pared\u00a0<em>(las boquillas y el nylon se venden por separado)<\/em><\/li>\n<\/ul>\n<p>&nbsp;<\/p>\n<table width=\"50%\">\n<tbody>\n<tr>\n<td><strong>VELOCIDAD<\/strong><\/td>\n<td><strong>CFM<\/strong><\/td>\n<td><strong>AMPERES<\/strong><\/td>\n<\/tr>\n<tr>\n<td>1. 1040 rpm<\/td>\n<td>7614<\/td>\n<td>.94<\/td>\n<\/tr>\n<tr>\n<td>2. 1250 rpm<\/td>\n<td>9518<\/td>\n<td>1.2<\/td>\n<\/tr>\n<tr>\n<td>3. 1510 rpm<\/td>\n<td>14100<\/td>\n<td>1.57<\/td>\n<\/tr>\n<\/tbody>\n<\/table>\n<p>&nbsp;<\/p>\n<p><em>12 MESES DE GARANT\u00cdA BAJO CUALQUIER DEFECTO DE FABRICACI\u00d3N (EN LA BOMBA)<\/em><\/p>\n<p>&nbsp;<\/p>\n<p>&nbsp;<\/p>\n<p><strong>DESCARGAR MANUALES:<\/strong><\/p>\n<ul>\n<li><strong><a href=\"https:\/\/h2otek.com\/tienda\/pdf\/controlhumedad\/CATALOGO%20PRODUCTOS%20AEROMIST.pdf\" target=\"_blank\" rel=\"noopener\">CAT\u00c1LOGO PRODUCTOS AEROMIST\u00ae<\/a><\/strong><\/li>\n<li><strong><a href=\"https:\/\/h2otek.com\/tienda\/pdf\/controlhumedad\/MANUAL%20DEL%20USUARIO%20PRODUCTOS%20AEROMIST.pdf\" target=\"_blank\" rel=\"noopener\">MANUAL DEL USUARIO PRODUCTOS AEROMIST\u00ae<\/a><\/strong><\/li>\n<\/ul>\n<p>&nbsp;<\/p>\n","protected":false},"excerpt":{"rendered":"<p><span style=\"color: #ff0000;\"><strong>PRECIO\u00a0EN\u00a0D\u00d3LARES US.<br \/>\nPRECIO INCLUYE 16 % DE I.V.A.<br \/>\nPRECIO INCLUYE ENVIO (ZONA CENTRO).<\/strong><\/span><\/p>\n<p><strong><em>HUMIDIFICADORES IDEALES PARA:<\/em><\/strong><\/p>\n<ul>\n<li><strong><em>PATIOS<\/em><\/strong><\/li>\n<li><strong><em>JARDINES<\/em><\/strong><\/li>\n<li><strong><em>ESPACIOS SOCIALES<\/em><\/strong><\/li>\n<li><strong><em>ALMACENES<\/em><\/strong><\/li>\n<li><strong><em>PROCESOS<\/em><\/strong><\/li>\n<li><strong><em>LABORATORIOS<\/em><\/strong><\/li>\n<li><strong><em>CUARTOS DE PRUEBA<\/em><\/strong><\/li>\n<li><strong><em>COMERCIOS<\/em><\/strong><\/li>\n<li><strong><em>RESTAURANTES<\/em><\/strong><\/li>\n<li><strong><em>TERRAZAS<\/em><\/strong><\/li>\n<li><strong><em>INDUSTRIA EN GENERAL,\u00a0ETC.<\/em><\/strong><\/li>\n<\/ul>\n","protected":false},"featured_media":2244,"comment_status":"closed","ping_status":"closed","template":"","meta":[],"pwb-brand":[],"product_brand":[],"product_cat":[480],"product_tag":[],"class_list":{"0":"post-18677","1":"product","2":"type-product","3":"status-publish","4":"has-post-thumbnail","6":"product_cat-18-ventiladores-de-niebla","8":"first","9":"onbackorder","10":"purchasable","11":"product-type-simple"},"brands":[],"_links":{"self":[{"href":"https:\/\/h2otek.com\/tienda\/wp-json\/wp\/v2\/product\/18677","targetHints":{"allow":["GET"]}}],"collection":[{"href":"https:\/\/h2otek.com\/tienda\/wp-json\/wp\/v2\/product"}],"about":[{"href":"https:\/\/h2otek.com\/tienda\/wp-json\/wp\/v2\/types\/product"}],"replies":[{"embeddable":true,"href":"https:\/\/h2otek.com\/tienda\/wp-json\/wp\/v2\/comments?post=18677"}],"wp:featuredmedia":[{"embeddable":true,"href":"https:\/\/h2otek.com\/tienda\/wp-json\/wp\/v2\/media\/2244"}],"wp:attachment":[{"href":"https:\/\/h2otek.com\/tienda\/wp-json\/wp\/v2\/media?parent=18677"}],"wp:term":[{"taxonomy":"pwb-brand","embeddable":true,"href":"https:\/\/h2otek.com\/tienda\/wp-json\/wp\/v2\/pwb-brand?post=18677"},{"taxonomy":"product_brand","embeddable":true,"href":"https:\/\/h2otek.com\/tienda\/wp-json\/wp\/v2\/product_brand?post=18677"},{"taxonomy":"product_cat","embeddable":true,"href":"https:\/\/h2otek.com\/tienda\/wp-json\/wp\/v2\/product_cat?post=18677"},{"taxonomy":"product_tag","embeddable":true,"href":"https:\/\/h2otek.com\/tienda\/wp-json\/wp\/v2\/product_tag?post=18677"}],"curies":[{"name":"wp","href":"https:\/\/api.w.org\/{rel}","templated":true}]}}