{"id":18670,"date":"2021-07-06T21:18:45","date_gmt":"2021-07-06T21:18:45","guid":{"rendered":"https:\/\/h2otek.com\/tienda\/producto\/deshumidificador-con-bomba-cap-3ph-440v-marca-ebac-mod-cd425\/"},"modified":"2026-01-24T18:55:20","modified_gmt":"2026-01-24T18:55:20","slug":"deshumidificador-con-bomba-cap-3ph-440v-marca-ebac-mod-cd425","status":"publish","type":"product","link":"https:\/\/h2otek.com\/tienda\/producto\/deshumidificador-con-bomba-cap-3ph-440v-marca-ebac-mod-cd425\/","title":{"rendered":"DESHUMIDIFICADOR CON BOMBA CAP. 3PH  440V. MARCA EBAC MOD. CD425-D 460V 3PH W\/PUMP"},"content":{"rendered":"<p style=\"text-align: center;\"><img decoding=\"async\" src=\"https:\/\/www.h2otek.com\/tienda\/Images\/deshumidificadores\/deshumidificador-ebaCcd425.jpg\" alt=\"\" border=\"0\" \/><\/p>\n<p style=\"text-align: justify;\">El Deshumidificador Ebac 425 con bomba fue desarrollado para atender las demandas de la industria para el control del medio ambiente de zonas muy grandes, as\u00ed como \u00e1reas con condiciones severas. F\u00e1bricas, almacenes, oficinas y otras instalaciones de gran escala con una temperatura ambiente de entre 33\u00ba F a m\u00e1s de 95\u00ba F se puede sanear de problemas de humedad y la condensaci\u00f3n de manera eficiente y autom\u00e1tica, sin sobrecargar los sistemas m\u00e1s costosos de HVAC. El CD425 con bomba se pueden utilizar solo o en varias unidades para proporcionar protecci\u00f3n a cualquier escala. Aplicaciones de conductos son posibles cuando los requisitos de dise\u00f1o lo especifican.<\/p>\n<p style=\"text-align: left;\"><strong>CARACTER\u00cdSTICAS:<\/strong><\/p>\n<ul style=\"text-align: left;\">\n<li>Control de encendido\/apagado<\/li>\n<li>Control de descongelaci\u00f3n electr\u00f3nica<\/li>\n<li style=\"text-align: left;\">Compresor con reinicio de tiempo retardado<\/li>\n<li>Compresor tipo alternativo<\/li>\n<li>Autoestable<\/li>\n<li>Control de humidistato ajustable<\/li>\n<li>Ciclo de descongelaci\u00f3n inversa del sistema<\/li>\n<li>Indicadores del estado<\/li>\n<li>Bomba de agua de alta capacidad<\/li>\n<li>Indicador de encendido<\/li>\n<li style=\"text-align: left;\">Polvo epoxy<\/li>\n<\/ul>\n<p style=\"text-align: left;\"><strong>CARACTER\u00cdSTICAS PRINCIPALES DE DISE\u00d1O:<\/strong><\/p>\n<p style=\"text-align: left;\">Chasis de acero soldada y pintada al horno con revestimiento ep\u00f3xico, revestimientos de vinilo y de la abrasi\u00f3n y resistencia a la corrosi\u00f3n. Un humidistato ajustable para controlar el nivel de secado deseado. Las l\u00e1mparas del sistema para informar sobre el estado de funcionamiento de la unidad EIPL \u00fanico ciclo de descongelaci\u00f3n inversa del sistema, para su correcto funcionamiento en baja temperatura ambiente hasta 33\u00ba F, dise\u00f1o resistente para entornos industriales<\/p>\n<p style=\"text-align: left;\"><strong>OPCIONES <\/strong><\/p>\n<ul style=\"text-align: left;\">\n<li>Disponible en la fuente de alimentaci\u00f3n de 460 V (8Amp)<\/li>\n<li>Bomba de condensado de alta capacidad interna<\/li>\n<li>Operaci\u00f3n a baja temperatura, a 0\u00ba F<\/li>\n<\/ul>\n<p>&nbsp;<\/p>\n<p style=\"text-align: center;\"><strong>TABLA DE ESPECIFICACIONES:<\/strong><\/p>\n<p style=\"text-align: center;\">\u00a0<img decoding=\"async\" src=\"https:\/\/www.h2otek.com\/tienda\/Images\/deshumidificadores\/tabla-ebaccd425-2.jpg\" alt=\"\" border=\"0\" \/><\/p>\n<p>&nbsp;<\/p>\n<p>&nbsp;<\/p>\n<p style=\"text-align: center;\"><strong>DISE\u00d1O:<\/strong><\/p>\n<p style=\"text-align: center;\"><img fetchpriority=\"high\" decoding=\"async\" src=\"https:\/\/www.h2otek.com\/tienda\/Images\/deshumidificadores\/imagen-manual.jpg\" alt=\"\" width=\"373\" height=\"322\" border=\"0\" \/><\/p>\n<p>&nbsp;<\/p>\n<p style=\"text-align: center;\"><strong>APLICACIONES:<\/strong><\/p>\n<p style=\"text-align: center;\">\u00a0<img decoding=\"async\" src=\"https:\/\/www.h2otek.com\/tienda\/Images\/deshumidificadores\/aplicaciones-ebaccd425-bomba.jpg\" alt=\"\" border=\"0\" \/><\/p>\n<p style=\"text-align: justify;\"><strong>RENDIMIENTO COMPROBADO<\/strong>:<br \/>\nEl EIPL CD425 gama de deshumidificadores son unidades independientes que pueden manejar la carga adicional se encuentran en la t\u00edpica configuraci\u00f3n de humedad industrial. En condiciones m\u00e1xima, el cd425 se condensa y elimina hasta 50 galones de vapor de agua por d\u00eda. Con la descongelaci\u00f3n de ciclo inverso, este humidificador puede funcionar perfectamente en un lugar fr\u00edo, h\u00famedo, sin las limitaciones de la acumulaci\u00f3n de escarcha.<\/p>\n<p style=\"text-align: justify;\"><strong>EL PROBLEMA<\/strong><br \/>\nEl exceso de humedad en su espacio de arrastre, bodega, oficina, f\u00e1brica o taller da como resultado\u00a0 la corrosi\u00f3n, el moho y la podredumbre. Enormes costos se incurre en da\u00f1os cada a\u00f1o a trav\u00e9s de inventarios y costos inflados por el mantenimiento del edificio como consecuencia de la humedad. Aunque su casa se parece seco durante el d\u00eda, de noche, cuando la temperatura cae por la humedad se eleva y comienza el proceso de condensaci\u00f3n. El tama\u00f1o compacto f\u00edsico y alto rendimiento, hace que el CD425 sea la opci\u00f3n ideal.<\/p>\n<p>&nbsp;<\/p>\n<p style=\"text-align: center;\"><strong>COMO FUNCIONA EL DESHUMIDIFICADOR<\/strong><\/p>\n<p style=\"text-align: center;\"><img decoding=\"async\" src=\"https:\/\/www.h2otek.com\/tienda\/Images\/deshumidificadores\/funcion-cd425.gif\" alt=\"\" border=\"0\" \/><\/p>\n<p>&nbsp;<\/p>\n<p><strong>DESCARGAR MANUALES:<\/strong><\/p>\n<ul>\n<li><strong><a href=\"https:\/\/h2otek.com\/tienda\/pdf\/controlhumedad\/FOLLETO_DESHUMIDIFICADOR_MARCA_EBAC_MOD_CD425.pdf\" target=\"_blank\" rel=\"noopener\">FOLLETO<\/a><\/strong><\/li>\n<li><strong><a href=\"https:\/\/h2otek.com\/tienda\/pdf\/controlhumedad\/MANUAL_DEL_USUARIO_DESHUMIDIFICADOR_MARCA_EBAC_MOD_CD425.pdf\" target=\"_blank\" rel=\"noopener\">MANUAL DEL USUARIO<\/a><\/strong><\/li>\n<li><strong><a href=\"https:\/\/h2otek.com\/tienda\/pdf\/controlhumedad\/DIAGRAMA_DE_CABLEADO_DESHUMIDIFICADOR_MARCA_EBAC_MOD_CD425.pdf\" target=\"_blank\" rel=\"noopener\">DIAGRAMA DE CABLEADO<\/a><\/strong><\/li>\n<li><strong><a href=\"https:\/\/h2otek.com\/tienda\/pdf\/controlhumedad\/ESQUEMA_DE_CABLEADO_DESHUMIDIFICADOR_MARCA_EBAC_MOD_CD425.pdf\" target=\"_blank\" rel=\"noopener\">ESQUEMA DE CABLEADO<\/a><\/strong><\/li>\n<li><strong><a href=\"https:\/\/h2otek.com\/tienda\/pdf\/controlhumedad\/LISTA_DE_PARTES_DESHUMIDIFICADOR_MARCA_EBAC_MOD_CD425.pdf\" target=\"_blank\" rel=\"noopener\">LISTA DE PARTES<\/a><\/strong><\/li>\n<\/ul>\n<p>&nbsp;<\/p>\n<p>&nbsp;<\/p>\n<p><span style=\"color: #000000;\"><strong><strong>PRECIOS INCLUYE GASTOS DE ENVIO (GRATIS) E IMPUESTO 16% DE IVA<\/strong><\/strong><\/span><\/p>\n","protected":false},"excerpt":{"rendered":"<p><span style=\"color: #ff0000;\"><strong>PRECIO EN D\u00d3LARES US.<\/strong><\/span><\/p>\n<p style=\"text-align: left;\"><span style=\"color: #000000;\"><em><span style=\"font-size: small;\"><strong>IDEALES PARA TRABAJAR EN GRANDES ESPACIOS COMO PUEDE SER EN: <\/strong><\/span><\/em><\/span><\/p>\n<ul style=\"text-align: left;\">\n<li><span style=\"color: #000000;\"><em><span style=\"font-size: small;\"><strong>ALMACENES<\/strong><\/span><\/em><\/span><\/li>\n<li><span style=\"color: #000000;\"><em><span style=\"font-size: small;\"><strong>S\u00d3TANOS<\/strong><\/span><\/em><\/span><\/li>\n<li><span style=\"color: #000000;\"><em><span style=\"font-size: small;\"><strong>F\u00c1BRICAS<\/strong><\/span><\/em><\/span><\/li>\n<li><span style=\"color: #000000;\"><em><span style=\"font-size: small;\"><strong>RESTAURACI\u00d3N DE DA\u00d1OS<\/strong><\/span><\/em><\/span><\/li>\n<li><span style=\"color: #000000;\"><em><span style=\"font-size: small;\"><strong>PABELLONES DEPORTIV<\/strong><\/span><span style=\"font-size: small;\"><strong>OS<\/strong><\/span><\/em><\/span><\/li>\n<li><span style=\"color: #000000;\"><em><span style=\"font-size: small;\"><strong>\u00c1REAS DE ALMACENAMIENTO<\/strong><\/span><\/em><\/span><\/li>\n<li><span style=\"color: #000000;\"><em><span style=\"font-size: small;\"><strong>LABORATORIOS<\/strong><\/span><\/em><\/span><\/li>\n<li><span style=\"color: #000000;\"><em><span style=\"font-size: small;\"><strong>BODEGAS<\/strong><\/span><\/em><\/span><\/li>\n<li><span style=\"color: #000000;\"><em><span style=\"font-size: small;\"><strong>ETC.<\/strong><\/span><\/em><\/span><\/li>\n<\/ul>\n<p style=\"text-align: left;\">\n","protected":false},"featured_media":5280,"comment_status":"closed","ping_status":"closed","template":"","meta":[],"pwb-brand":[],"product_brand":[],"product_cat":[447,877],"product_tag":[],"class_list":{"0":"post-18670","1":"product","2":"type-product","3":"status-publish","4":"has-post-thumbnail","6":"product_cat-estacionarios","7":"product_cat-estacionarios-220-volts-1-fase-deshumidificadores-por-condensacion-refrigeracion-pintura-electrostatica-fabricacion-deshumidificadores","9":"first","10":"onbackorder","11":"purchasable","12":"product-type-simple"},"brands":[],"_links":{"self":[{"href":"https:\/\/h2otek.com\/tienda\/wp-json\/wp\/v2\/product\/18670","targetHints":{"allow":["GET"]}}],"collection":[{"href":"https:\/\/h2otek.com\/tienda\/wp-json\/wp\/v2\/product"}],"about":[{"href":"https:\/\/h2otek.com\/tienda\/wp-json\/wp\/v2\/types\/product"}],"replies":[{"embeddable":true,"href":"https:\/\/h2otek.com\/tienda\/wp-json\/wp\/v2\/comments?post=18670"}],"wp:featuredmedia":[{"embeddable":true,"href":"https:\/\/h2otek.com\/tienda\/wp-json\/wp\/v2\/media\/5280"}],"wp:attachment":[{"href":"https:\/\/h2otek.com\/tienda\/wp-json\/wp\/v2\/media?parent=18670"}],"wp:term":[{"taxonomy":"pwb-brand","embeddable":true,"href":"https:\/\/h2otek.com\/tienda\/wp-json\/wp\/v2\/pwb-brand?post=18670"},{"taxonomy":"product_brand","embeddable":true,"href":"https:\/\/h2otek.com\/tienda\/wp-json\/wp\/v2\/product_brand?post=18670"},{"taxonomy":"product_cat","embeddable":true,"href":"https:\/\/h2otek.com\/tienda\/wp-json\/wp\/v2\/product_cat?post=18670"},{"taxonomy":"product_tag","embeddable":true,"href":"https:\/\/h2otek.com\/tienda\/wp-json\/wp\/v2\/product_tag?post=18670"}],"curies":[{"name":"wp","href":"https:\/\/api.w.org\/{rel}","templated":true}]}}