{"id":18561,"date":"2021-07-06T21:18:17","date_gmt":"2021-07-06T21:18:17","guid":{"rendered":"https:\/\/h2otek.com\/tienda\/producto\/humidificador-ventilador-de-niebla-de-alimentacion-220v-60-hz-1-fase-2000-cfm-marca-jaybird-mod-gt-500-hs-230\/"},"modified":"2022-10-12T00:33:05","modified_gmt":"2022-10-12T00:33:05","slug":"humidificador-ventilador-de-niebla-de-alimentacion-220v-60-hz-1-fase-2000-cfm-marca-jaybird-mod-gt-500-hs-230","status":"publish","type":"product","link":"https:\/\/h2otek.com\/tienda\/producto\/humidificador-ventilador-de-niebla-de-alimentacion-220v-60-hz-1-fase-2000-cfm-marca-jaybird-mod-gt-500-hs-230\/","title":{"rendered":"HUMIDIFICADOR-VENTILADOR DE NIEBLA DE ALIMENTACI\u00d3N 220V. 60 HZ 1 FASE 2,000 CFM MARCA JAYBIRD MOD. GT-500-HS-230"},"content":{"rendered":"<p style=\"text-align: center;\" align=\"center\"><img fetchpriority=\"high\" decoding=\"async\" src=\"https:\/\/h2otek.com\/tienda\/img\/cms\/controlhumedad\/jaybird\/GT-500\/header-ventilador-GT500-GT-500-HS-230.jpg\" alt=\"header-ventilador-GT500-GT-500\" width=\"700\" height=\"300\" \/><\/p>\n<p style=\"text-align: justify;\">El <strong>ventilador de alimentaci\u00f3n directa GT 500 colgante f\u00e1cil de instalar, ideal para humidificaci\u00f3n interior, enfriamiento por evaporaci\u00f3n y nebulizaci\u00f3n qu\u00edmica<\/strong>. Los componentes son estabilizados a los rayos UV y adecuados para uso en exteriores.<\/p>\n<p>Este atomizador centr\u00edfugo tiene un sistema de cuchillas de alimentaci\u00f3n trasera que produce miles de millones de peque\u00f1as part\u00edculas similares a la niebla que se evaporan r\u00e1pidamente. Un protector frontal hidrof\u00edlico ayuda a mantener los pisos secos. La salida de nebulizaci\u00f3n es ajustable y controlada por un medidor de flujo. Las unidades tambi\u00e9n pueden alimentarse usando una bomba dosificadora o un sistema de alimentaci\u00f3n por gravedad.<\/p>\n<p>El ventilador de alimentaci\u00f3n directa<strong>\u00a0<\/strong>GT 500 viene equipado con un cable de alimentaci\u00f3n de 15&#8242; con enchufe, 30&#8242; de l\u00ednea de agua, un conector de manguera de jard\u00edn, 16&#8242; de l\u00ednea de drenaje y el panel de caudal\u00edmetro de su elecci\u00f3n. Las unidades se cuelgan mediante un solo perno en U o un perno de montaje universal.<\/p>\n<ul>\n<li>Hasta 15 GPH<\/li>\n<li>Energ\u00eda eficiente<\/li>\n<li>Cabeza de empa\u00f1amiento pivotante<\/li>\n<li>Llega completamente ensamblado<\/li>\n<\/ul>\n<p>\u00a0<\/p>\n<p><strong>Panel de control del caudal\u00edmetro<\/strong><\/p>\n<p style=\"text-align: justify;\">Las unidades de alimentaci\u00f3n directa GT 500 vienen con un panel de caudal\u00edmetro de su elecci\u00f3n. Estos paneles controlan el caudal de agua y la salida de nebulizaci\u00f3n. Cuentan con una construcci\u00f3n de acero inoxidable y una escala de flujo de policarbonato transparente para el monitoreo. Los caudal\u00edmetros requieren un suministro de agua de 10 a 100 PSI.<\/p>\n<p>Los paneles de menor caudal se usan generalmente en aplicaciones que requieren niebla seca.<\/p>\n<p>Tama\u00f1os del caudal\u00edmetro con aplicaciones relacionadas:<\/p>\n<table class=\"xe-example\" border=\"0\">\n<tbody>\n<tr>\n<th style=\"width: 10%;\" rowspan=\"2\" width=\"26%\">\n<p><img decoding=\"async\" src=\"https:\/\/h2otek.com\/tienda\/img\/cms\/controlhumedad\/jaybird\/gph_guage_2-24.jpg\" alt=\"\" width=\"75\" height=\"221\" \/><\/p>\n<p>\u00a0<\/p>\n<\/th>\n<th style=\"width: 23%;\" width=\"26%\">\n<p>1-15 GPH<\/p>\n<\/th>\n<th style=\"width: 23%;\" width=\"28%\">\n<p>1-11 GPH<\/p>\n<\/th>\n<th style=\"width: 23%;\" width=\"26%\">\n<p>.3-5 GPH<br \/>(20-300 cc\/min)<\/p>\n<\/th>\n<th style=\"width: 23%;\" width=\"16%\">\n<p>.1-2 GPH<br \/>(10-110 cc\/min)<\/p>\n<\/th>\n<\/tr>\n<tr>\n<td>\n<p>Horticultura<\/p>\n<p>Enfriamento evaporativo<\/p>\n<p>Curado de concreto<\/p>\n<p>Hongos<\/p>\n<\/td>\n<td>\n<p>Planta manufacturera<\/p>\n<p>Madera\/Madera\/Papel<\/p>\n<p>Almacenamiento de<br \/>vino\/barril<\/p>\n<\/td>\n<td>\n<p>Planta manufacturera<\/p>\n<p>Planta Textil<\/p>\n<p>Polvo\/Control est\u00e1tico<\/p>\n<\/td>\n<td>\n<p>Olor<\/p>\n<\/td>\n<\/tr>\n<\/tbody>\n<\/table>\n<h3>\u00a0<\/h3>\n<table style=\"width: 100%;\" border=\"0\">\n<tbody>\n<tr>\n<td style=\"text-align: center;\"><img decoding=\"async\" src=\"https:\/\/h2otek.com\/tienda\/img\/cms\/controlhumedad\/jaybird\/GT-500\/gt_front_guard.jpg\" alt=\"\" width=\"130\" height=\"168\" \/><\/td>\n<td style=\"text-align: justify;\">\n<p><strong>Guardia hidrof\u00edlica<\/strong><\/p>\n<p>La protecci\u00f3n delantera est\u00e1 dise\u00f1ada para cumplir con los requisitos de protecci\u00f3n del ventilador de OSHA y eliminar el agua.<\/p>\n<ul>\n<li>Cumple con el requisito de espacio de 1\/2&#8243; de OSHA<\/li>\n<li>Acero inoxidable<\/li>\n<\/ul>\n<\/td>\n<\/tr>\n<tr>\n<td style=\"text-align: center;\"><img loading=\"lazy\" decoding=\"async\" src=\"https:\/\/h2otek.com\/tienda\/img\/cms\/controlhumedad\/jaybird\/GT-500\/gt_motor.jpg\" alt=\"\" width=\"130\" height=\"97\" \/><\/td>\n<td>\n<p><strong>Motor de lavado y servicio<\/strong><\/p>\n<p>Motor Baldor\u00ae Wash-Down-Duty\u2122 de grado industrial<\/p>\n<ul>\n<li>Grado industrial para uso de agua a presi\u00f3n<\/li>\n<li>Acabado en epoxi de capa pulverizada, eje de acero inoxidable<\/li>\n<\/ul>\n<\/td>\n<\/tr>\n<\/tbody>\n<\/table>\n<p>\u00a0<\/p>\n<p><\/p>\n<p style=\"text-align: center;\"><strong>TABLA DE ESPECIFICACIONES<\/strong><\/p>\n<table border=\"0\">\n<tbody>\n<tr>\n<td rowspan=\"10\"><\/p>\n<p><img loading=\"lazy\" decoding=\"async\" src=\"https:\/\/h2otek.com\/tienda\/img\/cms\/controlhumedad\/jaybird\/GT-500\/gt_500_spec.png\" alt=\"\" width=\"300\" height=\"561\" \/><\/p>\n<\/td>\n<td>Dimensiones:<\/td>\n<td>\n<p>Di\u00e1metro 20.5 pulg. \/ 52 cm<\/p>\n<p>Profundidad\u00a017.5 pulg. \/ 44.5 cm<\/p>\n<p>Altura 22.5 pulg. \/ 57 cm<\/p>\n<\/td>\n<\/tr>\n<tr>\n<td>\n<p>Distancia de propulsi\u00f3n:<\/p>\n<\/td>\n<td>\n<p>25-30 pies\/\u00a07.6-9.1 m<\/p>\n<\/td>\n<\/tr>\n<tr>\n<td>Ruido\u00a0@ 10 pies:<\/td>\n<td>\n<p>70 dB(A)<\/p>\n<\/td>\n<\/tr>\n<tr>\n<td>Tama\u00f1o medio de part\u00edcula:<\/td>\n<td>\n<p>5-10 micrones @ bajo volumen<\/p>\n<p>30 micrones @ alto volumen<\/p>\n<\/td>\n<\/tr>\n<tr>\n<td>CFM:<\/td>\n<td>\n<p>2,000<\/p>\n<\/td>\n<\/tr>\n<tr>\n<td>Operaci\u00f3n:<\/td>\n<td>\n<p>Capacidad de servicio continuo<\/p>\n<\/td>\n<\/tr>\n<tr>\n<td>Consumo de energ\u00eda:<\/td>\n<td>\n<p>1\/4 HP &#8211; 3.4 amps @ 115V<br \/>1\/4 HP &#8211; 1.8 amps @ 208-230V<\/p>\n<\/td>\n<\/tr>\n<tr>\n<td>Peso de env\u00edo:<\/td>\n<td>\n<p>42 lbs \/ 18.6 kg<\/p>\n<\/td>\n<\/tr>\n<tr>\n<td>Dimensiones del paquete:<\/td>\n<td>\n<p>21&#8243; x 21&#8243; x 17&#8243;<\/p>\n<p>53cm x 53cm x 42cm<\/p>\n<\/td>\n<\/tr>\n<tr>\n<td>Entorno:<\/td>\n<td>\n<p>Soporta temperaturas desde<br \/>31\u00b0\u00a0a 160\u00b0 F<\/p>\n<p>Interior\/Exterior<\/p>\n<p>Humedad hasta\u00a0100% RH<\/p>\n<p>Estabilizado a UV y resistente a los impactos<\/p>\n<\/td>\n<\/tr>\n<\/tbody>\n<\/table>\n<div style=\"text-align: center;\">\n<p style=\"text-align: center;\">\u00a0<\/p>\n<p><strong>VIDEOS<\/p>\n<p><\/strong><iframe src=\"https:\/\/www.youtube.com\/embed\/d2SWq10610Q\" width=\"560\" height=\"315\" frameborder=\"0\"><\/iframe><\/p>\n<\/div>\n<div style=\"text-align: center;\">\n<p style=\"text-align: center;\">\u00a0<\/p>\n<p>\u00a0<\/p>\n<p style=\"text-align: left;\"><strong style=\"text-align: justify;\"><span style=\"color: #000000;\"><strong>DESCARGAR MANUALES:<\/strong><\/span><\/strong><\/p>\n<\/div>\n<ul>\n<li><strong><a href=\"https:\/\/h2otek.com\/tienda\/pdf\/controlhumedad\/MANUAL%20VENTILADOR%20DE%20NIEBLA%20DIRECTA%20SERIE%20GT-500%20JAYBIRD.pdf\" target=\"_blank\" rel=\"noopener\">MANUAL DE INSTALACI\u00d3N<\/a><\/strong><\/li>\n<\/ul>\n<p>\u00a0<\/p>\n<p><strong><span style=\"color: #000000;\">PRECIO INCLUYE GASTOS DE ENVIO (GRATIS) E IMPUESTO 16% DE IVA\u00a0<\/span><\/strong><\/p>\n<p>\u00a0<\/p>\n","protected":false},"excerpt":{"rendered":"<p><span style=\"color: #ff0000;\"><strong>PRECIO EN D\u00d3LARES US.<\/strong><\/span><\/p>\n<p><span style=\"color: #ff0000;\"><strong>VENTILADOR DE NIEBLA DE ALIMENTACI\u00d3N DIRECTA<\/strong><\/span><\/p>\n<p><strong><em>APLICACIONES M\u00c1S COMUNES:<\/em><\/strong><\/p>\n<ul>\n<li><strong><em>INVERNADEROS<\/em><\/strong><\/li>\n<li><strong><em>PROCESOS INDUSTRIALES<\/em><\/strong><\/li>\n<li><strong><em>ALMACENES<\/em><\/strong><\/li>\n<li><strong><em>CAPTACION DE POLVO<\/em><\/strong><\/li>\n<li><strong><em>CUARTOS DE PRUEBA<\/em><\/strong><\/li>\n<li><strong><em>CUARTOS DE MADURACION<\/em><\/strong><\/li>\n<li><strong><em>CAMARAS<\/em><\/strong><\/li>\n<li><strong><em>CAMARAS FRIGORIFICAS<\/em><\/strong><\/li>\n<li><strong><em>USO EN EXTERIORES<\/em><\/strong><\/li>\n<li><strong><em>USO PARA REFRESCAR EL AMBIENTE<\/em><\/strong><\/li>\n<li><strong><em>CUARTO LIMPIOS<\/em><\/strong><\/li>\n<li><strong><em>LABORATORIOS<\/em><\/strong><\/li>\n<li><strong><em>ETC.<\/em><\/strong><\/li>\n<\/ul>\n","protected":false},"featured_media":6292,"comment_status":"closed","ping_status":"closed","template":"","meta":[],"pwb-brand":[],"product_brand":[],"product_cat":[421,964],"product_tag":[],"class_list":{"0":"post-18561","1":"product","2":"type-product","3":"status-publish","4":"has-post-thumbnail","6":"product_cat-voltaje-domestico-humidificadores-nebulizadores","7":"product_cat-voltaje-domestico-humidificadores-nebulizadores-gt-500-gt-500-hs-fans-humidificadores-nebulizadores-linea-gt-500-gt-500-hs","9":"first","10":"onbackorder","11":"purchasable","12":"product-type-simple"},"brands":[],"_links":{"self":[{"href":"https:\/\/h2otek.com\/tienda\/wp-json\/wp\/v2\/product\/18561","targetHints":{"allow":["GET"]}}],"collection":[{"href":"https:\/\/h2otek.com\/tienda\/wp-json\/wp\/v2\/product"}],"about":[{"href":"https:\/\/h2otek.com\/tienda\/wp-json\/wp\/v2\/types\/product"}],"replies":[{"embeddable":true,"href":"https:\/\/h2otek.com\/tienda\/wp-json\/wp\/v2\/comments?post=18561"}],"wp:featuredmedia":[{"embeddable":true,"href":"https:\/\/h2otek.com\/tienda\/wp-json\/wp\/v2\/media\/6292"}],"wp:attachment":[{"href":"https:\/\/h2otek.com\/tienda\/wp-json\/wp\/v2\/media?parent=18561"}],"wp:term":[{"taxonomy":"pwb-brand","embeddable":true,"href":"https:\/\/h2otek.com\/tienda\/wp-json\/wp\/v2\/pwb-brand?post=18561"},{"taxonomy":"product_brand","embeddable":true,"href":"https:\/\/h2otek.com\/tienda\/wp-json\/wp\/v2\/product_brand?post=18561"},{"taxonomy":"product_cat","embeddable":true,"href":"https:\/\/h2otek.com\/tienda\/wp-json\/wp\/v2\/product_cat?post=18561"},{"taxonomy":"product_tag","embeddable":true,"href":"https:\/\/h2otek.com\/tienda\/wp-json\/wp\/v2\/product_tag?post=18561"}],"curies":[{"name":"wp","href":"https:\/\/api.w.org\/{rel}","templated":true}]}}