{"id":18552,"date":"2021-07-06T21:18:17","date_gmt":"2021-07-06T21:18:17","guid":{"rendered":"https:\/\/h2otek.com\/tienda\/producto\/calentador-a-gas-comercial-cap-100-galones-379-litros-399900-btu-a-gas-natural-linea-triton-mod-ghe100su-400a-686189\/"},"modified":"2025-09-27T00:18:53","modified_gmt":"2025-09-27T00:18:53","slug":"calentador-a-gas-comercial-cap-100-galones-379-litros-399900-btu-a-gas-natural-linea-triton-mod-ghe100su-400a-686189","status":"publish","type":"product","link":"https:\/\/h2otek.com\/tienda\/producto\/calentador-a-gas-comercial-cap-100-galones-379-litros-399900-btu-a-gas-natural-linea-triton-mod-ghe100su-400a-686189\/","title":{"rendered":"CALENTADOR A GAS COMERCIAL CAP. 100 GALONES (379 LITROS) 399,900 BTU A GAS NATURAL LINEA TRITON CON C\u00d3DIGO ASME MOD. GHE100SU-400A\/686189"},"content":{"rendered":"<p style=\"text-align: center;\"><img fetchpriority=\"high\" decoding=\"async\" src=\"https:\/\/h2otek.com\/tienda\/img\/cms\/aguacaliente\/rheem\/triton\/header-rheem-triton-GHE100SU-400A-NAT.jpg\" alt=\"header-rheem-triton\" width=\"650\" height=\"300\" \/><\/p>\n<p style=\"text-align: center;\"><strong>TRITON\u2122 &#8211; El m\u00e1s inteligente y de alta eficiencia<\/strong><br \/>\n<strong>Calentador de agua de gas comercial en el mercado<\/strong><br \/>\n<strong>Ideal para reemplazos y aplicaciones de nueva construcci\u00f3n\u00a0<\/strong><\/p>\n<p>&nbsp;<\/p>\n<p><strong>LA VENTAJA DE TRITON<\/strong><\/p>\n<ul>\n<li>Tecnolog\u00eda de monitoreo inteligente incorporada<\/li>\n<li>Wi-Fi integrado con la aplicaci\u00f3n<\/li>\n<li>Sistema de detecci\u00f3n de fugas<\/li>\n<li>Reemplace cualquier marca de competidor con caracter\u00edsticas de modificaci\u00f3n f\u00e1cil<\/li>\n<li>Visi\u00f3n de conjunto<\/li>\n<li>Los calentadores de agua de gas comerciales de Triton son el sistema de detecci\u00f3n y prevenci\u00f3n de fugas m\u00e1s completo y preciso del mercado.<\/li>\n<\/ul>\n<p><strong>CARACTER\u00cdSTICAS DE SS Y SU<\/strong><\/p>\n<ul>\n<li><strong>LeakSense\u2122<\/strong>: el sistema inteligente de detecci\u00f3n de fugas detecta fugas tan peque\u00f1as como un grano de arena y proporciona notificaciones en tiempo real que le avisan antes de que ocurra una falla catastr\u00f3fica<\/li>\n<li><strong>Tecnolog\u00eda de monitoreo inteligente EcoNet\u00ae con WiFi integrado**<\/strong> &#8211; \u00a1Exclusivo de Rheem! Proporciona actualizaciones de rendimiento y alertas a trav\u00e9s de dispositivos m\u00f3viles y pantallas LCD a todo color<\/li>\n<li><strong>Controles de salud sistem\u00e1ticos<\/strong>: automonitoreo constante de los componentes m\u00e1s importantes de Triton y alertas de posibles problemas<\/li>\n<li><strong>Alertas de mantenimiento preventivo<\/strong>: recordatorios de mantenimiento ayudan a prolongar la vida \u00fatil del tanque<\/li>\n<li><strong>Neutralizador de condensado incorporado<\/strong> &#8211; (Est\u00e1ndar en modelos base y premium) &#8211; Reduce el tiempo de instalaci\u00f3n ya que los plomeros ya no necesitan instalar este componente.<\/li>\n<\/ul>\n<p style=\"text-align: justify;\"><strong>F\u00e1cil modificaci\u00f3n\/instalaci\u00f3n<\/strong><\/p>\n<ul>\n<li><strong>M\u00faltiples puntos de conexi\u00f3n<\/strong>: m\u00faltiples conexiones de agua en la parte superior, lateral e inferior de la unidad simplifican la instalaci\u00f3n para el reemplazo de cualquier modelo<\/li>\n<li><strong>Variedad de opciones flexibles de ventilaci\u00f3n<\/strong> que incluyen ventilaci\u00f3n InnoFlue\u00ae Flex: polipropileno, PVC, CPVC, InnoFlue\u00ae Flex Vent y materiales ABS; ventilaci\u00f3n de di\u00e1metros de 2, 3, 4 y 6 pulgadas<\/li>\n<li><strong>Neutralizador de condensado incorporado patentado<\/strong> &#8211; Reduce la acidez del agua para un drenaje seguro<\/li>\n<\/ul>\n<p style=\"text-align: justify;\"><strong>Constru\u00eddo para perdurar<\/strong><\/p>\n<ul>\n<li><strong>Intercambiador de calor de triple paso<\/strong>: construido con acero de calidad ASME para minimizar el \u00f3xido y la corrosi\u00f3n para una vida \u00fatil m\u00e1s prolongada del tanque y la m\u00e1xima eficiencia t\u00e9rmica<\/li>\n<li><strong>\u00c1nodos de alimentaci\u00f3n avanzados<\/strong>: los \u00e1nodos de potencia autoajustables y sin sacrificios proporcionan un control sistem\u00e1tico de la salud del \u00e1nodo y la vida restante<\/li>\n<\/ul>\n<p style=\"text-align: justify;\"><strong>Energ\u00eda eficiente<\/strong><\/p>\n<ul>\n<li><strong>Modulaci\u00f3n completa<\/strong>: maximiza el ahorro de energ\u00eda optimizando la entrada de BTU para la demanda espec\u00edfica de calentamiento de agua<\/li>\n<li><strong> Capacidad de programaci\u00f3n<\/strong>: ajuste para calentar agua solo durante las horas pico de trabajo cuando su negocio lo necesite m\u00e1s<\/li>\n<\/ul>\n<p style=\"text-align: justify;\"><strong>\u00a1M\u00e1s!<\/strong><\/p>\n<ul>\n<li>Altitud certificada hasta 8.999 pies sobre el nivel del mar<\/li>\n<li>V\u00e1lvula T&amp;P con clasificaci\u00f3n CSA\/ASME<\/li>\n<li>Calentador con <strong><strong><strong>C\u00f3digo ASME<\/strong><\/strong><\/strong><img decoding=\"async\" class=\"size-full wp-image-23886 alignnone\" src=\"https:\/\/h2otek.com\/tienda\/wp-content\/uploads\/2021\/07\/logo-asme.jpg\" alt=\"\" width=\"250\" height=\"149\" \/><\/li>\n<\/ul>\n<p>&nbsp;<\/p>\n<p>* Consulte el Certificado de garant\u00eda comercial para obtener informaci\u00f3n completa.<br \/>\n** Se requiere conexi\u00f3n a Internet de banda ancha WIFI de 2,4 GHz.<\/p>\n<p>&nbsp;<\/p>\n<p style=\"text-align: center;\"><strong><strong>TABLAS DE ESPECIFICACIONES:\u00a0<\/strong><br \/>\n<\/strong><br \/>\n<img decoding=\"async\" src=\"https:\/\/h2otek.com\/tienda\/img\/cms\/aguacaliente\/rheem\/triton\/especificaciones-rheem-triton-GHE100SU-400A-NAT.gif\" alt=\"especificaciones-rheem-triton\" width=\"565\" height=\"294\" \/><\/p>\n<p>&nbsp;<\/p>\n<p>&nbsp;<\/p>\n<p style=\"text-align: center;\"><strong>DIMENSIONES:<\/strong><br \/>\n<img loading=\"lazy\" decoding=\"async\" src=\"https:\/\/h2otek.com\/tienda\/img\/cms\/aguacaliente\/rheem\/triton\/dimensiones-rheem-triton.jpg\" alt=\"\" width=\"700\" height=\"488\" \/><\/p>\n<p style=\"text-align: center;\">ES IMPORTANTE LEER CLARAMENTE EL INSTRUCTIVO DE INSTALACION Y OPERACION ANTES DE INSTALAR Y PONER A FUNCIONAR EL CALENTADOR<\/p>\n<p>&nbsp;<\/p>\n<p style=\"text-align: center;\"><strong><br \/>\n<img loading=\"lazy\" decoding=\"async\" src=\"https:\/\/h2otek.com\/tienda\/img\/cms\/aguacaliente\/rheem\/triton\/diferencia-rheem-triton.jpg\" alt=\"\" width=\"550\" height=\"949\" \/><\/strong><\/p>\n<p>&nbsp;<\/p>\n<p>&nbsp;<\/p>\n<p style=\"text-align: center;\"><strong>CERTIFICACIONES:<\/strong><\/p>\n<p style=\"text-align: center;\"><img loading=\"lazy\" decoding=\"async\" class=\"aligncenter\" src=\"https:\/\/h2otek.com\/tienda\/img\/cms\/aguacaliente\/rheem\/triton\/triton_certificaciones.png\" alt=\"\" width=\"515\" height=\"60\" \/><\/p>\n<p>&nbsp;<\/p>\n<p>&nbsp;<\/p>\n<p><span style=\"color: #000000;\"><strong>DESCARGAR MANUALES:<\/strong><\/span><\/p>\n<ul>\n<li><a href=\"https:\/\/www.h2otek.com\/tienda\/pdf\/aguacaliente\/CARACTERISTICAS%20CALENTADOR%20A%20GAS%20RHEEM%20LINEA%20TRITON.pdf\" target=\"_blank\" rel=\"noopener\"><strong>CARACTER\u00cdSTICAS<\/strong><\/a><\/li>\n<li><strong><a href=\"https:\/\/www.h2otek.com\/tienda\/pdf\/aguacaliente\/ESPECIFICACIONES%20CALENTADOR%20A%20GAS%20RHEEM%20LINEA%20TRITON.pdf\" target=\"_blank\" rel=\"noopener\">ESPECIFICACIONES<\/a><\/strong><\/li>\n<li><strong><span style=\"color: #0000ff;\"><a href=\"https:\/\/www.h2otek.com\/tienda\/pdf\/aguacaliente\/USOS%20Y%20CUIDADOS%20CALENTADOR%20A%20GAS%20RHEEM%20LINEA%20TRITON.pdf\" target=\"_blank\" rel=\"noopener\">USOS Y CUIDADOS<\/a><\/span><\/strong><\/li>\n<li><strong><a href=\"https:\/\/www.h2otek.com\/tienda\/pdf\/aguacaliente\/KIT%20INSTALACION%20CALENTADOR%20A%20GAS%20RHEEM%20LINEA%20TRITON.pdf\" target=\"_blank\" rel=\"noopener\">KIT INSTALACI\u00d3N<\/a><\/strong><\/li>\n<li><strong><a href=\"https:\/\/www.h2otek.com\/tienda\/pdf\/aguacaliente\/INSTRUCCIONES%20FLEX%20VENT%20CALENTADOR%20A%20GAS%20RHEEM%20LINEA%20TRITON.pdf\" target=\"_blank\" rel=\"noopener\">INSTRUCCIONES FLEX VENT<\/a><\/strong><\/li>\n<\/ul>\n","protected":false},"excerpt":{"rendered":"<p><span style=\"color: #ff0000;\"><strong>PRECIO EN PESOS MEXICANOS.<\/strong><\/span><br \/>\n<span style=\"color: #ff0000;\"><strong>PRECIO INCLUYE 16 % DE I.V.A.<\/strong><\/span><br \/>\n<span style=\"color: #ff0000;\"><strong>PRECIO INCLUYE ENVIO (ZONA CENTRO).<\/strong><\/span><\/p>\n<p><strong>RECOMENDADO PARA USO COMERCIAL-INDUSTRIAL<\/strong><\/p>\n<p><strong><em>IDEALES PARA CUALQUIER NECESIDAD DE AGUA CALIENTE, COMO PUEDE SER EN:<\/em><\/strong><\/p>\n<ul>\n<li><strong><em>OFICINAS<\/em><\/strong><\/li>\n<li><strong><em>RESTAURANTES<\/em><\/strong><\/li>\n<li><strong><em>HOTELES<\/em><\/strong><\/li>\n<li><strong><em>LAVANDER\u00cdAS<\/em><\/strong><\/li>\n<li><strong><em>ALMACENES<\/em><\/strong><\/li>\n<li><strong><em>PROCESOS INDUSTRIALES<\/em><\/strong><\/li>\n<li><strong><em>MOTELES<\/em><\/strong><\/li>\n<li><strong><em>DEPORTIVOS<\/em><\/strong><\/li>\n<li><strong><em>HOSPITALES<\/em><\/strong><\/li>\n<li><strong><em>ETC.<\/em><\/strong><\/li>\n<\/ul>\n","protected":false},"featured_media":2426,"comment_status":"closed","ping_status":"closed","template":"","meta":[],"pwb-brand":[],"product_brand":[],"product_cat":[1090],"product_tag":[],"class_list":{"0":"post-18552","1":"product","2":"type-product","3":"status-publish","4":"has-post-thumbnail","6":"product_cat-linea-triton-boilers-calentadores-de-agua-industriales-comerciales-rheem-en-gas-natural-boilers-calentadores-de-agua-industriales-comerciales","8":"first","9":"outofstock","10":"purchasable","11":"product-type-simple"},"brands":[],"_links":{"self":[{"href":"https:\/\/h2otek.com\/tienda\/wp-json\/wp\/v2\/product\/18552","targetHints":{"allow":["GET"]}}],"collection":[{"href":"https:\/\/h2otek.com\/tienda\/wp-json\/wp\/v2\/product"}],"about":[{"href":"https:\/\/h2otek.com\/tienda\/wp-json\/wp\/v2\/types\/product"}],"replies":[{"embeddable":true,"href":"https:\/\/h2otek.com\/tienda\/wp-json\/wp\/v2\/comments?post=18552"}],"wp:featuredmedia":[{"embeddable":true,"href":"https:\/\/h2otek.com\/tienda\/wp-json\/wp\/v2\/media\/2426"}],"wp:attachment":[{"href":"https:\/\/h2otek.com\/tienda\/wp-json\/wp\/v2\/media?parent=18552"}],"wp:term":[{"taxonomy":"pwb-brand","embeddable":true,"href":"https:\/\/h2otek.com\/tienda\/wp-json\/wp\/v2\/pwb-brand?post=18552"},{"taxonomy":"product_brand","embeddable":true,"href":"https:\/\/h2otek.com\/tienda\/wp-json\/wp\/v2\/product_brand?post=18552"},{"taxonomy":"product_cat","embeddable":true,"href":"https:\/\/h2otek.com\/tienda\/wp-json\/wp\/v2\/product_cat?post=18552"},{"taxonomy":"product_tag","embeddable":true,"href":"https:\/\/h2otek.com\/tienda\/wp-json\/wp\/v2\/product_tag?post=18552"}],"curies":[{"name":"wp","href":"https:\/\/api.w.org\/{rel}","templated":true}]}}