{"id":18478,"date":"2021-07-06T21:17:54","date_gmt":"2021-07-06T21:17:54","guid":{"rendered":"https:\/\/h2otek.com\/tienda\/producto\/calentador-de-agua-hidronico-999000-btuh-linea-delta-limited-raypak-mod-h3-989b\/"},"modified":"2022-10-10T22:58:29","modified_gmt":"2022-10-10T22:58:29","slug":"calentador-de-agua-hidronico-999000-btuh-linea-delta-limited-raypak-mod-h3-989b","status":"publish","type":"product","link":"https:\/\/h2otek.com\/tienda\/producto\/calentador-de-agua-hidronico-999000-btuh-linea-delta-limited-raypak-mod-h3-989b\/","title":{"rendered":"CALENTADOR DE AGUA HIDR\u00d3NICO 999,000 BTUH LINEA DELTA LIMITED\u00ae RAYPAK MOD. H3-989B"},"content":{"rendered":"<p style=\"text-align: center;\"><img fetchpriority=\"high\" decoding=\"async\" src=\"https:\/\/h2otek.com\/tienda\/img\/cms\/aguacaliente\/raypak\/hidronicos-989B-2339B\/header-calentadores-hidronicos-deltalimited-H3-989B.jpg\" alt=\"header-calentadores-hidronicos\" width=\"650\" height=\"300\" \/><\/p>\n<p style=\"text-align: left;\"><span style=\"text-decoration: underline;\"><strong><br \/>\nCALENTADOR DE AGUA HIDR\u00d3NICO LINEA DELTA LIMITED<br \/>\n<\/strong><\/span><\/p>\n<div style=\"text-align: justify;\"><span lang=\"es\" xml:lang=\"es\">La serie <strong>Delta Limited\u00ae<\/strong> se basa en el mismo dise\u00f1o b\u00e1sico que la l\u00ednea de productos Hi Delta\u00ae. Un conjunto reducido de caracter\u00edsticas y opciones proporciona un calentamiento s\u00f3lido a un costo reducido. La l\u00ednea de productos Delta Limited\u00ae no est\u00e1 aprobada para la venta o distribuci\u00f3n en California.<\/span><\/div>\n<div id=\"tab-description\" class=\"panel wc-tab entry-content active\" style=\"text-align: justify;\">\n<p>&nbsp;<\/p>\n<p style=\"text-align: justify;\"><strong>CARACTER\u00cdSTICAS:<br \/>\n<\/strong><\/p>\n<ul>\n<li><span lang=\"es\" xml:lang=\"es\"> 84% de eficiencia t\u00e9rmica.<\/span><\/li>\n<li><span lang=\"es\" xml:lang=\"es\">Terceros certificados bajo ANSI Z21.13.<\/span><\/li>\n<li><span lang=\"es\" xml:lang=\"es\">Cabezales de hierro fundido revestidos de vidrio con tubos con aletas de cobre.<\/span><\/li>\n<li><span lang=\"es\" xml:lang=\"es\">El tama\u00f1o 1999B se ofrece solo para gas natural. Todos los dem\u00e1s tama\u00f1os ofrecidos para gas natural o propano.<\/span><\/li>\n<li><span lang=\"es\" xml:lang=\"es\">Retardo de la bomba, fijado en 300 segundos.<\/span><\/li>\n<li><span lang=\"es\" xml:lang=\"es\">Medidor T&amp;P<\/span><\/li>\n<li><span lang=\"es\" xml:lang=\"es\">Interruptor de flujo<\/span><\/li>\n<li><span lang=\"es\" xml:lang=\"es\">L\u00edmite alto de restablecimiento manual, 240F m\u00e1x.<\/span><\/li>\n<li><span lang=\"es\" xml:lang=\"es\">Interruptor de baja presi\u00f3n de gas.<\/span><\/li>\n<li><span lang=\"es\" xml:lang=\"es\">Encendido de superficie caliente con bloqueo de 3 intentos.<\/span><\/li>\n<li><span lang=\"es\" xml:lang=\"es\">Corte al aire libre.<\/span><\/li>\n<li><span lang=\"es\" xml:lang=\"es\">60 # PRV.<\/span><\/li>\n<\/ul>\n<p>&nbsp;<\/p>\n<\/div>\n<p style=\"text-align: center;\"><strong>COMPONENTES:<\/strong><\/p>\n<p style=\"text-align: center;\"><img decoding=\"async\" src=\"https:\/\/h2otek.com\/tienda\/img\/cms\/aguacaliente\/raypak\/hidronicos-989B-2339B\/componentes01-calentadores-hidronicos-deltalimited.jpg\" alt=\"\" width=\"700\" height=\"333\" \/><\/p>\n<p style=\"text-align: center;\"><span lang=\"es\" xml:lang=\"es\">Fig. 1: Ubicaciones de los componentes &#8211; Atr\u00e1s<\/span><\/p>\n<p>&nbsp;<\/p>\n<p>&nbsp;<\/p>\n<p style=\"text-align: center;\"><img decoding=\"async\" src=\"https:\/\/h2otek.com\/tienda\/img\/cms\/aguacaliente\/raypak\/hidronicos-989B-2339B\/componentes-calentadores-hidronicos-deltalimited-lateral-izq.jpg\" alt=\"\" width=\"644\" height=\"359\" \/><br \/>\n<span lang=\"es\" xml:lang=\"es\"><br \/>\nFig. 2: Ubicaciones de los componentes &#8211; Lado izquierdo<\/span><\/p>\n<p>&nbsp;<\/p>\n<p>&nbsp;<\/p>\n<p style=\"text-align: center;\"><img loading=\"lazy\" decoding=\"async\" src=\"https:\/\/h2otek.com\/tienda\/img\/cms\/aguacaliente\/raypak\/hidronicos-989B-2339B\/componentes02-calentadores-hidronicos-deltalimited.jpg\" alt=\"\" width=\"700\" height=\"383\" \/><br \/>\n<span lang=\"es\" xml:lang=\"es\"><br \/>\nPaneles eliminados para mayor claridad<br \/>\nFig. 3: Ubicaciones de los componentes &#8211; Delantero<\/span><\/p>\n<p>&nbsp;<\/p>\n<p style=\"text-align: center;\"><strong>ESPECIFICACIONES<\/strong><\/p>\n<p><img loading=\"lazy\" decoding=\"async\" src=\"https:\/\/h2otek.com\/tienda\/img\/cms\/aguacaliente\/raypak\/hidronicos-989B-2339B\/especificaciones-calentadores-hidronicos-deltalimited-H3-989B.gif\" alt=\"\" width=\"608\" height=\"242\" \/><\/p>\n<p>&nbsp;<\/p>\n<p><strong>DESCARGAR MANUALES<br \/>\n<\/strong><\/p>\n<ul>\n<li><strong><a href=\"http:\/\/www.h2otek.com\/tienda\/pdf\/aguacaliente\/FOLLETO%20CALENTADORES%20HIDRONICOS%20DELTA%20LIMITED%20989B-2339B.pdf\" target=\"_blank\" rel=\"noopener\">FOLLETO<\/a><\/strong><\/li>\n<li><strong><a href=\"http:\/\/www.h2otek.com\/tienda\/pdf\/aguacaliente\/ESPECIFICACIONES%20CALENTADORES%20HIDRONICOS%20DELTA%20LIMITED%20989B-2339B.pdf\" target=\"_blank\" rel=\"noopener\">ESPECIFICACIONES<\/a><\/strong><\/li>\n<li><strong><a href=\"http:\/\/www.h2otek.com\/tienda\/pdf\/aguacaliente\/MANUAL%20CALENTADORES%20HIDRONICOS%20DELTA%20LIMITED%20989B-2339B.pdf\" target=\"_blank\" rel=\"noopener\">MANUAL DEL USUARIO<\/a><\/strong><\/li>\n<li><strong><a href=\"http:\/\/www.h2otek.com\/tienda\/pdf\/aguacaliente\/LISTA%20DE%20PARTES%20CALENTADORES%20HIDRONICOS%20DELTA%20LIMITED%20989B-2339B.pdf\" target=\"_blank\" rel=\"noopener\">LISTA DE PARTES<\/a><\/strong><\/li>\n<\/ul>\n<p>&nbsp;<\/p>\n<div>\n<p style=\"text-align: left;\"><strong>PRECIO INCLUYE GASTOS DE ENVIO (GRATIS) E IMPUESTO 16% DE IVA.<\/strong><\/p>\n<\/div>\n","protected":false},"excerpt":{"rendered":"<p><span style=\"color: #ff0000;\"><strong>PARA PRECIO DE ESTE PRODUCTO FAVOR DE COMUNICARSE EN ATENCION A CLIENTES: info@h2otek.com O AL TEL: 01 800 94 26 835<\/strong><\/span><\/p>\n<p><span style=\"color: #ff0000;\"><strong>CALENTADOR DE AGUA HIDR\u00d3NICO CAP. 999,000 BTU L\u00cdNEA DELTA LIMITED MARCA RAYPAK<\/strong><\/span><\/p>\n<p><strong>CALEFACCI\u00d3N EN PISCINAS POR DEMANDA O RECIRCULACION DE AGUA CALIENTE. OPERACI\u00d3N SILENCIOSA.<em><br \/>\n<\/em><\/strong><\/p>\n<p><em><strong>IDEALES EN:<\/strong><\/em><\/p>\n<ul>\n<li><em><strong>ALBERCA \u00d3 PISCINA<br \/>\n<\/strong><\/em><\/li>\n<li><em><strong>SPA<\/strong><\/em><\/li>\n<li><em><strong>JACUZZI<\/strong><\/em><\/li>\n<li><em><strong>HIDROMASAJE, ETC.<\/strong><\/em><\/li>\n<\/ul>\n","protected":false},"featured_media":3998,"comment_status":"closed","ping_status":"closed","template":"","meta":[],"pwb-brand":[],"product_brand":[],"product_cat":[505],"product_tag":[],"class_list":{"0":"post-18478","1":"product","2":"type-product","3":"status-publish","4":"has-post-thumbnail","6":"product_cat-calderas-hidronicas-delta-limited-989b-2339b","8":"first","9":"outofstock","10":"purchasable","11":"product-type-simple"},"brands":[],"_links":{"self":[{"href":"https:\/\/h2otek.com\/tienda\/wp-json\/wp\/v2\/product\/18478","targetHints":{"allow":["GET"]}}],"collection":[{"href":"https:\/\/h2otek.com\/tienda\/wp-json\/wp\/v2\/product"}],"about":[{"href":"https:\/\/h2otek.com\/tienda\/wp-json\/wp\/v2\/types\/product"}],"replies":[{"embeddable":true,"href":"https:\/\/h2otek.com\/tienda\/wp-json\/wp\/v2\/comments?post=18478"}],"wp:featuredmedia":[{"embeddable":true,"href":"https:\/\/h2otek.com\/tienda\/wp-json\/wp\/v2\/media\/3998"}],"wp:attachment":[{"href":"https:\/\/h2otek.com\/tienda\/wp-json\/wp\/v2\/media?parent=18478"}],"wp:term":[{"taxonomy":"pwb-brand","embeddable":true,"href":"https:\/\/h2otek.com\/tienda\/wp-json\/wp\/v2\/pwb-brand?post=18478"},{"taxonomy":"product_brand","embeddable":true,"href":"https:\/\/h2otek.com\/tienda\/wp-json\/wp\/v2\/product_brand?post=18478"},{"taxonomy":"product_cat","embeddable":true,"href":"https:\/\/h2otek.com\/tienda\/wp-json\/wp\/v2\/product_cat?post=18478"},{"taxonomy":"product_tag","embeddable":true,"href":"https:\/\/h2otek.com\/tienda\/wp-json\/wp\/v2\/product_tag?post=18478"}],"curies":[{"name":"wp","href":"https:\/\/api.w.org\/{rel}","templated":true}]}}