{"id":18463,"date":"2021-07-06T21:17:48","date_gmt":"2021-07-06T21:17:48","guid":{"rendered":"https:\/\/h2otek.com\/tienda\/producto\/calentador-de-agua-a-gas-cap-850000-btu-de-condensacion-linea-domestica-xfyre-raypak-mod-wh7-850a\/"},"modified":"2022-10-11T18:50:47","modified_gmt":"2022-10-11T18:50:47","slug":"calentador-de-agua-a-gas-cap-850000-btu-de-condensacion-linea-domestica-xfyre-raypak-mod-wh7-850a","status":"publish","type":"product","link":"https:\/\/h2otek.com\/tienda\/producto\/calentador-de-agua-a-gas-cap-850000-btu-de-condensacion-linea-domestica-xfyre-raypak-mod-wh7-850a\/","title":{"rendered":"CALENTADOR DE AGUA A GAS CAP. 850,000 BTU DE CONDENSACI\u00d3N LINEA DOM\u00c9STICA XFYRE RAYPAK MOD. WH7-850A"},"content":{"rendered":"<p style=\"text-align: center;\"><img fetchpriority=\"high\" decoding=\"async\" src=\"https:\/\/h2otek.com\/tienda\/img\/cms\/aguacaliente\/raypak\/xfyre\/header-calentador-xfyre-WH7-850A.jpg\" alt=\"header-calentador-xfyre-WH7\" width=\"650\" height=\"300\" \/><\/p>\n<p style=\"text-align: left;\"><span style=\"text-decoration: underline;\"><strong><br \/>\nCALENTADOR DE AGUA DE CONDENSACI\u00d3N L\u00cdNEA DOM\u00c9STICA XFYRE<br \/>\n<\/strong><\/span><\/p>\n<div style=\"text-align: justify;\">La familia Raypak de <strong>calentadores de agua XFyre<\/strong>, 300A-850A, tiene una eficiencia del 95%, operaci\u00f3n silenciosa, y est\u00e1 disponible para gas natural o propano.<\/div>\n<div id=\"tab-description\" class=\"panel wc-tab entry-content active\" style=\"text-align: justify;\">\n<p>&nbsp;<\/p>\n<p style=\"text-align: justify;\"><strong>CARACTER\u00cdSTICAS:<br \/>\n<\/strong><\/p>\n<ul>\n<li>Condensado de eficiencia del 95%, se requiere ventilaci\u00f3n IV (hasta 99% en piezas\/carga).<\/li>\n<li>Todos los modelos de construcci\u00f3n interior\/exterior.<\/li>\n<li>Tama\u00f1o peque\u00f1o, menos de 9-1\/2 pies cuadrados.<\/li>\n<li>Conexiones de agua laterales superiores: permite la instalaci\u00f3n una al lado de la otra.<\/li>\n<li>Todos los modelos est\u00e1n equipados con intercambiador de calor de acero inoxidable 316L y tuber\u00edas de cobre. ASME Secci\u00f3n IV construida y sellada. Junta Nacional Registrada AB 1953 bajo plomo.<\/li>\n<li>M\u00faltiples salidas de bomba: bomba de caldera, bomba de sistema, bomba indirecta.<\/li>\n<li>Encendido de chispa con sensor de llama remoto.<\/li>\n<li>V\u00e1lvula de gas moduladora electr\u00f3nica y quemador, hasta 5: 1 de reducci\u00f3n.<\/li>\n<li>Certificado bajo SCAQMD Regla 1146.2. Cumple con todas las regulaciones de bajo NOx.<\/li>\n<li>Admite temperatura del agua de entrada de hasta 50F.<\/li>\n<li>Susurro operaci\u00f3n silenciosa.<\/li>\n<li>Centro de diagn\u00f3stico a bordo, ingl\u00e9s, sin c\u00f3digos.<\/li>\n<li>0-10 VDC Interfaz BMS (punto de ajuste o transmisi\u00f3n directa).<\/li>\n<li>Funci\u00f3n de cascada incorporada para hasta 4 calderas.<\/li>\n<li>Paquete de control VERSA IC\u00ae con funci\u00f3n de reinicio al aire libre incorporada.<\/li>\n<li>El gabinete completo protege todos los controles y el cableado.<\/li>\n<li>Revestimiento en polvo resistente a la oxidaci\u00f3n resistente.<\/li>\n<li>F\u00e1cil de mantener: filtro de aire extra\u00edble.<\/li>\n<li>Certificado para materiales de ventilaci\u00f3n de PVC, CPVC, polipropileno o inoxidable.<\/li>\n<li>Adecuado para altitudes de hasta 10,000 pies (se puede aplicar una reducci\u00f3n).<\/li>\n<li>Disponible para gas natural o propano.<\/li>\n<\/ul>\n<p style=\"text-align: justify;\"><strong>Opciones:<\/strong><\/p>\n<ul>\n<li>Sensor de aire exterior (B-32).<\/li>\n<li>Sensor indirecto<\/li>\n<li>Kit de ventilaci\u00f3n directa TruSeal\u00ae (D-21 instalado de f\u00e1brica, D-22 Loose).<\/li>\n<li>BACNet IP, BACnet MS \/ TP, Modbus TCP, N2 Metasys (B-85)<\/li>\n<li>Lonworks (B-86)<\/li>\n<li>Alarma con 4 &#8220;campana (E-5)<\/li>\n<li>Low Water Cutoff (F-10)<\/li>\n<li>Neutralizador de condensado (Z-12)<\/li>\n<\/ul>\n<p><strong>PARTES<\/strong><\/p>\n<p><strong>1. Entrada de agua<\/strong><br \/>\nTan bajo como 50SF entrando. Todas las conexiones de plomer\u00eda verticales instaladas en f\u00e1brica de cobre y lat\u00f3n. La plomer\u00eda vertical permite que las calderas se instalen una al lado de la otra o en lugares estrechos si es necesario. Conexiones macho NPT.<\/p>\n<p><strong>2. Salida de agua<\/strong><br \/>\nTodas las conexiones de plomer\u00eda verticales instaladas en f\u00e1brica de cobre y lat\u00f3n. Conexiones macho NPT.<\/p>\n<p><strong>3.\u00a0Encendido directo por chispa<\/strong><br \/>\nEl sistema de control de combusti\u00f3n de \u00faltima generaci\u00f3n de XFyre utiliza el encendedor de doble electrodo m\u00e1s fino para iniciar el ciclo de combusti\u00f3n. Despu\u00e9s de la ignici\u00f3n, la chispa tambi\u00e9n act\u00faa como un segundo sensor de llama.<\/p>\n<p><strong>4. Tablero VERSA IC\u00ae<\/strong><br \/>\nEl sistema de control integrado VERSA IC\u00ae, est\u00e1 listado y certificado por CSA como un dispositivo combinado de control de temperatura, seguridad y encendido. F\u00e1cil acceso frontal a todo el cableado de campo. Esto incluye sensor exterior, sensor de ACS, alarma del sistema, puerto Modbus BMS y conexiones de entrada de 0-10V CC. Cada unidad viene equipada de f\u00e1brica con capacidad de control en cascada. Cascada de acceso r\u00e1pido y simple de hasta 4 calderas, enlace a Raypak Temp Tracker Mod + Hybrid Master control para hasta 16.<\/p>\n<p><strong>4a. Interfaz de control<\/strong><br \/>\nGran pantalla LCD f\u00e1cil de leer (3.5O). Supervisar\u00e1 continuamente las temperaturas del sensor de la fuerza de la llama (TA), los puntos de ajuste de la se\u00f1al BMS (0-10V), DeltaT, todas las se\u00f1ales de seguridad, diagn\u00f3sticos completos e historial de fallas para los \u00faltimos 15 eventos. Configuraci\u00f3n simple de la pantalla t\u00e1ctil. Todo lo que necesita desde la configuraci\u00f3n hasta el servicio est\u00e1 a su alcance, todo en un solo lugar.<\/p>\n<p><strong>5. V\u00e1lvula de gas de la relaci\u00f3n del combustible<\/strong><br \/>\nXFyre utiliza una v\u00e1lvula de gas principal alemana fabricada con precisi\u00f3n considerada por la mayor\u00eda como inigualable. Esta v\u00e1lvula de gas de alta tecnolog\u00eda funciona en perfecta armon\u00eda con el soplador de aire de combusti\u00f3n. El resultado es una iluminaci\u00f3n suave y silenciosa mientras se produce una disminuci\u00f3n de 5: 1. Con esta gran flexibilidad, XFyre es la caldera adecuada para casi cualquier tama\u00f1o de trabajo.<\/p>\n<p><strong>6. Filtro de aire de admisi\u00f3n<\/strong><br \/>\nCada XFyre viene de serie con un filtro de aire de combusti\u00f3n Merv 8 de f\u00e1cil acceso y acceso frontal.<\/p>\n<p><strong>7. L\u00edmite alto de restablecimiento manual<\/strong><br \/>\nEsta funci\u00f3n est\u00e1 completamente integrada en el VERSA IC\u00ae plataforma de control. (No mostrada)<\/p>\n<p><strong>8. trampa de condensado<\/strong><br \/>\nEl XFyre tiene una trampa de condensaci\u00f3n incorporada ubicada en la parte posterior de la unidad. La trampa y el sensor de condensado de sobrellenado son accesibles a trav\u00e9s de su propio panel de acceso.<\/p>\n<p><strong>9. Interruptor de ventilaci\u00f3n<\/strong><br \/>\nDetecta posibles obstrucciones en la tuber\u00eda de ventilaci\u00f3n. (No mostrada)<\/p>\n<p><strong>10. Interruptor de flujo<\/strong><br \/>\nEl XFyre mantiene su interruptor de flujo seguro y seco dentro del gabinete, que lo protege durante el env\u00edo y en la sala de calderas.<\/p>\n<p><strong>11. Intercambiador de calor estilo &#8220;Duo&#8221;<\/strong><br \/>\nEl XFyre utiliza un intercambiador de calor de condensaci\u00f3n y sin condensaci\u00f3n de doble c\u00e1mara de acero inoxidable 316L. La tecnolog\u00eda de soldadura sellada elimina juntas y juntas t\u00f3ricas. Los sellos especiales de glicol no son necesarios para aplicaciones hidr\u00f3nicas. ASME Secci\u00f3n IV construida y sellada. Junta Nacional registrada.<\/p>\n<p><strong>12. Electrodo de detecci\u00f3n de llama<\/strong><br \/>\nDespu\u00e9s de una llamada de calor, el electrodo de llama separado monitorea la rectificaci\u00f3n de la llama. Esto ayuda a asegurar el arrastre adecuado mientras tambi\u00e9n monitorea constantemente la llama. (No mostrada)<\/p>\n<p><strong>13. Conexi\u00f3n Tru-Seal interno<\/strong><br \/>\nPermite que el XFyre se ventile directamente hasta 200 pies equivalentes combinados (ventilaci\u00f3n y entrada de aire) en un sistema de ventilaci\u00f3n horizontal o vertical. (No mostrada)<\/p>\n<p><strong>14. Tecnolog\u00eda de soplador inteligente<\/strong><br \/>\nUtilizando un soplador de combusti\u00f3n tecnol\u00f3gicamente avanzado, silencioso, totalmente silencioso. El aire y el combustible se mezclan con precisi\u00f3n.<\/p>\n<p><strong>15. Chaqueta a prueba de agua<\/strong><br \/>\nAcero galvanizado de calibre pesado con acabado de pintura en polvo Poltuf resistente a los rayos UV es impermeable al clima y la corrosi\u00f3n. Raypak tiene uno de los mejores sistemas de recubrimiento en polvo de la costa oeste, independientemente de la industria. Nos re\u00edmos de una prueba de niebla salina de 1000 horas. Documentaci\u00f3n de prueba independiente disponible a pedido. (No mostrada)<\/p>\n<\/div>\n<p>&nbsp;<\/p>\n<p>&nbsp;<\/p>\n<p style=\"text-align: center;\"><strong>PARTES<\/strong><\/p>\n<p><img decoding=\"async\" src=\"https:\/\/h2otek.com\/tienda\/img\/cms\/aguacaliente\/raypak\/xfyre\/partes-calentador-xfyre.jpg\" alt=\"\" width=\"648\" height=\"321\" \/><\/p>\n<p>&nbsp;<\/p>\n<p style=\"text-align: center;\">\n<p style=\"text-align: center;\"><strong>TABLA DE ESPECIFICACIONES Y DIMENSIONES:<\/strong><\/p>\n<p style=\"text-align: center;\"><img decoding=\"async\" src=\"https:\/\/h2otek.com\/tienda\/img\/cms\/aguacaliente\/raypak\/xfyre\/especificaciones-calentador-xfyre-H7-850A.gif\" alt=\"especificaciones-calentador-xfyre\" width=\"700\" height=\"499\" \/><\/p>\n<p>&nbsp;<\/p>\n<p>&nbsp;<\/p>\n<p><strong>DESCARGAR MANUALES<\/strong><\/p>\n<ul>\n<li><strong><a href=\"http:\/\/www.h2otek.com\/tienda\/pdf\/aguacaliente\/FOLLETO%20BOILER%20HIDRONICOS%20XFYRE%20300A-850A.pdf\" target=\"_blank\" rel=\"noopener\">FOLLETO<\/a><\/strong><\/li>\n<li><strong><a href=\"http:\/\/www.h2otek.com\/tienda\/pdf\/aguacaliente\/ESPECIFICACIONES%20BOILER%20HIDRONICOS%20XFYRE%20300A-850A.pdf\" target=\"_blank\" rel=\"noopener\">ESPECIFICACIONES<\/a><\/strong><\/li>\n<li><strong><a href=\"http:\/\/www.h2otek.com\/tienda\/pdf\/aguacaliente\/MANUAL%20INSTALACION%20BOILER%20HIDRONICOS%20XFYRE%20300A-850A.pdf\" target=\"_blank\" rel=\"noopener\">INSTALACI\u00d3N Y OPERACI\u00d3N<\/a><\/strong><\/li>\n<li><strong><a href=\"http:\/\/www.h2otek.com\/tienda\/pdf\/aguacaliente\/LISTA%20DE%20PARTES%20BOILER%20HIDRONICOS%20XFYRE%20300A-850A.pdf\" target=\"_blank\" rel=\"noopener\">LISTA DE PARTES<\/a><\/strong><\/li>\n<\/ul>\n<p>&nbsp;<\/p>\n<div>\n<p style=\"text-align: left;\"><strong>PRECIO INCLUYE GASTOS DE ENVIO (GRATIS) E IMPUESTO 16% DE IVA.<\/strong><\/p>\n<\/div>\n","protected":false},"excerpt":{"rendered":"<p><span style=\"color: #ff0000;\"><strong>PARA PRECIO DE ESTE PRODUCTO FAVOR DE COMUNICARSE EN ATENCION A CLIENTES: info@h2otek.com O AL TEL: 01 800 94 26 835<\/strong><\/span><\/p>\n<p><span style=\"color: #ff0000;\"><strong>CALENTADOR DE AGUA A GAS 850,000 BTU DE CONDENSACI\u00d3N XFYRE RAYPAK<\/strong><\/span><\/p>\n<p><strong>CALEFACCI\u00d3N EN PISCINAS POR DEMANDA O RECIRCULACION DE AGUA CALIENTE. OPERACI\u00d3N SILENCIOSA.<em><br \/>\n<\/em><\/strong><\/p>\n<p><em><strong>IDEALES EN:<\/strong><\/em><\/p>\n<ul>\n<li><em><strong>ALBERCA \u00d3 PISCINA<br \/>\n<\/strong><\/em><\/li>\n<li><em><strong>SPA<\/strong><\/em><\/li>\n<li><em><strong>JACUZZI<\/strong><\/em><\/li>\n<li><em><strong>HIDROMASAJE, ETC.<\/strong><\/em><\/li>\n<\/ul>\n","protected":false},"featured_media":902,"comment_status":"closed","ping_status":"closed","template":"","meta":[],"pwb-brand":[],"product_brand":[],"product_cat":[522],"product_tag":[],"class_list":{"0":"post-18463","1":"product","2":"type-product","3":"status-publish","4":"has-post-thumbnail","6":"product_cat-calentadores-de-agua-de-condensacion-xfyre-300a-850a","8":"first","9":"outofstock","10":"purchasable","11":"product-type-simple"},"brands":[],"_links":{"self":[{"href":"https:\/\/h2otek.com\/tienda\/wp-json\/wp\/v2\/product\/18463","targetHints":{"allow":["GET"]}}],"collection":[{"href":"https:\/\/h2otek.com\/tienda\/wp-json\/wp\/v2\/product"}],"about":[{"href":"https:\/\/h2otek.com\/tienda\/wp-json\/wp\/v2\/types\/product"}],"replies":[{"embeddable":true,"href":"https:\/\/h2otek.com\/tienda\/wp-json\/wp\/v2\/comments?post=18463"}],"wp:featuredmedia":[{"embeddable":true,"href":"https:\/\/h2otek.com\/tienda\/wp-json\/wp\/v2\/media\/902"}],"wp:attachment":[{"href":"https:\/\/h2otek.com\/tienda\/wp-json\/wp\/v2\/media?parent=18463"}],"wp:term":[{"taxonomy":"pwb-brand","embeddable":true,"href":"https:\/\/h2otek.com\/tienda\/wp-json\/wp\/v2\/pwb-brand?post=18463"},{"taxonomy":"product_brand","embeddable":true,"href":"https:\/\/h2otek.com\/tienda\/wp-json\/wp\/v2\/product_brand?post=18463"},{"taxonomy":"product_cat","embeddable":true,"href":"https:\/\/h2otek.com\/tienda\/wp-json\/wp\/v2\/product_cat?post=18463"},{"taxonomy":"product_tag","embeddable":true,"href":"https:\/\/h2otek.com\/tienda\/wp-json\/wp\/v2\/product_tag?post=18463"}],"curies":[{"name":"wp","href":"https:\/\/api.w.org\/{rel}","templated":true}]}}