{"id":18454,"date":"2021-07-06T21:17:48","date_gmt":"2021-07-06T21:17:48","guid":{"rendered":"https:\/\/h2otek.com\/tienda\/producto\/nebulizacion-sistema-de-niebla-movil-trabajo-peligroso-3-4-hp-115v-60-hz-1-fase-3200-cfm-marca-jaybird-mod-xe-hrsm-2000-exp\/"},"modified":"2023-03-08T01:48:35","modified_gmt":"2023-03-08T01:48:35","slug":"nebulizacion-sistema-de-niebla-movil-trabajo-peligroso-3-4-hp-115v-60-hz-1-fase-3200-cfm-marca-jaybird-mod-xe-hrsm-2000-exp","status":"publish","type":"product","link":"https:\/\/h2otek.com\/tienda\/producto\/nebulizacion-sistema-de-niebla-movil-trabajo-peligroso-3-4-hp-115v-60-hz-1-fase-3200-cfm-marca-jaybird-mod-xe-hrsm-2000-exp\/","title":{"rendered":"NEBULIZACI\u00d3N-SISTEMA DE NIEBLA M\u00d3VIL TRABAJO PELIGROSO 3\/4 HP 115V. 60 HZ 1 FASE 3,200 CFM MARCA JAYBIRD MOD. XE-HRSM-2000-EXP"},"content":{"rendered":"<p style=\"text-align: center;\" align=\"center\"><img fetchpriority=\"high\" decoding=\"async\" src=\"https:\/\/h2otek.com\/tienda\/img\/cms\/controlhumedad\/jaybird\/moviles\/header-atomizadores-moviles-XE-HRSM-2000-EXP.jpg\" alt=\"header-atomizadores-moviles-XE-HRSM-2000\" width=\"700\" height=\"300\" \/><\/p>\n<p style=\"text-align: justify;\">El <strong>HRSM-EXP es una unidad altamente especializada dise\u00f1ada para operar en \u00e1reas propensas a explosi\u00f3n<\/strong>. Estas \u00e1reas peligrosas generalmente contienen polvo o vapores vol\u00e1tiles. Ver certificaciones a continuaci\u00f3n.<\/p>\n<p>Este potente atomizador es ideal para la humidificaci\u00f3n a gran escala, la fumigaci\u00f3n y el enfriamiento por evaporaci\u00f3n. Las unidades combinan la potencia del ventilador de niebla Turbo XE con un gran tanque de 18 galones. El tanque recicla las aguas residuales y puede usarse en nebulizaciones qu\u00edmicas. Este atomizador centr\u00edfugo produce miles de millones de peque\u00f1as part\u00edculas similares a la niebla que se evaporan r\u00e1pidamente. El HRSM-EXP utiliza dos v\u00e1lvulas de flotaci\u00f3n para mantener el nivel del agua, una bomba sumergible para alimentar el cabezal de nebulizaci\u00f3n y una v\u00e1lvula de bola para controlar la salida de nebulizaci\u00f3n.<\/p>\n<p>Las unidades de trabajo peligrosas deben estar cableadas en una fuente de alimentaci\u00f3n apropiada o usar un enchufe el\u00e9ctrico de trabajo peligroso junto con un recept\u00e1culo de servicio peligroso.<\/p>\n<ul>\n<li>Atomizaci\u00f3n sin boquillas<\/li>\n<li>Conveniente para al aire libre<\/li>\n<li>Cabeza de nebulizaci\u00f3n pivotante<\/li>\n<li>Llega completamente ensamblado<\/li>\n<\/ul>\n<p>\u00a0<\/p>\n<p><strong>Controles y Caracter\u00edsticas est\u00e1ndar:<\/strong><\/p>\n<p style=\"text-align: justify;\">El HRSM-EXP se suministra con 25&#8242; de cable de alimentaci\u00f3n flexible.<\/p>\n<ul>\n<li>Dos v\u00e1lvulas de flotaci\u00f3n<\/li>\n<li>Medidor de nivel de fluido<\/li>\n<li>Colador en l\u00ednea<\/li>\n<li>Tapa de acceso al tanque grande<\/li>\n<li>Conexi\u00f3n de manguera de jard\u00edn<\/li>\n<\/ul>\n<p>Una v\u00e1lvula de cuarto de vuelta controla la salida de nebulizaci\u00f3n. Los caudales m\u00e1s bajos generalmente se usan en aplicaciones que requieren niebla seca.<\/p>\n<p style=\"text-align: justify;\">Velocidad de flujo con aplicaciones relacionadas:<\/p>\n<table class=\"xe-example\" border=\"0\">\n<tbody>\n<tr>\n<th style=\"width: 10%;\" rowspan=\"2\" width=\"26%\">\n<p><img decoding=\"async\" src=\"https:\/\/h2otek.com\/tienda\/img\/cms\/controlhumedad\/jaybird\/moviles\/hrsm_back.jpg\" alt=\"hrsm_back.jpg\" width=\"170\" height=\"227\" \/><\/p>\n<\/th>\n<th style=\"width: 23%;\" width=\"26%\">\n<p>Hasta 30 GPH<\/p>\n<\/th>\n<th style=\"width: 23%;\" width=\"28%\">\n<p>Hasta 15\u00a0GPH<\/p>\n<\/th>\n<th style=\"width: 23%;\" width=\"26%\">\n<p>Hasta 8 GPH<\/p>\n<\/th>\n<th style=\"width: 23%;\" width=\"16%\">\n<p>Hasta 2 GPH<\/p>\n<\/th>\n<\/tr>\n<tr>\n<td>\n<p>Ag \/ Horticultura<\/p>\n<p>Enfriamento evaporativo<\/p>\n<p>Curado de concreto<\/p>\n<p>Hongos<\/p>\n<\/td>\n<td>\n<p>Planta manufacturera<\/p>\n<p>Madera\/Le\u00f1as\/Papel<\/p>\n<p>Almacenamiento de<br \/>vino\/barril<\/p>\n<\/td>\n<td>\n<p>Mfg Polvo\/est\u00e1tico<\/p>\n<p>Planta Textil<\/p>\n<p><\/p>\n<\/td>\n<td>\n<p>Control de olores<\/p>\n<p><\/p>\n<\/td>\n<\/tr>\n<\/tbody>\n<\/table>\n<h3>\u00a0<\/h3>\n<table style=\"width: 100%;\" border=\"0\">\n<tbody>\n<tr>\n<td style=\"text-align: center;\"><img decoding=\"async\" src=\"https:\/\/h2otek.com\/tienda\/img\/cms\/controlhumedad\/jaybird\/moviles\/xe_exp_motor.jpg\" alt=\"xe_exp_motor.jpg\" width=\"185\" height=\"98\" \/><\/td>\n<td>\n<p><strong>Motor\u00a0a prueba de explosiones<\/strong><\/p>\n<p>Motor a prueba de explosiones<br \/>Motor a prueba de explosiones de grado industrial Baldor\u00ae<\/p>\n<ul>\n<li>Lugares peligrosos<\/li>\n<li>Hecho en EE.UU<\/li>\n<\/ul>\n<\/td>\n<\/tr>\n<tr>\n<td style=\"text-align: center;\"><img loading=\"lazy\" decoding=\"async\" src=\"https:\/\/h2otek.com\/tienda\/img\/cms\/controlhumedad\/jaybird\/moviles\/drainage_port.jpg\" alt=\"\" width=\"150\" height=\"106\" \/><\/td>\n<td>\n<p><strong>Puerto de drenaje<\/strong><\/p>\n<p>Un puerto de drenaje especialmente dise\u00f1ado ubicado en la parte inferior del motor permite la condensaci\u00f3n para escapar, conservando las propiedades a prueba de explosiones del motor.<\/p>\n<ul>\n<li>Extiende la vida del motor<\/li>\n<li>Hecho en EE.UU<\/li>\n<\/ul>\n<\/td>\n<\/tr>\n<tr>\n<td style=\"text-align: center;\"><img loading=\"lazy\" decoding=\"async\" src=\"https:\/\/h2otek.com\/tienda\/img\/cms\/controlhumedad\/jaybird\/moviles\/carol_cord.jpg\" alt=\"\" width=\"185\" height=\"134\" \/><\/td>\n<td>\n<p><strong>Cable flexible de marca Carol\u00ae<\/strong><\/p>\n<ul>\n<li>Uso extra duro aprobado<\/li>\n<li>Clases, Divisiones NEC 501 &#8211; 505<\/li>\n<li>Conectores a prueba de l\u00edquidos de aluminio<\/li>\n<\/ul>\n<\/td>\n<\/tr>\n<\/tbody>\n<\/table>\n<h3>\u00a0<\/h3>\n<\/p>\n<p>\u00a0<\/p>\n<p style=\"text-align: center;\"><strong>TABLA DE ESPECIFICACIONES Y DIMENSIONES:<\/strong><\/p>\n<table border=\"0\">\n<tbody>\n<tr>\n<td rowspan=\"11\"><img loading=\"lazy\" decoding=\"async\" src=\"https:\/\/h2otek.com\/tienda\/img\/cms\/controlhumedad\/jaybird\/moviles\/hrsm_exp_spec.png\" alt=\"crsm_spec.png\" width=\"300\" height=\"499\" \/><\/p>\n<p>\u00a0<\/p>\n<\/td>\n<td>Dimensiones:<\/td>\n<td>\n<p>Largo 25.5 pulg. \/ 65 cm<\/p>\n<p>Ancho\u00a021 pulg. \/ 53 cm<\/p>\n<p>Altura\u00a044 pulg. \/\u00a0112 cm<\/p>\n<\/td>\n<\/tr>\n<tr>\n<td>\n<p>Peso aproximado:<\/p>\n<\/td>\n<td>\n<p>88 lbs \/ 39.9 kg<\/p>\n<\/td>\n<\/tr>\n<tr>\n<td>Peso aproximado del env\u00edo:<\/td>\n<td>\n<p>138 lbs\/ 62.6 kg<\/p>\n<\/td>\n<\/tr>\n<tr>\n<td>Dimensiones de env\u00edo:<\/td>\n<td>\n<p>46\u201dx 24\u201dx 32\u201d (LxWxH)<\/p>\n<\/td>\n<\/tr>\n<tr>\n<td>\u00c1ngulo de giro del cabezal de empa\u00f1ado:<\/td>\n<td>\n<p>0\u00b0, 15\u00b0, 30\u00b0, 45\u00b0<\/p>\n<\/td>\n<\/tr>\n<tr>\n<td>Motor el\u00e9ctrico:<\/td>\n<td>\n<p>3\/4 hp \/ 9.8 amps @ 115V<\/p>\n<\/td>\n<\/tr>\n<tr>\n<td>Ruido a 10 pies:<\/td>\n<td>\n<p>74 dB(A)<\/p>\n<\/td>\n<\/tr>\n<tr>\n<td>Tama\u00f1o medio de part\u00edcula:<\/td>\n<td>\n<p>5-10 micras a bajo volumen<\/p>\n<p>25 micras @ volumen medio<\/p>\n<p>35 micras de alto volumen<\/p>\n<\/td>\n<\/tr>\n<tr>\n<td>Capacidad del tanque:<\/td>\n<td>\n<p>18 US gal \/ 68 L<\/p>\n<\/td>\n<\/tr>\n<tr>\n<td>CFM<\/td>\n<td>\n<p>3,200<\/p>\n<\/td>\n<\/tr>\n<tr>\n<td>Entorno:<\/td>\n<td>\n<p>Soporta temperaturas desde<br \/>33\u00b0\u00a0a 160\u00b0 F<\/p>\n<p>Interior\/Exterior<\/p>\n<p>Humedad hasta\u00a0100% RH<\/p>\n<p>Estabilizado a UV y resistente a los impactos<\/p>\n<\/td>\n<\/tr>\n<\/tbody>\n<\/table>\n<div style=\"text-align: center;\">\n<p style=\"text-align: center;\">\u00a0<\/p>\n<p style=\"text-align: center;\">\u00a0\u00a0<\/p>\n<\/div>\n<p style=\"text-align: justify;\"><strong><span style=\"color: #000000;\"><strong><strong><strong><strong>CERTIFICACIONES:<\/p>\n<p><\/strong><\/strong><\/strong><\/strong><\/span><\/strong><span style=\"color: #000000;\">Los motores Baldor\u00ae a prueba de explosiones est\u00e1n aprobados por UL y CSA para las siguientes ubicaciones peligrosas:<\/span><span style=\"color: #000000;\"><br \/><\/span><\/p>\n<ul>\n<li style=\"color: #000000;\">Clase 1, ubicaciones del grupo D que contienen gases vol\u00e1tiles como Gasolina, Hexano, Nafta, Benceno, Propano, Alcohol, etc.<\/li>\n<li>Clase 2, ubicaciones del Grupo F y G que contienen polvo como (F) Negro de Carb\u00f3n, Polvo de Coque o Coque o Polvo de Grupo (G), Almid\u00f3n o Polvo de Granos.<\/li>\n<\/ul>\n<p>\u00a0<\/p>\n<p>\u00a0<\/p>\n<p style=\"text-align: justify;\"><strong><span style=\"color: #000000;\"><strong><strong><strong><strong>DESCARGAR MANUALES:<br \/><\/strong><\/strong><\/strong><\/strong><\/span><\/strong><\/p>\n<ul>\n<li><strong><a href=\"https:\/\/h2otek.com\/tienda\/pdf\/controlhumedad\/MANUAL%20ATOMIZADOR%20XE%20MOBILES%20JAYBIRD%20XE-HRSM-2000-EXP.pdf\" target=\"_blank\" rel=\"noopener\">MANUAL DE INSTALACI\u00d3N<\/a><\/strong><\/li>\n<\/ul>\n<p>\u00a0<\/p>\n<p><strong><span style=\"color: #000000;\"><strong><strong><strong><strong>PRECIO INCLUYE GASTOS DE ENVIO (GRATIS) E IMPUESTO <\/strong>16% DE IVA<\/strong><\/strong><\/strong><\/span><\/strong><\/p>\n","protected":false},"excerpt":{"rendered":"<p><span style=\"color: #ff0000;\"><strong>PRECIO EN D\u00d3LARES US.<\/strong><\/span><\/p>\n<p><span style=\"color: #ff0000;\"><strong>SISTEMA DE NIEBLA M\u00d3VIL DE TRABAJO PELIGROSO 115V 60HZ 1 FASE<\/strong><\/span><\/p>\n<p><strong><em>APLICACIONES M\u00c1S COMUNES:<\/em><\/strong><\/p>\n<ul>\n<li><strong><em>INVERNADEROS<\/em><\/strong><\/li>\n<li><strong><em>PROCESOS INDUSTRIALES<\/em><\/strong><\/li>\n<li><strong><em>ALMACENES<\/em><\/strong><\/li>\n<li><strong><em>CAPTACION DE POLVO<\/em><\/strong><\/li>\n<li><strong><em>CUARTOS DE PRUEBA<\/em><\/strong><\/li>\n<li><strong><em>CUARTOS DE MADURACION<\/em><\/strong><\/li>\n<li><strong><em>CAMARAS<\/em><\/strong><\/li>\n<li><strong><em>CAMARAS FRIGORIFICAS<\/em><\/strong><\/li>\n<li><strong><em>USO EN EXTERIORES<\/em><\/strong><\/li>\n<li><strong><em>USO PARA REFRESCAR EL AMBIENTE<\/em><\/strong><\/li>\n<li><strong><em>CUARTO LIMPIOS<\/em><\/strong><\/li>\n<li><strong><em>LABORATORIOS<\/em><\/strong><\/li>\n<li><strong><em>ETC.<\/em><\/strong><\/li>\n<\/ul>\n","protected":false},"featured_media":2128,"comment_status":"closed","ping_status":"closed","template":"","meta":[],"pwb-brand":[],"product_brand":[],"product_cat":[421,962],"product_tag":[],"class_list":{"0":"post-18454","1":"product","2":"type-product","3":"status-publish","4":"has-post-thumbnail","6":"product_cat-voltaje-domestico-humidificadores-nebulizadores","7":"product_cat-voltaje-domestico-humidificadores-nebulizadores-unidades-hrsm-humidificadores-nebulizadores-linea-hrsm","9":"first","10":"onbackorder","11":"purchasable","12":"product-type-simple"},"brands":[],"_links":{"self":[{"href":"https:\/\/h2otek.com\/tienda\/wp-json\/wp\/v2\/product\/18454","targetHints":{"allow":["GET"]}}],"collection":[{"href":"https:\/\/h2otek.com\/tienda\/wp-json\/wp\/v2\/product"}],"about":[{"href":"https:\/\/h2otek.com\/tienda\/wp-json\/wp\/v2\/types\/product"}],"replies":[{"embeddable":true,"href":"https:\/\/h2otek.com\/tienda\/wp-json\/wp\/v2\/comments?post=18454"}],"wp:featuredmedia":[{"embeddable":true,"href":"https:\/\/h2otek.com\/tienda\/wp-json\/wp\/v2\/media\/2128"}],"wp:attachment":[{"href":"https:\/\/h2otek.com\/tienda\/wp-json\/wp\/v2\/media?parent=18454"}],"wp:term":[{"taxonomy":"pwb-brand","embeddable":true,"href":"https:\/\/h2otek.com\/tienda\/wp-json\/wp\/v2\/pwb-brand?post=18454"},{"taxonomy":"product_brand","embeddable":true,"href":"https:\/\/h2otek.com\/tienda\/wp-json\/wp\/v2\/product_brand?post=18454"},{"taxonomy":"product_cat","embeddable":true,"href":"https:\/\/h2otek.com\/tienda\/wp-json\/wp\/v2\/product_cat?post=18454"},{"taxonomy":"product_tag","embeddable":true,"href":"https:\/\/h2otek.com\/tienda\/wp-json\/wp\/v2\/product_tag?post=18454"}],"curies":[{"name":"wp","href":"https:\/\/api.w.org\/{rel}","templated":true}]}}