{"id":18446,"date":"2021-07-06T21:17:43","date_gmt":"2021-07-06T21:17:43","guid":{"rendered":"https:\/\/h2otek.com\/tienda\/producto\/boiler-de-deposito-100-galones-375-litros-a-gas-lp-marca-calorex-mod-100-83-cx-gas-lp\/"},"modified":"2026-01-16T23:43:00","modified_gmt":"2026-01-16T23:43:00","slug":"boiler-de-deposito-100-galones-375-litros-a-gas-lp-marca-calorex-mod-100-83-cx-gas-lp","status":"publish","type":"product","link":"https:\/\/h2otek.com\/tienda\/producto\/boiler-de-deposito-100-galones-375-litros-a-gas-lp-marca-calorex-mod-100-83-cx-gas-lp\/","title":{"rendered":"BOILER DE DEP\u00d3SITO 100 GALONES (375 LITROS) A GAS LP MARCA CALOREX MOD. 100-83 CX GAS LP"},"content":{"rendered":"<p style=\"text-align: center;\"><img fetchpriority=\"high\" decoding=\"async\" class=\"alignnone size-full wp-image-33091\" src=\"https:\/\/h2otek.com\/tienda\/wp-content\/uploads\/2021\/07\/header-boiler-depgas-calorex-100-83CX-lp.jpg\" alt=\"\" width=\"600\" height=\"243\" srcset=\"https:\/\/h2otek.com\/tienda\/wp-content\/uploads\/2021\/07\/header-boiler-depgas-calorex-100-83CX-lp.jpg 600w, https:\/\/h2otek.com\/tienda\/wp-content\/uploads\/2021\/07\/header-boiler-depgas-calorex-100-83CX-lp-300x122.jpg 300w, https:\/\/h2otek.com\/tienda\/wp-content\/uploads\/2021\/07\/header-boiler-depgas-calorex-100-83CX-lp-148x60.jpg 148w, https:\/\/h2otek.com\/tienda\/wp-content\/uploads\/2021\/07\/header-boiler-depgas-calorex-100-83CX-lp-222x90.jpg 222w\" sizes=\"(max-width: 600px) 100vw, 600px\" \/><\/p>\n<p>&nbsp;<\/p>\n<p style=\"text-align: justify;\"><strong>CALENTADOR COMERCIAL\/INDUSTRIAL CALOREX DEP\u00d3SITO A GAS<\/strong> Dise\u00f1ados para negocios rentables.\u00a0Dise\u00f1ado para proveer grandes cantidades\u00a0de agua caliente, en forma econ\u00f3mica y\u00a0de f\u00e1cil mantenimiento. Opciones para\u00a0trabajo ligero, y pesado.<\/p>\n<p>VENTAJAS CALOREX<\/p>\n<ul>\n<li>Dise\u00f1ados para un desempe\u00f1o eficiente generando negocios rentables. 35% de ahorro de gas vs equipos convencionales (calderas).<\/li>\n<li>Mayor ahorro de espacio que los sistemas convencionales de recirculaci\u00f3n con tanque (calderas).<\/li>\n<li>Instalaci\u00f3n en espacios m\u00ednimos de 1m<sup>2<\/sup>.<\/li>\n<li>Versatilidad modular escalable (Hasta 4 equipos en serie \u00f3 paralelos).<\/li>\n<li>Conexiones de agua universales; pueden reemplazar cualquier equipo instalado previamente.<\/li>\n<li>F\u00e1cil instalaci\u00f3n (entradas frontales y posteriores)<\/li>\n<li>M\u00ednimo mantenimiento, no requiere personal para su operaci\u00f3n.<\/li>\n<li>Totalmente autom\u00e1ticos con los m\u00e1s avanzados sistemas de encendido, controles de seguridad y de ahorro de energ\u00eda.<\/li>\n<li>Certificados a una presi\u00f3n de prueba de 21.10 kg\/cm2 y para una presi\u00f3n m\u00e1xima de trabajo de 10.5 kg\/cm2<\/li>\n<li>Garant\u00eda de 3 a\u00f1os, 1 a\u00f1o en partes el\u00e9ctricas.<\/li>\n<\/ul>\n<p>CARACTER\u00cdSTICAS: <strong>Tanque porcelanizado de \u00faltima generaci\u00f3n.<\/strong> Con tecnolog\u00eda Dura-GlasMR y m\u00faltiple protecci\u00f3n cat\u00f3dica que protegen y alargan la vida del tanque. <strong>Aislamiento t\u00e9rmico de espuma de poliuretano.<\/strong> De alta densidad, el cual reduce la p\u00e9rdida de calor. <strong>V\u00e1lvula de drenado y brida de acceso al interior del tanque.<\/strong> Para f\u00e1cil limpieza y mantenimiento, alargando la vida del calentador. <strong>Instalaci\u00f3n en espacios m\u00ednimos (1m2).<\/strong> <strong>COMERCIALES A GAS<\/strong> <strong>V\u00e1lvula de alivio de presi\u00f3n y temperatura.<\/strong> Instalada de f\u00e1brica acorde a cada potencia; protegiendo el sistema hidr\u00e1ulico. <strong>Sistema de encendido de ignici\u00f3n por medio de piloto manual.<\/strong> <strong>Compuerta de tiro autom\u00e1tica de Alta Eficiencia (DAMPER).<\/strong> Para evitar la p\u00e9rdida de calor generando ahorro de energ\u00eda. <strong>TANQUES DE ALMACENAMIENTO<\/strong> <strong>Conexiones para accesorios opcionales.<\/strong> Termostato, acuastato, v\u00e1lvula de drenado, etc. (no incluidos)<\/p>\n<p>&nbsp;<\/p>\n<div style=\"text-align: center;\"><strong>TABLA DE ESPECIFICACIONES:<\/strong><\/div>\n<p style=\"text-align: center;\"><img decoding=\"async\" src=\"https:\/\/www.h2otek.com\/tienda\/img\/cms\/aguacaliente\/calorex\/especificaciones-boiler-depgas-calorex-100-83cx.gif\" alt=\"\" width=\"800\" height=\"450\" \/><\/p>\n<p>&nbsp;<\/p>\n<p>UN CALENTADOR COMERCIAL ES TAN POTENTE, QUE EQUIVALE A 25 CALENTADORES RESIDENCIALES** * Modelos disponibles en c\u00f3digo ASME. ** Calentador Residencial de 38 litros, aplica al modelo D-80-512-CX<\/p>\n<p>&nbsp;<\/p>\n<div style=\"text-align: left;\"><strong>DESCARGAR MANUALES<\/strong><\/div>\n<div style=\"text-align: left;\">\n<ul>\n<li><strong><a href=\"https:\/\/h2otek.com\/tienda\/wp-content\/uploads\/2021\/07\/FOLLETO-CALOREX-GAS.pdf\" target=\"_blank\" rel=\"noopener\">FOLLETO<\/a><\/strong><\/li>\n<li><a href=\"https:\/\/h2otek.com\/tienda\/wp-content\/uploads\/2021\/07\/MANUAL-CALOREX-GAS.pdf\" target=\"_blank\" rel=\"noopener\"><strong>MANUAL<\/strong><\/a><\/li>\n<\/ul>\n<\/div>\n","protected":false},"excerpt":{"rendered":"<p><span style=\"color: #ff0000;\"><strong>PRECIO EN PESOS MEXICANOS.<\/strong><\/span><br \/>\n<span style=\"color: #ff0000;\"><strong>PRECIO INCLUYE 16 % DE I.V.A.<\/strong><\/span><br \/>\n<span style=\"color: #ff0000;\"><strong>PRECIO INCLUYE ENVIO (ZONA CENTRO).<\/strong><\/span><\/p>\n<p><strong>BOILER A GAS LP 100 GALONES (375 LITROS)<\/strong><\/p>\n<p><span style=\"font-size: small; color: #000000;\"><strong>RECOMENDADO PARA USO COMERCIAL-INDUSTRIAL (RECOMENDADO PARA 9 SERVICIOS\/REGADERAS)<\/strong><\/span><\/p>\n<p style=\"text-align: left; color: #000000;\"><em><span style=\"font-size: small;\"><strong>IDEALES PARA CUALQUIER NECESIDAD DE AGUA CALIENTE, COMO PUEDE SER EN:<\/strong><\/span><\/em><\/p>\n<ul>\n<li style=\"text-align: left; color: #000000;\"><em><span style=\"font-size: small;\"><strong>CASAS<\/strong><\/span><\/em><\/li>\n<li style=\"text-align: left; color: #000000;\"><em><span style=\"font-size: small;\"><strong>RESIDENCIAS<\/strong><\/span><\/em><\/li>\n<li style=\"text-align: left; color: #000000;\"><em><span style=\"font-size: small;\"><strong>DEPARTAMENTOS<\/strong><\/span><\/em><\/li>\n<li style=\"text-align: left; color: #000000;\"><em><span style=\"font-size: small;\"><strong>CONDOMINIOS<\/strong><\/span><\/em><\/li>\n<li style=\"text-align: left; color: #000000;\"><em><span style=\"font-size: small;\"><strong>CASA DE CAMPO<\/strong><\/span><\/em><\/li>\n<li style=\"text-align: left; color: #000000;\"><em><span style=\"font-size: small;\"><strong>PROCESOS INDUSTRIALES<\/strong><\/span><\/em><\/li>\n<li style=\"text-align: left; color: #000000;\"><em><span style=\"font-size: small;\"><strong>REGADERAS EN SERIES<\/strong><\/span><\/em><\/li>\n<li style=\"text-align: left; color: #000000;\"><em><span style=\"font-size: small;\"><strong>QUINTAS<\/strong><\/span><\/em><\/li>\n<li style=\"text-align: left; color: #000000;\"><em><span style=\"font-size: small;\"><strong>LABORATORIOS<\/strong><\/span><\/em><\/li>\n<li style=\"text-align: left; color: #000000;\"><em><span style=\"font-size: small;\"><strong>MOTELES<\/strong><\/span><\/em><\/li>\n<li style=\"text-align: left; color: #000000;\"><em><span style=\"font-size: small;\"><strong>HOTELES<\/strong><\/span><\/em><\/li>\n<li style=\"text-align: left; color: #000000;\"><em><span style=\"font-size: small;\"><strong>GIMNASIOS<\/strong><\/span><\/em><\/li>\n<li style=\"text-align: left; color: #000000;\"><em><span style=\"font-size: small;\"><strong>ALMACENES<\/strong><\/span><\/em><\/li>\n<li style=\"text-align: left; color: #000000;\"><em><span style=\"font-size: small;\"><strong>ETC.<\/strong><\/span><\/em><\/li>\n<\/ul>\n","protected":false},"featured_media":33083,"comment_status":"closed","ping_status":"closed","template":"","meta":[],"pwb-brand":[],"product_brand":[],"product_cat":[399],"product_tag":[],"class_list":{"0":"post-18446","1":"product","2":"type-product","3":"status-publish","4":"has-post-thumbnail","6":"product_cat-deposito-a-gas-boilers-calentadores-de-agua-industriales-comerciales-calorex","8":"first","9":"onbackorder","10":"purchasable","11":"product-type-simple"},"brands":[],"_links":{"self":[{"href":"https:\/\/h2otek.com\/tienda\/wp-json\/wp\/v2\/product\/18446","targetHints":{"allow":["GET"]}}],"collection":[{"href":"https:\/\/h2otek.com\/tienda\/wp-json\/wp\/v2\/product"}],"about":[{"href":"https:\/\/h2otek.com\/tienda\/wp-json\/wp\/v2\/types\/product"}],"replies":[{"embeddable":true,"href":"https:\/\/h2otek.com\/tienda\/wp-json\/wp\/v2\/comments?post=18446"}],"wp:featuredmedia":[{"embeddable":true,"href":"https:\/\/h2otek.com\/tienda\/wp-json\/wp\/v2\/media\/33083"}],"wp:attachment":[{"href":"https:\/\/h2otek.com\/tienda\/wp-json\/wp\/v2\/media?parent=18446"}],"wp:term":[{"taxonomy":"pwb-brand","embeddable":true,"href":"https:\/\/h2otek.com\/tienda\/wp-json\/wp\/v2\/pwb-brand?post=18446"},{"taxonomy":"product_brand","embeddable":true,"href":"https:\/\/h2otek.com\/tienda\/wp-json\/wp\/v2\/product_brand?post=18446"},{"taxonomy":"product_cat","embeddable":true,"href":"https:\/\/h2otek.com\/tienda\/wp-json\/wp\/v2\/product_cat?post=18446"},{"taxonomy":"product_tag","embeddable":true,"href":"https:\/\/h2otek.com\/tienda\/wp-json\/wp\/v2\/product_tag?post=18446"}],"curies":[{"name":"wp","href":"https:\/\/api.w.org\/{rel}","templated":true}]}}