{"id":18393,"date":"2021-07-06T21:17:32","date_gmt":"2021-07-06T21:17:32","guid":{"rendered":"https:\/\/h2otek.com\/tienda\/producto\/calentador-de-agua-boiler-deposito-electrico-cap-40-litros-127v-1500w-calorex-mod-pro-40-l\/"},"modified":"2025-02-22T19:07:13","modified_gmt":"2025-02-22T19:07:13","slug":"calentador-de-agua-boiler-deposito-electrico-cap-40-litros-127v-1500w-calorex-mod-pro-40-l","status":"publish","type":"product","link":"https:\/\/h2otek.com\/tienda\/producto\/calentador-de-agua-boiler-deposito-electrico-cap-40-litros-127v-1500w-calorex-mod-pro-40-l\/","title":{"rendered":"CALENTADOR DE AGUA &#8211; BOILER DEP\u00d3SITO EL\u00c9CTRICO CAP. 40 LITROS 127V 1500W CALOREX MOD. PRO 40 L"},"content":{"rendered":"<p align=\"center\"><img fetchpriority=\"high\" decoding=\"async\" src=\"https:\/\/h2otek.com\/tienda\/img\/cms\/aguacaliente\/calorex\/deposito-electricos\/PRO\/header-calentadores-depositoelectrico-calorex-pro-40L.jpg\" alt=\"\" width=\"650\" height=\"344\" \/><\/p>\n<p align=\"center\"><img decoding=\"async\" src=\"https:\/\/h2otek.com\/tienda\/img\/cms\/aguacaliente\/calorex\/deposito-electricos\/PRO\/calorex-pro-slogan.jpg\" alt=\"\" width=\"650\" height=\"112\" \/><\/p>\n<p>Dise\u00f1o y funcionalidad ideales para el hogar. Por su seguridad, durabilidad y desempe\u00f1o, es la mejor opci\u00f3n en su categor\u00eda. M\u00e1xima seguridad y eficiencia, ideal para interiores. Lo mejor en tecnolog\u00eda y dise\u00f1o para su hogar.<\/p>\n<p>&nbsp;<\/p>\n<p><strong>CARACTER\u00cdSTICAS GENERALES:<\/strong><\/p>\n<ul>\n<li>Acabado est\u00e9tico perfecto para colgarse en la pared al interior de su hogar.<\/li>\n<li>Tanque de alta resistencia a la corrosi\u00f3n con recubrimiento especial de titanio.<\/li>\n<li>Con aisltante t\u00e9rmico <strong>Green Foam<\/strong> que conserva la temperatura del agua hasta un <strong>40% m\u00e1s de tiempo<\/strong>.<\/li>\n<li><strong>Seguridad Total<\/strong> es probado bajo los m\u00e1s altos est\u00e1ndares de calidad, eficiencia y seguridad europeas.<\/li>\n<\/ul>\n<p>&nbsp;<\/p>\n<p><strong>ESPECIFICACIONES:<\/strong><\/p>\n<ul>\n<li>Ajuste de temperatura con perilla externa de f\u00e1cil regulaci\u00f3n.<\/li>\n<li>LED que indica cuando el sistema se encuentra activo.<\/li>\n<\/ul>\n<p>&nbsp;<\/p>\n<p>&nbsp;<\/p>\n<p style=\"text-align: center;\"><strong>TABLA DE ESPECIFICACIONES:<\/strong><\/p>\n<p align=\"center\"><img decoding=\"async\" src=\"https:\/\/h2otek.com\/tienda\/img\/cms\/aguacaliente\/calorex\/deposito-electricos\/PRO\/especificaciones-calentadores-depositoelectrico-calorex-pro-40L.gif\" alt=\"\" width=\"620\" height=\"511\" \/><\/p>\n<p align=\"center\">\n<p align=\"center\">\n<p align=\"center\"><strong>CONOZCA SU CALENTADOR<\/strong><\/p>\n<p align=\"center\"><a href=\"https:\/\/h2otek.com\/tienda\/img\/cms\/aguacaliente\/calorex\/deposito-electricos\/PRO\/partes-calorex-pro-gde.jpg\" target=\"_blank\" rel=\"noopener\"><img loading=\"lazy\" decoding=\"async\" class=\"aligncenter\" src=\"https:\/\/h2otek.com\/tienda\/img\/cms\/aguacaliente\/calorex\/deposito-electricos\/PRO\/partes-calorex-pro.jpg\" alt=\"\" width=\"650\" height=\"425\" \/><\/a><br \/>\n<em>Clic para ampliar la imagen<\/em><\/p>\n<p align=\"center\">\n<p>&nbsp;<\/p>\n<p style=\"text-align: center;\"><img loading=\"lazy\" decoding=\"async\" class=\"aligncenter\" src=\"https:\/\/h2otek.com\/tienda\/img\/cms\/aguacaliente\/calorex\/deposito-electricos\/PRO\/calorex-pro-garantia.jpg\" alt=\"\" width=\"300\" height=\"133\" \/><\/p>\n<p>* V\u00e1lido en la Rep\u00fablica Mexicana. 1 a\u00f1o para otros pa\u00edses. 1 a\u00f1o en partes el\u00e9ctricas y electr\u00f3nicas.<\/p>\n<p>* Un servicio equivale a una regadera de 5 L\/min, medio servicio equivale a un lavabo de 3 L\/min. Sujeto a la capacidad del equipo y al flujo de agua de cada servicios.<\/p>\n<p>&nbsp;<\/p>\n<p>&nbsp;<\/p>\n<p><span style=\"color: #4a4a4a;\"><strong>DESCARGAR MANUALES:<\/strong><\/span><\/p>\n<ul>\n<li><strong><a href=\"https:\/\/h2otek.com\/tienda\/img\/cms\/aguacaliente\/calorex\/deposito-electricos\/PRO\/FICHA%20TECNICA%20CALENTADORES%20DEPOSITO%20ELECTRICO%20CALOREX%20PRO.PDF\" target=\"_blank\" rel=\"noopener\">FICHA T\u00c9CNICA<\/a><\/strong><\/li>\n<\/ul>\n","protected":false},"excerpt":{"rendered":"<p><span style=\"color: #ff0000; font-size: 12pt;\"><strong>PRECIO\u00a0EN PESOS MEXICANOS.<br \/>\nPRECIO INCLUYE 16 % DE I.V.A.<br \/>\nPRECIO INCLUYE ENVIO (ZONA CENTRO).<\/strong><\/span><\/p>\n<h5 style=\"text-align: left;\"><span style=\"color: #ac0000;\"><br \/>\nServicios Simult\u00e1neos:<br \/>\n1 SERVICIO<\/span><\/h5>\n<h5 style=\"text-align: left;\"><span style=\"color: #ac0000;\"><img loading=\"lazy\" decoding=\"async\" src=\"https:\/\/h2otek.com\/tienda\/img\/cms\/aguacaliente\/calorex\/depaso\/icS-regaderaCX.png\" alt=\"\" width=\"52\" height=\"50\" \/><span style=\"color: #000000;\">\u00a0 1 Servicio = 1 regadera de 5 L\/min<\/span><\/span><\/h5>\n<h5><span style=\"color: #ac0000;\"><span style=\"color: #000000;\"><img loading=\"lazy\" decoding=\"async\" src=\"https:\/\/h2otek.com\/tienda\/img\/cms\/aguacaliente\/calorex\/depaso\/icS-lavamanosCX.png\" alt=\"\" width=\"52\" height=\"50\" \/>\u00a0 \u00bd Servicio = 1 lavabo de 3 L\/min<\/span><\/span><\/h5>\n<p>&nbsp;<\/p>\n<p><em><strong>APLICACIONES M\u00c1S\u00a0 COMUNES:<\/strong><\/em><\/p>\n<ul>\n<li><strong><em>CASAS<\/em><\/strong><\/li>\n<li><strong><em>RESIDENCIAS<\/em><\/strong><\/li>\n<li><strong><em>DEPARTAMENTOS<\/em><\/strong><\/li>\n<li><strong><em>CONDOMINIOS, ETC.<\/em><\/strong><\/li>\n<\/ul>\n","protected":false},"featured_media":620,"comment_status":"closed","ping_status":"closed","template":"","meta":[],"pwb-brand":[],"product_brand":[],"product_cat":[391],"product_tag":[],"class_list":{"0":"post-18393","1":"product","2":"type-product","3":"status-publish","4":"has-post-thumbnail","6":"product_cat-voltaje-120-v-boilers-calentadores-de-agua","8":"first","9":"onbackorder","10":"purchasable","11":"product-type-simple"},"brands":[],"_links":{"self":[{"href":"https:\/\/h2otek.com\/tienda\/wp-json\/wp\/v2\/product\/18393","targetHints":{"allow":["GET"]}}],"collection":[{"href":"https:\/\/h2otek.com\/tienda\/wp-json\/wp\/v2\/product"}],"about":[{"href":"https:\/\/h2otek.com\/tienda\/wp-json\/wp\/v2\/types\/product"}],"replies":[{"embeddable":true,"href":"https:\/\/h2otek.com\/tienda\/wp-json\/wp\/v2\/comments?post=18393"}],"wp:featuredmedia":[{"embeddable":true,"href":"https:\/\/h2otek.com\/tienda\/wp-json\/wp\/v2\/media\/620"}],"wp:attachment":[{"href":"https:\/\/h2otek.com\/tienda\/wp-json\/wp\/v2\/media?parent=18393"}],"wp:term":[{"taxonomy":"pwb-brand","embeddable":true,"href":"https:\/\/h2otek.com\/tienda\/wp-json\/wp\/v2\/pwb-brand?post=18393"},{"taxonomy":"product_brand","embeddable":true,"href":"https:\/\/h2otek.com\/tienda\/wp-json\/wp\/v2\/product_brand?post=18393"},{"taxonomy":"product_cat","embeddable":true,"href":"https:\/\/h2otek.com\/tienda\/wp-json\/wp\/v2\/product_cat?post=18393"},{"taxonomy":"product_tag","embeddable":true,"href":"https:\/\/h2otek.com\/tienda\/wp-json\/wp\/v2\/product_tag?post=18393"}],"curies":[{"name":"wp","href":"https:\/\/api.w.org\/{rel}","templated":true}]}}