{"id":18387,"date":"2021-07-06T21:17:27","date_gmt":"2021-07-06T21:17:27","guid":{"rendered":"https:\/\/h2otek.com\/tienda\/producto\/boiler-de-paso-calentador-de-agua-a-gas-lp-2-regaderas-cap-13-litros-minuto-marca-rheem-mod-rhin-chl13p\/"},"modified":"2023-04-27T23:28:29","modified_gmt":"2023-04-27T23:28:29","slug":"boiler-de-paso-calentador-de-agua-a-gas-lp-2-regaderas-cap-13-litros-minuto-marca-rheem-mod-rhin-chl13p","status":"publish","type":"product","link":"https:\/\/h2otek.com\/tienda\/producto\/boiler-de-paso-calentador-de-agua-a-gas-lp-2-regaderas-cap-13-litros-minuto-marca-rheem-mod-rhin-chl13p\/","title":{"rendered":"BOILER DE PASO &#8211; CALENTADOR DE AGUA A GAS LP, 2 REGADERAS, CAP. 13 LITROS\/MINUTO MARCA RHEEM MOD. RHIN-CHL13P"},"content":{"rendered":"<p align=\"center\"><img decoding=\"async\" src=\"https:\/\/www.h2otek.com\/tienda\/Images\/boilers\/instantaneo\/header-boiler-instantaneo-13litros-lp.jpg\" alt=\"\" border=\"0\" \/><\/p>\n<p>\u00a0<\/p>\n<p style=\"text-align: justify;\"><strong>\u00bfPor qu\u00e9 RHEEM?<\/strong><\/p>\n<p style=\"text-align: justify;\">Creada en 1925, nuestra misi\u00f3n sigue siendo simple: &#8220;Ayudar a las familias a gozar de un nuevo nivel de confort, con soluciones que mantengan el hogar fresco en verano y c\u00e1lido en invierno, disfrutando de agua caliente todo el a\u00f1o&#8221;. Rheem mantiene en armon\u00eda el confort de tu hogar y tu forma de ser a trav\u00e9s de sistemas conables y ecientes.<\/p>\n<p style=\"text-align: justify;\">Con presencia en m\u00e1s de 75 pa\u00edses y el portafolio m\u00e1s grande en soluciones para calentamiento de agua y acondicionamiento de ambiente, <strong>Rheem es la marca de calentadores m\u00e1s vendida del mundo. <\/strong><\/p>\n<p style=\"text-align: justify;\">Nuestras soluciones de alta eciencia ofrecen el mayor grado de confort en el hogar, gracias a su gran aprovechamiento energ\u00e9tico que reduce notablemente el consumo de energ\u00eda y a su preciso control de temperatura que da m\u00e1ximo confort a cualquier tipo de ambiente.<\/p>\n<p style=\"text-align: justify;\">Calentador Instant\u00e1neo a gas Rheem \u00a1Agua caliente al instante! Ahorro de energ\u00eda superior, con la mayor Seguridad, Durabilidad y Respaldo.<\/p>\n<p>Ideal para:<\/p>\n<ul>\n<li>Clima templado<\/li>\n<li>Compacto para lugares reducidos<\/li>\n<li>Recorridos medianos (hasta 5-10m***)<\/li>\n<li>Presi\u00f3n hidr\u00e1ulica m\u00ednima de 100g\/m2<\/li>\n<\/ul>\n<p><strong>CARACTER\u00cdSTICAS Y BENEFICIOS:<\/strong> <strong>M\u00daLTIPLES SISTEMAS DE SEGURIDAD <\/strong>Mayor tranquilidad para tu familia.<\/p>\n<ul>\n<li>Sensor de temperatura<\/li>\n<li>Sensor de modulaci\u00f3n (aplica en modelo 16L\/min)<\/li>\n<li>Sensor de sobre temperatura<\/li>\n<li>Sensor de detecci\u00f3n de flama<\/li>\n<li>Encendido progresivo<\/li>\n<li>Sensor de salida de agua caliente<\/li>\n<li>Tarjeta electr\u00f3nica con display digital<\/li>\n<li>V\u00e1lvula de gas con doble sistema de protecci\u00f3n de alta seguridad<\/li>\n<li>V\u00e1lvula de gas modulante (aplica en modelo 16L\/min)<\/li>\n<li>V\u00e1lvula de alivio<\/li>\n<\/ul>\n<p style=\"text-align: justify;\"><strong>F\u00c1CIL ENDENDIDO<\/strong> Sin piloto. Encendido s\u00f3lo por demanda de agua caliente (ionizado)**<\/p>\n<p style=\"text-align: justify;\"><strong>HASTA UN 70% DE AHORRO DE GAS<\/strong> Por su alta eficiencia energ\u00e9tica garantiza los mayores ahorros de gas y de dinero.<\/p>\n<p style=\"text-align: justify;\"><strong>RHEEM AQUA BALANCE<\/strong> Dise\u00f1ado\u00a0para adaptarse a baja o alta presi\u00f3n de agua, reduce variaciones de temperatura.<\/p>\n<p style=\"text-align: justify;\"><strong>TEMPERATURA<\/strong> Con display y ajuste de temperatura con perilla en modelos 8 y 13 L\/min y ajuste digital en modelo 16 L\/min, para un control m\u00e1s preciso.<\/p>\n<p style=\"text-align: justify;\"><strong>MODULANTE<\/strong> Modulante Mantiene la temperatura sin grandes variaciones al cambiar la presi\u00f3n en la red de agua (aplica 16 L\/min)<\/p>\n<p style=\"text-align: justify;\"><strong>INSTALACI\u00d3N<\/strong> F\u00e1cil y adaptable a instalaciones con alta y baja presi\u00f3n.<\/p>\n<p style=\"text-align: justify;\"><strong>2 A\u00d1OS DE GARANT\u00cdA<\/strong><\/p>\n<p>* Dependiendo de los h\u00e1bitos de uso y las condiciones de instalaci\u00f3n. ** Requiere 2 bater\u00edas tama\u00f1o \u00a8D\u00a8 para su operaci\u00f3n (no incluidas) *** Modelos 8 y 13 L\/min de 5 a 8 m, modelo 16 L\/min hasta 10m.<\/p>\n<p>\u00a0<\/p>\n<p style=\"text-align: center;\"><strong>TABLA DE ESPECIFICACIONES:<\/strong><\/p>\n<p align=\"center\"><img decoding=\"async\" src=\"https:\/\/www.h2otek.com\/tienda\/Images\/boilers\/instantaneo\/especificaciones-boiler-instantaneo-13litros-lp.gif\" alt=\"\" border=\"0\" \/><\/p>\n<p align=\"center\">* Con regaderas de 7 L\/min.<\/p>\n<p>\u00a0<\/p>\n<p>\u00a0<\/p>\n<p style=\"text-align: center;\"><strong>ESTRUCTURA DEL BOILER:<\/strong><\/p>\n<p align=\"center\"><img decoding=\"async\" src=\"https:\/\/www.h2otek.com\/tienda\/Images\/boilers\/instantaneo\/estructura-boiler-instantaneo-8litros.jpg\" alt=\"\" border=\"0\" \/><\/p>\n<p align=\"center\">\u00a0<\/p>\n<p align=\"center\"><strong>\u00bfQU\u00c9 CALENTADOR ES PARA MI?<\/strong><\/p>\n<p align=\"center\"><strong>Calentadores Instant\u00e1neos RHEEM<\/strong><\/p>\n<p align=\"center\"><img decoding=\"async\" src=\"https:\/\/www.h2otek.com\/tienda\/Images\/boilers\/instantaneo\/asesoria-boiler-instantaneo.jpg\" alt=\"\" border=\"0\" \/><\/p>\n<p align=\"justify\">INDUSTRIAL RHEEM, S.A. DE C.V. CUENTA CON TALLERES DE SERVICIO EN TODA LA REPUBLICA MEXICANA<\/p>\n<p align=\"justify\">ES IMPORTANTE LEER CLARAMENTE EL INSTRUCTIVO DE INSTALACION Y OPERACION ANTES DE INSTALAR Y PONER A FUNCIONAR EL CALENTADOR.<\/p>\n<p align=\"center\">\u00a0<\/p>\n<p align=\"center\">\u00a0<\/p>\n<p><strong><span style=\"color: #0000ff;\">DESCARGAR MANUALES:<\/span><\/strong><\/p>\n<ul>\n<li><strong><span style=\"color: #0000ff;\"><a href=\"http:\/\/www.h2otek.com\/tienda\/pdf\/aguacaliente\/FOLLETO%20BOILER%20A%20GAS%20LP%20Y%20NATURAL%20RHEEM%20LINEA%20INSANTANEOS.pdf\" target=\"_blank\" rel=\"noopener\">FOLLETO<\/a><\/span><\/strong><\/li>\n<li><strong><span style=\"color: #0000ff;\"><a href=\"http:\/\/www.h2otek.com\/tienda\/pdf\/aguacaliente\/ESPECIFICACIONES%20BOILER%20A%20GAS%20LP%20Y%20NATURAL%20RHEEM%20LINEA%20INSANTANEOS.pdf\" target=\"_blank\" rel=\"noopener\">ESPECIFICACIONES<\/a><\/span><\/strong><\/li>\n<\/ul>\n<p><strong>PRECIO INCLUYE GASTOS DE ENVIO (GRATIS) E IMPUESTO <\/strong><span style=\"font-weight: bold;\">16 % DE IVA<\/span><\/p>\n","protected":false},"excerpt":{"rendered":"<p><span style=\"color: #ff0000;\"><strong>PRECIO EN PESOS MEXICANOS.<br \/>PRECIO INCLUYE 16 % DE I.V.A.<br \/>PRECIO INCLUYE ENVIO (ZONA CENTRO).<\/strong><\/span><\/p>\n<p style=\"text-align: left;\"><span style=\"font-size: small;\"><strong><em>SERVICIO PARA 2 REGADERAS, 13 LITROS\/MINUTO<\/em><\/strong><\/span><\/p>\n<p style=\"text-align: left;\"><span style=\"color: #000000;\"><em><strong><span style=\"font-size: small;\">APLICACIONES M\u00c1S\u00a0 COMUNES:<\/span><\/strong><\/em><\/span><\/p>\n<ul>\n<li style=\"text-align: left;\"><span style=\"color: #000000;\"><strong><em><span style=\"font-size: small;\">CASAS EN SERIE<\/span><\/em><\/strong><\/span><\/li>\n<li style=\"text-align: left;\"><span style=\"color: #000000;\"><strong><em><span style=\"font-size: small;\">RESIDENCIAS<\/span><\/em><\/strong><\/span><\/li>\n<li style=\"text-align: left;\"><span style=\"color: #000000;\"><strong><em><span style=\"font-size: small;\">GIMNASIOS<\/span><\/em><\/strong><\/span><\/li>\n<li style=\"text-align: left;\"><span style=\"color: #000000;\"><strong><em><span style=\"font-size: small;\">OFICINAS<\/span><\/em><\/strong><\/span><\/li>\n<li style=\"text-align: left;\"><span style=\"color: #000000;\"><strong><em><span style=\"font-size: small;\">DEPARTAMENTOS<\/span><\/em><\/strong><\/span><\/li>\n<li style=\"text-align: left;\"><span style=\"color: #000000;\"><strong><em><span style=\"font-size: small;\">CONDOMINIOS, ETC.<\/span><\/em><\/strong><\/span><\/li>\n<\/ul>\n","protected":false},"featured_media":878,"comment_status":"closed","ping_status":"closed","template":"","meta":[],"pwb-brand":[],"product_brand":[],"product_cat":[386,819],"product_tag":[],"class_list":{"0":"post-18387","1":"product","2":"type-product","3":"status-publish","4":"has-post-thumbnail","6":"product_cat-por-gravedad-salida-de-gases-boilers-calentadores-de-agua-de-paso","7":"product_cat-por-gravedad-salida-de-gases-boilers-calentadores-de-agua-de-paso-en-gas-lp-butano-de-paso-boilers-calentadores-de-agua","9":"first","10":"instock","11":"purchasable","12":"product-type-simple"},"brands":[],"_links":{"self":[{"href":"https:\/\/h2otek.com\/tienda\/wp-json\/wp\/v2\/product\/18387","targetHints":{"allow":["GET"]}}],"collection":[{"href":"https:\/\/h2otek.com\/tienda\/wp-json\/wp\/v2\/product"}],"about":[{"href":"https:\/\/h2otek.com\/tienda\/wp-json\/wp\/v2\/types\/product"}],"replies":[{"embeddable":true,"href":"https:\/\/h2otek.com\/tienda\/wp-json\/wp\/v2\/comments?post=18387"}],"wp:featuredmedia":[{"embeddable":true,"href":"https:\/\/h2otek.com\/tienda\/wp-json\/wp\/v2\/media\/878"}],"wp:attachment":[{"href":"https:\/\/h2otek.com\/tienda\/wp-json\/wp\/v2\/media?parent=18387"}],"wp:term":[{"taxonomy":"pwb-brand","embeddable":true,"href":"https:\/\/h2otek.com\/tienda\/wp-json\/wp\/v2\/pwb-brand?post=18387"},{"taxonomy":"product_brand","embeddable":true,"href":"https:\/\/h2otek.com\/tienda\/wp-json\/wp\/v2\/product_brand?post=18387"},{"taxonomy":"product_cat","embeddable":true,"href":"https:\/\/h2otek.com\/tienda\/wp-json\/wp\/v2\/product_cat?post=18387"},{"taxonomy":"product_tag","embeddable":true,"href":"https:\/\/h2otek.com\/tienda\/wp-json\/wp\/v2\/product_tag?post=18387"}],"curies":[{"name":"wp","href":"https:\/\/api.w.org\/{rel}","templated":true}]}}