{"id":18378,"date":"2021-07-06T21:17:27","date_gmt":"2021-07-06T21:17:27","guid":{"rendered":"https:\/\/h2otek.com\/tienda\/producto\/boiler-calentador-de-paso-electrico-11-kw-230-volts-monofasico-marca-h2otek-mod-bpe2g241111\/"},"modified":"2024-10-24T02:17:49","modified_gmt":"2024-10-24T02:17:49","slug":"boiler-calentador-de-paso-electrico-11-kw-230-volts-monofasico-marca-h2otek-mod-bpe2g241111","status":"publish","type":"product","link":"https:\/\/h2otek.com\/tienda\/producto\/boiler-calentador-de-paso-electrico-11-kw-230-volts-monofasico-marca-h2otek-mod-bpe2g241111\/","title":{"rendered":"BOILER-CALENTADOR DE PASO ELECTRICO 11 KW 230 VOLTS MONOFASICO MARCA H2OTEK MOD. BPE2G241111"},"content":{"rendered":"<p style=\"text-align: center;\"><strong><img decoding=\"async\" src=\"https:\/\/www.h2otek.com\/tienda\/Images\/h2otek\/calentadores\/header-boilerh2otek-bpe-11kw.jpg\" alt=\"\" border=\"0\" \/><\/strong><\/p>\n<p><span style=\"font-size: small; color: #ff0000;\">ANTES DE DECIDIR COMPRAR UN <strong>CALENTADOR<\/strong> O <strong>CALENTADORES<\/strong>,<\/span><span style=\"font-size: small; color: #ff0000;\">\u00a0ES EXTRICTAMENTE NECESARIO QUE SE REVISE LA CAPACIDAD ELECTRICA DISPONIBLE EN EL ESTABLECIMIENTO, PARA CONFIRMAR QUE SE PUEDA TRABAJAR EL CALENTADOR SIN PROBLEMA.\u00a0<\/span><\/p>\n<p><span style=\"font-size: small; color: #000000;\"><strong>VENTAJAS \u00daNICAS:<\/strong><\/span><\/p>\n<p><img decoding=\"async\" src=\"https:\/\/www.h2otek.com\/tienda\/Images\/h2otek\/calentadores\/ventajas-boilerh2otek-bpe-18-27kw.jpg\" alt=\"\" align=\"right\" border=\"0\" hspace=\"25\" \/><\/p>\n<ul>\n<li style=\"text-align: left;\"><span style=\"font-size: small; color: #000000;\"> El <strong>calentador de paso<\/strong> mas eficiente e innovador del mercado.<\/span><\/li>\n<li style=\"text-align: left;\"><span style=\"font-size: small; color: #000000;\">Hasta 60% de ahorro en costo de energ\u00eda.<\/span><\/li>\n<li style=\"text-align: left;\"><span style=\"font-size: small; color: #000000;\"> Agua caliente inmediata (ahorra agua evitando tiempos de espera).<\/span><\/li>\n<li style=\"text-align: left;\"><span style=\"font-size: small; color: #000000;\"> Agua caliente sin l\u00edmites: por su concepto de calentador de paso o instant\u00e1neo, puede calentar el agua en forma continua, sin cortes y sin l\u00edmite<\/span><\/li>\n<li style=\"text-align: left;\"><span style=\"font-size: small; color: #000000;\">Dise\u00f1o elegante y moderno en color plata con una peque\u00f1a l\u00ednea en color negro.<\/span><\/li>\n<li style=\"text-align: left;\"><span style=\"font-size: small; color: #000000;\"> Ahorro de espacio (dise\u00f1o compacto).<\/span><\/li>\n<li style=\"text-align: left;\"><span style=\"font-size: small; color: #000000;\"> Display panor\u00e1mico de cristal liquido con todos los par\u00e1metros de operaci\u00f3n.<\/span><\/li>\n<li style=\"text-align: left;\"><span style=\"font-size: small; color: #000000;\"> Seguridad total, certificado con normas internacionales de calidad ETL.<\/span><\/li>\n<li style=\"text-align: left;\"><span style=\"font-size: small; color: #000000;\"> Puede instalarse en cualquier lugar (interiores o exteriores).<\/span><\/li>\n<li style=\"text-align: left;\"><span style=\"font-size: small; color: #000000;\"> Tecnolog\u00eda H2OTEK, \u00fanica de calentamiento de agua (transferencia de calor).<\/span><\/li>\n<li style=\"text-align: left;\"><span style=\"font-size: small; color: #000000;\"> 99.9% de eficiencia.<\/span><\/li>\n<li style=\"text-align: left;\"><span style=\"font-size: small; color: #000000;\"> En armon\u00eda con el medio ambiente. <\/span><\/li>\n<\/ul>\n<p>&nbsp;<\/p>\n<p>AHORRO DE ENERG\u00cdA TOTAL:<\/p>\n<ul>\n<li>Puede ahorrar hasta un 60% del costo de calentar agua.<\/li>\n<li>\u00danicos en el mercado con 7 etapas de modulaci\u00f3n de voltaje. Solamente gastaras la energ\u00eda el\u00e9ctrica necesaria para calentar el agua que pasa a trav\u00e9s del calentador, tomando en cuenta el flujo de agua vs la temperatura graduada en el termostato. Por ejemplo, imaginemos que se adquiere un calentador para 2 regaderas simultaneas, cuando use solamente una regadera, no va a trabajar con la capacidad total del calentador, solamente lo necesario, para calentar esa cantidad de agua (1 regadera)y con ello, un ahorro considerable de energ\u00eda el\u00e9ctrica.<\/li>\n<li>Solo enciende cuando se utilice agua caliente.<\/li>\n<li>\u00danicos en el mercado con sensor e indicador de temperatura en la entrada de agua y salida de agua (dos lecturas). Esto nos permite revisar el funcionamiento y la eficiencia de calentador en todo momento.<\/li>\n<li>Dise\u00f1o innovador (patentado) de alta eficiencia en transmisi\u00f3n de calor.<\/li>\n<\/ul>\n<p>AHORRO DE GASTOS DE INSTALACI\u00d3N:<\/p>\n<ul>\n<li>Puede ser instalado en el mismo ba\u00f1o o llave de punto de uso, con esto se evitan gastos de tuber\u00eda, materiales, mano de obra y agua.<\/li>\n<li>Instalaci\u00f3n pr\u00e1ctica.<\/li>\n<li>Utiliza materiales est\u00e1ndar de instalaci\u00f3n.<\/li>\n<li>El boiler deber\u00e1 ser instalado por un t\u00e9cnico el\u00e9ctrico.<\/li>\n<\/ul>\n<p>LARGA VIDA \u00daTIL:<\/p>\n<ul>\n<li>Reduce calcio, sarro y sedimentaci\u00f3n por su dise\u00f1o \u00fanico de intercambiador de calor.<\/li>\n<li>Previene el crecimiento de la bacteria legionaria.<\/li>\n<li>No le afecta la oxidaci\u00f3n. Fabricaci\u00f3n \u00fanica de intercambiador de calor en aluminio y tubo en acero inoxidable<\/li>\n<li>F\u00e1cil mantenimiento.<\/li>\n<li>GARANTIA DE 12 MESES CONTRA CUALQUIER DEFECTO DE FABRICACION<\/li>\n<\/ul>\n<p>&nbsp;<\/p>\n<p style=\"text-align: center;\"><span style=\"font-size: small;\">ESPECIFICACIONES DEL<strong> CALENTADOR <\/strong>O<strong> BOILER:<\/strong><\/span><\/p>\n<p style=\"text-align: center;\"><strong>TABLA DE ESPECIFICACIONES:<\/strong><\/p>\n<p style=\"text-align: center;\"><strong><img fetchpriority=\"high\" decoding=\"async\" class=\"alignnone size-full wp-image-30033\" src=\"https:\/\/h2otek.com\/tienda\/wp-content\/uploads\/2021\/07\/especificaciones-boilerh2otek-bpe-11kw.gif\" alt=\"\" width=\"322\" height=\"559\" \/><\/strong><\/p>\n<ul>\n<li><span style=\"color: #ff0000;\">Uso m\u00e1s com\u00fan recomendado: 1 regadera simult\u00e1nea<\/span><\/li>\n<li>El agua est\u00e1 separada completamente de la electricidad por varias paredes de nano aislamiento.<\/li>\n<li>Entrada y salida de agua 3\/4&#8243;<\/li>\n<li>Corte de exceso de calor autom\u00e1tico, cuando la temperatura de salida de agua llega a m\u00e1s de 55\u00baC.<\/li>\n<li>Si la unidad detecta fugas de electricidad, la electricidad se corta en cuesti\u00f3n de segundos.<\/li>\n<li>Corte de seguridad por sobrecalentamiento.<\/li>\n<\/ul>\n<p>&nbsp;<\/p>\n<p>&nbsp;<\/p>\n<p style=\"text-align: center;\">DISPLAY DEL BOILER O CALENTADOR:<\/p>\n<p style=\"text-align: center;\"><img decoding=\"async\" src=\"https:\/\/www.h2otek.com\/tienda\/Images\/h2otek\/calentadores\/display-boilerh2otek-bpe-18-27kw.jpg\" alt=\"\" width=\"550\" height=\"207\" border=\"0\" \/><\/p>\n<p style=\"text-align: center;\"><img decoding=\"async\" src=\"https:\/\/www.h2otek.com\/tienda\/Images\/h2otek\/calentadores\/material-boilerh2otek-bpe-18-27kw.jpg\" alt=\"\" width=\"212\" align=\"left\" border=\"0\" hspace=\"75\" \/><\/p>\n<ul>\n<li>Botones de tacto suave.<\/li>\n<li>Ajuste de temperatura desde 30\u00baC a 50\u00baC.<\/li>\n<li>Micro equipo de control inteligente, cortando autom\u00e1ticamente si no hay uso durante 20 minutos (Display).<\/li>\n<li>Funci\u00f3n de memoria firme, evitando funcionamiento repetitivo.<\/li>\n<\/ul>\n<p>&nbsp;<\/p>\n<p>&nbsp;<\/p>\n<p style=\"text-align: center;\">INTERCAMBIADOR DE CALOR:<\/p>\n<p style=\"text-align: center;\"><strong><img decoding=\"async\" src=\"https:\/\/www.h2otek.com\/tienda\/Images\/h2otek\/calentadores\/intercambiador-boilerh2otek-bpe.jpg\" alt=\"\" width=\"550\" height=\"388\" border=\"0\" \/><\/strong><\/p>\n<p style=\"text-align: center;\"><img loading=\"lazy\" decoding=\"async\" src=\"https:\/\/www.h2otek.com\/tienda\/Images\/h2otek\/calentadores\/intercambiador-boilerh2otek-bpe-02.jpg\" alt=\"\" width=\"550\" height=\"415\" border=\"0\" \/><\/p>\n<ol>\n<li>Fundici\u00f3n de aleaci\u00f3n de magnesio de aluminio de una sola pieza fuera de carcasa, no hay fugas de agua! Ninguna fuga electrica!<\/li>\n<li>El canal de agua de acero de acero inoxidable: super largo del canal de flujo de agua para asegurar la temperatura constante que es m\u00e1s estable.<\/li>\n<li>Piso para distribuir el tubo de calefacci\u00f3n plana, reducir la carga de calor de superficie, aumentar la vida \u00fatil de elemento de calentamiento.<\/li>\n<li>Fuerza con el aislamiento de magnesio como conductor del calor, eliminar el problema oculto de conducci\u00f3n el\u00e9ctrica<\/li>\n<li>\u00a0Resistencia de n\u00edquel-cromo, asegurar la eficacia de la calefacci\u00f3n.<\/li>\n<\/ol>\n<ul>\n<li>Tecnolog\u00eda innovadora de intercambio de calor.<\/li>\n<li>Disipaci\u00f3n de calor de arriba hacia abajo evitando un golpe de frio y calor.<\/li>\n<li>Intercambiador de calor en aluminio. &#8211; Resistencias el\u00e9ctricas de alta durabilidad tipo list\u00f3n aislado.<\/li>\n<\/ul>\n<p>&nbsp;<\/p>\n<p>&nbsp;<\/p>\n<p style=\"text-align: center;\">DIMENSIONES:<\/p>\n<p style=\"text-align: center;\"><img decoding=\"async\" src=\"https:\/\/www.h2otek.com\/tienda\/Images\/albus\/dimensiones-albus.jpg\" alt=\"\" border=\"0\" \/><\/p>\n<p style=\"text-align: center;\">Pueden ser instalados en cualquier lugar.<\/p>\n<p>&nbsp;<\/p>\n<p>&nbsp;<\/p>\n<p style=\"text-align: center;\">COMPONENTES:<\/p>\n<p style=\"text-align: center;\"><strong><img loading=\"lazy\" decoding=\"async\" src=\"https:\/\/www.h2otek.com\/tienda\/Images\/h2otek\/calentadores\/componentes-boilerh2otek-bpe.jpg\" alt=\"\" width=\"550\" height=\"295\" border=\"0\" \/><\/strong><\/p>\n<p style=\"text-align: center;\"><img loading=\"lazy\" decoding=\"async\" src=\"https:\/\/www.h2otek.com\/tienda\/Images\/h2otek\/calentadores\/alerta-boilerh2otek-bpe.gif\" alt=\"\" width=\"550\" height=\"380\" border=\"0\" \/><\/p>\n<p>&nbsp;<\/p>\n<p>&nbsp;<\/p>\n<p style=\"text-align: center;\">CERTIFICACIONES<\/p>\n<p style=\"text-align: center;\"><img loading=\"lazy\" decoding=\"async\" src=\"https:\/\/www.h2otek.com\/tienda\/Images\/h2otek\/calentadores\/certificaciones-boilerh2otek-bpe.jpg\" alt=\"\" width=\"211\" height=\"80\" border=\"0\" \/><\/p>\n<p><img loading=\"lazy\" decoding=\"async\" class=\"aligncenter\" src=\"https:\/\/h2otek.com\/tienda\/img\/cms\/aguacaliente\/h2otek\/bpe\/ETL-h2otek-boilers-bpe.jpg\" alt=\"ETL-h2otek-boilers-bpe.jpg\" width=\"656\" height=\"384\" \/><\/p>\n<p>&nbsp;<\/p>\n<p style=\"text-align: left;\"><strong><span style=\"color: #4a4a4a;\">DESCARGAR MANUALES:<\/span><\/strong><\/p>\n<ul>\n<li><strong><a href=\"https:\/\/h2otek.com\/tienda\/pdf\/aguacaliente\/MANUAL%20INSTALACION-OPERACION%20BOILER%20DE%20PASO%20ELECTRICO%20H2OTEK%20LINEA%20BPE.pdf\" target=\"_blank\" rel=\"noopener\">MANUAL DEL USUARIO<\/a><\/strong><\/li>\n<\/ul>\n<div><\/div>\n","protected":false},"excerpt":{"rendered":"<p><span style=\"color: #ff0000;\"><strong>PRECIO\u00a0EN\u00a0D\u00d3LARES US.<br \/>\nPRECIO INCLUYE 16 % DE I.V.A.<br \/>\nPRECIO INCLUYE ENVIO (ZONA CENTRO).<\/strong><\/span><\/p>\n<p><strong>CALENTADOR DE AGUA<\/strong> DE PASO ELECTRICO 11 KW 230 VOLTS MONOFASICO MARCA H2OTEK DE ALTA TECNOLOGIA<\/p>\n<p><span style=\"color: #ff0000;\">APLICACION MAS COMUN: 1 REGADERA (No cebolletas de alto consumo)<\/span><\/p>\n<p style=\"text-align: left;\">\n","protected":false},"featured_media":7532,"comment_status":"closed","ping_status":"closed","template":"","meta":[],"pwb-brand":[],"product_brand":[],"product_cat":[359,810,429,382],"product_tag":[],"class_list":{"0":"post-18378","1":"product","2":"type-product","3":"status-publish","4":"has-post-thumbnail","6":"product_cat-230-volts-1-fase-de-paso-boilers-calentadores-de-agua","7":"product_cat-240-volts-1-fase-boilers-calentadores-de-agua-recirculacion-de-agua-caliente-boilers-calentadores-de-agua","8":"product_cat-recirculacion-de-agua-caliente-boilers-calentadores-de-agua","9":"product_cat-agua-caliente-boilers-calentadores-de-agua","11":"first","12":"instock","13":"purchasable","14":"product-type-simple"},"brands":[],"_links":{"self":[{"href":"https:\/\/h2otek.com\/tienda\/wp-json\/wp\/v2\/product\/18378","targetHints":{"allow":["GET"]}}],"collection":[{"href":"https:\/\/h2otek.com\/tienda\/wp-json\/wp\/v2\/product"}],"about":[{"href":"https:\/\/h2otek.com\/tienda\/wp-json\/wp\/v2\/types\/product"}],"replies":[{"embeddable":true,"href":"https:\/\/h2otek.com\/tienda\/wp-json\/wp\/v2\/comments?post=18378"}],"wp:featuredmedia":[{"embeddable":true,"href":"https:\/\/h2otek.com\/tienda\/wp-json\/wp\/v2\/media\/7532"}],"wp:attachment":[{"href":"https:\/\/h2otek.com\/tienda\/wp-json\/wp\/v2\/media?parent=18378"}],"wp:term":[{"taxonomy":"pwb-brand","embeddable":true,"href":"https:\/\/h2otek.com\/tienda\/wp-json\/wp\/v2\/pwb-brand?post=18378"},{"taxonomy":"product_brand","embeddable":true,"href":"https:\/\/h2otek.com\/tienda\/wp-json\/wp\/v2\/product_brand?post=18378"},{"taxonomy":"product_cat","embeddable":true,"href":"https:\/\/h2otek.com\/tienda\/wp-json\/wp\/v2\/product_cat?post=18378"},{"taxonomy":"product_tag","embeddable":true,"href":"https:\/\/h2otek.com\/tienda\/wp-json\/wp\/v2\/product_tag?post=18378"}],"curies":[{"name":"wp","href":"https:\/\/api.w.org\/{rel}","templated":true}]}}